{"id":2625,"date":"2024-11-27T21:58:49","date_gmt":"2024-11-27T20:58:49","guid":{"rendered":"https:\/\/lovynkkosmetik.fr\/?post_type=product&#038;p=2625"},"modified":"2025-03-10T23:09:13","modified_gmt":"2025-03-10T22:09:13","slug":"huile-regenerante-douceur-epicee","status":"publish","type":"product","link":"https:\/\/lovynkkosmetik.fr\/en\/product\/huile-regenerante-douceur-epicee\/","title":{"rendered":"Regenerating Oil \u2013 Spicy Sweetness"},"content":{"rendered":"<h2>Hair Concerns :<\/h2>\n<p>Cheveux secs et ab\u00eem\u00e9s<br \/>\nHair loss<br \/>\nManque de volume<br \/>\nDandruff<\/p>\n<h2>Hair type :<\/h2>\n<p>Cheveux ondul\u00e9s<br \/>\nCheveux boucl\u00e9s<br \/>\nCheveux fris\u00e9s<br \/>\nCheveux cr\u00e9pus<br \/>\nCheveux locks\u00e9s<\/p>\n<h2>Benefits :<\/h2>\n<p>Revitalise et fortifie les cheveux<br \/>\nFavorise la pousse des cheveux<br \/>\nStimule le bulbe capillaire pour plus de volume<br \/>\nNourrit intens\u00e9ment les cheveux<br \/>\nApporte brillance et vitalit\u00e9<\/p>\n<h2>How to use :<\/h2>\n<p>En bain d\u2019huile : Applique l&rsquo;huile sur le cuir chevelu et la longueur des cheveux. Laisse poser toute la nuit, puis fais ta routine capillaire le lendemain.<br \/>\nEn masque : Applique l&rsquo;huile sur le cuir chevelu et laisse agir entre 30 et 60 minutes. Applique raie par raie depuis le cuir chevelu jusqu\u2019\u00e0 la longueur des cheveux. Suis avec un gommage et un shampooing.<br \/>\nEn soin sans rin\u00e7age : Sur cheveux secs ou mouill\u00e9s, applique en petite quantit\u00e9 sur le cuir chevelu sans rincer, 2 \u00e0 3 fois par semaine. Applique raie par raie depuis le cuir chevelu jusqu\u2019\u00e0 la longueur des cheveux.<\/p>\n<h2>Ingredients :<\/h2>\n<p>Huile de Ricin (Ricinus Communis Oil)<\/p>\n<p>Bienfaits : Favorise la pousse des cheveux, nourrit intens\u00e9ment, apporte brillance et vitalit\u00e9, pr\u00e9vient la casse et les fourches.<\/p>\n<p>Huile de Moutarde (Brassica Nigra)<\/p>\n<p>Bienfaits : Stimule la circulation sanguine, favorise l&rsquo;oxyg\u00e9nation des bulbes capillaires, emp\u00eache la chute des cheveux, combat les pellicules.<\/p>\n<p>Huile d&rsquo;Avocat (Persea Americana Oil)<\/p>\n<p>Bienfaits : Haut pouvoir nutritif, pr\u00e9vient le vieillissement des cheveux gr\u00e2ce \u00e0 la vitamine E, hydrate et r\u00e9pare les cheveux ab\u00eem\u00e9s.<\/p>\n<h2>Precautions for use :<\/h2>\n<p>In case of contact with eyes, rinse immediately.<br \/>\nFor external use only.<br \/>\nNe pas avaler.<br \/>\nKeep out of reach of children.<\/p>\n<h2>R\u00e9sum\u00e9 de la marque Beaut\u00e9 Insolente:<\/h2>\n<p>Il y a une histoire personnelle derri\u00e8re chaque marque, et Beaut\u00e9 Insolente ne fait pas exception. Tout a commenc\u00e9 lorsque sa fondatrice, St\u00e9phanie Guittonneau, a d\u00e9couvert que sa fille a\u00een\u00e9e souffrait de psoriasis capillaire, d\u2019ecz\u00e9ma et de neuf allergies diff\u00e9rentes. Cherchant des alternatives sans succ\u00e8s, St\u00e9phanie a d\u00e9cid\u00e9 de cr\u00e9er ses propres produits.<\/p>\n<p>C&rsquo;est ainsi qu&rsquo;est n\u00e9e Beaut\u00e9 Insolente, une marque innovante qui c\u00e9l\u00e8bre la beaut\u00e9, l\u2019authenticit\u00e9, l&rsquo;inclusivit\u00e9 et la diversit\u00e9 de tous les types de peaux et de cheveux textur\u00e9s. Nous proposons une gamme compl\u00e8te de produits naturels de qualit\u00e9, efficaces et dont l\u2019actif phare est le Giraumon. De soins hydratants aux produits coiffants, en passant par des traitements sp\u00e9cifiques pour les cheveux textur\u00e9s ab\u00eem\u00e9s, chaque produit est con\u00e7u pour promouvoir une image de soi positive et confiante.<\/p>","protected":false},"excerpt":{"rendered":"<p>Redonne vie \u00e0 tes cheveux avec l&rsquo;Huile R\u00e9g\u00e9n\u00e9rante &#8211; Douceur \u00c9pic\u00e9e. Cette huile revitalisante et fortifiante est parfaite pour nourrir intens\u00e9ment les cheveux secs et ab\u00eem\u00e9s, stimuler la pousse et apporter brillance et vitalit\u00e9.<\/p>","protected":false},"featured_media":2590,"comment_status":"open","ping_status":"closed","template":"","meta":{"_acf_changed":false,"ocean_post_layout":"","ocean_both_sidebars_style":"","ocean_both_sidebars_content_width":0,"ocean_both_sidebars_sidebars_width":0,"ocean_sidebar":"0","ocean_second_sidebar":"0","ocean_disable_margins":"enable","ocean_add_body_class":"","ocean_shortcode_before_top_bar":"","ocean_shortcode_after_top_bar":"","ocean_shortcode_before_header":"","ocean_shortcode_after_header":"","ocean_has_shortcode":"","ocean_shortcode_after_title":"","ocean_shortcode_before_footer_widgets":"","ocean_shortcode_after_footer_widgets":"","ocean_shortcode_before_footer_bottom":"","ocean_shortcode_after_footer_bottom":"","ocean_display_top_bar":"default","ocean_display_header":"default","ocean_header_style":"","ocean_center_header_left_menu":"0","ocean_custom_header_template":"0","ocean_custom_logo":0,"ocean_custom_retina_logo":0,"ocean_custom_logo_max_width":0,"ocean_custom_logo_tablet_max_width":0,"ocean_custom_logo_mobile_max_width":0,"ocean_custom_logo_max_height":0,"ocean_custom_logo_tablet_max_height":0,"ocean_custom_logo_mobile_max_height":0,"ocean_header_custom_menu":"0","ocean_menu_typo_font_family":"0","ocean_menu_typo_font_subset":"","ocean_menu_typo_font_size":0,"ocean_menu_typo_font_size_tablet":0,"ocean_menu_typo_font_size_mobile":0,"ocean_menu_typo_font_size_unit":"px","ocean_menu_typo_font_weight":"","ocean_menu_typo_font_weight_tablet":"","ocean_menu_typo_font_weight_mobile":"","ocean_menu_typo_transform":"","ocean_menu_typo_transform_tablet":"","ocean_menu_typo_transform_mobile":"","ocean_menu_typo_line_height":0,"ocean_menu_typo_line_height_tablet":0,"ocean_menu_typo_line_height_mobile":0,"ocean_menu_typo_line_height_unit":"","ocean_menu_typo_spacing":0,"ocean_menu_typo_spacing_tablet":0,"ocean_menu_typo_spacing_mobile":0,"ocean_menu_typo_spacing_unit":"","ocean_menu_link_color":"","ocean_menu_link_color_hover":"","ocean_menu_link_color_active":"","ocean_menu_link_background":"","ocean_menu_link_hover_background":"","ocean_menu_link_active_background":"","ocean_menu_social_links_bg":"","ocean_menu_social_hover_links_bg":"","ocean_menu_social_links_color":"","ocean_menu_social_hover_links_color":"","ocean_disable_title":"default","ocean_disable_heading":"default","ocean_post_title":"","ocean_post_subheading":"","ocean_post_title_style":"","ocean_post_title_background_color":"","ocean_post_title_background":0,"ocean_post_title_bg_image_position":"","ocean_post_title_bg_image_attachment":"","ocean_post_title_bg_image_repeat":"","ocean_post_title_bg_image_size":"","ocean_post_title_height":0,"ocean_post_title_bg_overlay":0.5,"ocean_post_title_bg_overlay_color":"","ocean_disable_breadcrumbs":"default","ocean_breadcrumbs_color":"","ocean_breadcrumbs_separator_color":"","ocean_breadcrumbs_links_color":"","ocean_breadcrumbs_links_hover_color":"","ocean_display_footer_widgets":"default","ocean_display_footer_bottom":"default","ocean_custom_footer_template":"0","_glsr_average":0,"_glsr_ranking":0,"_glsr_reviews":0},"product_brand":[],"product_cat":[339,316],"product_tag":[236,342,407,119,409,405,403,404,410,411,420,340,429,343,416,408,135,175],"class_list":{"0":"post-2625","1":"product","2":"type-product","3":"status-publish","4":"has-post-thumbnail","6":"product_cat-beaute-insolente","7":"product_cat-huile-capillaire","8":"product_tag-avocat","9":"product_tag-beaute-insolente","10":"product_tag-boucles","11":"product_tag-capillaire","12":"product_tag-casse","13":"product_tag-cheveux-boucles","14":"product_tag-cheveux-crepus","15":"product_tag-cheveux-frises","16":"product_tag-chute-de-cheveux","17":"product_tag-cuir-chevelu-sec","18":"product_tag-demangeaisons-cuir-chevelu","19":"product_tag-huile-capillaire","20":"product_tag-locks","21":"product_tag-moutarde","22":"product_tag-pellicules","23":"product_tag-pousse","24":"product_tag-produits","25":"product_tag-ricin","27":"entry","28":"has-media","30":"first","31":"instock","32":"shipping-taxable","33":"purchasable","34":"product-type-simple","35":"has-product-nav","36":"col","37":"span_1_of_3","38":"owp-content-center","39":"owp-thumbs-layout-horizontal","40":"owp-btn-normal","41":"owp-tabs-layout-horizontal","42":"has-no-thumbnails"},"acf":[],"yoast_head":"<!-- This site is optimized with the Yoast SEO plugin v25.5 - https:\/\/yoast.com\/wordpress\/plugins\/seo\/ -->\n<title>Huile R\u00e9g\u00e9n\u00e9rante - Douceur \u00c9pic\u00e9e - Lovy NK Kosm\u00e9tik<\/title>\n<meta name=\"description\" content=\"Redonne vie \u00e0 tes cheveux avec l&#039;Huile R\u00e9g\u00e9n\u00e9rante Douceur \u00c9pic\u00e9e. Une huile qui revitalise, fortifie et nourrit les cheveux secs et ab\u00eem\u00e9s\" \/>\n<meta name=\"robots\" content=\"index, follow, max-snippet:-1, max-image-preview:large, max-video-preview:-1\" \/>\n<link rel=\"canonical\" href=\"https:\/\/lovynkkosmetik.fr\/en\/product\/huile-regenerante-douceur-epicee\/\" \/>\n<meta property=\"og:locale\" content=\"en_US\" \/>\n<meta property=\"og:type\" content=\"article\" \/>\n<meta property=\"og:title\" content=\"Huile R\u00e9g\u00e9n\u00e9rante - Douceur \u00c9pic\u00e9e - Lovy NK Kosm\u00e9tik\" \/>\n<meta property=\"og:description\" content=\"Redonne vie \u00e0 tes cheveux avec l&#039;Huile R\u00e9g\u00e9n\u00e9rante Douceur \u00c9pic\u00e9e. Une huile qui revitalise, fortifie et nourrit les cheveux secs et ab\u00eem\u00e9s\" \/>\n<meta property=\"og:url\" content=\"https:\/\/lovynkkosmetik.fr\/en\/product\/huile-regenerante-douceur-epicee\/\" \/>\n<meta property=\"og:site_name\" content=\"Lovy NK Kosm\u00e9tik\" \/>\n<meta property=\"article:modified_time\" content=\"2025-03-10T22:09:13+00:00\" \/>\n<meta property=\"og:image\" content=\"https:\/\/lovynkkosmetik.fr\/wp-content\/uploads\/2024\/11\/beaute-insolente-huile-regenerante.jpg\" \/>\n\t<meta property=\"og:image:width\" content=\"575\" \/>\n\t<meta property=\"og:image:height\" content=\"862\" \/>\n\t<meta property=\"og:image:type\" content=\"image\/jpeg\" \/>\n<meta name=\"twitter:card\" content=\"summary_large_image\" \/>\n<meta name=\"twitter:label1\" content=\"Est. reading time\" \/>\n\t<meta name=\"twitter:data1\" content=\"3 minutes\" \/>\n<script type=\"application\/ld+json\" class=\"yoast-schema-graph\">{\"@context\":\"https:\/\/schema.org\",\"@graph\":[{\"@type\":\"WebPage\",\"@id\":\"https:\/\/lovynkkosmetik.fr\/produit\/huile-regenerante-douceur-epicee\/\",\"url\":\"https:\/\/lovynkkosmetik.fr\/produit\/huile-regenerante-douceur-epicee\/\",\"name\":\"Huile R\u00e9g\u00e9n\u00e9rante - Douceur \u00c9pic\u00e9e - Lovy NK Kosm\u00e9tik\",\"isPartOf\":{\"@id\":\"https:\/\/lovynkkosmetik.fr\/#website\"},\"primaryImageOfPage\":{\"@id\":\"https:\/\/lovynkkosmetik.fr\/produit\/huile-regenerante-douceur-epicee\/#primaryimage\"},\"image\":{\"@id\":\"https:\/\/lovynkkosmetik.fr\/produit\/huile-regenerante-douceur-epicee\/#primaryimage\"},\"thumbnailUrl\":\"https:\/\/lovynkkosmetik.fr\/wp-content\/uploads\/2024\/11\/beaute-insolente-huile-regenerante.jpg\",\"datePublished\":\"2024-11-27T20:58:49+00:00\",\"dateModified\":\"2025-03-10T22:09:13+00:00\",\"description\":\"Redonne vie \u00e0 tes cheveux avec l'Huile R\u00e9g\u00e9n\u00e9rante Douceur \u00c9pic\u00e9e. Une huile qui revitalise, fortifie et nourrit les cheveux secs et ab\u00eem\u00e9s\",\"breadcrumb\":{\"@id\":\"https:\/\/lovynkkosmetik.fr\/produit\/huile-regenerante-douceur-epicee\/#breadcrumb\"},\"inLanguage\":\"en-US\",\"potentialAction\":[{\"@type\":\"ReadAction\",\"target\":[\"https:\/\/lovynkkosmetik.fr\/produit\/huile-regenerante-douceur-epicee\/\"]}]},{\"@type\":\"ImageObject\",\"inLanguage\":\"en-US\",\"@id\":\"https:\/\/lovynkkosmetik.fr\/produit\/huile-regenerante-douceur-epicee\/#primaryimage\",\"url\":\"https:\/\/lovynkkosmetik.fr\/wp-content\/uploads\/2024\/11\/beaute-insolente-huile-regenerante.jpg\",\"contentUrl\":\"https:\/\/lovynkkosmetik.fr\/wp-content\/uploads\/2024\/11\/beaute-insolente-huile-regenerante.jpg\",\"width\":575,\"height\":862,\"caption\":\"Beaut\u00e9 Insolente - Huile r\u00e9g\u00e9n\u00e9rante Douceur \u00e9pic\u00e9e\"},{\"@type\":\"BreadcrumbList\",\"@id\":\"https:\/\/lovynkkosmetik.fr\/produit\/huile-regenerante-douceur-epicee\/#breadcrumb\",\"itemListElement\":[{\"@type\":\"ListItem\",\"position\":1,\"name\":\"Accueil\",\"item\":\"https:\/\/lovynkkosmetik.fr\/\"},{\"@type\":\"ListItem\",\"position\":2,\"name\":\"Boutique\",\"item\":\"https:\/\/lovynkkosmetik.fr\/boutique\/\"},{\"@type\":\"ListItem\",\"position\":3,\"name\":\"Huile R\u00e9g\u00e9n\u00e9rante &#8211; Douceur \u00c9pic\u00e9e\"}]},{\"@type\":\"WebSite\",\"@id\":\"https:\/\/lovynkkosmetik.fr\/#website\",\"url\":\"https:\/\/lovynkkosmetik.fr\/\",\"name\":\"Lovy NK Kosm\u00e9tik\",\"description\":\"Sublime ta m\u00e9lanine\",\"publisher\":{\"@id\":\"https:\/\/lovynkkosmetik.fr\/#organization\"},\"alternateName\":\"Lovy NK Kosm\u00e9tik\",\"potentialAction\":[{\"@type\":\"SearchAction\",\"target\":{\"@type\":\"EntryPoint\",\"urlTemplate\":\"https:\/\/lovynkkosmetik.fr\/?s={search_term_string}\"},\"query-input\":{\"@type\":\"PropertyValueSpecification\",\"valueRequired\":true,\"valueName\":\"search_term_string\"}}],\"inLanguage\":\"en-US\"},{\"@type\":\"Organization\",\"@id\":\"https:\/\/lovynkkosmetik.fr\/#organization\",\"name\":\"Lovy NK Kosm\u00e9tik\",\"alternateName\":\"Lovy NK Kosm\u00e9tik\",\"url\":\"https:\/\/lovynkkosmetik.fr\/\",\"logo\":{\"@type\":\"ImageObject\",\"inLanguage\":\"en-US\",\"@id\":\"https:\/\/lovynkkosmetik.fr\/#\/schema\/logo\/image\/\",\"url\":\"https:\/\/lovynkkosmetik.fr\/wp-content\/uploads\/2024\/05\/logo-lovy-nk-kosmetik-jaune.png\",\"contentUrl\":\"https:\/\/lovynkkosmetik.fr\/wp-content\/uploads\/2024\/05\/logo-lovy-nk-kosmetik-jaune.png\",\"width\":3699,\"height\":1417,\"caption\":\"Lovy NK Kosm\u00e9tik\"},\"image\":{\"@id\":\"https:\/\/lovynkkosmetik.fr\/#\/schema\/logo\/image\/\"}}]}<\/script>\n<!-- \/ Yoast SEO plugin. -->","yoast_head_json":{"title":"Huile R\u00e9g\u00e9n\u00e9rante - Douceur \u00c9pic\u00e9e - Lovy NK Kosm\u00e9tik","description":"Redonne vie \u00e0 tes cheveux avec l'Huile R\u00e9g\u00e9n\u00e9rante Douceur \u00c9pic\u00e9e. Une huile qui revitalise, fortifie et nourrit les cheveux secs et ab\u00eem\u00e9s","robots":{"index":"index","follow":"follow","max-snippet":"max-snippet:-1","max-image-preview":"max-image-preview:large","max-video-preview":"max-video-preview:-1"},"canonical":"https:\/\/lovynkkosmetik.fr\/en\/product\/huile-regenerante-douceur-epicee\/","og_locale":"en_US","og_type":"article","og_title":"Huile R\u00e9g\u00e9n\u00e9rante - Douceur \u00c9pic\u00e9e - Lovy NK Kosm\u00e9tik","og_description":"Redonne vie \u00e0 tes cheveux avec l'Huile R\u00e9g\u00e9n\u00e9rante Douceur \u00c9pic\u00e9e. Une huile qui revitalise, fortifie et nourrit les cheveux secs et ab\u00eem\u00e9s","og_url":"https:\/\/lovynkkosmetik.fr\/en\/product\/huile-regenerante-douceur-epicee\/","og_site_name":"Lovy NK Kosm\u00e9tik","article_modified_time":"2025-03-10T22:09:13+00:00","og_image":[{"width":575,"height":862,"url":"https:\/\/lovynkkosmetik.fr\/wp-content\/uploads\/2024\/11\/beaute-insolente-huile-regenerante.jpg","type":"image\/jpeg"}],"twitter_card":"summary_large_image","twitter_misc":{"Est. reading time":"3 minutes"},"schema":{"@context":"https:\/\/schema.org","@graph":[{"@type":"WebPage","@id":"https:\/\/lovynkkosmetik.fr\/produit\/huile-regenerante-douceur-epicee\/","url":"https:\/\/lovynkkosmetik.fr\/produit\/huile-regenerante-douceur-epicee\/","name":"Huile R\u00e9g\u00e9n\u00e9rante - Douceur \u00c9pic\u00e9e - Lovy NK Kosm\u00e9tik","isPartOf":{"@id":"https:\/\/lovynkkosmetik.fr\/#website"},"primaryImageOfPage":{"@id":"https:\/\/lovynkkosmetik.fr\/produit\/huile-regenerante-douceur-epicee\/#primaryimage"},"image":{"@id":"https:\/\/lovynkkosmetik.fr\/produit\/huile-regenerante-douceur-epicee\/#primaryimage"},"thumbnailUrl":"https:\/\/lovynkkosmetik.fr\/wp-content\/uploads\/2024\/11\/beaute-insolente-huile-regenerante.jpg","datePublished":"2024-11-27T20:58:49+00:00","dateModified":"2025-03-10T22:09:13+00:00","description":"Redonne vie \u00e0 tes cheveux avec l'Huile R\u00e9g\u00e9n\u00e9rante Douceur \u00c9pic\u00e9e. Une huile qui revitalise, fortifie et nourrit les cheveux secs et ab\u00eem\u00e9s","breadcrumb":{"@id":"https:\/\/lovynkkosmetik.fr\/produit\/huile-regenerante-douceur-epicee\/#breadcrumb"},"inLanguage":"en-US","potentialAction":[{"@type":"ReadAction","target":["https:\/\/lovynkkosmetik.fr\/produit\/huile-regenerante-douceur-epicee\/"]}]},{"@type":"ImageObject","inLanguage":"en-US","@id":"https:\/\/lovynkkosmetik.fr\/produit\/huile-regenerante-douceur-epicee\/#primaryimage","url":"https:\/\/lovynkkosmetik.fr\/wp-content\/uploads\/2024\/11\/beaute-insolente-huile-regenerante.jpg","contentUrl":"https:\/\/lovynkkosmetik.fr\/wp-content\/uploads\/2024\/11\/beaute-insolente-huile-regenerante.jpg","width":575,"height":862,"caption":"Beaut\u00e9 Insolente - Huile r\u00e9g\u00e9n\u00e9rante Douceur \u00e9pic\u00e9e"},{"@type":"BreadcrumbList","@id":"https:\/\/lovynkkosmetik.fr\/produit\/huile-regenerante-douceur-epicee\/#breadcrumb","itemListElement":[{"@type":"ListItem","position":1,"name":"Accueil","item":"https:\/\/lovynkkosmetik.fr\/"},{"@type":"ListItem","position":2,"name":"Boutique","item":"https:\/\/lovynkkosmetik.fr\/boutique\/"},{"@type":"ListItem","position":3,"name":"Huile R\u00e9g\u00e9n\u00e9rante &#8211; Douceur \u00c9pic\u00e9e"}]},{"@type":"WebSite","@id":"https:\/\/lovynkkosmetik.fr\/#website","url":"https:\/\/lovynkkosmetik.fr\/","name":"Lovy NK Kosm\u00e9tik","description":"Sublime ta m\u00e9lanine","publisher":{"@id":"https:\/\/lovynkkosmetik.fr\/#organization"},"alternateName":"Lovy NK Kosm\u00e9tik","potentialAction":[{"@type":"SearchAction","target":{"@type":"EntryPoint","urlTemplate":"https:\/\/lovynkkosmetik.fr\/?s={search_term_string}"},"query-input":{"@type":"PropertyValueSpecification","valueRequired":true,"valueName":"search_term_string"}}],"inLanguage":"en-US"},{"@type":"Organization","@id":"https:\/\/lovynkkosmetik.fr\/#organization","name":"Lovy NK Kosm\u00e9tik","alternateName":"Lovy NK Kosm\u00e9tik","url":"https:\/\/lovynkkosmetik.fr\/","logo":{"@type":"ImageObject","inLanguage":"en-US","@id":"https:\/\/lovynkkosmetik.fr\/#\/schema\/logo\/image\/","url":"https:\/\/lovynkkosmetik.fr\/wp-content\/uploads\/2024\/05\/logo-lovy-nk-kosmetik-jaune.png","contentUrl":"https:\/\/lovynkkosmetik.fr\/wp-content\/uploads\/2024\/05\/logo-lovy-nk-kosmetik-jaune.png","width":3699,"height":1417,"caption":"Lovy NK Kosm\u00e9tik"},"image":{"@id":"https:\/\/lovynkkosmetik.fr\/#\/schema\/logo\/image\/"}}]}},"_links":{"self":[{"href":"https:\/\/lovynkkosmetik.fr\/en\/wp-json\/wp\/v2\/product\/2625","targetHints":{"allow":["GET"]}}],"collection":[{"href":"https:\/\/lovynkkosmetik.fr\/en\/wp-json\/wp\/v2\/product"}],"about":[{"href":"https:\/\/lovynkkosmetik.fr\/en\/wp-json\/wp\/v2\/types\/product"}],"replies":[{"embeddable":true,"href":"https:\/\/lovynkkosmetik.fr\/en\/wp-json\/wp\/v2\/comments?post=2625"}],"version-history":[{"count":0,"href":"https:\/\/lovynkkosmetik.fr\/en\/wp-json\/wp\/v2\/product\/2625\/revisions"}],"wp:featuredmedia":[{"embeddable":true,"href":"https:\/\/lovynkkosmetik.fr\/en\/wp-json\/wp\/v2\/media\/2590"}],"wp:attachment":[{"href":"https:\/\/lovynkkosmetik.fr\/en\/wp-json\/wp\/v2\/media?parent=2625"}],"wp:term":[{"taxonomy":"product_brand","embeddable":true,"href":"https:\/\/lovynkkosmetik.fr\/en\/wp-json\/wp\/v2\/product_brand?post=2625"},{"taxonomy":"product_cat","embeddable":true,"href":"https:\/\/lovynkkosmetik.fr\/en\/wp-json\/wp\/v2\/product_cat?post=2625"},{"taxonomy":"product_tag","embeddable":true,"href":"https:\/\/lovynkkosmetik.fr\/en\/wp-json\/wp\/v2\/product_tag?post=2625"}],"curies":[{"name":"wp","href":"https:\/\/api.w.org\/{rel}","templated":true}]}}