{"id":2614,"date":"2024-11-27T19:40:44","date_gmt":"2024-11-27T18:40:44","guid":{"rendered":"https:\/\/lovynkkosmetik.fr\/?post_type=product&#038;p=2614"},"modified":"2025-03-10T21:53:57","modified_gmt":"2025-03-10T20:53:57","slug":"gelee-hibiscus","status":"publish","type":"product","link":"https:\/\/lovynkkosmetik.fr\/en\/product\/gelee-hibiscus\/","title":{"rendered":"Hibiscus Jelly"},"content":{"rendered":"<h2>Hair Concerns :<\/h2>\n<p>Frizz and unruly hair<br \/>\nLack of curl definition<br \/>\nNeed for light hold to style hair<\/p>\n<h2>Hair type :<\/h2>\n<p>Curly to coily hair (2A to 4C)<\/p>\n<h2>Benefits :<\/h2>\n<p><strong>Moisturizing<\/strong> : Keeps hair moisturized by sealing in moisture within the hair fiber thanks to humectant-rich ingredients.<br \/>\n<strong>Definition &amp; Sculpting<\/strong> : Redefines curls, controls frizz, and helps style baby hairs without a stiff effect.<br \/>\n<strong>Light Hold<\/strong> : Sets hairstyles without weighing hair down or leaving residue, maintaining the natural bounce.<br \/>\n<strong>Shine &amp; Softness<\/strong> : Adds natural radiance and a lightweight, soft texture to the hair.<\/p>\n<h2>How to use :<\/h2>\n<p><strong>To define curls<\/strong> : After your hair routine, divide your hair into sections. Apply a small amount of jelly to each section, evenly distribute it using a brush, then scrunch your curls with your hands to enhance their shape.<br \/>\n<strong>To smooth hair &amp; baby hairs<\/strong> : Apply a small amount of jelly between your fingers, then apply to the areas you want to set. Use a small brush to style and shape baby hairs.<br \/>\n<strong>To set hairstyles<\/strong> : Apply the jelly section by section before styling. Let it dry for a perfect hold throughout the day.<\/p>\n<h2>Ingredients :<\/h2>\n<p>Hibiscus Sabdariffa Seed Oil : Nourishes and softens the hair, strengthens the hair fiber, and enhances shine.<br \/>\nAgave Salmiana Leaf Juice : A natural humectant that helps retain moisture and fights frizz.<br \/>\nVitis Vinifera Seed Oil (Grape Seed Oil) : Rich in antioxidants, protects and strengthens the hair while adding shine.<br \/>\nAloe Barbadensis Leaf Powder (Aloe Vera) : Soothes and deeply hydrates the hair, promoting flexibility.<br \/>\nXanthan Gum : Provides the gel texture while ensuring a gentle hold without weighing hair down.<br \/>\nGlycerin : A humectant that draws moisture from the air to keep hair hydrated.<\/p>\n<p>Formulas may evolve. We recommend checking the ingredient list on the purchased product.<\/p>\n<h2>Precautions for use :<\/h2>\n<p>For external use only. Do not ingest.<br \/>\nIn case of contact with eyes, rinse immediately.<br \/>\nKeep out of reach of children.<\/p>\n<h2>About Kalia Nature:<\/h2>\n<p>Kalia Nature, a brand of natural hair care products, was born of the desire to pass on to everyone the art of caring for their hair, by putting Caribbean know-how at the heart of its formulations. The founder, Sandrine Sophie, began formulating her own products to meet the needs of her daughter Neela, born prematurely, for whom there was no suitable natural offering. Inspired by her grandmother's vast knowledge of Caribbean plants and her family recipes, Sandrine creates handcrafted cosmetics suitable for all textured hair types.<\/p>\n<p><strong>Kalia Nature\u2019s Core Values :<\/strong><\/p>\n<p>Proximity : Putting users at the heart of the brand by listening to their needs and improving their daily hair care routines.<br \/>\nInclusion : Offering accessible products in terms of price and usability, tailored to everyone's needs.<br \/>\nKnowledge Sharing : Educating people on how to care for their hair and embrace their natural beauty.<br \/>\nSelf-Acceptance : Empowering everyone to be proud of their hair by eliminating any mental burden related to hair care.<\/p>","protected":false},"excerpt":{"rendered":"<p>The Hibiscus Jelly is a leave-in styling gel formulated with hibiscus seed oil, designed to sculpt, set, and define curls while remaining lightweight. This hair care product is perfect for textured hair ranging from 2A waves to 4C coily hair, especially for dry and frizz-prone hair.<\/p>","protected":false},"featured_media":2596,"comment_status":"open","ping_status":"closed","template":"","meta":{"_acf_changed":false,"ocean_post_layout":"","ocean_both_sidebars_style":"","ocean_both_sidebars_content_width":0,"ocean_both_sidebars_sidebars_width":0,"ocean_sidebar":"0","ocean_second_sidebar":"0","ocean_disable_margins":"enable","ocean_add_body_class":"","ocean_shortcode_before_top_bar":"","ocean_shortcode_after_top_bar":"","ocean_shortcode_before_header":"","ocean_shortcode_after_header":"","ocean_has_shortcode":"","ocean_shortcode_after_title":"","ocean_shortcode_before_footer_widgets":"","ocean_shortcode_after_footer_widgets":"","ocean_shortcode_before_footer_bottom":"","ocean_shortcode_after_footer_bottom":"","ocean_display_top_bar":"default","ocean_display_header":"default","ocean_header_style":"","ocean_center_header_left_menu":"0","ocean_custom_header_template":"0","ocean_custom_logo":0,"ocean_custom_retina_logo":0,"ocean_custom_logo_max_width":0,"ocean_custom_logo_tablet_max_width":0,"ocean_custom_logo_mobile_max_width":0,"ocean_custom_logo_max_height":0,"ocean_custom_logo_tablet_max_height":0,"ocean_custom_logo_mobile_max_height":0,"ocean_header_custom_menu":"0","ocean_menu_typo_font_family":"0","ocean_menu_typo_font_subset":"","ocean_menu_typo_font_size":0,"ocean_menu_typo_font_size_tablet":0,"ocean_menu_typo_font_size_mobile":0,"ocean_menu_typo_font_size_unit":"px","ocean_menu_typo_font_weight":"","ocean_menu_typo_font_weight_tablet":"","ocean_menu_typo_font_weight_mobile":"","ocean_menu_typo_transform":"","ocean_menu_typo_transform_tablet":"","ocean_menu_typo_transform_mobile":"","ocean_menu_typo_line_height":0,"ocean_menu_typo_line_height_tablet":0,"ocean_menu_typo_line_height_mobile":0,"ocean_menu_typo_line_height_unit":"","ocean_menu_typo_spacing":0,"ocean_menu_typo_spacing_tablet":0,"ocean_menu_typo_spacing_mobile":0,"ocean_menu_typo_spacing_unit":"","ocean_menu_link_color":"","ocean_menu_link_color_hover":"","ocean_menu_link_color_active":"","ocean_menu_link_background":"","ocean_menu_link_hover_background":"","ocean_menu_link_active_background":"","ocean_menu_social_links_bg":"","ocean_menu_social_hover_links_bg":"","ocean_menu_social_links_color":"","ocean_menu_social_hover_links_color":"","ocean_disable_title":"default","ocean_disable_heading":"default","ocean_post_title":"","ocean_post_subheading":"","ocean_post_title_style":"","ocean_post_title_background_color":"","ocean_post_title_background":0,"ocean_post_title_bg_image_position":"","ocean_post_title_bg_image_attachment":"","ocean_post_title_bg_image_repeat":"","ocean_post_title_bg_image_size":"","ocean_post_title_height":0,"ocean_post_title_bg_overlay":0.5,"ocean_post_title_bg_overlay_color":"","ocean_disable_breadcrumbs":"default","ocean_breadcrumbs_color":"","ocean_breadcrumbs_separator_color":"","ocean_breadcrumbs_links_color":"","ocean_breadcrumbs_links_hover_color":"","ocean_display_footer_widgets":"default","ocean_display_footer_bottom":"default","ocean_custom_footer_template":"0","_glsr_average":0,"_glsr_ranking":0,"_glsr_reviews":0},"product_brand":[],"product_cat":[320,315],"product_tag":[331,154,407,119,409,412,330,137,224,406,329,332,135,322],"class_list":{"0":"post-2614","1":"product","2":"type-product","3":"status-publish","4":"has-post-thumbnail","6":"product_cat-kalia-nature","7":"product_cat-produits-coiffants","8":"product_tag-agave","9":"product_tag-aloe-vera","10":"product_tag-boucles","11":"product_tag-capillaire","12":"product_tag-casse","13":"product_tag-frisottis","14":"product_tag-gelee","15":"product_tag-glycerine","16":"product_tag-hibiscus","17":"product_tag-hydratation-cheveux","18":"product_tag-kalia-nature","19":"product_tag-pepins-de-raisin","20":"product_tag-produits","21":"product_tag-produits-coiffants","23":"entry","24":"has-media","26":"first","27":"instock","28":"shipping-taxable","29":"purchasable","30":"product-type-simple","31":"has-product-nav","32":"col","33":"span_1_of_3","34":"owp-content-center","35":"owp-thumbs-layout-horizontal","36":"owp-btn-normal","37":"owp-tabs-layout-horizontal","38":"has-no-thumbnails"},"acf":[],"yoast_head":"<!-- This site is optimized with the Yoast SEO plugin v25.5 - https:\/\/yoast.com\/wordpress\/plugins\/seo\/ -->\n<title>Gel\u00e9e d&#039;hibiscus - Lovy NK Kosm\u00e9tik<\/title>\n<meta name=\"description\" content=\"La Gel\u00e9e d&#039;Hibiscus est une gel\u00e9e coiffante sans rin\u00e7age \u00e0 base d&#039;huile v\u00e9g\u00e9tale de graines d&#039;hibiscus, con\u00e7ue pour sculpter, fixer et d\u00e9finir les boucles\" \/>\n<meta name=\"robots\" content=\"index, follow, max-snippet:-1, max-image-preview:large, max-video-preview:-1\" \/>\n<link rel=\"canonical\" href=\"https:\/\/lovynkkosmetik.fr\/en\/product\/gelee-hibiscus\/\" \/>\n<meta property=\"og:locale\" content=\"en_US\" \/>\n<meta property=\"og:type\" content=\"article\" \/>\n<meta property=\"og:title\" content=\"Gel\u00e9e d&#039;hibiscus - Lovy NK Kosm\u00e9tik\" \/>\n<meta property=\"og:description\" content=\"La Gel\u00e9e d&#039;Hibiscus est une gel\u00e9e coiffante sans rin\u00e7age \u00e0 base d&#039;huile v\u00e9g\u00e9tale de graines d&#039;hibiscus, con\u00e7ue pour sculpter, fixer et d\u00e9finir les boucles\" \/>\n<meta property=\"og:url\" content=\"https:\/\/lovynkkosmetik.fr\/en\/product\/gelee-hibiscus\/\" \/>\n<meta property=\"og:site_name\" content=\"Lovy NK Kosm\u00e9tik\" \/>\n<meta property=\"article:modified_time\" content=\"2025-03-10T20:53:57+00:00\" \/>\n<meta property=\"og:image\" content=\"https:\/\/lovynkkosmetik.fr\/wp-content\/uploads\/2024\/11\/kalia-nature-gelee-hibiscus.jpg\" \/>\n\t<meta property=\"og:image:width\" content=\"575\" \/>\n\t<meta property=\"og:image:height\" content=\"863\" \/>\n\t<meta property=\"og:image:type\" content=\"image\/jpeg\" \/>\n<meta name=\"twitter:card\" content=\"summary_large_image\" \/>\n<meta name=\"twitter:label1\" content=\"Est. reading time\" \/>\n\t<meta name=\"twitter:data1\" content=\"4 minutes\" \/>\n<script type=\"application\/ld+json\" class=\"yoast-schema-graph\">{\"@context\":\"https:\/\/schema.org\",\"@graph\":[{\"@type\":\"WebPage\",\"@id\":\"https:\/\/lovynkkosmetik.fr\/produit\/gelee-hibiscus\/\",\"url\":\"https:\/\/lovynkkosmetik.fr\/produit\/gelee-hibiscus\/\",\"name\":\"Gel\u00e9e d'hibiscus - Lovy NK Kosm\u00e9tik\",\"isPartOf\":{\"@id\":\"https:\/\/lovynkkosmetik.fr\/#website\"},\"primaryImageOfPage\":{\"@id\":\"https:\/\/lovynkkosmetik.fr\/produit\/gelee-hibiscus\/#primaryimage\"},\"image\":{\"@id\":\"https:\/\/lovynkkosmetik.fr\/produit\/gelee-hibiscus\/#primaryimage\"},\"thumbnailUrl\":\"https:\/\/lovynkkosmetik.fr\/wp-content\/uploads\/2024\/11\/kalia-nature-gelee-hibiscus.jpg\",\"datePublished\":\"2024-11-27T18:40:44+00:00\",\"dateModified\":\"2025-03-10T20:53:57+00:00\",\"description\":\"La Gel\u00e9e d'Hibiscus est une gel\u00e9e coiffante sans rin\u00e7age \u00e0 base d'huile v\u00e9g\u00e9tale de graines d'hibiscus, con\u00e7ue pour sculpter, fixer et d\u00e9finir les boucles\",\"breadcrumb\":{\"@id\":\"https:\/\/lovynkkosmetik.fr\/produit\/gelee-hibiscus\/#breadcrumb\"},\"inLanguage\":\"en-US\",\"potentialAction\":[{\"@type\":\"ReadAction\",\"target\":[\"https:\/\/lovynkkosmetik.fr\/produit\/gelee-hibiscus\/\"]}]},{\"@type\":\"ImageObject\",\"inLanguage\":\"en-US\",\"@id\":\"https:\/\/lovynkkosmetik.fr\/produit\/gelee-hibiscus\/#primaryimage\",\"url\":\"https:\/\/lovynkkosmetik.fr\/wp-content\/uploads\/2024\/11\/kalia-nature-gelee-hibiscus.jpg\",\"contentUrl\":\"https:\/\/lovynkkosmetik.fr\/wp-content\/uploads\/2024\/11\/kalia-nature-gelee-hibiscus.jpg\",\"width\":575,\"height\":863,\"caption\":\"Kalia Nature - Gel\u00e9e d'hibiscus\"},{\"@type\":\"BreadcrumbList\",\"@id\":\"https:\/\/lovynkkosmetik.fr\/produit\/gelee-hibiscus\/#breadcrumb\",\"itemListElement\":[{\"@type\":\"ListItem\",\"position\":1,\"name\":\"Accueil\",\"item\":\"https:\/\/lovynkkosmetik.fr\/\"},{\"@type\":\"ListItem\",\"position\":2,\"name\":\"Boutique\",\"item\":\"https:\/\/lovynkkosmetik.fr\/boutique\/\"},{\"@type\":\"ListItem\",\"position\":3,\"name\":\"Gel\u00e9e d&rsquo;hibiscus\"}]},{\"@type\":\"WebSite\",\"@id\":\"https:\/\/lovynkkosmetik.fr\/#website\",\"url\":\"https:\/\/lovynkkosmetik.fr\/\",\"name\":\"Lovy NK Kosm\u00e9tik\",\"description\":\"Sublime ta m\u00e9lanine\",\"publisher\":{\"@id\":\"https:\/\/lovynkkosmetik.fr\/#organization\"},\"alternateName\":\"Lovy NK Kosm\u00e9tik\",\"potentialAction\":[{\"@type\":\"SearchAction\",\"target\":{\"@type\":\"EntryPoint\",\"urlTemplate\":\"https:\/\/lovynkkosmetik.fr\/?s={search_term_string}\"},\"query-input\":{\"@type\":\"PropertyValueSpecification\",\"valueRequired\":true,\"valueName\":\"search_term_string\"}}],\"inLanguage\":\"en-US\"},{\"@type\":\"Organization\",\"@id\":\"https:\/\/lovynkkosmetik.fr\/#organization\",\"name\":\"Lovy NK Kosm\u00e9tik\",\"alternateName\":\"Lovy NK Kosm\u00e9tik\",\"url\":\"https:\/\/lovynkkosmetik.fr\/\",\"logo\":{\"@type\":\"ImageObject\",\"inLanguage\":\"en-US\",\"@id\":\"https:\/\/lovynkkosmetik.fr\/#\/schema\/logo\/image\/\",\"url\":\"https:\/\/lovynkkosmetik.fr\/wp-content\/uploads\/2024\/05\/logo-lovy-nk-kosmetik-jaune.png\",\"contentUrl\":\"https:\/\/lovynkkosmetik.fr\/wp-content\/uploads\/2024\/05\/logo-lovy-nk-kosmetik-jaune.png\",\"width\":3699,\"height\":1417,\"caption\":\"Lovy NK Kosm\u00e9tik\"},\"image\":{\"@id\":\"https:\/\/lovynkkosmetik.fr\/#\/schema\/logo\/image\/\"}}]}<\/script>\n<!-- \/ Yoast SEO plugin. -->","yoast_head_json":{"title":"Gel\u00e9e d'hibiscus - Lovy NK Kosm\u00e9tik","description":"La Gel\u00e9e d'Hibiscus est une gel\u00e9e coiffante sans rin\u00e7age \u00e0 base d'huile v\u00e9g\u00e9tale de graines d'hibiscus, con\u00e7ue pour sculpter, fixer et d\u00e9finir les boucles","robots":{"index":"index","follow":"follow","max-snippet":"max-snippet:-1","max-image-preview":"max-image-preview:large","max-video-preview":"max-video-preview:-1"},"canonical":"https:\/\/lovynkkosmetik.fr\/en\/product\/gelee-hibiscus\/","og_locale":"en_US","og_type":"article","og_title":"Gel\u00e9e d'hibiscus - Lovy NK Kosm\u00e9tik","og_description":"La Gel\u00e9e d'Hibiscus est une gel\u00e9e coiffante sans rin\u00e7age \u00e0 base d'huile v\u00e9g\u00e9tale de graines d'hibiscus, con\u00e7ue pour sculpter, fixer et d\u00e9finir les boucles","og_url":"https:\/\/lovynkkosmetik.fr\/en\/product\/gelee-hibiscus\/","og_site_name":"Lovy NK Kosm\u00e9tik","article_modified_time":"2025-03-10T20:53:57+00:00","og_image":[{"width":575,"height":863,"url":"https:\/\/lovynkkosmetik.fr\/wp-content\/uploads\/2024\/11\/kalia-nature-gelee-hibiscus.jpg","type":"image\/jpeg"}],"twitter_card":"summary_large_image","twitter_misc":{"Est. reading time":"4 minutes"},"schema":{"@context":"https:\/\/schema.org","@graph":[{"@type":"WebPage","@id":"https:\/\/lovynkkosmetik.fr\/produit\/gelee-hibiscus\/","url":"https:\/\/lovynkkosmetik.fr\/produit\/gelee-hibiscus\/","name":"Gel\u00e9e d'hibiscus - Lovy NK Kosm\u00e9tik","isPartOf":{"@id":"https:\/\/lovynkkosmetik.fr\/#website"},"primaryImageOfPage":{"@id":"https:\/\/lovynkkosmetik.fr\/produit\/gelee-hibiscus\/#primaryimage"},"image":{"@id":"https:\/\/lovynkkosmetik.fr\/produit\/gelee-hibiscus\/#primaryimage"},"thumbnailUrl":"https:\/\/lovynkkosmetik.fr\/wp-content\/uploads\/2024\/11\/kalia-nature-gelee-hibiscus.jpg","datePublished":"2024-11-27T18:40:44+00:00","dateModified":"2025-03-10T20:53:57+00:00","description":"La Gel\u00e9e d'Hibiscus est une gel\u00e9e coiffante sans rin\u00e7age \u00e0 base d'huile v\u00e9g\u00e9tale de graines d'hibiscus, con\u00e7ue pour sculpter, fixer et d\u00e9finir les boucles","breadcrumb":{"@id":"https:\/\/lovynkkosmetik.fr\/produit\/gelee-hibiscus\/#breadcrumb"},"inLanguage":"en-US","potentialAction":[{"@type":"ReadAction","target":["https:\/\/lovynkkosmetik.fr\/produit\/gelee-hibiscus\/"]}]},{"@type":"ImageObject","inLanguage":"en-US","@id":"https:\/\/lovynkkosmetik.fr\/produit\/gelee-hibiscus\/#primaryimage","url":"https:\/\/lovynkkosmetik.fr\/wp-content\/uploads\/2024\/11\/kalia-nature-gelee-hibiscus.jpg","contentUrl":"https:\/\/lovynkkosmetik.fr\/wp-content\/uploads\/2024\/11\/kalia-nature-gelee-hibiscus.jpg","width":575,"height":863,"caption":"Kalia Nature - Gel\u00e9e d'hibiscus"},{"@type":"BreadcrumbList","@id":"https:\/\/lovynkkosmetik.fr\/produit\/gelee-hibiscus\/#breadcrumb","itemListElement":[{"@type":"ListItem","position":1,"name":"Accueil","item":"https:\/\/lovynkkosmetik.fr\/"},{"@type":"ListItem","position":2,"name":"Boutique","item":"https:\/\/lovynkkosmetik.fr\/boutique\/"},{"@type":"ListItem","position":3,"name":"Gel\u00e9e d&rsquo;hibiscus"}]},{"@type":"WebSite","@id":"https:\/\/lovynkkosmetik.fr\/#website","url":"https:\/\/lovynkkosmetik.fr\/","name":"Lovy NK Kosm\u00e9tik","description":"Sublime ta m\u00e9lanine","publisher":{"@id":"https:\/\/lovynkkosmetik.fr\/#organization"},"alternateName":"Lovy NK Kosm\u00e9tik","potentialAction":[{"@type":"SearchAction","target":{"@type":"EntryPoint","urlTemplate":"https:\/\/lovynkkosmetik.fr\/?s={search_term_string}"},"query-input":{"@type":"PropertyValueSpecification","valueRequired":true,"valueName":"search_term_string"}}],"inLanguage":"en-US"},{"@type":"Organization","@id":"https:\/\/lovynkkosmetik.fr\/#organization","name":"Lovy NK Kosm\u00e9tik","alternateName":"Lovy NK Kosm\u00e9tik","url":"https:\/\/lovynkkosmetik.fr\/","logo":{"@type":"ImageObject","inLanguage":"en-US","@id":"https:\/\/lovynkkosmetik.fr\/#\/schema\/logo\/image\/","url":"https:\/\/lovynkkosmetik.fr\/wp-content\/uploads\/2024\/05\/logo-lovy-nk-kosmetik-jaune.png","contentUrl":"https:\/\/lovynkkosmetik.fr\/wp-content\/uploads\/2024\/05\/logo-lovy-nk-kosmetik-jaune.png","width":3699,"height":1417,"caption":"Lovy NK Kosm\u00e9tik"},"image":{"@id":"https:\/\/lovynkkosmetik.fr\/#\/schema\/logo\/image\/"}}]}},"_links":{"self":[{"href":"https:\/\/lovynkkosmetik.fr\/en\/wp-json\/wp\/v2\/product\/2614","targetHints":{"allow":["GET"]}}],"collection":[{"href":"https:\/\/lovynkkosmetik.fr\/en\/wp-json\/wp\/v2\/product"}],"about":[{"href":"https:\/\/lovynkkosmetik.fr\/en\/wp-json\/wp\/v2\/types\/product"}],"replies":[{"embeddable":true,"href":"https:\/\/lovynkkosmetik.fr\/en\/wp-json\/wp\/v2\/comments?post=2614"}],"version-history":[{"count":0,"href":"https:\/\/lovynkkosmetik.fr\/en\/wp-json\/wp\/v2\/product\/2614\/revisions"}],"wp:featuredmedia":[{"embeddable":true,"href":"https:\/\/lovynkkosmetik.fr\/en\/wp-json\/wp\/v2\/media\/2596"}],"wp:attachment":[{"href":"https:\/\/lovynkkosmetik.fr\/en\/wp-json\/wp\/v2\/media?parent=2614"}],"wp:term":[{"taxonomy":"product_brand","embeddable":true,"href":"https:\/\/lovynkkosmetik.fr\/en\/wp-json\/wp\/v2\/product_brand?post=2614"},{"taxonomy":"product_cat","embeddable":true,"href":"https:\/\/lovynkkosmetik.fr\/en\/wp-json\/wp\/v2\/product_cat?post=2614"},{"taxonomy":"product_tag","embeddable":true,"href":"https:\/\/lovynkkosmetik.fr\/en\/wp-json\/wp\/v2\/product_tag?post=2614"}],"curies":[{"name":"wp","href":"https:\/\/api.w.org\/{rel}","templated":true}]}}