{"id":2612,"date":"2024-11-27T19:30:39","date_gmt":"2024-11-27T18:30:39","guid":{"rendered":"https:\/\/lovynkkosmetik.fr\/?post_type=product&#038;p=2612"},"modified":"2025-04-18T17:07:53","modified_gmt":"2025-04-18T15:07:53","slug":"gel-au-miel","status":"publish","type":"product","link":"https:\/\/lovynkkosmetik.fr\/en\/product\/gel-au-miel\/","title":{"rendered":"Honey Styling Gel"},"content":{"rendered":"<h2>Hair Concerns :<\/h2>\n<p>Dry hair<br \/>\nFrizz and unruly baby hairs<br \/>\nNeed for hold in protective hairstyles (braids, twists, etc.)<br \/>\nLow porosity, brittle, or dehydrated hair<br \/>\nDamaged ends, need to seal in moisture and protect against external aggressions<\/p>\n<h2>Hair type :<\/h2>\n<p>Curly to coily hair (2A to 4C)<br \/>\nLow-porosity hair<\/p>\n<h2>Benefits :<\/h2>\n<p><strong>Moisturizing<\/strong> : Thanks to honey, a natural humectant, this gel attracts and retains moisture, keeping hair hydrated all day long.<br \/>\n<strong>Hold<\/strong> : Shapes and secures protective hairstyles while taming frizz and baby hairs without residue or stiffness. <strong>Softness &amp; Flexibility<\/strong> : Leaves hair soft, lightweight, and manageable even after styling, preserving the natural movement of curls.<br \/>\n<strong>Shine<\/strong> : Enriched with provitamin B5, it restores radiance and vitality to hair.<\/p>\n<h2>How to use :<\/h2>\n<p><strong>To define curls<\/strong> : After your usual hair routine, divide your hair into sections. Apply a small amount of gel to each section, distributing it evenly along the length. Use a brush to spread the gel and scrunch your curls with your hands to redefine them.<br \/>\n<strong>To smooth hair &amp; baby hairs<\/strong> : Apply a small amount of gel between your fingers and spread it on the areas to be set. Use a small brush to style baby hairs or smooth down the hair.<br \/>\n<strong>To hold protective hairstyles<\/strong> : Apply a small amount of gel to each section of hair before styling your protective hairstyle (braids, twists). Allow it to air dry naturally.<\/p>\n<h2>Ingredients :<\/h2>\n<p>Honey : A natural moisturizer that locks in hydration, prevents dryness, and softens hair.<br \/>\nPanthenol (Provitamin B5) : Strengthens and nourishes the hair, enhancing shine and vitality.<br \/>\nInulin: A natural conditioning agent that hydrates and softens hair.<br \/>\nPimenta Racemosa Oil (Bay Saint Thomas Oil) : Soothes the scalp, tones hair, and provides a pleasant scent.<br \/>\nCoco-Caprylate\/Caprate : A natural emollient that softens and conditions hair without weighing it down.<\/p>\n<p>Formulas may evolve. We recommend checking the ingredient list on the purchased product.<\/p>\n<h2>Precautions for use :<\/h2>\n<p>Do not use during pregnancy or breastfeeding due to the presence of essential oils.<br \/>\nNot suitable for children under 6 years old.<br \/>\nFor external use only. In case of contact with eyes, rinse immediately.<br \/>\nKeep out of reach of children.<\/p>\n<h2>About Kalia Nature:<\/h2>\n<p>Kalia Nature, a brand of natural hair care products, was born of the desire to pass on to everyone the art of caring for their hair, by putting Caribbean know-how at the heart of its formulations. The founder, Sandrine Sophie, began formulating her own products to meet the needs of her daughter Neela, born prematurely, for whom there was no suitable natural offering. Inspired by her grandmother's vast knowledge of Caribbean plants and her family recipes, Sandrine creates handcrafted cosmetics suitable for all textured hair types.<\/p>\n<p><strong>Kalia Nature\u2019s Core Values :<\/strong><\/p>\n<p>Proximity : Putting users at the heart of the brand by listening to their needs and improving their daily hair care routines.<br \/>\nInclusion : Offering accessible products in terms of price and usability, tailored to everyone's needs.<br \/>\nKnowledge Sharing : Educating people on how to care for their hair and embrace their natural beauty.<br \/>\nSelf-Acceptance : Empowering everyone to be proud of their hair by eliminating any mental burden related to hair care.<\/p>","protected":false},"excerpt":{"rendered":"<p>The **Honey Styling Gel** is a leave-in gel specifically designed to define curls, hold protective hairstyles (braids, twists, two-strand twists), and smooth baby hairs. Enriched with honey, this gel is ideal for curly to coily hair (2A to 4C), helping to control frizz while keeping hair hydrated.<\/p>","protected":false},"featured_media":2594,"comment_status":"open","ping_status":"closed","template":"","meta":{"_acf_changed":false,"ocean_post_layout":"","ocean_both_sidebars_style":"","ocean_both_sidebars_content_width":0,"ocean_both_sidebars_sidebars_width":0,"ocean_sidebar":"0","ocean_second_sidebar":"0","ocean_disable_margins":"enable","ocean_add_body_class":"","ocean_shortcode_before_top_bar":"","ocean_shortcode_after_top_bar":"","ocean_shortcode_before_header":"","ocean_shortcode_after_header":"","ocean_has_shortcode":"","ocean_shortcode_after_title":"","ocean_shortcode_before_footer_widgets":"","ocean_shortcode_after_footer_widgets":"","ocean_shortcode_before_footer_bottom":"","ocean_shortcode_after_footer_bottom":"","ocean_display_top_bar":"default","ocean_display_header":"default","ocean_header_style":"","ocean_center_header_left_menu":"0","ocean_custom_header_template":"0","ocean_custom_logo":0,"ocean_custom_retina_logo":0,"ocean_custom_logo_max_width":0,"ocean_custom_logo_tablet_max_width":0,"ocean_custom_logo_mobile_max_width":0,"ocean_custom_logo_max_height":0,"ocean_custom_logo_tablet_max_height":0,"ocean_custom_logo_mobile_max_height":0,"ocean_header_custom_menu":"0","ocean_menu_typo_font_family":"0","ocean_menu_typo_font_subset":"","ocean_menu_typo_font_size":0,"ocean_menu_typo_font_size_tablet":0,"ocean_menu_typo_font_size_mobile":0,"ocean_menu_typo_font_size_unit":"px","ocean_menu_typo_font_weight":"","ocean_menu_typo_font_weight_tablet":"","ocean_menu_typo_font_weight_mobile":"","ocean_menu_typo_transform":"","ocean_menu_typo_transform_tablet":"","ocean_menu_typo_transform_mobile":"","ocean_menu_typo_line_height":0,"ocean_menu_typo_line_height_tablet":0,"ocean_menu_typo_line_height_mobile":0,"ocean_menu_typo_line_height_unit":"","ocean_menu_typo_spacing":0,"ocean_menu_typo_spacing_tablet":0,"ocean_menu_typo_spacing_mobile":0,"ocean_menu_typo_spacing_unit":"","ocean_menu_link_color":"","ocean_menu_link_color_hover":"","ocean_menu_link_color_active":"","ocean_menu_link_background":"","ocean_menu_link_hover_background":"","ocean_menu_link_active_background":"","ocean_menu_social_links_bg":"","ocean_menu_social_hover_links_bg":"","ocean_menu_social_links_color":"","ocean_menu_social_hover_links_color":"","ocean_disable_title":"default","ocean_disable_heading":"default","ocean_post_title":"","ocean_post_subheading":"","ocean_post_title_style":"","ocean_post_title_background_color":"","ocean_post_title_background":0,"ocean_post_title_bg_image_position":"","ocean_post_title_bg_image_attachment":"","ocean_post_title_bg_image_repeat":"","ocean_post_title_bg_image_size":"","ocean_post_title_height":0,"ocean_post_title_bg_overlay":0.5,"ocean_post_title_bg_overlay_color":"","ocean_disable_breadcrumbs":"default","ocean_breadcrumbs_color":"","ocean_breadcrumbs_separator_color":"","ocean_breadcrumbs_links_color":"","ocean_breadcrumbs_links_hover_color":"","ocean_display_footer_widgets":"default","ocean_display_footer_bottom":"default","ocean_custom_footer_template":"0","_glsr_average":0,"_glsr_ranking":0,"_glsr_reviews":0},"product_brand":[],"product_cat":[320,315],"product_tag":[328,407,119,411,412,327,406,329,134,135,322],"class_list":{"0":"post-2612","1":"product","2":"type-product","3":"status-publish","4":"has-post-thumbnail","6":"product_cat-kalia-nature","7":"product_cat-produits-coiffants","8":"product_tag-bay-saint-thomas","9":"product_tag-boucles","10":"product_tag-capillaire","11":"product_tag-cuir-chevelu-sec","12":"product_tag-frisottis","13":"product_tag-gel","14":"product_tag-hydratation-cheveux","15":"product_tag-kalia-nature","16":"product_tag-miel","17":"product_tag-produits","18":"product_tag-produits-coiffants","20":"entry","21":"has-media","23":"first","24":"instock","25":"shipping-taxable","26":"purchasable","27":"product-type-simple","28":"has-product-nav","29":"col","30":"span_1_of_3","31":"owp-content-center","32":"owp-thumbs-layout-horizontal","33":"owp-btn-normal","34":"owp-tabs-layout-horizontal","35":"has-no-thumbnails"},"acf":[],"yoast_head":"<!-- This site is optimized with the Yoast SEO plugin v25.5 - https:\/\/yoast.com\/wordpress\/plugins\/seo\/ -->\n<title>Gel au miel - Lovy NK Kosm\u00e9tik<\/title>\n<meta name=\"description\" content=\"Le Gel Coiffant au Miel est un gel sans rin\u00e7age con\u00e7u pour fixer les boucles, maintenir les coiffures protectrices et discipliner les baby hair\" \/>\n<meta name=\"robots\" content=\"index, follow, max-snippet:-1, max-image-preview:large, max-video-preview:-1\" \/>\n<link rel=\"canonical\" href=\"https:\/\/lovynkkosmetik.fr\/en\/product\/gel-au-miel\/\" \/>\n<meta property=\"og:locale\" content=\"en_US\" \/>\n<meta property=\"og:type\" content=\"article\" \/>\n<meta property=\"og:title\" content=\"Gel au miel - Lovy NK Kosm\u00e9tik\" \/>\n<meta property=\"og:description\" content=\"Le Gel Coiffant au Miel est un gel sans rin\u00e7age con\u00e7u pour fixer les boucles, maintenir les coiffures protectrices et discipliner les baby hair\" \/>\n<meta property=\"og:url\" content=\"https:\/\/lovynkkosmetik.fr\/en\/product\/gel-au-miel\/\" \/>\n<meta property=\"og:site_name\" content=\"Lovy NK Kosm\u00e9tik\" \/>\n<meta property=\"article:modified_time\" content=\"2025-04-18T15:07:53+00:00\" \/>\n<meta property=\"og:image\" content=\"https:\/\/lovynkkosmetik.fr\/wp-content\/uploads\/2024\/11\/kalia-nature-gel-au-miel.jpg\" \/>\n\t<meta property=\"og:image:width\" content=\"582\" \/>\n\t<meta property=\"og:image:height\" content=\"582\" \/>\n\t<meta property=\"og:image:type\" content=\"image\/jpeg\" \/>\n<meta name=\"twitter:card\" content=\"summary_large_image\" \/>\n<meta name=\"twitter:label1\" content=\"Est. reading time\" \/>\n\t<meta name=\"twitter:data1\" content=\"4 minutes\" \/>\n<script type=\"application\/ld+json\" class=\"yoast-schema-graph\">{\"@context\":\"https:\/\/schema.org\",\"@graph\":[{\"@type\":\"WebPage\",\"@id\":\"https:\/\/lovynkkosmetik.fr\/produit\/gel-au-miel\/\",\"url\":\"https:\/\/lovynkkosmetik.fr\/produit\/gel-au-miel\/\",\"name\":\"Gel au miel - Lovy NK Kosm\u00e9tik\",\"isPartOf\":{\"@id\":\"https:\/\/lovynkkosmetik.fr\/#website\"},\"primaryImageOfPage\":{\"@id\":\"https:\/\/lovynkkosmetik.fr\/produit\/gel-au-miel\/#primaryimage\"},\"image\":{\"@id\":\"https:\/\/lovynkkosmetik.fr\/produit\/gel-au-miel\/#primaryimage\"},\"thumbnailUrl\":\"https:\/\/lovynkkosmetik.fr\/wp-content\/uploads\/2024\/11\/kalia-nature-gel-au-miel.jpg\",\"datePublished\":\"2024-11-27T18:30:39+00:00\",\"dateModified\":\"2025-04-18T15:07:53+00:00\",\"description\":\"Le Gel Coiffant au Miel est un gel sans rin\u00e7age con\u00e7u pour fixer les boucles, maintenir les coiffures protectrices et discipliner les baby hair\",\"breadcrumb\":{\"@id\":\"https:\/\/lovynkkosmetik.fr\/produit\/gel-au-miel\/#breadcrumb\"},\"inLanguage\":\"en-US\",\"potentialAction\":[{\"@type\":\"ReadAction\",\"target\":[\"https:\/\/lovynkkosmetik.fr\/produit\/gel-au-miel\/\"]}]},{\"@type\":\"ImageObject\",\"inLanguage\":\"en-US\",\"@id\":\"https:\/\/lovynkkosmetik.fr\/produit\/gel-au-miel\/#primaryimage\",\"url\":\"https:\/\/lovynkkosmetik.fr\/wp-content\/uploads\/2024\/11\/kalia-nature-gel-au-miel.jpg\",\"contentUrl\":\"https:\/\/lovynkkosmetik.fr\/wp-content\/uploads\/2024\/11\/kalia-nature-gel-au-miel.jpg\",\"width\":582,\"height\":582,\"caption\":\"Kalia Nature - Gel au miel\"},{\"@type\":\"BreadcrumbList\",\"@id\":\"https:\/\/lovynkkosmetik.fr\/produit\/gel-au-miel\/#breadcrumb\",\"itemListElement\":[{\"@type\":\"ListItem\",\"position\":1,\"name\":\"Accueil\",\"item\":\"https:\/\/lovynkkosmetik.fr\/\"},{\"@type\":\"ListItem\",\"position\":2,\"name\":\"Boutique\",\"item\":\"https:\/\/lovynkkosmetik.fr\/boutique\/\"},{\"@type\":\"ListItem\",\"position\":3,\"name\":\"Gel au miel\"}]},{\"@type\":\"WebSite\",\"@id\":\"https:\/\/lovynkkosmetik.fr\/#website\",\"url\":\"https:\/\/lovynkkosmetik.fr\/\",\"name\":\"Lovy NK Kosm\u00e9tik\",\"description\":\"Sublime ta m\u00e9lanine\",\"publisher\":{\"@id\":\"https:\/\/lovynkkosmetik.fr\/#organization\"},\"alternateName\":\"Lovy NK Kosm\u00e9tik\",\"potentialAction\":[{\"@type\":\"SearchAction\",\"target\":{\"@type\":\"EntryPoint\",\"urlTemplate\":\"https:\/\/lovynkkosmetik.fr\/?s={search_term_string}\"},\"query-input\":{\"@type\":\"PropertyValueSpecification\",\"valueRequired\":true,\"valueName\":\"search_term_string\"}}],\"inLanguage\":\"en-US\"},{\"@type\":\"Organization\",\"@id\":\"https:\/\/lovynkkosmetik.fr\/#organization\",\"name\":\"Lovy NK Kosm\u00e9tik\",\"alternateName\":\"Lovy NK Kosm\u00e9tik\",\"url\":\"https:\/\/lovynkkosmetik.fr\/\",\"logo\":{\"@type\":\"ImageObject\",\"inLanguage\":\"en-US\",\"@id\":\"https:\/\/lovynkkosmetik.fr\/#\/schema\/logo\/image\/\",\"url\":\"https:\/\/lovynkkosmetik.fr\/wp-content\/uploads\/2024\/05\/logo-lovy-nk-kosmetik-jaune.png\",\"contentUrl\":\"https:\/\/lovynkkosmetik.fr\/wp-content\/uploads\/2024\/05\/logo-lovy-nk-kosmetik-jaune.png\",\"width\":3699,\"height\":1417,\"caption\":\"Lovy NK Kosm\u00e9tik\"},\"image\":{\"@id\":\"https:\/\/lovynkkosmetik.fr\/#\/schema\/logo\/image\/\"}}]}<\/script>\n<!-- \/ Yoast SEO plugin. -->","yoast_head_json":{"title":"Gel au miel - Lovy NK Kosm\u00e9tik","description":"Le Gel Coiffant au Miel est un gel sans rin\u00e7age con\u00e7u pour fixer les boucles, maintenir les coiffures protectrices et discipliner les baby hair","robots":{"index":"index","follow":"follow","max-snippet":"max-snippet:-1","max-image-preview":"max-image-preview:large","max-video-preview":"max-video-preview:-1"},"canonical":"https:\/\/lovynkkosmetik.fr\/en\/product\/gel-au-miel\/","og_locale":"en_US","og_type":"article","og_title":"Gel au miel - Lovy NK Kosm\u00e9tik","og_description":"Le Gel Coiffant au Miel est un gel sans rin\u00e7age con\u00e7u pour fixer les boucles, maintenir les coiffures protectrices et discipliner les baby hair","og_url":"https:\/\/lovynkkosmetik.fr\/en\/product\/gel-au-miel\/","og_site_name":"Lovy NK Kosm\u00e9tik","article_modified_time":"2025-04-18T15:07:53+00:00","og_image":[{"width":582,"height":582,"url":"https:\/\/lovynkkosmetik.fr\/wp-content\/uploads\/2024\/11\/kalia-nature-gel-au-miel.jpg","type":"image\/jpeg"}],"twitter_card":"summary_large_image","twitter_misc":{"Est. reading time":"4 minutes"},"schema":{"@context":"https:\/\/schema.org","@graph":[{"@type":"WebPage","@id":"https:\/\/lovynkkosmetik.fr\/produit\/gel-au-miel\/","url":"https:\/\/lovynkkosmetik.fr\/produit\/gel-au-miel\/","name":"Gel au miel - Lovy NK Kosm\u00e9tik","isPartOf":{"@id":"https:\/\/lovynkkosmetik.fr\/#website"},"primaryImageOfPage":{"@id":"https:\/\/lovynkkosmetik.fr\/produit\/gel-au-miel\/#primaryimage"},"image":{"@id":"https:\/\/lovynkkosmetik.fr\/produit\/gel-au-miel\/#primaryimage"},"thumbnailUrl":"https:\/\/lovynkkosmetik.fr\/wp-content\/uploads\/2024\/11\/kalia-nature-gel-au-miel.jpg","datePublished":"2024-11-27T18:30:39+00:00","dateModified":"2025-04-18T15:07:53+00:00","description":"Le Gel Coiffant au Miel est un gel sans rin\u00e7age con\u00e7u pour fixer les boucles, maintenir les coiffures protectrices et discipliner les baby hair","breadcrumb":{"@id":"https:\/\/lovynkkosmetik.fr\/produit\/gel-au-miel\/#breadcrumb"},"inLanguage":"en-US","potentialAction":[{"@type":"ReadAction","target":["https:\/\/lovynkkosmetik.fr\/produit\/gel-au-miel\/"]}]},{"@type":"ImageObject","inLanguage":"en-US","@id":"https:\/\/lovynkkosmetik.fr\/produit\/gel-au-miel\/#primaryimage","url":"https:\/\/lovynkkosmetik.fr\/wp-content\/uploads\/2024\/11\/kalia-nature-gel-au-miel.jpg","contentUrl":"https:\/\/lovynkkosmetik.fr\/wp-content\/uploads\/2024\/11\/kalia-nature-gel-au-miel.jpg","width":582,"height":582,"caption":"Kalia Nature - Gel au miel"},{"@type":"BreadcrumbList","@id":"https:\/\/lovynkkosmetik.fr\/produit\/gel-au-miel\/#breadcrumb","itemListElement":[{"@type":"ListItem","position":1,"name":"Accueil","item":"https:\/\/lovynkkosmetik.fr\/"},{"@type":"ListItem","position":2,"name":"Boutique","item":"https:\/\/lovynkkosmetik.fr\/boutique\/"},{"@type":"ListItem","position":3,"name":"Gel au miel"}]},{"@type":"WebSite","@id":"https:\/\/lovynkkosmetik.fr\/#website","url":"https:\/\/lovynkkosmetik.fr\/","name":"Lovy NK Kosm\u00e9tik","description":"Sublime ta m\u00e9lanine","publisher":{"@id":"https:\/\/lovynkkosmetik.fr\/#organization"},"alternateName":"Lovy NK Kosm\u00e9tik","potentialAction":[{"@type":"SearchAction","target":{"@type":"EntryPoint","urlTemplate":"https:\/\/lovynkkosmetik.fr\/?s={search_term_string}"},"query-input":{"@type":"PropertyValueSpecification","valueRequired":true,"valueName":"search_term_string"}}],"inLanguage":"en-US"},{"@type":"Organization","@id":"https:\/\/lovynkkosmetik.fr\/#organization","name":"Lovy NK Kosm\u00e9tik","alternateName":"Lovy NK Kosm\u00e9tik","url":"https:\/\/lovynkkosmetik.fr\/","logo":{"@type":"ImageObject","inLanguage":"en-US","@id":"https:\/\/lovynkkosmetik.fr\/#\/schema\/logo\/image\/","url":"https:\/\/lovynkkosmetik.fr\/wp-content\/uploads\/2024\/05\/logo-lovy-nk-kosmetik-jaune.png","contentUrl":"https:\/\/lovynkkosmetik.fr\/wp-content\/uploads\/2024\/05\/logo-lovy-nk-kosmetik-jaune.png","width":3699,"height":1417,"caption":"Lovy NK Kosm\u00e9tik"},"image":{"@id":"https:\/\/lovynkkosmetik.fr\/#\/schema\/logo\/image\/"}}]}},"_links":{"self":[{"href":"https:\/\/lovynkkosmetik.fr\/en\/wp-json\/wp\/v2\/product\/2612","targetHints":{"allow":["GET"]}}],"collection":[{"href":"https:\/\/lovynkkosmetik.fr\/en\/wp-json\/wp\/v2\/product"}],"about":[{"href":"https:\/\/lovynkkosmetik.fr\/en\/wp-json\/wp\/v2\/types\/product"}],"replies":[{"embeddable":true,"href":"https:\/\/lovynkkosmetik.fr\/en\/wp-json\/wp\/v2\/comments?post=2612"}],"version-history":[{"count":0,"href":"https:\/\/lovynkkosmetik.fr\/en\/wp-json\/wp\/v2\/product\/2612\/revisions"}],"wp:featuredmedia":[{"embeddable":true,"href":"https:\/\/lovynkkosmetik.fr\/en\/wp-json\/wp\/v2\/media\/2594"}],"wp:attachment":[{"href":"https:\/\/lovynkkosmetik.fr\/en\/wp-json\/wp\/v2\/media?parent=2612"}],"wp:term":[{"taxonomy":"product_brand","embeddable":true,"href":"https:\/\/lovynkkosmetik.fr\/en\/wp-json\/wp\/v2\/product_brand?post=2612"},{"taxonomy":"product_cat","embeddable":true,"href":"https:\/\/lovynkkosmetik.fr\/en\/wp-json\/wp\/v2\/product_cat?post=2612"},{"taxonomy":"product_tag","embeddable":true,"href":"https:\/\/lovynkkosmetik.fr\/en\/wp-json\/wp\/v2\/product_tag?post=2612"}],"curies":[{"name":"wp","href":"https:\/\/api.w.org\/{rel}","templated":true}]}}