{"id":2554,"date":"2024-11-20T18:18:53","date_gmt":"2024-11-20T17:18:53","guid":{"rendered":"https:\/\/lovynkkosmetik.fr\/?post_type=product&#038;p=2554"},"modified":"2025-03-10T21:47:31","modified_gmt":"2025-03-10T20:47:31","slug":"baume-precieux-sapote","status":"publish","type":"product","link":"https:\/\/lovynkkosmetik.fr\/en\/product\/baume-precieux-sapote\/","title":{"rendered":"Precious Sapote Balm"},"content":{"rendered":"<h2>Problem :<\/h2>\n<p>Brittle or dehydrated hair<br \/>\nDamaged ends, need to seal in moisture and protect against external aggressions<\/p>\n<h2>Hair type :<\/h2>\n<p>Curly to coily hair (2A to 4C)<br \/>\nLow-porosity hair<\/p>\n<h2>Benefits :<\/h2>\n<p><strong>Intense Nourishment<\/strong> : Thanks to butters rich in fatty acids, it deeply nourishes.<br \/>\n<strong>Softens and Protects<\/strong> : Makes hair more supple while protecting it from breakage and dehydration.<br \/>\n<strong>Seals in Moisture<\/strong> : Ideal after applying the hair milk, it retains moisture and keeps curls defined.<\/p>\n<h2>How to use :<\/h2>\n<p>Divide your hair into several sections to facilitate application.<br \/>\nTake a small amount of the balm and warm it in your hands until it transforms into a light oil.<br \/>\nApply to lengths, from roots to ends, section by section.<br \/>\nUse after the sapote hair milk to seal in moisture and prolong hair softness.<\/p>\n<h2>Ingredients :<\/h2>\n<p>Butyrospermum Parkii Butter (Shea Butter) : Nourishes and repairs damaged hair. Rich in essential fatty acids, it protects hair against external aggressions.<br \/>\nMangifera Indica Seed Butter (Mango Butter) : Softens and smooths hair while strengthening the hair fiber.<br \/>\nElaeis Guineensis Oil (Palm Oil) : Rich in vitamin E, it protects and nourishes without weighing hair down.<br \/>\nPouteria Sapota Seed Butter (Sapote Butter) : Provides elasticity and shine to hair while deeply nourishing it.<br \/>\nGlycerin : A natural humectant that retains moisture in the hair fiber for long-lasting hydration.<br \/>\nHelianthus Annuus Seed Oil (Sunflower Oil) : Softens and strengthens hair, helping to maintain flexibility and shine.<\/p>\n<p>Ingredients may be subject to variations. We recommend checking the list on the purchased product.<\/p>\n<h2>Precautions for use :<\/h2>\n<p>This product, mainly composed of butters and oils, is sensitive to heat. Avoid exposing it to high temperatures to prevent melting.<br \/>\nFor external use only. Do not ingest.<br \/>\nIn case of contact with eyes, rinse immediately.<br \/>\nKeep out of reach of children.<\/p>\n<h2>Kalia Nature brand summary:<\/h2>\n<p>Kalia Nature, a brand of natural hair care products, was born of the desire to pass on to everyone the art of caring for their hair, by putting Caribbean know-how at the heart of its formulations. The founder, Sandrine Sophie, began formulating her own products to meet the needs of her daughter Neela, born prematurely, for whom there was no suitable natural offering. Inspired by her grandmother's vast knowledge of Caribbean plants and her family recipes, Sandrine creates handcrafted cosmetics suitable for all textured hair types.<\/p>\n<p><strong>Kalia Nature Values:<\/strong> :<\/p>\n<p><strong>Proximity<\/strong> : Putting users at the heart of the brand, by listening to their needs and improving their daily lives.<br \/>\n<strong>Inclusion<\/strong> : Offering products that are accessible in terms of price and use, adapted to everyone's needs.<br \/>\n<strong>Transmission<\/strong> : Sharing know-how that enables everyone to care for their hair and reveal its true nature.<br \/>\n<strong>Self-acceptance<\/strong> : Enabling everyone to be proud of their hair, by freeing it from any mental burden.<\/p>","protected":false},"excerpt":{"rendered":"<p>The Precious Sapote Balm is a leave-in hair care product specially formulated for curly and textured hair. This balm, enriched with sapote oil, seals in moisture, protects damaged ends, and prevents hair breakage. Its rich yet lightweight texture enhances hairstyles while leaving hair soft, supple, and radiant without a greasy residue. Perfect for a nourishing and protective hair care routine.<\/p>","protected":false},"featured_media":2551,"comment_status":"open","ping_status":"closed","template":"","meta":{"_acf_changed":false,"ocean_post_layout":"","ocean_both_sidebars_style":"","ocean_both_sidebars_content_width":0,"ocean_both_sidebars_sidebars_width":0,"ocean_sidebar":"0","ocean_second_sidebar":"0","ocean_disable_margins":"enable","ocean_add_body_class":"","ocean_shortcode_before_top_bar":"","ocean_shortcode_after_top_bar":"","ocean_shortcode_before_header":"","ocean_shortcode_after_header":"","ocean_has_shortcode":"","ocean_shortcode_after_title":"","ocean_shortcode_before_footer_widgets":"","ocean_shortcode_after_footer_widgets":"","ocean_shortcode_before_footer_bottom":"","ocean_shortcode_after_footer_bottom":"","ocean_display_top_bar":"default","ocean_display_header":"default","ocean_header_style":"","ocean_center_header_left_menu":"0","ocean_custom_header_template":"0","ocean_custom_logo":0,"ocean_custom_retina_logo":0,"ocean_custom_logo_max_width":0,"ocean_custom_logo_tablet_max_width":0,"ocean_custom_logo_mobile_max_width":0,"ocean_custom_logo_max_height":0,"ocean_custom_logo_tablet_max_height":0,"ocean_custom_logo_mobile_max_height":0,"ocean_header_custom_menu":"0","ocean_menu_typo_font_family":"0","ocean_menu_typo_font_subset":"","ocean_menu_typo_font_size":0,"ocean_menu_typo_font_size_tablet":0,"ocean_menu_typo_font_size_mobile":0,"ocean_menu_typo_font_size_unit":"px","ocean_menu_typo_font_weight":"","ocean_menu_typo_font_weight_tablet":"","ocean_menu_typo_font_weight_mobile":"","ocean_menu_typo_transform":"","ocean_menu_typo_transform_tablet":"","ocean_menu_typo_transform_mobile":"","ocean_menu_typo_line_height":0,"ocean_menu_typo_line_height_tablet":0,"ocean_menu_typo_line_height_mobile":0,"ocean_menu_typo_line_height_unit":"","ocean_menu_typo_spacing":0,"ocean_menu_typo_spacing_tablet":0,"ocean_menu_typo_spacing_mobile":0,"ocean_menu_typo_spacing_unit":"","ocean_menu_link_color":"","ocean_menu_link_color_hover":"","ocean_menu_link_color_active":"","ocean_menu_link_background":"","ocean_menu_link_hover_background":"","ocean_menu_link_active_background":"","ocean_menu_social_links_bg":"","ocean_menu_social_hover_links_bg":"","ocean_menu_social_links_color":"","ocean_menu_social_hover_links_color":"","ocean_disable_title":"default","ocean_disable_heading":"default","ocean_post_title":"","ocean_post_subheading":"","ocean_post_title_style":"","ocean_post_title_background_color":"","ocean_post_title_background":0,"ocean_post_title_bg_image_position":"","ocean_post_title_bg_image_attachment":"","ocean_post_title_bg_image_repeat":"","ocean_post_title_bg_image_size":"","ocean_post_title_height":0,"ocean_post_title_bg_overlay":0.5,"ocean_post_title_bg_overlay_color":"","ocean_disable_breadcrumbs":"default","ocean_breadcrumbs_color":"","ocean_breadcrumbs_separator_color":"","ocean_breadcrumbs_links_color":"","ocean_breadcrumbs_links_hover_color":"","ocean_display_footer_widgets":"default","ocean_display_footer_bottom":"default","ocean_custom_footer_template":"0","_glsr_average":0,"_glsr_ranking":0,"_glsr_reviews":0},"product_brand":[],"product_cat":[320,315],"product_tag":[208,407,119,409,137,406,146,199,319,135,322,323,156],"class_list":{"0":"post-2554","1":"product","2":"type-product","3":"status-publish","4":"has-post-thumbnail","6":"product_cat-kalia-nature","7":"product_cat-produits-coiffants","8":"product_tag-baumes","9":"product_tag-boucles","10":"product_tag-capillaire","11":"product_tag-casse","12":"product_tag-glycerine","13":"product_tag-hydratation-cheveux","14":"product_tag-karite","15":"product_tag-mangue","16":"product_tag-palme","17":"product_tag-produits","18":"product_tag-produits-coiffants","19":"product_tag-sapote","20":"product_tag-tournesol","22":"entry","23":"has-media","25":"first","26":"instock","27":"shipping-taxable","28":"purchasable","29":"product-type-simple","30":"has-product-nav","31":"col","32":"span_1_of_3","33":"owp-content-center","34":"owp-thumbs-layout-horizontal","35":"owp-btn-normal","36":"owp-tabs-layout-horizontal","37":"has-no-thumbnails"},"acf":[],"yoast_head":"<!-- This site is optimized with the Yoast SEO plugin v25.5 - https:\/\/yoast.com\/wordpress\/plugins\/seo\/ -->\n<title>Baume Pr\u00e9cieux \u00e0 la Sapote - Lovy NK Kosm\u00e9tik<\/title>\n<meta name=\"description\" content=\"D\u00e9couvrez le baume pr\u00e9cieux \u00e0 la sapote Kalia Nature. Un soin capillaire sans rin\u00e7age sp\u00e9cialement formul\u00e9 pour les cheveux boucl\u00e9s et textur\u00e9s.\" \/>\n<meta name=\"robots\" content=\"index, follow, max-snippet:-1, max-image-preview:large, max-video-preview:-1\" \/>\n<link rel=\"canonical\" href=\"https:\/\/lovynkkosmetik.fr\/en\/product\/baume-precieux-sapote\/\" \/>\n<meta property=\"og:locale\" content=\"en_US\" \/>\n<meta property=\"og:type\" content=\"article\" \/>\n<meta property=\"og:title\" content=\"Baume Pr\u00e9cieux \u00e0 la Sapote - Lovy NK Kosm\u00e9tik\" \/>\n<meta property=\"og:description\" content=\"D\u00e9couvrez le baume pr\u00e9cieux \u00e0 la sapote Kalia Nature. Un soin capillaire sans rin\u00e7age sp\u00e9cialement formul\u00e9 pour les cheveux boucl\u00e9s et textur\u00e9s.\" \/>\n<meta property=\"og:url\" content=\"https:\/\/lovynkkosmetik.fr\/en\/product\/baume-precieux-sapote\/\" \/>\n<meta property=\"og:site_name\" content=\"Lovy NK Kosm\u00e9tik\" \/>\n<meta property=\"article:modified_time\" content=\"2025-03-10T20:47:31+00:00\" \/>\n<meta property=\"og:image\" content=\"https:\/\/lovynkkosmetik.fr\/wp-content\/uploads\/2024\/11\/baume-sapote-kalia-nature.jpg\" \/>\n\t<meta property=\"og:image:width\" content=\"531\" \/>\n\t<meta property=\"og:image:height\" content=\"442\" \/>\n\t<meta property=\"og:image:type\" content=\"image\/jpeg\" \/>\n<meta name=\"twitter:card\" content=\"summary_large_image\" \/>\n<meta name=\"twitter:label1\" content=\"Est. reading time\" \/>\n\t<meta name=\"twitter:data1\" content=\"3 minutes\" \/>\n<script type=\"application\/ld+json\" class=\"yoast-schema-graph\">{\"@context\":\"https:\/\/schema.org\",\"@graph\":[{\"@type\":\"WebPage\",\"@id\":\"https:\/\/lovynkkosmetik.fr\/produit\/baume-precieux-sapote\/\",\"url\":\"https:\/\/lovynkkosmetik.fr\/produit\/baume-precieux-sapote\/\",\"name\":\"Baume Pr\u00e9cieux \u00e0 la Sapote - Lovy NK Kosm\u00e9tik\",\"isPartOf\":{\"@id\":\"https:\/\/lovynkkosmetik.fr\/#website\"},\"primaryImageOfPage\":{\"@id\":\"https:\/\/lovynkkosmetik.fr\/produit\/baume-precieux-sapote\/#primaryimage\"},\"image\":{\"@id\":\"https:\/\/lovynkkosmetik.fr\/produit\/baume-precieux-sapote\/#primaryimage\"},\"thumbnailUrl\":\"https:\/\/lovynkkosmetik.fr\/wp-content\/uploads\/2024\/11\/baume-sapote-kalia-nature.jpg\",\"datePublished\":\"2024-11-20T17:18:53+00:00\",\"dateModified\":\"2025-03-10T20:47:31+00:00\",\"description\":\"D\u00e9couvrez le baume pr\u00e9cieux \u00e0 la sapote Kalia Nature. Un soin capillaire sans rin\u00e7age sp\u00e9cialement formul\u00e9 pour les cheveux boucl\u00e9s et textur\u00e9s.\",\"breadcrumb\":{\"@id\":\"https:\/\/lovynkkosmetik.fr\/produit\/baume-precieux-sapote\/#breadcrumb\"},\"inLanguage\":\"en-US\",\"potentialAction\":[{\"@type\":\"ReadAction\",\"target\":[\"https:\/\/lovynkkosmetik.fr\/produit\/baume-precieux-sapote\/\"]}]},{\"@type\":\"ImageObject\",\"inLanguage\":\"en-US\",\"@id\":\"https:\/\/lovynkkosmetik.fr\/produit\/baume-precieux-sapote\/#primaryimage\",\"url\":\"https:\/\/lovynkkosmetik.fr\/wp-content\/uploads\/2024\/11\/baume-sapote-kalia-nature.jpg\",\"contentUrl\":\"https:\/\/lovynkkosmetik.fr\/wp-content\/uploads\/2024\/11\/baume-sapote-kalia-nature.jpg\",\"width\":531,\"height\":442,\"caption\":\"Baume sapote - Kalia Nature\"},{\"@type\":\"BreadcrumbList\",\"@id\":\"https:\/\/lovynkkosmetik.fr\/produit\/baume-precieux-sapote\/#breadcrumb\",\"itemListElement\":[{\"@type\":\"ListItem\",\"position\":1,\"name\":\"Accueil\",\"item\":\"https:\/\/lovynkkosmetik.fr\/\"},{\"@type\":\"ListItem\",\"position\":2,\"name\":\"Boutique\",\"item\":\"https:\/\/lovynkkosmetik.fr\/boutique\/\"},{\"@type\":\"ListItem\",\"position\":3,\"name\":\"Baume Pr\u00e9cieux \u00e0 la Sapote\"}]},{\"@type\":\"WebSite\",\"@id\":\"https:\/\/lovynkkosmetik.fr\/#website\",\"url\":\"https:\/\/lovynkkosmetik.fr\/\",\"name\":\"Lovy NK Kosm\u00e9tik\",\"description\":\"Sublime ta m\u00e9lanine\",\"publisher\":{\"@id\":\"https:\/\/lovynkkosmetik.fr\/#organization\"},\"alternateName\":\"Lovy NK Kosm\u00e9tik\",\"potentialAction\":[{\"@type\":\"SearchAction\",\"target\":{\"@type\":\"EntryPoint\",\"urlTemplate\":\"https:\/\/lovynkkosmetik.fr\/?s={search_term_string}\"},\"query-input\":{\"@type\":\"PropertyValueSpecification\",\"valueRequired\":true,\"valueName\":\"search_term_string\"}}],\"inLanguage\":\"en-US\"},{\"@type\":\"Organization\",\"@id\":\"https:\/\/lovynkkosmetik.fr\/#organization\",\"name\":\"Lovy NK Kosm\u00e9tik\",\"alternateName\":\"Lovy NK Kosm\u00e9tik\",\"url\":\"https:\/\/lovynkkosmetik.fr\/\",\"logo\":{\"@type\":\"ImageObject\",\"inLanguage\":\"en-US\",\"@id\":\"https:\/\/lovynkkosmetik.fr\/#\/schema\/logo\/image\/\",\"url\":\"https:\/\/lovynkkosmetik.fr\/wp-content\/uploads\/2024\/05\/logo-lovy-nk-kosmetik-jaune.png\",\"contentUrl\":\"https:\/\/lovynkkosmetik.fr\/wp-content\/uploads\/2024\/05\/logo-lovy-nk-kosmetik-jaune.png\",\"width\":3699,\"height\":1417,\"caption\":\"Lovy NK Kosm\u00e9tik\"},\"image\":{\"@id\":\"https:\/\/lovynkkosmetik.fr\/#\/schema\/logo\/image\/\"}}]}<\/script>\n<!-- \/ Yoast SEO plugin. -->","yoast_head_json":{"title":"Baume Pr\u00e9cieux \u00e0 la Sapote - Lovy NK Kosm\u00e9tik","description":"D\u00e9couvrez le baume pr\u00e9cieux \u00e0 la sapote Kalia Nature. Un soin capillaire sans rin\u00e7age sp\u00e9cialement formul\u00e9 pour les cheveux boucl\u00e9s et textur\u00e9s.","robots":{"index":"index","follow":"follow","max-snippet":"max-snippet:-1","max-image-preview":"max-image-preview:large","max-video-preview":"max-video-preview:-1"},"canonical":"https:\/\/lovynkkosmetik.fr\/en\/product\/baume-precieux-sapote\/","og_locale":"en_US","og_type":"article","og_title":"Baume Pr\u00e9cieux \u00e0 la Sapote - Lovy NK Kosm\u00e9tik","og_description":"D\u00e9couvrez le baume pr\u00e9cieux \u00e0 la sapote Kalia Nature. Un soin capillaire sans rin\u00e7age sp\u00e9cialement formul\u00e9 pour les cheveux boucl\u00e9s et textur\u00e9s.","og_url":"https:\/\/lovynkkosmetik.fr\/en\/product\/baume-precieux-sapote\/","og_site_name":"Lovy NK Kosm\u00e9tik","article_modified_time":"2025-03-10T20:47:31+00:00","og_image":[{"width":531,"height":442,"url":"https:\/\/lovynkkosmetik.fr\/wp-content\/uploads\/2024\/11\/baume-sapote-kalia-nature.jpg","type":"image\/jpeg"}],"twitter_card":"summary_large_image","twitter_misc":{"Est. reading time":"3 minutes"},"schema":{"@context":"https:\/\/schema.org","@graph":[{"@type":"WebPage","@id":"https:\/\/lovynkkosmetik.fr\/produit\/baume-precieux-sapote\/","url":"https:\/\/lovynkkosmetik.fr\/produit\/baume-precieux-sapote\/","name":"Baume Pr\u00e9cieux \u00e0 la Sapote - Lovy NK Kosm\u00e9tik","isPartOf":{"@id":"https:\/\/lovynkkosmetik.fr\/#website"},"primaryImageOfPage":{"@id":"https:\/\/lovynkkosmetik.fr\/produit\/baume-precieux-sapote\/#primaryimage"},"image":{"@id":"https:\/\/lovynkkosmetik.fr\/produit\/baume-precieux-sapote\/#primaryimage"},"thumbnailUrl":"https:\/\/lovynkkosmetik.fr\/wp-content\/uploads\/2024\/11\/baume-sapote-kalia-nature.jpg","datePublished":"2024-11-20T17:18:53+00:00","dateModified":"2025-03-10T20:47:31+00:00","description":"D\u00e9couvrez le baume pr\u00e9cieux \u00e0 la sapote Kalia Nature. Un soin capillaire sans rin\u00e7age sp\u00e9cialement formul\u00e9 pour les cheveux boucl\u00e9s et textur\u00e9s.","breadcrumb":{"@id":"https:\/\/lovynkkosmetik.fr\/produit\/baume-precieux-sapote\/#breadcrumb"},"inLanguage":"en-US","potentialAction":[{"@type":"ReadAction","target":["https:\/\/lovynkkosmetik.fr\/produit\/baume-precieux-sapote\/"]}]},{"@type":"ImageObject","inLanguage":"en-US","@id":"https:\/\/lovynkkosmetik.fr\/produit\/baume-precieux-sapote\/#primaryimage","url":"https:\/\/lovynkkosmetik.fr\/wp-content\/uploads\/2024\/11\/baume-sapote-kalia-nature.jpg","contentUrl":"https:\/\/lovynkkosmetik.fr\/wp-content\/uploads\/2024\/11\/baume-sapote-kalia-nature.jpg","width":531,"height":442,"caption":"Baume sapote - Kalia Nature"},{"@type":"BreadcrumbList","@id":"https:\/\/lovynkkosmetik.fr\/produit\/baume-precieux-sapote\/#breadcrumb","itemListElement":[{"@type":"ListItem","position":1,"name":"Accueil","item":"https:\/\/lovynkkosmetik.fr\/"},{"@type":"ListItem","position":2,"name":"Boutique","item":"https:\/\/lovynkkosmetik.fr\/boutique\/"},{"@type":"ListItem","position":3,"name":"Baume Pr\u00e9cieux \u00e0 la Sapote"}]},{"@type":"WebSite","@id":"https:\/\/lovynkkosmetik.fr\/#website","url":"https:\/\/lovynkkosmetik.fr\/","name":"Lovy NK Kosm\u00e9tik","description":"Sublime ta m\u00e9lanine","publisher":{"@id":"https:\/\/lovynkkosmetik.fr\/#organization"},"alternateName":"Lovy NK Kosm\u00e9tik","potentialAction":[{"@type":"SearchAction","target":{"@type":"EntryPoint","urlTemplate":"https:\/\/lovynkkosmetik.fr\/?s={search_term_string}"},"query-input":{"@type":"PropertyValueSpecification","valueRequired":true,"valueName":"search_term_string"}}],"inLanguage":"en-US"},{"@type":"Organization","@id":"https:\/\/lovynkkosmetik.fr\/#organization","name":"Lovy NK Kosm\u00e9tik","alternateName":"Lovy NK Kosm\u00e9tik","url":"https:\/\/lovynkkosmetik.fr\/","logo":{"@type":"ImageObject","inLanguage":"en-US","@id":"https:\/\/lovynkkosmetik.fr\/#\/schema\/logo\/image\/","url":"https:\/\/lovynkkosmetik.fr\/wp-content\/uploads\/2024\/05\/logo-lovy-nk-kosmetik-jaune.png","contentUrl":"https:\/\/lovynkkosmetik.fr\/wp-content\/uploads\/2024\/05\/logo-lovy-nk-kosmetik-jaune.png","width":3699,"height":1417,"caption":"Lovy NK Kosm\u00e9tik"},"image":{"@id":"https:\/\/lovynkkosmetik.fr\/#\/schema\/logo\/image\/"}}]}},"_links":{"self":[{"href":"https:\/\/lovynkkosmetik.fr\/en\/wp-json\/wp\/v2\/product\/2554","targetHints":{"allow":["GET"]}}],"collection":[{"href":"https:\/\/lovynkkosmetik.fr\/en\/wp-json\/wp\/v2\/product"}],"about":[{"href":"https:\/\/lovynkkosmetik.fr\/en\/wp-json\/wp\/v2\/types\/product"}],"replies":[{"embeddable":true,"href":"https:\/\/lovynkkosmetik.fr\/en\/wp-json\/wp\/v2\/comments?post=2554"}],"version-history":[{"count":0,"href":"https:\/\/lovynkkosmetik.fr\/en\/wp-json\/wp\/v2\/product\/2554\/revisions"}],"wp:featuredmedia":[{"embeddable":true,"href":"https:\/\/lovynkkosmetik.fr\/en\/wp-json\/wp\/v2\/media\/2551"}],"wp:attachment":[{"href":"https:\/\/lovynkkosmetik.fr\/en\/wp-json\/wp\/v2\/media?parent=2554"}],"wp:term":[{"taxonomy":"product_brand","embeddable":true,"href":"https:\/\/lovynkkosmetik.fr\/en\/wp-json\/wp\/v2\/product_brand?post=2554"},{"taxonomy":"product_cat","embeddable":true,"href":"https:\/\/lovynkkosmetik.fr\/en\/wp-json\/wp\/v2\/product_cat?post=2554"},{"taxonomy":"product_tag","embeddable":true,"href":"https:\/\/lovynkkosmetik.fr\/en\/wp-json\/wp\/v2\/product_tag?post=2554"}],"curies":[{"name":"wp","href":"https:\/\/api.w.org\/{rel}","templated":true}]}}