{"id":2547,"date":"2024-11-20T18:06:25","date_gmt":"2024-11-20T17:06:25","guid":{"rendered":"https:\/\/lovynkkosmetik.fr\/?post_type=product&#038;p=2547"},"modified":"2025-03-10T21:39:53","modified_gmt":"2025-03-10T20:39:53","slug":"baume-fondant-hibiscus","status":"publish","type":"product","link":"https:\/\/lovynkkosmetik.fr\/en\/product\/baume-fondant-hibiscus\/","title":{"rendered":"Hibiscus Melt-in-the-Mouth Balm"},"content":{"rendered":"<h2>Problem :<\/h2>\n<p>Brittle hair<br \/>\nDamaged ends<\/p>\n<h2>Hair type :<\/h2>\n<p>Hair (2A to 4C)<br \/>\nLow-porosity hair<br \/>\nBrittle hair<\/p>\n<h2>Benefits :<\/h2>\n<p>Nourishes<br \/>\nSoftens<br \/>\nProtects<\/p>\n<h2>How to use :<\/h2>\n<p><strong>Preparation<\/strong> : Divide your hair into several sections for easier application.<br \/>\n<strong>Application<\/strong> : Take a small dab of balm and rub it into your palms until it turns into a light oil.<br \/>\n<strong>Distribution<\/strong> : Apply sparingly to your lengths, from roots to ends, and repeat for each section.<\/p>\n<p><strong>Tip<\/strong> : Use after a few sprays of our hibiscus hair milk to seal in moisture.<\/p>\n<h2>Ingredients :<\/h2>\n<p>Butyrospermum Parkii (Shea Butter)<\/p>\n<p>French name: Beurre de Karit\u00e9<br \/>\nBenefits: Nourishes, moisturizes and protects hair.<\/p>\n<p>Elaeis Guineensis (Palm) Oil<\/p>\n<p>French name: Huile de Palme<br \/>\nBenefits: Moisturizes and softens hair.<\/p>\n<p>Mangifera Indica (Mango) Seed Butter<\/p>\n<p>French name : Beurre de Mangue<br \/>\nBenefits: Nourishes and revitalizes hair.<\/p>\n<p>Hibiscus Sabdariffa Seed Oil<\/p>\n<p>French name : Huile de Graines d'Hibiscus<br \/>\nBenefits: Protects and repairs damaged hair.<\/p>\n<p>Glycerin<\/p>\n<p>French name : Glyc\u00e9rine<br \/>\nBenefits: Moisturizes and maintains hair humidity.<\/p>\n<p>Parfum (Fragrance)<\/p>\n<p>French name: Parfum<br \/>\nBenefits : Adds a pleasant scent to the product.<\/p>\n<p>Linalool<\/p>\n<p>French name: Linalol<br \/>\nBenefits : Natural aromatic compound.<\/p>\n<p>Limonene<\/p>\n<p>French name : Limon\u00e8ne<br \/>\nBenefits : Natural aromatic compound.<\/p>\n<p>Helianthus Annuus (Sunflower) Seed Oil<\/p>\n<p>French name : Huile de Graines de Tournesol<br \/>\nBenefits: Nourishes and protects hair.<\/p>\n<p>Tocopherol<\/p>\n<p>French name : Tocoph\u00e9rol (Vitamine E)<br \/>\nBenefits: Antioxidant that protects hair from free radicals.<\/p>\n<p>Aqua (Water)<\/p>\n<p>French name: Eau<br \/>\nBenefits: Moisturizing.<\/p>\n<p>Citronellol<\/p>\n<p>French name: Citronellol<br \/>\nBenefits : Natural aromatic compound.<\/p>\n<p>Eugenol<\/p>\n<p>French name: Eug\u00e9nol<br \/>\nBenefits : Natural aromatic compound.<\/p>\n<p>Coumarin<\/p>\n<p>French name : Coumarine<br \/>\nBenefits : Natural aromatic compound.<\/p>\n<p>Citral<\/p>\n<p>French name : Citral<br \/>\nBenefits : Natural aromatic compound.<\/p>\n<p>Geraniol<\/p>\n<p>French name : G\u00e9raniol<br \/>\nBenefits : Natural aromatic compound.<\/p>\n<h2>Precautions for use :<\/h2>\n<p>This product is heat-sensitive and may melt in the event of strong heat. Store in a cool, dry place.<br \/>\nFor external use only.<br \/>\nAvoid eye contact. In case of contact, rinse thoroughly with water.<br \/>\nKeep out of reach of children.<br \/>\nIf irritation occurs, discontinue use and consult a health care practitioner.<\/p>\n<h2>Kalia Nature brand summary:<\/h2>\n<p>Kalia Nature, a brand of natural hair care products, was born of the desire to pass on to everyone the art of caring for their hair, by putting Caribbean know-how at the heart of its formulations. The founder, Sandrine Sophie, began formulating her own products to meet the needs of her daughter Neela, born prematurely, for whom there was no suitable natural offering. Inspired by her grandmother's vast knowledge of Caribbean plants and her family recipes, Sandrine creates handcrafted cosmetics suitable for all textured hair types.<\/p>\n<p><strong>Kalia Nature Values:<\/strong> :<\/p>\n<p><strong>Proximity<\/strong> : Putting users at the heart of the brand, by listening to their needs and improving their daily lives.<br \/>\n<strong>Inclusion<\/strong> : Offering products that are accessible in terms of price and use, adapted to everyone's needs.<br \/>\n<strong>Transmission<\/strong> : Sharing know-how that enables everyone to care for their hair and reveal its true nature.<br \/>\n<strong>Self-acceptance<\/strong> : Enabling everyone to be proud of their hair, by freeing it from any mental burden.<\/p>","protected":false},"excerpt":{"rendered":"<p>Kalia Nature's Hibiscus Melting Balm is a leave-in hair care product, rich in plant butters and nourishing oils, specially designed for curly, frizzy and frizzy hair (2A to 4C). Ideal for sealing in moisture and protecting damaged ends, this balm prevents dryness, keeps hair supple and shiny, and is suitable for adults, children, as well as pregnant and breastfeeding women thanks to its minimalist formula free of essential oils.<\/p>\n<p><strong>Pre-order<\/strong> : this product will be dispatched within 2 to 3 weeks.<\/p>","protected":false},"featured_media":2552,"comment_status":"open","ping_status":"closed","template":"","meta":{"_acf_changed":false,"ocean_post_layout":"","ocean_both_sidebars_style":"","ocean_both_sidebars_content_width":0,"ocean_both_sidebars_sidebars_width":0,"ocean_sidebar":"0","ocean_second_sidebar":"0","ocean_disable_margins":"enable","ocean_add_body_class":"","ocean_shortcode_before_top_bar":"","ocean_shortcode_after_top_bar":"","ocean_shortcode_before_header":"","ocean_shortcode_after_header":"","ocean_has_shortcode":"","ocean_shortcode_after_title":"","ocean_shortcode_before_footer_widgets":"","ocean_shortcode_after_footer_widgets":"","ocean_shortcode_before_footer_bottom":"","ocean_shortcode_after_footer_bottom":"","ocean_display_top_bar":"default","ocean_display_header":"default","ocean_header_style":"","ocean_center_header_left_menu":"0","ocean_custom_header_template":"0","ocean_custom_logo":0,"ocean_custom_retina_logo":0,"ocean_custom_logo_max_width":0,"ocean_custom_logo_tablet_max_width":0,"ocean_custom_logo_mobile_max_width":0,"ocean_custom_logo_max_height":0,"ocean_custom_logo_tablet_max_height":0,"ocean_custom_logo_mobile_max_height":0,"ocean_header_custom_menu":"0","ocean_menu_typo_font_family":"0","ocean_menu_typo_font_subset":"","ocean_menu_typo_font_size":0,"ocean_menu_typo_font_size_tablet":0,"ocean_menu_typo_font_size_mobile":0,"ocean_menu_typo_font_size_unit":"px","ocean_menu_typo_font_weight":"","ocean_menu_typo_font_weight_tablet":"","ocean_menu_typo_font_weight_mobile":"","ocean_menu_typo_transform":"","ocean_menu_typo_transform_tablet":"","ocean_menu_typo_transform_mobile":"","ocean_menu_typo_line_height":0,"ocean_menu_typo_line_height_tablet":0,"ocean_menu_typo_line_height_mobile":0,"ocean_menu_typo_line_height_unit":"","ocean_menu_typo_spacing":0,"ocean_menu_typo_spacing_tablet":0,"ocean_menu_typo_spacing_mobile":0,"ocean_menu_typo_spacing_unit":"","ocean_menu_link_color":"","ocean_menu_link_color_hover":"","ocean_menu_link_color_active":"","ocean_menu_link_background":"","ocean_menu_link_hover_background":"","ocean_menu_link_active_background":"","ocean_menu_social_links_bg":"","ocean_menu_social_hover_links_bg":"","ocean_menu_social_links_color":"","ocean_menu_social_hover_links_color":"","ocean_disable_title":"default","ocean_disable_heading":"default","ocean_post_title":"","ocean_post_subheading":"","ocean_post_title_style":"","ocean_post_title_background_color":"","ocean_post_title_background":0,"ocean_post_title_bg_image_position":"","ocean_post_title_bg_image_attachment":"","ocean_post_title_bg_image_repeat":"","ocean_post_title_bg_image_size":"","ocean_post_title_height":0,"ocean_post_title_bg_overlay":0.5,"ocean_post_title_bg_overlay_color":"","ocean_disable_breadcrumbs":"default","ocean_breadcrumbs_color":"","ocean_breadcrumbs_separator_color":"","ocean_breadcrumbs_links_color":"","ocean_breadcrumbs_links_hover_color":"","ocean_display_footer_widgets":"default","ocean_display_footer_bottom":"default","ocean_custom_footer_template":"0","_glsr_average":0,"_glsr_ranking":0,"_glsr_reviews":0},"product_brand":[],"product_cat":[320,315],"product_tag":[208,407,119,137,224,146,199,319,135,322,156,140],"class_list":{"0":"post-2547","1":"product","2":"type-product","3":"status-publish","4":"has-post-thumbnail","6":"product_cat-kalia-nature","7":"product_cat-produits-coiffants","8":"product_tag-baumes","9":"product_tag-boucles","10":"product_tag-capillaire","11":"product_tag-glycerine","12":"product_tag-hibiscus","13":"product_tag-karite","14":"product_tag-mangue","15":"product_tag-palme","16":"product_tag-produits","17":"product_tag-produits-coiffants","18":"product_tag-tournesol","19":"product_tag-vitamine-e","21":"entry","22":"has-media","24":"first","25":"instock","26":"shipping-taxable","27":"purchasable","28":"product-type-simple","29":"has-product-nav","30":"col","31":"span_1_of_3","32":"owp-content-center","33":"owp-thumbs-layout-horizontal","34":"owp-btn-normal","35":"owp-tabs-layout-horizontal","36":"has-no-thumbnails"},"acf":[],"yoast_head":"<!-- This site is optimized with the Yoast SEO plugin v25.5 - https:\/\/yoast.com\/wordpress\/plugins\/seo\/ -->\n<title>Baume Fondant \u00e0 l&#039;Hibiscus - Lovy NK Kosm\u00e9tik<\/title>\n<meta name=\"description\" content=\"D\u00e9couvrez le baume fondant \u00e0 l&#039;Hibiscus Kalia Nature. Un soin capillaire sans rin\u00e7age, nourrissants, adapt\u00e9 pour les cheveux boucl\u00e9s, fris\u00e9s et cr\u00e9pus\" \/>\n<meta name=\"robots\" content=\"index, follow, max-snippet:-1, max-image-preview:large, max-video-preview:-1\" \/>\n<link rel=\"canonical\" href=\"https:\/\/lovynkkosmetik.fr\/en\/product\/baume-fondant-hibiscus\/\" \/>\n<meta property=\"og:locale\" content=\"en_US\" \/>\n<meta property=\"og:type\" content=\"article\" \/>\n<meta property=\"og:title\" content=\"Baume Fondant \u00e0 l&#039;Hibiscus - Lovy NK Kosm\u00e9tik\" \/>\n<meta property=\"og:description\" content=\"D\u00e9couvrez le baume fondant \u00e0 l&#039;Hibiscus Kalia Nature. Un soin capillaire sans rin\u00e7age, nourrissants, adapt\u00e9 pour les cheveux boucl\u00e9s, fris\u00e9s et cr\u00e9pus\" \/>\n<meta property=\"og:url\" content=\"https:\/\/lovynkkosmetik.fr\/en\/product\/baume-fondant-hibiscus\/\" \/>\n<meta property=\"og:site_name\" content=\"Lovy NK Kosm\u00e9tik\" \/>\n<meta property=\"article:modified_time\" content=\"2025-03-10T20:39:53+00:00\" \/>\n<meta property=\"og:image\" content=\"https:\/\/lovynkkosmetik.fr\/wp-content\/uploads\/2024\/11\/baume-hibiscus-kalia-nature.jpg\" \/>\n\t<meta property=\"og:image:width\" content=\"575\" \/>\n\t<meta property=\"og:image:height\" content=\"575\" \/>\n\t<meta property=\"og:image:type\" content=\"image\/jpeg\" \/>\n<meta name=\"twitter:card\" content=\"summary_large_image\" \/>\n<meta name=\"twitter:label1\" content=\"Est. reading time\" \/>\n\t<meta name=\"twitter:data1\" content=\"3 minutes\" \/>\n<script type=\"application\/ld+json\" class=\"yoast-schema-graph\">{\"@context\":\"https:\/\/schema.org\",\"@graph\":[{\"@type\":\"WebPage\",\"@id\":\"https:\/\/lovynkkosmetik.fr\/produit\/baume-fondant-hibiscus\/\",\"url\":\"https:\/\/lovynkkosmetik.fr\/produit\/baume-fondant-hibiscus\/\",\"name\":\"Baume Fondant \u00e0 l'Hibiscus - Lovy NK Kosm\u00e9tik\",\"isPartOf\":{\"@id\":\"https:\/\/lovynkkosmetik.fr\/#website\"},\"primaryImageOfPage\":{\"@id\":\"https:\/\/lovynkkosmetik.fr\/produit\/baume-fondant-hibiscus\/#primaryimage\"},\"image\":{\"@id\":\"https:\/\/lovynkkosmetik.fr\/produit\/baume-fondant-hibiscus\/#primaryimage\"},\"thumbnailUrl\":\"https:\/\/lovynkkosmetik.fr\/wp-content\/uploads\/2024\/11\/baume-hibiscus-kalia-nature.jpg\",\"datePublished\":\"2024-11-20T17:06:25+00:00\",\"dateModified\":\"2025-03-10T20:39:53+00:00\",\"description\":\"D\u00e9couvrez le baume fondant \u00e0 l'Hibiscus Kalia Nature. Un soin capillaire sans rin\u00e7age, nourrissants, adapt\u00e9 pour les cheveux boucl\u00e9s, fris\u00e9s et cr\u00e9pus\",\"breadcrumb\":{\"@id\":\"https:\/\/lovynkkosmetik.fr\/produit\/baume-fondant-hibiscus\/#breadcrumb\"},\"inLanguage\":\"en-US\",\"potentialAction\":[{\"@type\":\"ReadAction\",\"target\":[\"https:\/\/lovynkkosmetik.fr\/produit\/baume-fondant-hibiscus\/\"]}]},{\"@type\":\"ImageObject\",\"inLanguage\":\"en-US\",\"@id\":\"https:\/\/lovynkkosmetik.fr\/produit\/baume-fondant-hibiscus\/#primaryimage\",\"url\":\"https:\/\/lovynkkosmetik.fr\/wp-content\/uploads\/2024\/11\/baume-hibiscus-kalia-nature.jpg\",\"contentUrl\":\"https:\/\/lovynkkosmetik.fr\/wp-content\/uploads\/2024\/11\/baume-hibiscus-kalia-nature.jpg\",\"width\":575,\"height\":575,\"caption\":\"Baume hibiscus - Kalia Nature\"},{\"@type\":\"BreadcrumbList\",\"@id\":\"https:\/\/lovynkkosmetik.fr\/produit\/baume-fondant-hibiscus\/#breadcrumb\",\"itemListElement\":[{\"@type\":\"ListItem\",\"position\":1,\"name\":\"Accueil\",\"item\":\"https:\/\/lovynkkosmetik.fr\/\"},{\"@type\":\"ListItem\",\"position\":2,\"name\":\"Boutique\",\"item\":\"https:\/\/lovynkkosmetik.fr\/boutique\/\"},{\"@type\":\"ListItem\",\"position\":3,\"name\":\"Baume Fondant \u00e0 l&rsquo;Hibiscus\"}]},{\"@type\":\"WebSite\",\"@id\":\"https:\/\/lovynkkosmetik.fr\/#website\",\"url\":\"https:\/\/lovynkkosmetik.fr\/\",\"name\":\"Lovy NK Kosm\u00e9tik\",\"description\":\"Sublime ta m\u00e9lanine\",\"publisher\":{\"@id\":\"https:\/\/lovynkkosmetik.fr\/#organization\"},\"alternateName\":\"Lovy NK Kosm\u00e9tik\",\"potentialAction\":[{\"@type\":\"SearchAction\",\"target\":{\"@type\":\"EntryPoint\",\"urlTemplate\":\"https:\/\/lovynkkosmetik.fr\/?s={search_term_string}\"},\"query-input\":{\"@type\":\"PropertyValueSpecification\",\"valueRequired\":true,\"valueName\":\"search_term_string\"}}],\"inLanguage\":\"en-US\"},{\"@type\":\"Organization\",\"@id\":\"https:\/\/lovynkkosmetik.fr\/#organization\",\"name\":\"Lovy NK Kosm\u00e9tik\",\"alternateName\":\"Lovy NK Kosm\u00e9tik\",\"url\":\"https:\/\/lovynkkosmetik.fr\/\",\"logo\":{\"@type\":\"ImageObject\",\"inLanguage\":\"en-US\",\"@id\":\"https:\/\/lovynkkosmetik.fr\/#\/schema\/logo\/image\/\",\"url\":\"https:\/\/lovynkkosmetik.fr\/wp-content\/uploads\/2024\/05\/logo-lovy-nk-kosmetik-jaune.png\",\"contentUrl\":\"https:\/\/lovynkkosmetik.fr\/wp-content\/uploads\/2024\/05\/logo-lovy-nk-kosmetik-jaune.png\",\"width\":3699,\"height\":1417,\"caption\":\"Lovy NK Kosm\u00e9tik\"},\"image\":{\"@id\":\"https:\/\/lovynkkosmetik.fr\/#\/schema\/logo\/image\/\"}}]}<\/script>\n<!-- \/ Yoast SEO plugin. -->","yoast_head_json":{"title":"Baume Fondant \u00e0 l'Hibiscus - Lovy NK Kosm\u00e9tik","description":"D\u00e9couvrez le baume fondant \u00e0 l'Hibiscus Kalia Nature. Un soin capillaire sans rin\u00e7age, nourrissants, adapt\u00e9 pour les cheveux boucl\u00e9s, fris\u00e9s et cr\u00e9pus","robots":{"index":"index","follow":"follow","max-snippet":"max-snippet:-1","max-image-preview":"max-image-preview:large","max-video-preview":"max-video-preview:-1"},"canonical":"https:\/\/lovynkkosmetik.fr\/en\/product\/baume-fondant-hibiscus\/","og_locale":"en_US","og_type":"article","og_title":"Baume Fondant \u00e0 l'Hibiscus - Lovy NK Kosm\u00e9tik","og_description":"D\u00e9couvrez le baume fondant \u00e0 l'Hibiscus Kalia Nature. Un soin capillaire sans rin\u00e7age, nourrissants, adapt\u00e9 pour les cheveux boucl\u00e9s, fris\u00e9s et cr\u00e9pus","og_url":"https:\/\/lovynkkosmetik.fr\/en\/product\/baume-fondant-hibiscus\/","og_site_name":"Lovy NK Kosm\u00e9tik","article_modified_time":"2025-03-10T20:39:53+00:00","og_image":[{"width":575,"height":575,"url":"https:\/\/lovynkkosmetik.fr\/wp-content\/uploads\/2024\/11\/baume-hibiscus-kalia-nature.jpg","type":"image\/jpeg"}],"twitter_card":"summary_large_image","twitter_misc":{"Est. reading time":"3 minutes"},"schema":{"@context":"https:\/\/schema.org","@graph":[{"@type":"WebPage","@id":"https:\/\/lovynkkosmetik.fr\/produit\/baume-fondant-hibiscus\/","url":"https:\/\/lovynkkosmetik.fr\/produit\/baume-fondant-hibiscus\/","name":"Baume Fondant \u00e0 l'Hibiscus - Lovy NK Kosm\u00e9tik","isPartOf":{"@id":"https:\/\/lovynkkosmetik.fr\/#website"},"primaryImageOfPage":{"@id":"https:\/\/lovynkkosmetik.fr\/produit\/baume-fondant-hibiscus\/#primaryimage"},"image":{"@id":"https:\/\/lovynkkosmetik.fr\/produit\/baume-fondant-hibiscus\/#primaryimage"},"thumbnailUrl":"https:\/\/lovynkkosmetik.fr\/wp-content\/uploads\/2024\/11\/baume-hibiscus-kalia-nature.jpg","datePublished":"2024-11-20T17:06:25+00:00","dateModified":"2025-03-10T20:39:53+00:00","description":"D\u00e9couvrez le baume fondant \u00e0 l'Hibiscus Kalia Nature. Un soin capillaire sans rin\u00e7age, nourrissants, adapt\u00e9 pour les cheveux boucl\u00e9s, fris\u00e9s et cr\u00e9pus","breadcrumb":{"@id":"https:\/\/lovynkkosmetik.fr\/produit\/baume-fondant-hibiscus\/#breadcrumb"},"inLanguage":"en-US","potentialAction":[{"@type":"ReadAction","target":["https:\/\/lovynkkosmetik.fr\/produit\/baume-fondant-hibiscus\/"]}]},{"@type":"ImageObject","inLanguage":"en-US","@id":"https:\/\/lovynkkosmetik.fr\/produit\/baume-fondant-hibiscus\/#primaryimage","url":"https:\/\/lovynkkosmetik.fr\/wp-content\/uploads\/2024\/11\/baume-hibiscus-kalia-nature.jpg","contentUrl":"https:\/\/lovynkkosmetik.fr\/wp-content\/uploads\/2024\/11\/baume-hibiscus-kalia-nature.jpg","width":575,"height":575,"caption":"Baume hibiscus - Kalia Nature"},{"@type":"BreadcrumbList","@id":"https:\/\/lovynkkosmetik.fr\/produit\/baume-fondant-hibiscus\/#breadcrumb","itemListElement":[{"@type":"ListItem","position":1,"name":"Accueil","item":"https:\/\/lovynkkosmetik.fr\/"},{"@type":"ListItem","position":2,"name":"Boutique","item":"https:\/\/lovynkkosmetik.fr\/boutique\/"},{"@type":"ListItem","position":3,"name":"Baume Fondant \u00e0 l&rsquo;Hibiscus"}]},{"@type":"WebSite","@id":"https:\/\/lovynkkosmetik.fr\/#website","url":"https:\/\/lovynkkosmetik.fr\/","name":"Lovy NK Kosm\u00e9tik","description":"Sublime ta m\u00e9lanine","publisher":{"@id":"https:\/\/lovynkkosmetik.fr\/#organization"},"alternateName":"Lovy NK Kosm\u00e9tik","potentialAction":[{"@type":"SearchAction","target":{"@type":"EntryPoint","urlTemplate":"https:\/\/lovynkkosmetik.fr\/?s={search_term_string}"},"query-input":{"@type":"PropertyValueSpecification","valueRequired":true,"valueName":"search_term_string"}}],"inLanguage":"en-US"},{"@type":"Organization","@id":"https:\/\/lovynkkosmetik.fr\/#organization","name":"Lovy NK Kosm\u00e9tik","alternateName":"Lovy NK Kosm\u00e9tik","url":"https:\/\/lovynkkosmetik.fr\/","logo":{"@type":"ImageObject","inLanguage":"en-US","@id":"https:\/\/lovynkkosmetik.fr\/#\/schema\/logo\/image\/","url":"https:\/\/lovynkkosmetik.fr\/wp-content\/uploads\/2024\/05\/logo-lovy-nk-kosmetik-jaune.png","contentUrl":"https:\/\/lovynkkosmetik.fr\/wp-content\/uploads\/2024\/05\/logo-lovy-nk-kosmetik-jaune.png","width":3699,"height":1417,"caption":"Lovy NK Kosm\u00e9tik"},"image":{"@id":"https:\/\/lovynkkosmetik.fr\/#\/schema\/logo\/image\/"}}]}},"_links":{"self":[{"href":"https:\/\/lovynkkosmetik.fr\/en\/wp-json\/wp\/v2\/product\/2547","targetHints":{"allow":["GET"]}}],"collection":[{"href":"https:\/\/lovynkkosmetik.fr\/en\/wp-json\/wp\/v2\/product"}],"about":[{"href":"https:\/\/lovynkkosmetik.fr\/en\/wp-json\/wp\/v2\/types\/product"}],"replies":[{"embeddable":true,"href":"https:\/\/lovynkkosmetik.fr\/en\/wp-json\/wp\/v2\/comments?post=2547"}],"version-history":[{"count":0,"href":"https:\/\/lovynkkosmetik.fr\/en\/wp-json\/wp\/v2\/product\/2547\/revisions"}],"wp:featuredmedia":[{"embeddable":true,"href":"https:\/\/lovynkkosmetik.fr\/en\/wp-json\/wp\/v2\/media\/2552"}],"wp:attachment":[{"href":"https:\/\/lovynkkosmetik.fr\/en\/wp-json\/wp\/v2\/media?parent=2547"}],"wp:term":[{"taxonomy":"product_brand","embeddable":true,"href":"https:\/\/lovynkkosmetik.fr\/en\/wp-json\/wp\/v2\/product_brand?post=2547"},{"taxonomy":"product_cat","embeddable":true,"href":"https:\/\/lovynkkosmetik.fr\/en\/wp-json\/wp\/v2\/product_cat?post=2547"},{"taxonomy":"product_tag","embeddable":true,"href":"https:\/\/lovynkkosmetik.fr\/en\/wp-json\/wp\/v2\/product_tag?post=2547"}],"curies":[{"name":"wp","href":"https:\/\/api.w.org\/{rel}","templated":true}]}}