{"id":2191,"date":"2024-06-20T23:30:38","date_gmt":"2024-06-20T21:30:38","guid":{"rendered":"https:\/\/lovynkkosmetik.fr\/?post_type=product&#038;p=2191"},"modified":"2025-05-20T20:45:59","modified_gmt":"2025-05-20T18:45:59","slug":"consultation-skincare-personnalise-ta-melanine","status":"publish","type":"product","link":"https:\/\/lovynkkosmetik.fr\/en\/product\/consultation-skincare-personnalise-ta-melanine\/","title":{"rendered":"Skincare Consultation \u2013 Personalize your melanin"},"content":{"rendered":"<h2>Concerns :<\/h2>\n<p>Establish a routine during a video call<\/p>\n<h2>Benefits :<\/h2>\n<p>With our exclusive offer, benefit from a one-hour skin diagnosis via video call with Ivlyse, followed by a complete assessment of your consultation.<\/p>\n<h2>Who can benefit from this consultation?<\/h2>\n<p>This consultation is open to you if you are feeling distressed or struggling with your skin, or if you are simply looking to improve your skincare routine but don't know where to start.<\/p>\n<h2>What are the benefits of a consultation with Ivlyse?<\/h2>\n<p>An in-depth analysis of your skin, skincare routine, diet and lifestyle.<br \/>\nA personalized diagnosis to identify your concerns, your budget and set realistic objectives.<br \/>\nYou will receive a tailor-made skincare routine with application tips and a 20% discount on recommended products.<br \/>\nPDF Guide and video<\/p>\n<h2>How does the consultation take place?<\/h2>\n<p>The consultation takes place via videoconference with Ivlyse and is divided into three stages:<br \/>\n<strong>In-depth analysis<\/strong> : Together we assess your skincare routine, your diet and your lifestyle.<br \/>\n<strong>Personalized diagnosis<\/strong> : We identify your short-term needs and objectives.<br \/>\n<strong>Assessment and advice<\/strong> : You will receive personalized videos about your skin type, recommendations on the products you currently use, as well as a personalized skincare routine with application tips. Plus, get a 20% discount on recommended products.<\/p>\n<p>Combien de temps dure la consultation ?<\/p>\n<p>The consultation lasts approximately one hour, including all the steps necessary to understand your needs and provide you with personalized recommendations.<\/p>\n<h2>Are there any special offers available?<\/h2>\n<p>Yes, we are offering an exclusive introductory offer with a reduced rate. 84\u20ac instead of 94\u20ac<\/p>\n<h2>How can I book my consultation?<\/h2>\n<p>To book your consultation, simply click on the purchase button on our page and pay for the consultation and then you will receive an email with the schedule to book!<\/p>\n<h2>When will I get results?<\/h2>\n<p>Once you purchase the recommended product, you'll see a change within a few weeks. But you will have an optimal result which lasts after 3 months of treatment.<\/p>\n<h2>Why 94\u20ac?<\/h2>\n<p>Because Ivlyse takes the time to listen to you for an hour, she carefully analyzes the entire consultation to create a personalized routine tailored to you. She also provides a video response to present your assessment and prepare videos to guide you through the use of the products. All of this requires time and expertise.<\/p>\n<h2>Can I get a refund?<\/h2>\n<p>There will be a refund only if you cancel 48 hours in advance. The refund will be 50%.<\/p>\n<p>&nbsp;<\/p>","protected":false},"excerpt":{"rendered":"<p>A personalized one-hour videoconference consultation for radiant melanin.<\/p>\n<p>Do you feel lost in the ocean of beauty products?<br \/>\nAre you desperately looking for a solution that fits your needs?<br \/>\nDo the products praised by the media and social media only work temporarily on your skin?<br \/>\nAre you having trouble understanding what really suits your skin?<br \/>\nHas the mirror become your worst enemy, revealing your insecurities?<\/p>","protected":false},"featured_media":2099,"comment_status":"open","ping_status":"closed","template":"","meta":{"_acf_changed":false,"ocean_post_layout":"","ocean_both_sidebars_style":"","ocean_both_sidebars_content_width":0,"ocean_both_sidebars_sidebars_width":0,"ocean_sidebar":"0","ocean_second_sidebar":"0","ocean_disable_margins":"enable","ocean_add_body_class":"","ocean_shortcode_before_top_bar":"","ocean_shortcode_after_top_bar":"","ocean_shortcode_before_header":"","ocean_shortcode_after_header":"","ocean_has_shortcode":"","ocean_shortcode_after_title":"","ocean_shortcode_before_footer_widgets":"","ocean_shortcode_after_footer_widgets":"","ocean_shortcode_before_footer_bottom":"","ocean_shortcode_after_footer_bottom":"","ocean_display_top_bar":"default","ocean_display_header":"default","ocean_header_style":"","ocean_center_header_left_menu":"0","ocean_custom_header_template":"0","ocean_custom_logo":0,"ocean_custom_retina_logo":0,"ocean_custom_logo_max_width":0,"ocean_custom_logo_tablet_max_width":0,"ocean_custom_logo_mobile_max_width":0,"ocean_custom_logo_max_height":0,"ocean_custom_logo_tablet_max_height":0,"ocean_custom_logo_mobile_max_height":0,"ocean_header_custom_menu":"0","ocean_menu_typo_font_family":"0","ocean_menu_typo_font_subset":"","ocean_menu_typo_font_size":0,"ocean_menu_typo_font_size_tablet":0,"ocean_menu_typo_font_size_mobile":0,"ocean_menu_typo_font_size_unit":"px","ocean_menu_typo_font_weight":"","ocean_menu_typo_font_weight_tablet":"","ocean_menu_typo_font_weight_mobile":"","ocean_menu_typo_transform":"","ocean_menu_typo_transform_tablet":"","ocean_menu_typo_transform_mobile":"","ocean_menu_typo_line_height":0,"ocean_menu_typo_line_height_tablet":0,"ocean_menu_typo_line_height_mobile":0,"ocean_menu_typo_line_height_unit":"","ocean_menu_typo_spacing":0,"ocean_menu_typo_spacing_tablet":0,"ocean_menu_typo_spacing_mobile":0,"ocean_menu_typo_spacing_unit":"","ocean_menu_link_color":"","ocean_menu_link_color_hover":"","ocean_menu_link_color_active":"","ocean_menu_link_background":"","ocean_menu_link_hover_background":"","ocean_menu_link_active_background":"","ocean_menu_social_links_bg":"","ocean_menu_social_hover_links_bg":"","ocean_menu_social_links_color":"","ocean_menu_social_hover_links_color":"","ocean_disable_title":"default","ocean_disable_heading":"default","ocean_post_title":"","ocean_post_subheading":"","ocean_post_title_style":"","ocean_post_title_background_color":"","ocean_post_title_background":0,"ocean_post_title_bg_image_position":"","ocean_post_title_bg_image_attachment":"","ocean_post_title_bg_image_repeat":"","ocean_post_title_bg_image_size":"","ocean_post_title_height":0,"ocean_post_title_bg_overlay":0.5,"ocean_post_title_bg_overlay_color":"","ocean_disable_breadcrumbs":"default","ocean_breadcrumbs_color":"","ocean_breadcrumbs_separator_color":"","ocean_breadcrumbs_links_color":"","ocean_breadcrumbs_links_hover_color":"","ocean_display_footer_widgets":"default","ocean_display_footer_bottom":"default","ocean_custom_footer_template":"0","_glsr_average":0,"_glsr_ranking":0,"_glsr_reviews":0},"product_brand":[],"product_cat":[300],"product_tag":[120,117,303,135,118],"class_list":{"0":"post-2191","1":"product","2":"type-product","3":"status-publish","4":"has-post-thumbnail","6":"product_cat-coaching","7":"product_tag-coaching","8":"product_tag-corps","9":"product_tag-lovy-nk-kosmetik","10":"product_tag-produits","11":"product_tag-visage","13":"entry","14":"has-media","16":"first","17":"instock","18":"virtual","19":"purchasable","20":"product-type-simple","21":"has-product-nav","22":"col","23":"span_1_of_3","24":"owp-content-center","25":"owp-thumbs-layout-horizontal","26":"owp-btn-normal","27":"owp-tabs-layout-horizontal","28":"has-no-thumbnails"},"acf":[],"yoast_head":"<!-- This site is optimized with the Yoast SEO plugin v25.5 - https:\/\/yoast.com\/wordpress\/plugins\/seo\/ -->\n<title>Consultation Skincare - Personnalise ta m\u00e9lanine - Lovy NK Kosm\u00e9tik<\/title>\n<meta name=\"description\" content=\"u as du mal \u00e0 comprendre ce qui convient vraiment \u00e0 ta peau ? R\u00e9serve ta consultation skincare personnalis\u00e9e d&#039;1h en visio pour une m\u00e9lanine \u00e9clatante !\" \/>\n<meta name=\"robots\" content=\"index, follow, max-snippet:-1, max-image-preview:large, max-video-preview:-1\" \/>\n<link rel=\"canonical\" href=\"https:\/\/lovynkkosmetik.fr\/en\/product\/consultation-skincare-personnalise-ta-melanine\/\" \/>\n<meta property=\"og:locale\" content=\"en_US\" \/>\n<meta property=\"og:type\" content=\"article\" \/>\n<meta property=\"og:title\" content=\"Consultation Skincare - Personnalise ta m\u00e9lanine - Lovy NK Kosm\u00e9tik\" \/>\n<meta property=\"og:description\" content=\"u as du mal \u00e0 comprendre ce qui convient vraiment \u00e0 ta peau ? R\u00e9serve ta consultation skincare personnalis\u00e9e d&#039;1h en visio pour une m\u00e9lanine \u00e9clatante !\" \/>\n<meta property=\"og:url\" content=\"https:\/\/lovynkkosmetik.fr\/en\/product\/consultation-skincare-personnalise-ta-melanine\/\" \/>\n<meta property=\"og:site_name\" content=\"Lovy NK Kosm\u00e9tik\" \/>\n<meta property=\"article:modified_time\" content=\"2025-05-20T18:45:59+00:00\" \/>\n<meta property=\"og:image\" content=\"https:\/\/lovynkkosmetik.fr\/wp-content\/uploads\/2024\/06\/consultations-skincare.webp\" \/>\n\t<meta property=\"og:image:width\" content=\"1080\" \/>\n\t<meta property=\"og:image:height\" content=\"1080\" \/>\n\t<meta property=\"og:image:type\" content=\"image\/webp\" \/>\n<meta name=\"twitter:card\" content=\"summary_large_image\" \/>\n<meta name=\"twitter:label1\" content=\"Est. reading time\" \/>\n\t<meta name=\"twitter:data1\" content=\"3 minutes\" \/>\n<script type=\"application\/ld+json\" class=\"yoast-schema-graph\">{\"@context\":\"https:\/\/schema.org\",\"@graph\":[{\"@type\":\"WebPage\",\"@id\":\"https:\/\/lovynkkosmetik.fr\/produit\/consultation-skincare-personnalise-ta-melanine\/\",\"url\":\"https:\/\/lovynkkosmetik.fr\/produit\/consultation-skincare-personnalise-ta-melanine\/\",\"name\":\"Consultation Skincare - Personnalise ta m\u00e9lanine - Lovy NK Kosm\u00e9tik\",\"isPartOf\":{\"@id\":\"https:\/\/lovynkkosmetik.fr\/#website\"},\"primaryImageOfPage\":{\"@id\":\"https:\/\/lovynkkosmetik.fr\/produit\/consultation-skincare-personnalise-ta-melanine\/#primaryimage\"},\"image\":{\"@id\":\"https:\/\/lovynkkosmetik.fr\/produit\/consultation-skincare-personnalise-ta-melanine\/#primaryimage\"},\"thumbnailUrl\":\"https:\/\/lovynkkosmetik.fr\/wp-content\/uploads\/2024\/06\/consultations-skincare.webp\",\"datePublished\":\"2024-06-20T21:30:38+00:00\",\"dateModified\":\"2025-05-20T18:45:59+00:00\",\"description\":\"u as du mal \u00e0 comprendre ce qui convient vraiment \u00e0 ta peau ? R\u00e9serve ta consultation skincare personnalis\u00e9e d'1h en visio pour une m\u00e9lanine \u00e9clatante !\",\"breadcrumb\":{\"@id\":\"https:\/\/lovynkkosmetik.fr\/produit\/consultation-skincare-personnalise-ta-melanine\/#breadcrumb\"},\"inLanguage\":\"en-US\",\"potentialAction\":[{\"@type\":\"ReadAction\",\"target\":[\"https:\/\/lovynkkosmetik.fr\/produit\/consultation-skincare-personnalise-ta-melanine\/\"]}]},{\"@type\":\"ImageObject\",\"inLanguage\":\"en-US\",\"@id\":\"https:\/\/lovynkkosmetik.fr\/produit\/consultation-skincare-personnalise-ta-melanine\/#primaryimage\",\"url\":\"https:\/\/lovynkkosmetik.fr\/wp-content\/uploads\/2024\/06\/consultations-skincare.webp\",\"contentUrl\":\"https:\/\/lovynkkosmetik.fr\/wp-content\/uploads\/2024\/06\/consultations-skincare.webp\",\"width\":1080,\"height\":1080,\"caption\":\"Consultation skincare\"},{\"@type\":\"BreadcrumbList\",\"@id\":\"https:\/\/lovynkkosmetik.fr\/produit\/consultation-skincare-personnalise-ta-melanine\/#breadcrumb\",\"itemListElement\":[{\"@type\":\"ListItem\",\"position\":1,\"name\":\"Accueil\",\"item\":\"https:\/\/lovynkkosmetik.fr\/\"},{\"@type\":\"ListItem\",\"position\":2,\"name\":\"Boutique\",\"item\":\"https:\/\/lovynkkosmetik.fr\/boutique\/\"},{\"@type\":\"ListItem\",\"position\":3,\"name\":\"Consultation Skincare &#8211; Personnalise ta m\u00e9lanine\"}]},{\"@type\":\"WebSite\",\"@id\":\"https:\/\/lovynkkosmetik.fr\/#website\",\"url\":\"https:\/\/lovynkkosmetik.fr\/\",\"name\":\"Lovy NK Kosm\u00e9tik\",\"description\":\"Sublime ta m\u00e9lanine\",\"publisher\":{\"@id\":\"https:\/\/lovynkkosmetik.fr\/#organization\"},\"alternateName\":\"Lovy NK Kosm\u00e9tik\",\"potentialAction\":[{\"@type\":\"SearchAction\",\"target\":{\"@type\":\"EntryPoint\",\"urlTemplate\":\"https:\/\/lovynkkosmetik.fr\/?s={search_term_string}\"},\"query-input\":{\"@type\":\"PropertyValueSpecification\",\"valueRequired\":true,\"valueName\":\"search_term_string\"}}],\"inLanguage\":\"en-US\"},{\"@type\":\"Organization\",\"@id\":\"https:\/\/lovynkkosmetik.fr\/#organization\",\"name\":\"Lovy NK Kosm\u00e9tik\",\"alternateName\":\"Lovy NK Kosm\u00e9tik\",\"url\":\"https:\/\/lovynkkosmetik.fr\/\",\"logo\":{\"@type\":\"ImageObject\",\"inLanguage\":\"en-US\",\"@id\":\"https:\/\/lovynkkosmetik.fr\/#\/schema\/logo\/image\/\",\"url\":\"https:\/\/lovynkkosmetik.fr\/wp-content\/uploads\/2024\/05\/logo-lovy-nk-kosmetik-jaune.png\",\"contentUrl\":\"https:\/\/lovynkkosmetik.fr\/wp-content\/uploads\/2024\/05\/logo-lovy-nk-kosmetik-jaune.png\",\"width\":3699,\"height\":1417,\"caption\":\"Lovy NK Kosm\u00e9tik\"},\"image\":{\"@id\":\"https:\/\/lovynkkosmetik.fr\/#\/schema\/logo\/image\/\"}}]}<\/script>\n<!-- \/ Yoast SEO plugin. -->","yoast_head_json":{"title":"Consultation Skincare - Personnalise ta m\u00e9lanine - Lovy NK Kosm\u00e9tik","description":"u as du mal \u00e0 comprendre ce qui convient vraiment \u00e0 ta peau ? R\u00e9serve ta consultation skincare personnalis\u00e9e d'1h en visio pour une m\u00e9lanine \u00e9clatante !","robots":{"index":"index","follow":"follow","max-snippet":"max-snippet:-1","max-image-preview":"max-image-preview:large","max-video-preview":"max-video-preview:-1"},"canonical":"https:\/\/lovynkkosmetik.fr\/en\/product\/consultation-skincare-personnalise-ta-melanine\/","og_locale":"en_US","og_type":"article","og_title":"Consultation Skincare - Personnalise ta m\u00e9lanine - Lovy NK Kosm\u00e9tik","og_description":"u as du mal \u00e0 comprendre ce qui convient vraiment \u00e0 ta peau ? R\u00e9serve ta consultation skincare personnalis\u00e9e d'1h en visio pour une m\u00e9lanine \u00e9clatante !","og_url":"https:\/\/lovynkkosmetik.fr\/en\/product\/consultation-skincare-personnalise-ta-melanine\/","og_site_name":"Lovy NK Kosm\u00e9tik","article_modified_time":"2025-05-20T18:45:59+00:00","og_image":[{"width":1080,"height":1080,"url":"https:\/\/lovynkkosmetik.fr\/wp-content\/uploads\/2024\/06\/consultations-skincare.webp","type":"image\/webp"}],"twitter_card":"summary_large_image","twitter_misc":{"Est. reading time":"3 minutes"},"schema":{"@context":"https:\/\/schema.org","@graph":[{"@type":"WebPage","@id":"https:\/\/lovynkkosmetik.fr\/produit\/consultation-skincare-personnalise-ta-melanine\/","url":"https:\/\/lovynkkosmetik.fr\/produit\/consultation-skincare-personnalise-ta-melanine\/","name":"Consultation Skincare - Personnalise ta m\u00e9lanine - Lovy NK Kosm\u00e9tik","isPartOf":{"@id":"https:\/\/lovynkkosmetik.fr\/#website"},"primaryImageOfPage":{"@id":"https:\/\/lovynkkosmetik.fr\/produit\/consultation-skincare-personnalise-ta-melanine\/#primaryimage"},"image":{"@id":"https:\/\/lovynkkosmetik.fr\/produit\/consultation-skincare-personnalise-ta-melanine\/#primaryimage"},"thumbnailUrl":"https:\/\/lovynkkosmetik.fr\/wp-content\/uploads\/2024\/06\/consultations-skincare.webp","datePublished":"2024-06-20T21:30:38+00:00","dateModified":"2025-05-20T18:45:59+00:00","description":"u as du mal \u00e0 comprendre ce qui convient vraiment \u00e0 ta peau ? R\u00e9serve ta consultation skincare personnalis\u00e9e d'1h en visio pour une m\u00e9lanine \u00e9clatante !","breadcrumb":{"@id":"https:\/\/lovynkkosmetik.fr\/produit\/consultation-skincare-personnalise-ta-melanine\/#breadcrumb"},"inLanguage":"en-US","potentialAction":[{"@type":"ReadAction","target":["https:\/\/lovynkkosmetik.fr\/produit\/consultation-skincare-personnalise-ta-melanine\/"]}]},{"@type":"ImageObject","inLanguage":"en-US","@id":"https:\/\/lovynkkosmetik.fr\/produit\/consultation-skincare-personnalise-ta-melanine\/#primaryimage","url":"https:\/\/lovynkkosmetik.fr\/wp-content\/uploads\/2024\/06\/consultations-skincare.webp","contentUrl":"https:\/\/lovynkkosmetik.fr\/wp-content\/uploads\/2024\/06\/consultations-skincare.webp","width":1080,"height":1080,"caption":"Consultation skincare"},{"@type":"BreadcrumbList","@id":"https:\/\/lovynkkosmetik.fr\/produit\/consultation-skincare-personnalise-ta-melanine\/#breadcrumb","itemListElement":[{"@type":"ListItem","position":1,"name":"Accueil","item":"https:\/\/lovynkkosmetik.fr\/"},{"@type":"ListItem","position":2,"name":"Boutique","item":"https:\/\/lovynkkosmetik.fr\/boutique\/"},{"@type":"ListItem","position":3,"name":"Consultation Skincare &#8211; Personnalise ta m\u00e9lanine"}]},{"@type":"WebSite","@id":"https:\/\/lovynkkosmetik.fr\/#website","url":"https:\/\/lovynkkosmetik.fr\/","name":"Lovy NK Kosm\u00e9tik","description":"Sublime ta m\u00e9lanine","publisher":{"@id":"https:\/\/lovynkkosmetik.fr\/#organization"},"alternateName":"Lovy NK Kosm\u00e9tik","potentialAction":[{"@type":"SearchAction","target":{"@type":"EntryPoint","urlTemplate":"https:\/\/lovynkkosmetik.fr\/?s={search_term_string}"},"query-input":{"@type":"PropertyValueSpecification","valueRequired":true,"valueName":"search_term_string"}}],"inLanguage":"en-US"},{"@type":"Organization","@id":"https:\/\/lovynkkosmetik.fr\/#organization","name":"Lovy NK Kosm\u00e9tik","alternateName":"Lovy NK Kosm\u00e9tik","url":"https:\/\/lovynkkosmetik.fr\/","logo":{"@type":"ImageObject","inLanguage":"en-US","@id":"https:\/\/lovynkkosmetik.fr\/#\/schema\/logo\/image\/","url":"https:\/\/lovynkkosmetik.fr\/wp-content\/uploads\/2024\/05\/logo-lovy-nk-kosmetik-jaune.png","contentUrl":"https:\/\/lovynkkosmetik.fr\/wp-content\/uploads\/2024\/05\/logo-lovy-nk-kosmetik-jaune.png","width":3699,"height":1417,"caption":"Lovy NK Kosm\u00e9tik"},"image":{"@id":"https:\/\/lovynkkosmetik.fr\/#\/schema\/logo\/image\/"}}]}},"_links":{"self":[{"href":"https:\/\/lovynkkosmetik.fr\/en\/wp-json\/wp\/v2\/product\/2191","targetHints":{"allow":["GET"]}}],"collection":[{"href":"https:\/\/lovynkkosmetik.fr\/en\/wp-json\/wp\/v2\/product"}],"about":[{"href":"https:\/\/lovynkkosmetik.fr\/en\/wp-json\/wp\/v2\/types\/product"}],"replies":[{"embeddable":true,"href":"https:\/\/lovynkkosmetik.fr\/en\/wp-json\/wp\/v2\/comments?post=2191"}],"version-history":[{"count":0,"href":"https:\/\/lovynkkosmetik.fr\/en\/wp-json\/wp\/v2\/product\/2191\/revisions"}],"wp:featuredmedia":[{"embeddable":true,"href":"https:\/\/lovynkkosmetik.fr\/en\/wp-json\/wp\/v2\/media\/2099"}],"wp:attachment":[{"href":"https:\/\/lovynkkosmetik.fr\/en\/wp-json\/wp\/v2\/media?parent=2191"}],"wp:term":[{"taxonomy":"product_brand","embeddable":true,"href":"https:\/\/lovynkkosmetik.fr\/en\/wp-json\/wp\/v2\/product_brand?post=2191"},{"taxonomy":"product_cat","embeddable":true,"href":"https:\/\/lovynkkosmetik.fr\/en\/wp-json\/wp\/v2\/product_cat?post=2191"},{"taxonomy":"product_tag","embeddable":true,"href":"https:\/\/lovynkkosmetik.fr\/en\/wp-json\/wp\/v2\/product_tag?post=2191"}],"curies":[{"name":"wp","href":"https:\/\/api.w.org\/{rel}","templated":true}]}}