{"id":1472,"date":"2024-05-24T22:11:42","date_gmt":"2024-05-24T20:11:42","guid":{"rendered":"https:\/\/lovynkkosmetik.fr\/?post_type=product&#038;p=1472"},"modified":"2025-02-14T22:39:55","modified_gmt":"2025-02-14T21:39:55","slug":"lotion-hydratante-pour-le-corps-sweet-mango-rosewater","status":"publish","type":"product","link":"https:\/\/lovynkkosmetik.fr\/en\/product\/lotion-hydratante-pour-le-corps-sweet-mango-rosewater\/","title":{"rendered":"Sweet Mango + Rosewater Moisturizing Body Lotion"},"content":{"rendered":"<h2>Ingredients :<\/h2>\n<p>Hibiscus Sabdariffa Floral Water, Butyrospermum Parkii (Shea Butter), Helianthus Annuus (Sunflower) Seed Oil, NF Emulsifier (Coconut-derived), Aloe Vera Leaf Juice, Vegetable Glycerin, Stearic Acid, Natural Fragrance, Avena Sativa (Oat) Kernel Flour, Vitis Vinifera (Grape) Seed Oil, Benzyl Alcohol, Dehydroacetic Acid, Tocopherol (Vitamin E), Acacia Gum, Xanthan Gum.<\/p>\n<h2>Marshay Organic Beauty Overview:<\/h2>\n<p>At Marshay Organic Beauty, we are committed to providing effective solutions to the most common skin and hair concerns, while also respecting the planet. We believe that self-care shouldn't come at the expense of the environment, which is why we've made it our mission to create products that are both effective and eco-friendly. By choosing to use natural ingredients and sustainable packaging, we aim to make a positive impact on the world around us. Join us in our commitment to beauty and sustainability, and let's create a better future for ourselves and our planet.<\/p>","protected":false},"excerpt":{"rendered":"<p>Introducing our body lotion with shea butter, sweet mango, and rosewater\u2014a luxurious, nourishing formula designed to provide your skin with the ultimate care and hydration it deserves. Enriched with the soothing power of oat flour and the deeply moisturizing properties of shea butter, this plant-based lotion is crafted to regenerate and revitalize your skin, leaving it soft, smooth, and radiant. Pure and natural ingredients: Our body lotion is formulated with the highest quality organic ingredients. You won't find harsh chemicals or sulfates here. We believe in the purity of nature.<\/p>","protected":false},"featured_media":1638,"comment_status":"open","ping_status":"closed","template":"","meta":{"_acf_changed":false,"ocean_post_layout":"","ocean_both_sidebars_style":"","ocean_both_sidebars_content_width":0,"ocean_both_sidebars_sidebars_width":0,"ocean_sidebar":"0","ocean_second_sidebar":"0","ocean_disable_margins":"enable","ocean_add_body_class":"","ocean_shortcode_before_top_bar":"","ocean_shortcode_after_top_bar":"","ocean_shortcode_before_header":"","ocean_shortcode_after_header":"","ocean_has_shortcode":"","ocean_shortcode_after_title":"","ocean_shortcode_before_footer_widgets":"","ocean_shortcode_after_footer_widgets":"","ocean_shortcode_before_footer_bottom":"","ocean_shortcode_after_footer_bottom":"","ocean_display_top_bar":"default","ocean_display_header":"default","ocean_header_style":"","ocean_center_header_left_menu":"0","ocean_custom_header_template":"0","ocean_custom_logo":0,"ocean_custom_retina_logo":0,"ocean_custom_logo_max_width":0,"ocean_custom_logo_tablet_max_width":0,"ocean_custom_logo_mobile_max_width":0,"ocean_custom_logo_max_height":0,"ocean_custom_logo_tablet_max_height":0,"ocean_custom_logo_mobile_max_height":0,"ocean_header_custom_menu":"0","ocean_menu_typo_font_family":"0","ocean_menu_typo_font_subset":"","ocean_menu_typo_font_size":0,"ocean_menu_typo_font_size_tablet":0,"ocean_menu_typo_font_size_mobile":0,"ocean_menu_typo_font_size_unit":"px","ocean_menu_typo_font_weight":"","ocean_menu_typo_font_weight_tablet":"","ocean_menu_typo_font_weight_mobile":"","ocean_menu_typo_transform":"","ocean_menu_typo_transform_tablet":"","ocean_menu_typo_transform_mobile":"","ocean_menu_typo_line_height":0,"ocean_menu_typo_line_height_tablet":0,"ocean_menu_typo_line_height_mobile":0,"ocean_menu_typo_line_height_unit":"","ocean_menu_typo_spacing":0,"ocean_menu_typo_spacing_tablet":0,"ocean_menu_typo_spacing_mobile":0,"ocean_menu_typo_spacing_unit":"","ocean_menu_link_color":"","ocean_menu_link_color_hover":"","ocean_menu_link_color_active":"","ocean_menu_link_background":"","ocean_menu_link_hover_background":"","ocean_menu_link_active_background":"","ocean_menu_social_links_bg":"","ocean_menu_social_hover_links_bg":"","ocean_menu_social_links_color":"","ocean_menu_social_hover_links_color":"","ocean_disable_title":"default","ocean_disable_heading":"default","ocean_post_title":"","ocean_post_subheading":"","ocean_post_title_style":"","ocean_post_title_background_color":"","ocean_post_title_background":0,"ocean_post_title_bg_image_position":"","ocean_post_title_bg_image_attachment":"","ocean_post_title_bg_image_repeat":"","ocean_post_title_bg_image_size":"","ocean_post_title_height":0,"ocean_post_title_bg_overlay":0.5,"ocean_post_title_bg_overlay_color":"","ocean_disable_breadcrumbs":"default","ocean_breadcrumbs_color":"","ocean_breadcrumbs_separator_color":"","ocean_breadcrumbs_links_color":"","ocean_breadcrumbs_links_hover_color":"","ocean_display_footer_widgets":"default","ocean_display_footer_bottom":"default","ocean_custom_footer_template":"0","_glsr_average":5,"_glsr_ranking":3.6363636363636,"_glsr_reviews":1},"product_brand":[],"product_cat":[39,271],"product_tag":[273,154,231,155,138,117,221,111,110,114,137,224,146,199,270,135,254,88,312,113,156,140],"class_list":{"0":"post-1472","1":"product","2":"type-product","3":"status-publish","4":"has-post-thumbnail","6":"product_cat-creme-corps","7":"product_cat-marshay-organic-beauty","8":"product_tag-acacia","9":"product_tag-aloe-vera","10":"product_tag-avoine","11":"product_tag-calendula","12":"product_tag-coco","13":"product_tag-corps","14":"product_tag-cremes-corps","15":"product_tag-deshydratation","16":"product_tag-eclat","17":"product_tag-eczema","18":"product_tag-glycerine","19":"product_tag-hibiscus","20":"product_tag-karite","21":"product_tag-mangue","22":"product_tag-marshay-organic-beauty","23":"product_tag-produits","24":"product_tag-raisin","25":"product_tag-rose","26":"product_tag-secheresse-corps","27":"product_tag-sensible","28":"product_tag-tournesol","29":"product_tag-vitamine-e","31":"entry","32":"has-media","34":"first","35":"instock","36":"featured","37":"shipping-taxable","38":"purchasable","39":"product-type-variable","40":"has-rating","41":"has-product-nav","42":"col","43":"span_1_of_3","44":"owp-content-center","45":"owp-thumbs-layout-horizontal","46":"owp-btn-normal","47":"owp-tabs-layout-horizontal","48":"has-no-thumbnails"},"acf":[],"yoast_head":"<!-- This site is optimized with the Yoast SEO plugin v25.5 - https:\/\/yoast.com\/wordpress\/plugins\/seo\/ -->\n<title>Lotion hydratante pour le corps Sweet Mango + Rosewater - Lovy NK Kosm\u00e9tik<\/title>\n<meta name=\"description\" content=\"Apportez \u00e0 votre peau le soin et l&#039;hydratation qu&#039;elle m\u00e9rite gr\u00e2ce \u00e0 la lotion Marshay Organic Beauty au beurre de karit\u00e9 \u00e0 la mangue &amp; \u00e0 l&#039;eau de rose\" \/>\n<meta name=\"robots\" content=\"index, follow, max-snippet:-1, max-image-preview:large, max-video-preview:-1\" \/>\n<link rel=\"canonical\" href=\"https:\/\/lovynkkosmetik.fr\/en\/product\/lotion-hydratante-pour-le-corps-sweet-mango-rosewater\/\" \/>\n<meta property=\"og:locale\" content=\"en_US\" \/>\n<meta property=\"og:type\" content=\"article\" \/>\n<meta property=\"og:title\" content=\"Lotion hydratante pour le corps Sweet Mango + Rosewater - Lovy NK Kosm\u00e9tik\" \/>\n<meta property=\"og:description\" content=\"Apportez \u00e0 votre peau le soin et l&#039;hydratation qu&#039;elle m\u00e9rite gr\u00e2ce \u00e0 la lotion Marshay Organic Beauty au beurre de karit\u00e9 \u00e0 la mangue &amp; \u00e0 l&#039;eau de rose\" \/>\n<meta property=\"og:url\" content=\"https:\/\/lovynkkosmetik.fr\/en\/product\/lotion-hydratante-pour-le-corps-sweet-mango-rosewater\/\" \/>\n<meta property=\"og:site_name\" content=\"Lovy NK Kosm\u00e9tik\" \/>\n<meta property=\"article:modified_time\" content=\"2025-02-14T21:39:55+00:00\" \/>\n<meta property=\"og:image\" content=\"https:\/\/lovynkkosmetik.fr\/wp-content\/uploads\/2024\/05\/marshay-organic-beauty-body-lotion-mangue.jpg\" \/>\n\t<meta property=\"og:image:width\" content=\"1125\" \/>\n\t<meta property=\"og:image:height\" content=\"1397\" \/>\n\t<meta property=\"og:image:type\" content=\"image\/jpeg\" \/>\n<meta name=\"twitter:card\" content=\"summary_large_image\" \/>\n<meta name=\"twitter:label1\" content=\"Est. reading time\" \/>\n\t<meta name=\"twitter:data1\" content=\"2 minutes\" \/>\n<script type=\"application\/ld+json\" class=\"yoast-schema-graph\">{\"@context\":\"https:\/\/schema.org\",\"@graph\":[{\"@type\":\"WebPage\",\"@id\":\"https:\/\/lovynkkosmetik.fr\/produit\/lotion-hydratante-pour-le-corps-sweet-mango-rosewater\/\",\"url\":\"https:\/\/lovynkkosmetik.fr\/produit\/lotion-hydratante-pour-le-corps-sweet-mango-rosewater\/\",\"name\":\"Lotion hydratante pour le corps Sweet Mango + Rosewater - Lovy NK Kosm\u00e9tik\",\"isPartOf\":{\"@id\":\"https:\/\/lovynkkosmetik.fr\/#website\"},\"primaryImageOfPage\":{\"@id\":\"https:\/\/lovynkkosmetik.fr\/produit\/lotion-hydratante-pour-le-corps-sweet-mango-rosewater\/#primaryimage\"},\"image\":{\"@id\":\"https:\/\/lovynkkosmetik.fr\/produit\/lotion-hydratante-pour-le-corps-sweet-mango-rosewater\/#primaryimage\"},\"thumbnailUrl\":\"https:\/\/lovynkkosmetik.fr\/wp-content\/uploads\/2024\/05\/marshay-organic-beauty-body-lotion-mangue.jpg\",\"datePublished\":\"2024-05-24T20:11:42+00:00\",\"dateModified\":\"2025-02-14T21:39:55+00:00\",\"description\":\"Apportez \u00e0 votre peau le soin et l'hydratation qu'elle m\u00e9rite gr\u00e2ce \u00e0 la lotion Marshay Organic Beauty au beurre de karit\u00e9 \u00e0 la mangue & \u00e0 l'eau de rose\",\"breadcrumb\":{\"@id\":\"https:\/\/lovynkkosmetik.fr\/produit\/lotion-hydratante-pour-le-corps-sweet-mango-rosewater\/#breadcrumb\"},\"inLanguage\":\"en-US\",\"potentialAction\":[{\"@type\":\"ReadAction\",\"target\":[\"https:\/\/lovynkkosmetik.fr\/produit\/lotion-hydratante-pour-le-corps-sweet-mango-rosewater\/\"]}]},{\"@type\":\"ImageObject\",\"inLanguage\":\"en-US\",\"@id\":\"https:\/\/lovynkkosmetik.fr\/produit\/lotion-hydratante-pour-le-corps-sweet-mango-rosewater\/#primaryimage\",\"url\":\"https:\/\/lovynkkosmetik.fr\/wp-content\/uploads\/2024\/05\/marshay-organic-beauty-body-lotion-mangue.jpg\",\"contentUrl\":\"https:\/\/lovynkkosmetik.fr\/wp-content\/uploads\/2024\/05\/marshay-organic-beauty-body-lotion-mangue.jpg\",\"width\":1125,\"height\":1397,\"caption\":\"Marsha Organic Beauty - Body lotion mangue\"},{\"@type\":\"BreadcrumbList\",\"@id\":\"https:\/\/lovynkkosmetik.fr\/produit\/lotion-hydratante-pour-le-corps-sweet-mango-rosewater\/#breadcrumb\",\"itemListElement\":[{\"@type\":\"ListItem\",\"position\":1,\"name\":\"Accueil\",\"item\":\"https:\/\/lovynkkosmetik.fr\/\"},{\"@type\":\"ListItem\",\"position\":2,\"name\":\"Boutique\",\"item\":\"https:\/\/lovynkkosmetik.fr\/boutique\/\"},{\"@type\":\"ListItem\",\"position\":3,\"name\":\"Lotion hydratante pour le corps Sweet Mango + Rosewater\"}]},{\"@type\":\"WebSite\",\"@id\":\"https:\/\/lovynkkosmetik.fr\/#website\",\"url\":\"https:\/\/lovynkkosmetik.fr\/\",\"name\":\"Lovy NK Kosm\u00e9tik\",\"description\":\"Sublime ta m\u00e9lanine\",\"publisher\":{\"@id\":\"https:\/\/lovynkkosmetik.fr\/#organization\"},\"alternateName\":\"Lovy NK Kosm\u00e9tik\",\"potentialAction\":[{\"@type\":\"SearchAction\",\"target\":{\"@type\":\"EntryPoint\",\"urlTemplate\":\"https:\/\/lovynkkosmetik.fr\/?s={search_term_string}\"},\"query-input\":{\"@type\":\"PropertyValueSpecification\",\"valueRequired\":true,\"valueName\":\"search_term_string\"}}],\"inLanguage\":\"en-US\"},{\"@type\":\"Organization\",\"@id\":\"https:\/\/lovynkkosmetik.fr\/#organization\",\"name\":\"Lovy NK Kosm\u00e9tik\",\"alternateName\":\"Lovy NK Kosm\u00e9tik\",\"url\":\"https:\/\/lovynkkosmetik.fr\/\",\"logo\":{\"@type\":\"ImageObject\",\"inLanguage\":\"en-US\",\"@id\":\"https:\/\/lovynkkosmetik.fr\/#\/schema\/logo\/image\/\",\"url\":\"https:\/\/lovynkkosmetik.fr\/wp-content\/uploads\/2024\/05\/logo-lovy-nk-kosmetik-jaune.png\",\"contentUrl\":\"https:\/\/lovynkkosmetik.fr\/wp-content\/uploads\/2024\/05\/logo-lovy-nk-kosmetik-jaune.png\",\"width\":3699,\"height\":1417,\"caption\":\"Lovy NK Kosm\u00e9tik\"},\"image\":{\"@id\":\"https:\/\/lovynkkosmetik.fr\/#\/schema\/logo\/image\/\"}}]}<\/script>\n<!-- \/ Yoast SEO plugin. -->","yoast_head_json":{"title":"Lotion hydratante pour le corps Sweet Mango + Rosewater - Lovy NK Kosm\u00e9tik","description":"Apportez \u00e0 votre peau le soin et l'hydratation qu'elle m\u00e9rite gr\u00e2ce \u00e0 la lotion Marshay Organic Beauty au beurre de karit\u00e9 \u00e0 la mangue & \u00e0 l'eau de rose","robots":{"index":"index","follow":"follow","max-snippet":"max-snippet:-1","max-image-preview":"max-image-preview:large","max-video-preview":"max-video-preview:-1"},"canonical":"https:\/\/lovynkkosmetik.fr\/en\/product\/lotion-hydratante-pour-le-corps-sweet-mango-rosewater\/","og_locale":"en_US","og_type":"article","og_title":"Lotion hydratante pour le corps Sweet Mango + Rosewater - Lovy NK Kosm\u00e9tik","og_description":"Apportez \u00e0 votre peau le soin et l'hydratation qu'elle m\u00e9rite gr\u00e2ce \u00e0 la lotion Marshay Organic Beauty au beurre de karit\u00e9 \u00e0 la mangue & \u00e0 l'eau de rose","og_url":"https:\/\/lovynkkosmetik.fr\/en\/product\/lotion-hydratante-pour-le-corps-sweet-mango-rosewater\/","og_site_name":"Lovy NK Kosm\u00e9tik","article_modified_time":"2025-02-14T21:39:55+00:00","og_image":[{"width":1125,"height":1397,"url":"https:\/\/lovynkkosmetik.fr\/wp-content\/uploads\/2024\/05\/marshay-organic-beauty-body-lotion-mangue.jpg","type":"image\/jpeg"}],"twitter_card":"summary_large_image","twitter_misc":{"Est. reading time":"2 minutes"},"schema":{"@context":"https:\/\/schema.org","@graph":[{"@type":"WebPage","@id":"https:\/\/lovynkkosmetik.fr\/produit\/lotion-hydratante-pour-le-corps-sweet-mango-rosewater\/","url":"https:\/\/lovynkkosmetik.fr\/produit\/lotion-hydratante-pour-le-corps-sweet-mango-rosewater\/","name":"Lotion hydratante pour le corps Sweet Mango + Rosewater - Lovy NK Kosm\u00e9tik","isPartOf":{"@id":"https:\/\/lovynkkosmetik.fr\/#website"},"primaryImageOfPage":{"@id":"https:\/\/lovynkkosmetik.fr\/produit\/lotion-hydratante-pour-le-corps-sweet-mango-rosewater\/#primaryimage"},"image":{"@id":"https:\/\/lovynkkosmetik.fr\/produit\/lotion-hydratante-pour-le-corps-sweet-mango-rosewater\/#primaryimage"},"thumbnailUrl":"https:\/\/lovynkkosmetik.fr\/wp-content\/uploads\/2024\/05\/marshay-organic-beauty-body-lotion-mangue.jpg","datePublished":"2024-05-24T20:11:42+00:00","dateModified":"2025-02-14T21:39:55+00:00","description":"Apportez \u00e0 votre peau le soin et l'hydratation qu'elle m\u00e9rite gr\u00e2ce \u00e0 la lotion Marshay Organic Beauty au beurre de karit\u00e9 \u00e0 la mangue & \u00e0 l'eau de rose","breadcrumb":{"@id":"https:\/\/lovynkkosmetik.fr\/produit\/lotion-hydratante-pour-le-corps-sweet-mango-rosewater\/#breadcrumb"},"inLanguage":"en-US","potentialAction":[{"@type":"ReadAction","target":["https:\/\/lovynkkosmetik.fr\/produit\/lotion-hydratante-pour-le-corps-sweet-mango-rosewater\/"]}]},{"@type":"ImageObject","inLanguage":"en-US","@id":"https:\/\/lovynkkosmetik.fr\/produit\/lotion-hydratante-pour-le-corps-sweet-mango-rosewater\/#primaryimage","url":"https:\/\/lovynkkosmetik.fr\/wp-content\/uploads\/2024\/05\/marshay-organic-beauty-body-lotion-mangue.jpg","contentUrl":"https:\/\/lovynkkosmetik.fr\/wp-content\/uploads\/2024\/05\/marshay-organic-beauty-body-lotion-mangue.jpg","width":1125,"height":1397,"caption":"Marsha Organic Beauty - Body lotion mangue"},{"@type":"BreadcrumbList","@id":"https:\/\/lovynkkosmetik.fr\/produit\/lotion-hydratante-pour-le-corps-sweet-mango-rosewater\/#breadcrumb","itemListElement":[{"@type":"ListItem","position":1,"name":"Accueil","item":"https:\/\/lovynkkosmetik.fr\/"},{"@type":"ListItem","position":2,"name":"Boutique","item":"https:\/\/lovynkkosmetik.fr\/boutique\/"},{"@type":"ListItem","position":3,"name":"Lotion hydratante pour le corps Sweet Mango + Rosewater"}]},{"@type":"WebSite","@id":"https:\/\/lovynkkosmetik.fr\/#website","url":"https:\/\/lovynkkosmetik.fr\/","name":"Lovy NK Kosm\u00e9tik","description":"Sublime ta m\u00e9lanine","publisher":{"@id":"https:\/\/lovynkkosmetik.fr\/#organization"},"alternateName":"Lovy NK Kosm\u00e9tik","potentialAction":[{"@type":"SearchAction","target":{"@type":"EntryPoint","urlTemplate":"https:\/\/lovynkkosmetik.fr\/?s={search_term_string}"},"query-input":{"@type":"PropertyValueSpecification","valueRequired":true,"valueName":"search_term_string"}}],"inLanguage":"en-US"},{"@type":"Organization","@id":"https:\/\/lovynkkosmetik.fr\/#organization","name":"Lovy NK Kosm\u00e9tik","alternateName":"Lovy NK Kosm\u00e9tik","url":"https:\/\/lovynkkosmetik.fr\/","logo":{"@type":"ImageObject","inLanguage":"en-US","@id":"https:\/\/lovynkkosmetik.fr\/#\/schema\/logo\/image\/","url":"https:\/\/lovynkkosmetik.fr\/wp-content\/uploads\/2024\/05\/logo-lovy-nk-kosmetik-jaune.png","contentUrl":"https:\/\/lovynkkosmetik.fr\/wp-content\/uploads\/2024\/05\/logo-lovy-nk-kosmetik-jaune.png","width":3699,"height":1417,"caption":"Lovy NK Kosm\u00e9tik"},"image":{"@id":"https:\/\/lovynkkosmetik.fr\/#\/schema\/logo\/image\/"}}]}},"_links":{"self":[{"href":"https:\/\/lovynkkosmetik.fr\/en\/wp-json\/wp\/v2\/product\/1472","targetHints":{"allow":["GET"]}}],"collection":[{"href":"https:\/\/lovynkkosmetik.fr\/en\/wp-json\/wp\/v2\/product"}],"about":[{"href":"https:\/\/lovynkkosmetik.fr\/en\/wp-json\/wp\/v2\/types\/product"}],"replies":[{"embeddable":true,"href":"https:\/\/lovynkkosmetik.fr\/en\/wp-json\/wp\/v2\/comments?post=1472"}],"version-history":[{"count":0,"href":"https:\/\/lovynkkosmetik.fr\/en\/wp-json\/wp\/v2\/product\/1472\/revisions"}],"wp:featuredmedia":[{"embeddable":true,"href":"https:\/\/lovynkkosmetik.fr\/en\/wp-json\/wp\/v2\/media\/1638"}],"wp:attachment":[{"href":"https:\/\/lovynkkosmetik.fr\/en\/wp-json\/wp\/v2\/media?parent=1472"}],"wp:term":[{"taxonomy":"product_brand","embeddable":true,"href":"https:\/\/lovynkkosmetik.fr\/en\/wp-json\/wp\/v2\/product_brand?post=1472"},{"taxonomy":"product_cat","embeddable":true,"href":"https:\/\/lovynkkosmetik.fr\/en\/wp-json\/wp\/v2\/product_cat?post=1472"},{"taxonomy":"product_tag","embeddable":true,"href":"https:\/\/lovynkkosmetik.fr\/en\/wp-json\/wp\/v2\/product_tag?post=1472"}],"curies":[{"name":"wp","href":"https:\/\/api.w.org\/{rel}","templated":true}]}}