{"id":1453,"date":"2024-05-24T19:19:51","date_gmt":"2024-05-24T17:19:51","guid":{"rendered":"https:\/\/lovynkkosmetik.fr\/?post_type=product&#038;p=1453"},"modified":"2024-10-22T17:25:02","modified_gmt":"2024-10-22T15:25:02","slug":"anti-acne-serum-serum-anti-imperfections","status":"publish","type":"product","link":"https:\/\/lovynkkosmetik.fr\/en\/product\/anti-acne-serum-serum-anti-imperfections\/","title":{"rendered":"Anti-Acne Serum - Anti-imperfections serum"},"content":{"rendered":"<h2>Skin Type :<\/h2>\n<ul>\n<li>Oily Skin<\/li>\n<li>Combination Skin<\/li>\n<li>Normal Skin<\/li>\n<\/ul>\n<h2>Concerns :<\/h2>\n<p>Eliminates blemishes<\/p>\n<h2>Benefits :<\/h2>\n<p>Calendula is a precious ingredient known for its many benefits for the skin. Its anti-inflammatory, antiseptic and antibacterial properties provide rapid relief for rashes, eczema and chapped skin.<br \/>\nRosehip oil is rich in anti-inflammatory properties as well as beta-carotene, vitamins A and C. It thus helps combat the signs of skin ageing.<br \/>\nOlive oil: purifying, moisturizing, soothing.<br \/>\nGrape seed oil: antioxidant, sebum regulator, cleanser, skin regenerator.<br \/>\nGeranium essential oil is known for its astringent properties, helping to tighten pores and tone the skin.<br \/>\nDill essential oil is another beneficial ingredient that boosts skin elasticity, smoothes fine lines and helps prevent acne.<br \/>\nThe ultimate combo of exceptional ingredients to effectively treat your imperfections.<\/p>\n<h2>How to use :<\/h2>\n<p>For optimal use of your anti-blemish serum, here are a few steps to follow:<\/p>\n<p>Be sure to shake the bottle well before each use to mix the ingredients evenly.<br \/>\nUse the dropper to dispense 2-3 drops of serum.<br \/>\nGently apply the serum to your clean face and neck, tapping lightly with your fingertips.<br \/>\nTo complete your skincare routine, follow with a moisturizer suited to your skin type.<br \/>\nUse this serum every evening to achieve visible results and more beautiful skin over time. Don't forget to continue caring for your skin with a complete routine to maximize the benefits of the serum.<br \/>\n\u26a0\ufe0fSi you decide to use this serum in the morning, it's important to take certain precautions due to the presence of essential oils. These oils can make your skin more sensitive to the sun and cause a photosensitivity reaction. To avoid any risk, we recommend applying it at night rather than in the morning.<br \/>\nHowever, if you prefer to use it in the morning, make sure you protect yourself from the sun by using a natural sunscreen suited to your skin type. It's best to choose sunscreens that don't contain harsh chemicals.<\/p>\n<h2>Ingredients :<\/h2>\n<p>Calendula oil, dill essential oil, rosehip oil, geranium essential oil.<\/p>\n<h2>Precautions for use :<\/h2>\n<p>To avoid any undesirable reaction, it is advisable to carry out a skin test beforehand. Apply a small amount of serum to the crease of your elbow and observe your skin's reaction for at least 24 hours. If there is no irritation or redness, the serum is probably safe to use. However, if signs of irritation or allergy appear, it's best not to use the product on your face.<\/p>\n<h2>Wright Life Wild Crafting \u2013 Brand Story (Summary):<\/h2>\n<p>When I was seven months pregnant with my son Oliver, I attended an art exhibition in Haida Gwaii. A display showing the amount of plastic pollution collected from the beach in just one hour caught my attention. My heart sank as I calculated the number of shampoo bottles, toothbrushes, phone cases, pens, and other items I disposed of each year.<\/p>\n<p>A few months later, I was diagnosed with postpartum anxiety\u2014a condition that made me obsessed with controlling what entered my child\u2019s body and reducing my family's carbon footprint. Switching to zero-waste and reusable products was easier than I had expected. However, despite countless sleepless nights researching, I couldn't find a natural, local, and sustainable skincare line that I loved, that actually worked, and that didn\u2019t cost a fortune.<\/p>\n<p>To cope with my postpartum anxiety, I spent a lot of time in nature, reflecting on how local herbs and plants could be used to create a line of eco-friendly and chemical-free beauty products. This journey led me to found Wright Life Wild Crafting, offering a luxurious skincare line made from locally and sustainably sourced ingredients.<\/p>\n<p>Everything we create is rooted in the magic of nature, proudly **hand-poured and sealed with love.<\/p>\n<h2>Blog post:<\/h2>\n<p><a href=\"https:\/\/lovynkkosmetik.fr\/en\/4-raisons-dintegrer-un-serum-a-ta-routine\/\">Pourquoi mettre un s\u00e9rum ?\u00a0<\/a><\/p>","protected":false},"excerpt":{"rendered":"<p>This anti-blemish serum is made by slowly infusing calendula and rosehip in organic olive and grapeseed oils. Enriched with freshly-grown dill and geranium essential oils, it effectively combats skin imperfections.<\/p>","protected":false},"featured_media":1260,"comment_status":"open","ping_status":"closed","template":"","meta":{"_acf_changed":false,"ocean_post_layout":"","ocean_both_sidebars_style":"","ocean_both_sidebars_content_width":0,"ocean_both_sidebars_sidebars_width":0,"ocean_sidebar":"0","ocean_second_sidebar":"0","ocean_disable_margins":"enable","ocean_add_body_class":"","ocean_shortcode_before_top_bar":"","ocean_shortcode_after_top_bar":"","ocean_shortcode_before_header":"","ocean_shortcode_after_header":"","ocean_has_shortcode":"","ocean_shortcode_after_title":"","ocean_shortcode_before_footer_widgets":"","ocean_shortcode_after_footer_widgets":"","ocean_shortcode_before_footer_bottom":"","ocean_shortcode_after_footer_bottom":"","ocean_display_top_bar":"default","ocean_display_header":"default","ocean_header_style":"","ocean_center_header_left_menu":"0","ocean_custom_header_template":"0","ocean_custom_logo":0,"ocean_custom_retina_logo":0,"ocean_custom_logo_max_width":0,"ocean_custom_logo_tablet_max_width":0,"ocean_custom_logo_mobile_max_width":0,"ocean_custom_logo_max_height":0,"ocean_custom_logo_tablet_max_height":0,"ocean_custom_logo_mobile_max_height":0,"ocean_header_custom_menu":"0","ocean_menu_typo_font_family":"0","ocean_menu_typo_font_subset":"","ocean_menu_typo_font_size":0,"ocean_menu_typo_font_size_tablet":0,"ocean_menu_typo_font_size_mobile":0,"ocean_menu_typo_font_size_unit":"px","ocean_menu_typo_font_weight":"","ocean_menu_typo_font_weight_tablet":"","ocean_menu_typo_font_weight_mobile":"","ocean_menu_typo_transform":"","ocean_menu_typo_transform_tablet":"","ocean_menu_typo_transform_mobile":"","ocean_menu_typo_line_height":0,"ocean_menu_typo_line_height_tablet":0,"ocean_menu_typo_line_height_mobile":0,"ocean_menu_typo_line_height_unit":"","ocean_menu_typo_spacing":0,"ocean_menu_typo_spacing_tablet":0,"ocean_menu_typo_spacing_mobile":0,"ocean_menu_typo_spacing_unit":"","ocean_menu_link_color":"","ocean_menu_link_color_hover":"","ocean_menu_link_color_active":"","ocean_menu_link_background":"","ocean_menu_link_hover_background":"","ocean_menu_link_active_background":"","ocean_menu_social_links_bg":"","ocean_menu_social_hover_links_bg":"","ocean_menu_social_links_color":"","ocean_menu_social_hover_links_color":"","ocean_disable_title":"default","ocean_disable_heading":"default","ocean_post_title":"","ocean_post_subheading":"","ocean_post_title_style":"","ocean_post_title_background_color":"","ocean_post_title_background":0,"ocean_post_title_bg_image_position":"","ocean_post_title_bg_image_attachment":"","ocean_post_title_bg_image_repeat":"","ocean_post_title_bg_image_size":"","ocean_post_title_height":0,"ocean_post_title_bg_overlay":0.5,"ocean_post_title_bg_overlay_color":"","ocean_disable_breadcrumbs":"default","ocean_breadcrumbs_color":"","ocean_breadcrumbs_separator_color":"","ocean_breadcrumbs_links_color":"","ocean_breadcrumbs_links_hover_color":"","ocean_display_footer_widgets":"default","ocean_display_footer_bottom":"default","ocean_custom_footer_template":"0","_glsr_average":0,"_glsr_ranking":0,"_glsr_reviews":0},"product_brand":[],"product_cat":[49,76],"product_tag":[256,108,155,111,114,248,104,79,106,99,98,101,107,135,171,118,250],"class_list":{"0":"post-1453","1":"product","2":"type-product","3":"status-publish","4":"has-post-thumbnail","6":"product_cat-serums","7":"product_cat-wright-life-wild-crafting","8":"product_tag-aneth","9":"product_tag-brillance","10":"product_tag-calendula","11":"product_tag-deshydratation","12":"product_tag-eczema","13":"product_tag-eglantier","14":"product_tag-fermete","15":"product_tag-geranium","16":"product_tag-imperfections","17":"product_tag-peau-grasse","18":"product_tag-peau-mixte","19":"product_tag-peau-normale","20":"product_tag-pores-dilates","21":"product_tag-produits","22":"product_tag-serums","23":"product_tag-visage","24":"product_tag-wright-life-wild-crafting","26":"entry","27":"has-media","29":"first","30":"instock","31":"shipping-taxable","32":"purchasable","33":"product-type-simple","34":"has-product-nav","35":"col","36":"span_1_of_3","37":"owp-content-center","38":"owp-thumbs-layout-horizontal","39":"owp-btn-normal","40":"owp-tabs-layout-horizontal","41":"has-no-thumbnails"},"acf":[],"yoast_head":"<!-- This site is optimized with the Yoast SEO plugin v25.5 - https:\/\/yoast.com\/wordpress\/plugins\/seo\/ -->\n<title>Anti-Acne Serum - S\u00e9rum anti imperfections - Lovy NK Kosm\u00e9tik<\/title>\n<meta name=\"description\" content=\"D\u00e9couvre ce s\u00e9rum anti-imperfections qui a fabriqu\u00e9 en infusant du calendula et de l&#039;\u00e9glantier dans des huiles d&#039;olive et de p\u00e9pins de raisin biologiques.\" \/>\n<meta name=\"robots\" content=\"index, follow, max-snippet:-1, max-image-preview:large, max-video-preview:-1\" \/>\n<link rel=\"canonical\" href=\"https:\/\/lovynkkosmetik.fr\/en\/product\/anti-acne-serum-serum-anti-imperfections\/\" \/>\n<meta property=\"og:locale\" content=\"en_US\" \/>\n<meta property=\"og:type\" content=\"article\" \/>\n<meta property=\"og:title\" content=\"Anti-Acne Serum - S\u00e9rum anti imperfections - Lovy NK Kosm\u00e9tik\" \/>\n<meta property=\"og:description\" content=\"D\u00e9couvre ce s\u00e9rum anti-imperfections qui a fabriqu\u00e9 en infusant du calendula et de l&#039;\u00e9glantier dans des huiles d&#039;olive et de p\u00e9pins de raisin biologiques.\" \/>\n<meta property=\"og:url\" content=\"https:\/\/lovynkkosmetik.fr\/en\/product\/anti-acne-serum-serum-anti-imperfections\/\" \/>\n<meta property=\"og:site_name\" content=\"Lovy NK Kosm\u00e9tik\" \/>\n<meta property=\"article:modified_time\" content=\"2024-10-22T15:25:02+00:00\" \/>\n<meta property=\"og:image\" content=\"https:\/\/lovynkkosmetik.fr\/wp-content\/uploads\/2024\/04\/wright-life-wild-crafting-anti-acne.jpg\" \/>\n\t<meta property=\"og:image:width\" content=\"2048\" \/>\n\t<meta property=\"og:image:height\" content=\"1473\" \/>\n\t<meta property=\"og:image:type\" content=\"image\/jpeg\" \/>\n<meta name=\"twitter:card\" content=\"summary_large_image\" \/>\n<meta name=\"twitter:label1\" content=\"Est. reading time\" \/>\n\t<meta name=\"twitter:data1\" content=\"4 minutes\" \/>\n<script type=\"application\/ld+json\" class=\"yoast-schema-graph\">{\"@context\":\"https:\/\/schema.org\",\"@graph\":[{\"@type\":\"WebPage\",\"@id\":\"https:\/\/lovynkkosmetik.fr\/produit\/anti-acne-serum-serum-anti-imperfections\/\",\"url\":\"https:\/\/lovynkkosmetik.fr\/produit\/anti-acne-serum-serum-anti-imperfections\/\",\"name\":\"Anti-Acne Serum - S\u00e9rum anti imperfections - Lovy NK Kosm\u00e9tik\",\"isPartOf\":{\"@id\":\"https:\/\/lovynkkosmetik.fr\/#website\"},\"primaryImageOfPage\":{\"@id\":\"https:\/\/lovynkkosmetik.fr\/produit\/anti-acne-serum-serum-anti-imperfections\/#primaryimage\"},\"image\":{\"@id\":\"https:\/\/lovynkkosmetik.fr\/produit\/anti-acne-serum-serum-anti-imperfections\/#primaryimage\"},\"thumbnailUrl\":\"https:\/\/lovynkkosmetik.fr\/wp-content\/uploads\/2024\/04\/wright-life-wild-crafting-anti-acne.jpg\",\"datePublished\":\"2024-05-24T17:19:51+00:00\",\"dateModified\":\"2024-10-22T15:25:02+00:00\",\"description\":\"D\u00e9couvre ce s\u00e9rum anti-imperfections qui a fabriqu\u00e9 en infusant du calendula et de l'\u00e9glantier dans des huiles d'olive et de p\u00e9pins de raisin biologiques.\",\"breadcrumb\":{\"@id\":\"https:\/\/lovynkkosmetik.fr\/produit\/anti-acne-serum-serum-anti-imperfections\/#breadcrumb\"},\"inLanguage\":\"en-US\",\"potentialAction\":[{\"@type\":\"ReadAction\",\"target\":[\"https:\/\/lovynkkosmetik.fr\/produit\/anti-acne-serum-serum-anti-imperfections\/\"]}]},{\"@type\":\"ImageObject\",\"inLanguage\":\"en-US\",\"@id\":\"https:\/\/lovynkkosmetik.fr\/produit\/anti-acne-serum-serum-anti-imperfections\/#primaryimage\",\"url\":\"https:\/\/lovynkkosmetik.fr\/wp-content\/uploads\/2024\/04\/wright-life-wild-crafting-anti-acne.jpg\",\"contentUrl\":\"https:\/\/lovynkkosmetik.fr\/wp-content\/uploads\/2024\/04\/wright-life-wild-crafting-anti-acne.jpg\",\"width\":2048,\"height\":1473,\"caption\":\"Wright Life Wild Crafting - Anti-acn\u00e9 serum\"},{\"@type\":\"BreadcrumbList\",\"@id\":\"https:\/\/lovynkkosmetik.fr\/produit\/anti-acne-serum-serum-anti-imperfections\/#breadcrumb\",\"itemListElement\":[{\"@type\":\"ListItem\",\"position\":1,\"name\":\"Accueil\",\"item\":\"https:\/\/lovynkkosmetik.fr\/\"},{\"@type\":\"ListItem\",\"position\":2,\"name\":\"Boutique\",\"item\":\"https:\/\/lovynkkosmetik.fr\/boutique\/\"},{\"@type\":\"ListItem\",\"position\":3,\"name\":\"Anti-Acne Serum &#8211; S\u00e9rum anti imperfections\"}]},{\"@type\":\"WebSite\",\"@id\":\"https:\/\/lovynkkosmetik.fr\/#website\",\"url\":\"https:\/\/lovynkkosmetik.fr\/\",\"name\":\"Lovy NK Kosm\u00e9tik\",\"description\":\"Sublime ta m\u00e9lanine\",\"publisher\":{\"@id\":\"https:\/\/lovynkkosmetik.fr\/#organization\"},\"alternateName\":\"Lovy NK Kosm\u00e9tik\",\"potentialAction\":[{\"@type\":\"SearchAction\",\"target\":{\"@type\":\"EntryPoint\",\"urlTemplate\":\"https:\/\/lovynkkosmetik.fr\/?s={search_term_string}\"},\"query-input\":{\"@type\":\"PropertyValueSpecification\",\"valueRequired\":true,\"valueName\":\"search_term_string\"}}],\"inLanguage\":\"en-US\"},{\"@type\":\"Organization\",\"@id\":\"https:\/\/lovynkkosmetik.fr\/#organization\",\"name\":\"Lovy NK Kosm\u00e9tik\",\"alternateName\":\"Lovy NK Kosm\u00e9tik\",\"url\":\"https:\/\/lovynkkosmetik.fr\/\",\"logo\":{\"@type\":\"ImageObject\",\"inLanguage\":\"en-US\",\"@id\":\"https:\/\/lovynkkosmetik.fr\/#\/schema\/logo\/image\/\",\"url\":\"https:\/\/lovynkkosmetik.fr\/wp-content\/uploads\/2024\/05\/logo-lovy-nk-kosmetik-jaune.png\",\"contentUrl\":\"https:\/\/lovynkkosmetik.fr\/wp-content\/uploads\/2024\/05\/logo-lovy-nk-kosmetik-jaune.png\",\"width\":3699,\"height\":1417,\"caption\":\"Lovy NK Kosm\u00e9tik\"},\"image\":{\"@id\":\"https:\/\/lovynkkosmetik.fr\/#\/schema\/logo\/image\/\"}}]}<\/script>\n<!-- \/ Yoast SEO plugin. -->","yoast_head_json":{"title":"Anti-Acne Serum - S\u00e9rum anti imperfections - Lovy NK Kosm\u00e9tik","description":"D\u00e9couvre ce s\u00e9rum anti-imperfections qui a fabriqu\u00e9 en infusant du calendula et de l'\u00e9glantier dans des huiles d'olive et de p\u00e9pins de raisin biologiques.","robots":{"index":"index","follow":"follow","max-snippet":"max-snippet:-1","max-image-preview":"max-image-preview:large","max-video-preview":"max-video-preview:-1"},"canonical":"https:\/\/lovynkkosmetik.fr\/en\/product\/anti-acne-serum-serum-anti-imperfections\/","og_locale":"en_US","og_type":"article","og_title":"Anti-Acne Serum - S\u00e9rum anti imperfections - Lovy NK Kosm\u00e9tik","og_description":"D\u00e9couvre ce s\u00e9rum anti-imperfections qui a fabriqu\u00e9 en infusant du calendula et de l'\u00e9glantier dans des huiles d'olive et de p\u00e9pins de raisin biologiques.","og_url":"https:\/\/lovynkkosmetik.fr\/en\/product\/anti-acne-serum-serum-anti-imperfections\/","og_site_name":"Lovy NK Kosm\u00e9tik","article_modified_time":"2024-10-22T15:25:02+00:00","og_image":[{"width":2048,"height":1473,"url":"https:\/\/lovynkkosmetik.fr\/wp-content\/uploads\/2024\/04\/wright-life-wild-crafting-anti-acne.jpg","type":"image\/jpeg"}],"twitter_card":"summary_large_image","twitter_misc":{"Est. reading time":"4 minutes"},"schema":{"@context":"https:\/\/schema.org","@graph":[{"@type":"WebPage","@id":"https:\/\/lovynkkosmetik.fr\/produit\/anti-acne-serum-serum-anti-imperfections\/","url":"https:\/\/lovynkkosmetik.fr\/produit\/anti-acne-serum-serum-anti-imperfections\/","name":"Anti-Acne Serum - S\u00e9rum anti imperfections - Lovy NK Kosm\u00e9tik","isPartOf":{"@id":"https:\/\/lovynkkosmetik.fr\/#website"},"primaryImageOfPage":{"@id":"https:\/\/lovynkkosmetik.fr\/produit\/anti-acne-serum-serum-anti-imperfections\/#primaryimage"},"image":{"@id":"https:\/\/lovynkkosmetik.fr\/produit\/anti-acne-serum-serum-anti-imperfections\/#primaryimage"},"thumbnailUrl":"https:\/\/lovynkkosmetik.fr\/wp-content\/uploads\/2024\/04\/wright-life-wild-crafting-anti-acne.jpg","datePublished":"2024-05-24T17:19:51+00:00","dateModified":"2024-10-22T15:25:02+00:00","description":"D\u00e9couvre ce s\u00e9rum anti-imperfections qui a fabriqu\u00e9 en infusant du calendula et de l'\u00e9glantier dans des huiles d'olive et de p\u00e9pins de raisin biologiques.","breadcrumb":{"@id":"https:\/\/lovynkkosmetik.fr\/produit\/anti-acne-serum-serum-anti-imperfections\/#breadcrumb"},"inLanguage":"en-US","potentialAction":[{"@type":"ReadAction","target":["https:\/\/lovynkkosmetik.fr\/produit\/anti-acne-serum-serum-anti-imperfections\/"]}]},{"@type":"ImageObject","inLanguage":"en-US","@id":"https:\/\/lovynkkosmetik.fr\/produit\/anti-acne-serum-serum-anti-imperfections\/#primaryimage","url":"https:\/\/lovynkkosmetik.fr\/wp-content\/uploads\/2024\/04\/wright-life-wild-crafting-anti-acne.jpg","contentUrl":"https:\/\/lovynkkosmetik.fr\/wp-content\/uploads\/2024\/04\/wright-life-wild-crafting-anti-acne.jpg","width":2048,"height":1473,"caption":"Wright Life Wild Crafting - Anti-acn\u00e9 serum"},{"@type":"BreadcrumbList","@id":"https:\/\/lovynkkosmetik.fr\/produit\/anti-acne-serum-serum-anti-imperfections\/#breadcrumb","itemListElement":[{"@type":"ListItem","position":1,"name":"Accueil","item":"https:\/\/lovynkkosmetik.fr\/"},{"@type":"ListItem","position":2,"name":"Boutique","item":"https:\/\/lovynkkosmetik.fr\/boutique\/"},{"@type":"ListItem","position":3,"name":"Anti-Acne Serum &#8211; S\u00e9rum anti imperfections"}]},{"@type":"WebSite","@id":"https:\/\/lovynkkosmetik.fr\/#website","url":"https:\/\/lovynkkosmetik.fr\/","name":"Lovy NK Kosm\u00e9tik","description":"Sublime ta m\u00e9lanine","publisher":{"@id":"https:\/\/lovynkkosmetik.fr\/#organization"},"alternateName":"Lovy NK Kosm\u00e9tik","potentialAction":[{"@type":"SearchAction","target":{"@type":"EntryPoint","urlTemplate":"https:\/\/lovynkkosmetik.fr\/?s={search_term_string}"},"query-input":{"@type":"PropertyValueSpecification","valueRequired":true,"valueName":"search_term_string"}}],"inLanguage":"en-US"},{"@type":"Organization","@id":"https:\/\/lovynkkosmetik.fr\/#organization","name":"Lovy NK Kosm\u00e9tik","alternateName":"Lovy NK Kosm\u00e9tik","url":"https:\/\/lovynkkosmetik.fr\/","logo":{"@type":"ImageObject","inLanguage":"en-US","@id":"https:\/\/lovynkkosmetik.fr\/#\/schema\/logo\/image\/","url":"https:\/\/lovynkkosmetik.fr\/wp-content\/uploads\/2024\/05\/logo-lovy-nk-kosmetik-jaune.png","contentUrl":"https:\/\/lovynkkosmetik.fr\/wp-content\/uploads\/2024\/05\/logo-lovy-nk-kosmetik-jaune.png","width":3699,"height":1417,"caption":"Lovy NK Kosm\u00e9tik"},"image":{"@id":"https:\/\/lovynkkosmetik.fr\/#\/schema\/logo\/image\/"}}]}},"_links":{"self":[{"href":"https:\/\/lovynkkosmetik.fr\/en\/wp-json\/wp\/v2\/product\/1453","targetHints":{"allow":["GET"]}}],"collection":[{"href":"https:\/\/lovynkkosmetik.fr\/en\/wp-json\/wp\/v2\/product"}],"about":[{"href":"https:\/\/lovynkkosmetik.fr\/en\/wp-json\/wp\/v2\/types\/product"}],"replies":[{"embeddable":true,"href":"https:\/\/lovynkkosmetik.fr\/en\/wp-json\/wp\/v2\/comments?post=1453"}],"version-history":[{"count":0,"href":"https:\/\/lovynkkosmetik.fr\/en\/wp-json\/wp\/v2\/product\/1453\/revisions"}],"wp:featuredmedia":[{"embeddable":true,"href":"https:\/\/lovynkkosmetik.fr\/en\/wp-json\/wp\/v2\/media\/1260"}],"wp:attachment":[{"href":"https:\/\/lovynkkosmetik.fr\/en\/wp-json\/wp\/v2\/media?parent=1453"}],"wp:term":[{"taxonomy":"product_brand","embeddable":true,"href":"https:\/\/lovynkkosmetik.fr\/en\/wp-json\/wp\/v2\/product_brand?post=1453"},{"taxonomy":"product_cat","embeddable":true,"href":"https:\/\/lovynkkosmetik.fr\/en\/wp-json\/wp\/v2\/product_cat?post=1453"},{"taxonomy":"product_tag","embeddable":true,"href":"https:\/\/lovynkkosmetik.fr\/en\/wp-json\/wp\/v2\/product_tag?post=1453"}],"curies":[{"name":"wp","href":"https:\/\/api.w.org\/{rel}","templated":true}]}}