{"id":1444,"date":"2024-05-24T00:11:14","date_gmt":"2024-05-23T22:11:14","guid":{"rendered":"https:\/\/lovynkkosmetik.fr\/?post_type=product&#038;p=1444"},"modified":"2024-11-22T22:13:47","modified_gmt":"2024-11-22T21:13:47","slug":"serum-vitamine-c","status":"publish","type":"product","link":"https:\/\/lovynkkosmetik.fr\/en\/product\/serum-vitamine-c\/","title":{"rendered":"Vitamin C Serum"},"content":{"rendered":"<h2>Skin Type :<\/h2>\n<p>Suitable for all skin types<\/p>\n<h2>Benefits :<\/h2>\n<p>Brightens the skin for a radiant complexion<br \/>\nFirms and tones for a youthful appearance<br \/>\nReduces visible signs of aging<br \/>\nRosehip, rich in beta-carotene and vitamins A and C, offers powerful anti-inflammatory benefits and effectively helps combat signs of aging.<\/p>\n<p>Carrot, packed with antioxidants and vitamins A, B, C, D, and E, helps protect the skin from environmental damage while maintaining its natural glow.<\/p>\n<p>Star anise helps fade dark spots, firms the skin, and smooths fine lines for a more even, youthful look.<\/p>\n<p>Black walnut soothes and calms skin conditions such as eczema and psoriasis, offering relief and promoting healthier skin.<\/p>\n<h2>How to use :<\/h2>\n<p>Use the dropper to apply 1\u20132 drops into your hands. Gently press or massage onto your entire face.<br \/>\nFinish with your regular moisturizer.<br \/>\nYou can use the Vitamin C serum in the morning and\/or evening.<\/p>\n<h2>Ingredients :<\/h2>\n<p>Rosehip, carrot, star anise, fireweed, black walnut, ashwagandha powder, orange peel, grapefruit peel, coconut milk powder.<\/p>\n<h2>Precautions for use :<\/h2>\n<p>Perform a patch test on the inside of your elbow a few hours before use to ensure no sensitivity to the active ingredients.<br \/>\nContains no essential oils.<\/p>\n<h2>Wright Life Wild Crafting \u2013 Brand Story (Summary):<\/h2>\n<p>When I was seven months pregnant with my son Oliver, I attended an art exhibition in Haida Gwaii. A display showing the amount of plastic pollution collected from the beach in just one hour caught my attention. My heart sank as I calculated the number of shampoo bottles, toothbrushes, phone cases, pens, and other items I disposed of each year.<\/p>","protected":false},"excerpt":{"rendered":"<p>This Vitamin C Serum is a unique infusion of wildcrafted rosehip and freshly harvested garden carrots. Enriched with star anise and frankincense, it fights signs of aging and revives dull skin to reveal a radiant, glowing complexion.<\/p>","protected":false},"featured_media":1262,"comment_status":"open","ping_status":"closed","template":"","meta":{"_acf_changed":false,"ocean_post_layout":"","ocean_both_sidebars_style":"","ocean_both_sidebars_content_width":0,"ocean_both_sidebars_sidebars_width":0,"ocean_sidebar":"0","ocean_second_sidebar":"0","ocean_disable_margins":"enable","ocean_add_body_class":"","ocean_shortcode_before_top_bar":"","ocean_shortcode_after_top_bar":"","ocean_shortcode_before_header":"","ocean_shortcode_after_header":"","ocean_has_shortcode":"","ocean_shortcode_after_title":"","ocean_shortcode_before_footer_widgets":"","ocean_shortcode_after_footer_widgets":"","ocean_shortcode_before_footer_bottom":"","ocean_shortcode_after_footer_bottom":"","ocean_display_top_bar":"default","ocean_display_header":"default","ocean_header_style":"","ocean_center_header_left_menu":"0","ocean_custom_header_template":"0","ocean_custom_logo":0,"ocean_custom_retina_logo":0,"ocean_custom_logo_max_width":0,"ocean_custom_logo_tablet_max_width":0,"ocean_custom_logo_mobile_max_width":0,"ocean_custom_logo_max_height":0,"ocean_custom_logo_tablet_max_height":0,"ocean_custom_logo_mobile_max_height":0,"ocean_header_custom_menu":"0","ocean_menu_typo_font_family":"0","ocean_menu_typo_font_subset":"","ocean_menu_typo_font_size":0,"ocean_menu_typo_font_size_tablet":0,"ocean_menu_typo_font_size_mobile":0,"ocean_menu_typo_font_size_unit":"px","ocean_menu_typo_font_weight":"","ocean_menu_typo_font_weight_tablet":"","ocean_menu_typo_font_weight_mobile":"","ocean_menu_typo_transform":"","ocean_menu_typo_transform_tablet":"","ocean_menu_typo_transform_mobile":"","ocean_menu_typo_line_height":0,"ocean_menu_typo_line_height_tablet":0,"ocean_menu_typo_line_height_mobile":0,"ocean_menu_typo_line_height_unit":"","ocean_menu_typo_spacing":0,"ocean_menu_typo_spacing_tablet":0,"ocean_menu_typo_spacing_mobile":0,"ocean_menu_typo_spacing_unit":"","ocean_menu_link_color":"","ocean_menu_link_color_hover":"","ocean_menu_link_color_active":"","ocean_menu_link_background":"","ocean_menu_link_hover_background":"","ocean_menu_link_active_background":"","ocean_menu_social_links_bg":"","ocean_menu_social_hover_links_bg":"","ocean_menu_social_links_color":"","ocean_menu_social_hover_links_color":"","ocean_disable_title":"default","ocean_disable_heading":"default","ocean_post_title":"","ocean_post_subheading":"","ocean_post_title_style":"","ocean_post_title_background_color":"","ocean_post_title_background":0,"ocean_post_title_bg_image_position":"","ocean_post_title_bg_image_attachment":"","ocean_post_title_bg_image_repeat":"","ocean_post_title_bg_image_size":"","ocean_post_title_height":0,"ocean_post_title_bg_overlay":0.5,"ocean_post_title_bg_overlay_color":"","ocean_disable_breadcrumbs":"default","ocean_breadcrumbs_color":"","ocean_breadcrumbs_separator_color":"","ocean_breadcrumbs_links_color":"","ocean_breadcrumbs_links_hover_color":"","ocean_display_footer_widgets":"default","ocean_display_footer_bottom":"default","ocean_custom_footer_template":"0","_glsr_average":4,"_glsr_ranking":3.5454545454545,"_glsr_reviews":1},"product_brand":[],"product_cat":[49,76],"product_tag":[251,103,245,110,114,104,252,201,163,99,98,101,100,135,115,88,171,109,118,250],"class_list":{"0":"post-1444","1":"product","2":"type-product","3":"status-publish","4":"has-post-thumbnail","6":"product_cat-serums","7":"product_cat-wright-life-wild-crafting","8":"product_tag-anis","9":"product_tag-anti-age","10":"product_tag-carotte","11":"product_tag-eclat","12":"product_tag-eczema","13":"product_tag-fermete","14":"product_tag-noix","15":"product_tag-orange","16":"product_tag-pamplemousse","17":"product_tag-peau-grasse","18":"product_tag-peau-mixte","19":"product_tag-peau-normale","20":"product_tag-peau-seche","21":"product_tag-produits","22":"product_tag-psoriasis","23":"product_tag-rose","24":"product_tag-serums","25":"product_tag-taches","26":"product_tag-visage","27":"product_tag-wright-life-wild-crafting","29":"entry","30":"has-media","32":"first","33":"instock","34":"shipping-taxable","35":"purchasable","36":"product-type-simple","37":"has-rating","38":"has-product-nav","39":"col","40":"span_1_of_3","41":"owp-content-center","42":"owp-thumbs-layout-horizontal","43":"owp-btn-normal","44":"owp-tabs-layout-horizontal","45":"has-no-thumbnails"},"acf":[],"yoast_head":"<!-- This site is optimized with the Yoast SEO plugin v25.5 - https:\/\/yoast.com\/wordpress\/plugins\/seo\/ -->\n<title>S\u00e9rum \u00e0 la vitamine C - Lovy NK Kosm\u00e9tik<\/title>\n<meta name=\"description\" content=\"Ce s\u00e9rum \u00e0 la vitamine C est une infusion de rose musqu\u00e9e et de carottes. Il combat les signes du vieillissement et illumine les peaux ternes.\" \/>\n<meta name=\"robots\" content=\"index, follow, max-snippet:-1, max-image-preview:large, max-video-preview:-1\" \/>\n<link rel=\"canonical\" href=\"https:\/\/lovynkkosmetik.fr\/en\/product\/serum-vitamine-c\/\" \/>\n<meta property=\"og:locale\" content=\"en_US\" \/>\n<meta property=\"og:type\" content=\"article\" \/>\n<meta property=\"og:title\" content=\"S\u00e9rum \u00e0 la vitamine C - Lovy NK Kosm\u00e9tik\" \/>\n<meta property=\"og:description\" content=\"Ce s\u00e9rum \u00e0 la vitamine C est une infusion de rose musqu\u00e9e et de carottes. Il combat les signes du vieillissement et illumine les peaux ternes.\" \/>\n<meta property=\"og:url\" content=\"https:\/\/lovynkkosmetik.fr\/en\/product\/serum-vitamine-c\/\" \/>\n<meta property=\"og:site_name\" content=\"Lovy NK Kosm\u00e9tik\" \/>\n<meta property=\"article:modified_time\" content=\"2024-11-22T21:13:47+00:00\" \/>\n<meta property=\"og:image\" content=\"https:\/\/lovynkkosmetik.fr\/wp-content\/uploads\/2024\/04\/wright-life-wild-crafting-vitamine-c-lnk.jpg\" \/>\n\t<meta property=\"og:image:width\" content=\"1898\" \/>\n\t<meta property=\"og:image:height\" content=\"1424\" \/>\n\t<meta property=\"og:image:type\" content=\"image\/jpeg\" \/>\n<meta name=\"twitter:card\" content=\"summary_large_image\" \/>\n<meta name=\"twitter:label1\" content=\"Est. reading time\" \/>\n\t<meta name=\"twitter:data1\" content=\"2 minutes\" \/>\n<script type=\"application\/ld+json\" class=\"yoast-schema-graph\">{\"@context\":\"https:\/\/schema.org\",\"@graph\":[{\"@type\":\"WebPage\",\"@id\":\"https:\/\/lovynkkosmetik.fr\/produit\/serum-vitamine-c\/\",\"url\":\"https:\/\/lovynkkosmetik.fr\/produit\/serum-vitamine-c\/\",\"name\":\"S\u00e9rum \u00e0 la vitamine C - Lovy NK Kosm\u00e9tik\",\"isPartOf\":{\"@id\":\"https:\/\/lovynkkosmetik.fr\/#website\"},\"primaryImageOfPage\":{\"@id\":\"https:\/\/lovynkkosmetik.fr\/produit\/serum-vitamine-c\/#primaryimage\"},\"image\":{\"@id\":\"https:\/\/lovynkkosmetik.fr\/produit\/serum-vitamine-c\/#primaryimage\"},\"thumbnailUrl\":\"https:\/\/lovynkkosmetik.fr\/wp-content\/uploads\/2024\/04\/wright-life-wild-crafting-vitamine-c-lnk.jpg\",\"datePublished\":\"2024-05-23T22:11:14+00:00\",\"dateModified\":\"2024-11-22T21:13:47+00:00\",\"description\":\"Ce s\u00e9rum \u00e0 la vitamine C est une infusion de rose musqu\u00e9e et de carottes. Il combat les signes du vieillissement et illumine les peaux ternes.\",\"breadcrumb\":{\"@id\":\"https:\/\/lovynkkosmetik.fr\/produit\/serum-vitamine-c\/#breadcrumb\"},\"inLanguage\":\"en-US\",\"potentialAction\":[{\"@type\":\"ReadAction\",\"target\":[\"https:\/\/lovynkkosmetik.fr\/produit\/serum-vitamine-c\/\"]}]},{\"@type\":\"ImageObject\",\"inLanguage\":\"en-US\",\"@id\":\"https:\/\/lovynkkosmetik.fr\/produit\/serum-vitamine-c\/#primaryimage\",\"url\":\"https:\/\/lovynkkosmetik.fr\/wp-content\/uploads\/2024\/04\/wright-life-wild-crafting-vitamine-c-lnk.jpg\",\"contentUrl\":\"https:\/\/lovynkkosmetik.fr\/wp-content\/uploads\/2024\/04\/wright-life-wild-crafting-vitamine-c-lnk.jpg\",\"width\":1898,\"height\":1424,\"caption\":\"Wright Life Wild Crafting - Vitamine C - Lovy NK Kosm\u00e9tik\"},{\"@type\":\"BreadcrumbList\",\"@id\":\"https:\/\/lovynkkosmetik.fr\/produit\/serum-vitamine-c\/#breadcrumb\",\"itemListElement\":[{\"@type\":\"ListItem\",\"position\":1,\"name\":\"Accueil\",\"item\":\"https:\/\/lovynkkosmetik.fr\/\"},{\"@type\":\"ListItem\",\"position\":2,\"name\":\"Boutique\",\"item\":\"https:\/\/lovynkkosmetik.fr\/boutique\/\"},{\"@type\":\"ListItem\",\"position\":3,\"name\":\"S\u00e9rum \u00e0 la vitamine C\"}]},{\"@type\":\"WebSite\",\"@id\":\"https:\/\/lovynkkosmetik.fr\/#website\",\"url\":\"https:\/\/lovynkkosmetik.fr\/\",\"name\":\"Lovy NK Kosm\u00e9tik\",\"description\":\"Sublime ta m\u00e9lanine\",\"publisher\":{\"@id\":\"https:\/\/lovynkkosmetik.fr\/#organization\"},\"alternateName\":\"Lovy NK Kosm\u00e9tik\",\"potentialAction\":[{\"@type\":\"SearchAction\",\"target\":{\"@type\":\"EntryPoint\",\"urlTemplate\":\"https:\/\/lovynkkosmetik.fr\/?s={search_term_string}\"},\"query-input\":{\"@type\":\"PropertyValueSpecification\",\"valueRequired\":true,\"valueName\":\"search_term_string\"}}],\"inLanguage\":\"en-US\"},{\"@type\":\"Organization\",\"@id\":\"https:\/\/lovynkkosmetik.fr\/#organization\",\"name\":\"Lovy NK Kosm\u00e9tik\",\"alternateName\":\"Lovy NK Kosm\u00e9tik\",\"url\":\"https:\/\/lovynkkosmetik.fr\/\",\"logo\":{\"@type\":\"ImageObject\",\"inLanguage\":\"en-US\",\"@id\":\"https:\/\/lovynkkosmetik.fr\/#\/schema\/logo\/image\/\",\"url\":\"https:\/\/lovynkkosmetik.fr\/wp-content\/uploads\/2024\/05\/logo-lovy-nk-kosmetik-jaune.png\",\"contentUrl\":\"https:\/\/lovynkkosmetik.fr\/wp-content\/uploads\/2024\/05\/logo-lovy-nk-kosmetik-jaune.png\",\"width\":3699,\"height\":1417,\"caption\":\"Lovy NK Kosm\u00e9tik\"},\"image\":{\"@id\":\"https:\/\/lovynkkosmetik.fr\/#\/schema\/logo\/image\/\"}}]}<\/script>\n<!-- \/ Yoast SEO plugin. -->","yoast_head_json":{"title":"S\u00e9rum \u00e0 la vitamine C - Lovy NK Kosm\u00e9tik","description":"Ce s\u00e9rum \u00e0 la vitamine C est une infusion de rose musqu\u00e9e et de carottes. Il combat les signes du vieillissement et illumine les peaux ternes.","robots":{"index":"index","follow":"follow","max-snippet":"max-snippet:-1","max-image-preview":"max-image-preview:large","max-video-preview":"max-video-preview:-1"},"canonical":"https:\/\/lovynkkosmetik.fr\/en\/product\/serum-vitamine-c\/","og_locale":"en_US","og_type":"article","og_title":"S\u00e9rum \u00e0 la vitamine C - Lovy NK Kosm\u00e9tik","og_description":"Ce s\u00e9rum \u00e0 la vitamine C est une infusion de rose musqu\u00e9e et de carottes. Il combat les signes du vieillissement et illumine les peaux ternes.","og_url":"https:\/\/lovynkkosmetik.fr\/en\/product\/serum-vitamine-c\/","og_site_name":"Lovy NK Kosm\u00e9tik","article_modified_time":"2024-11-22T21:13:47+00:00","og_image":[{"width":1898,"height":1424,"url":"https:\/\/lovynkkosmetik.fr\/wp-content\/uploads\/2024\/04\/wright-life-wild-crafting-vitamine-c-lnk.jpg","type":"image\/jpeg"}],"twitter_card":"summary_large_image","twitter_misc":{"Est. reading time":"2 minutes"},"schema":{"@context":"https:\/\/schema.org","@graph":[{"@type":"WebPage","@id":"https:\/\/lovynkkosmetik.fr\/produit\/serum-vitamine-c\/","url":"https:\/\/lovynkkosmetik.fr\/produit\/serum-vitamine-c\/","name":"S\u00e9rum \u00e0 la vitamine C - Lovy NK Kosm\u00e9tik","isPartOf":{"@id":"https:\/\/lovynkkosmetik.fr\/#website"},"primaryImageOfPage":{"@id":"https:\/\/lovynkkosmetik.fr\/produit\/serum-vitamine-c\/#primaryimage"},"image":{"@id":"https:\/\/lovynkkosmetik.fr\/produit\/serum-vitamine-c\/#primaryimage"},"thumbnailUrl":"https:\/\/lovynkkosmetik.fr\/wp-content\/uploads\/2024\/04\/wright-life-wild-crafting-vitamine-c-lnk.jpg","datePublished":"2024-05-23T22:11:14+00:00","dateModified":"2024-11-22T21:13:47+00:00","description":"Ce s\u00e9rum \u00e0 la vitamine C est une infusion de rose musqu\u00e9e et de carottes. Il combat les signes du vieillissement et illumine les peaux ternes.","breadcrumb":{"@id":"https:\/\/lovynkkosmetik.fr\/produit\/serum-vitamine-c\/#breadcrumb"},"inLanguage":"en-US","potentialAction":[{"@type":"ReadAction","target":["https:\/\/lovynkkosmetik.fr\/produit\/serum-vitamine-c\/"]}]},{"@type":"ImageObject","inLanguage":"en-US","@id":"https:\/\/lovynkkosmetik.fr\/produit\/serum-vitamine-c\/#primaryimage","url":"https:\/\/lovynkkosmetik.fr\/wp-content\/uploads\/2024\/04\/wright-life-wild-crafting-vitamine-c-lnk.jpg","contentUrl":"https:\/\/lovynkkosmetik.fr\/wp-content\/uploads\/2024\/04\/wright-life-wild-crafting-vitamine-c-lnk.jpg","width":1898,"height":1424,"caption":"Wright Life Wild Crafting - Vitamine C - Lovy NK Kosm\u00e9tik"},{"@type":"BreadcrumbList","@id":"https:\/\/lovynkkosmetik.fr\/produit\/serum-vitamine-c\/#breadcrumb","itemListElement":[{"@type":"ListItem","position":1,"name":"Accueil","item":"https:\/\/lovynkkosmetik.fr\/"},{"@type":"ListItem","position":2,"name":"Boutique","item":"https:\/\/lovynkkosmetik.fr\/boutique\/"},{"@type":"ListItem","position":3,"name":"S\u00e9rum \u00e0 la vitamine C"}]},{"@type":"WebSite","@id":"https:\/\/lovynkkosmetik.fr\/#website","url":"https:\/\/lovynkkosmetik.fr\/","name":"Lovy NK Kosm\u00e9tik","description":"Sublime ta m\u00e9lanine","publisher":{"@id":"https:\/\/lovynkkosmetik.fr\/#organization"},"alternateName":"Lovy NK Kosm\u00e9tik","potentialAction":[{"@type":"SearchAction","target":{"@type":"EntryPoint","urlTemplate":"https:\/\/lovynkkosmetik.fr\/?s={search_term_string}"},"query-input":{"@type":"PropertyValueSpecification","valueRequired":true,"valueName":"search_term_string"}}],"inLanguage":"en-US"},{"@type":"Organization","@id":"https:\/\/lovynkkosmetik.fr\/#organization","name":"Lovy NK Kosm\u00e9tik","alternateName":"Lovy NK Kosm\u00e9tik","url":"https:\/\/lovynkkosmetik.fr\/","logo":{"@type":"ImageObject","inLanguage":"en-US","@id":"https:\/\/lovynkkosmetik.fr\/#\/schema\/logo\/image\/","url":"https:\/\/lovynkkosmetik.fr\/wp-content\/uploads\/2024\/05\/logo-lovy-nk-kosmetik-jaune.png","contentUrl":"https:\/\/lovynkkosmetik.fr\/wp-content\/uploads\/2024\/05\/logo-lovy-nk-kosmetik-jaune.png","width":3699,"height":1417,"caption":"Lovy NK Kosm\u00e9tik"},"image":{"@id":"https:\/\/lovynkkosmetik.fr\/#\/schema\/logo\/image\/"}}]}},"_links":{"self":[{"href":"https:\/\/lovynkkosmetik.fr\/en\/wp-json\/wp\/v2\/product\/1444","targetHints":{"allow":["GET"]}}],"collection":[{"href":"https:\/\/lovynkkosmetik.fr\/en\/wp-json\/wp\/v2\/product"}],"about":[{"href":"https:\/\/lovynkkosmetik.fr\/en\/wp-json\/wp\/v2\/types\/product"}],"replies":[{"embeddable":true,"href":"https:\/\/lovynkkosmetik.fr\/en\/wp-json\/wp\/v2\/comments?post=1444"}],"version-history":[{"count":0,"href":"https:\/\/lovynkkosmetik.fr\/en\/wp-json\/wp\/v2\/product\/1444\/revisions"}],"wp:featuredmedia":[{"embeddable":true,"href":"https:\/\/lovynkkosmetik.fr\/en\/wp-json\/wp\/v2\/media\/1262"}],"wp:attachment":[{"href":"https:\/\/lovynkkosmetik.fr\/en\/wp-json\/wp\/v2\/media?parent=1444"}],"wp:term":[{"taxonomy":"product_brand","embeddable":true,"href":"https:\/\/lovynkkosmetik.fr\/en\/wp-json\/wp\/v2\/product_brand?post=1444"},{"taxonomy":"product_cat","embeddable":true,"href":"https:\/\/lovynkkosmetik.fr\/en\/wp-json\/wp\/v2\/product_cat?post=1444"},{"taxonomy":"product_tag","embeddable":true,"href":"https:\/\/lovynkkosmetik.fr\/en\/wp-json\/wp\/v2\/product_tag?post=1444"}],"curies":[{"name":"wp","href":"https:\/\/api.w.org\/{rel}","templated":true}]}}