{"id":1439,"date":"2024-05-23T23:38:53","date_gmt":"2024-05-23T21:38:53","guid":{"rendered":"https:\/\/lovynkkosmetik.fr\/?post_type=product&#038;p=1439"},"modified":"2025-04-25T22:19:38","modified_gmt":"2025-04-25T20:19:38","slug":"black-soap","status":"publish","type":"product","link":"https:\/\/lovynkkosmetik.fr\/en\/product\/black-soap\/","title":{"rendered":"Black soap"},"content":{"rendered":"<h2>Skin Type :<\/h2>\n<ul>\n<li>Oily Skin<\/li>\n<li>Combination Skin<\/li>\n<li>Normal Skin<\/li>\n<li>Dry skin<\/li>\n<\/ul>\n<h2>Benefits :<\/h2>\n<p>Helps reduce acne<br \/>\nSoothes eczema<br \/>\nEvens skin tone<br \/>\nReduces hyperpigmentation<br \/>\nHelps with ingrown hairs<\/p>\n<h2>How to use :<\/h2>\n<p>Dampen your hands, take a small amount of black soap, and apply it to your d\u00e9collet\u00e9, neck, and face using circular motions.<br \/>\nAvoid the eye area.<br \/>\nRinse thoroughly.<\/p>\n<h2>Ingredients :<\/h2>\n<p>INCI : Distilled water, pure African black soap (cocoa butter, unrefined shea butter, unrefined palm kernel oil, potash, and cellulose).<\/p>\n<p>eau distill\u00e9e, savon noir africain pur (beurre de cacao, beurre de karit\u00e9 non raffin\u00e9, huile de palmiste non raffin\u00e9e, potasse et cellulose)<\/p>\n<h2>About The Healing Place Apothecary :<\/h2>\n<p>As a child, I was always drawn to the beauty treasures, lotions, and potions found in my mother\u2019s and grandmother\u2019s bathroom cabinets. From luxury products to drugstore brands, I quickly realized that most skin and hair care products lacked quality. I learned to mix a little of this with a little of that to create the perfect blend of texture, scent, and effectiveness for melanated skin. Over time, I discovered that, like me, my clients wanted high-quality, safe, and natural skincare products that were easy to access.<\/p>\n<p>At sixteen, my father, like so many others at the time, passed away due to complications from AZT, an AIDS treatment drug. In his final days, I was horrified by the hospital meals\u2014poor-quality food he could neither chew nor digest. I knew I couldn\u2019t save his life, but I believed there had to be better alternatives for a gentler transition.<br \/>\nInspired by my father\u2019s story, I traveled the world, earned a master\u2019s degree in Traditional Chinese Medicine, and opened an acupuncture practice specializing in pain relief, women\u2019s health, and skincare concerns. While caring for my patients, I saw a huge demand for high-quality personal care products tailored to the unique needs of women of color. That\u2019s when I created these products, and The Healing Place Apothecary was born. The diversity of nature, spirituality, music, food, entrepreneurship, and culture has shaped my upbringing in the San Francisco Bay Area\u2014and it\u2019s reflected in our handmade product line.<\/p>","protected":false},"excerpt":{"rendered":"<p>The liquid black soap from **The Healing Place Apothecary** combines the purifying power of black soap with the moisture-rich benefits of shea butter. This facial cleanser is made from raw, mineral-rich black soap. Palm leaves and cocoa pods enhance the classic black soap formula. The bark of shea and plantain trees is blended with distilled water in a convenient container, eliminating the mess of traditional soap bars in the bathroom.<\/p>","protected":false},"featured_media":1298,"comment_status":"open","ping_status":"closed","template":"","meta":{"_acf_changed":false,"ocean_post_layout":"","ocean_both_sidebars_style":"","ocean_both_sidebars_content_width":0,"ocean_both_sidebars_sidebars_width":0,"ocean_sidebar":"0","ocean_second_sidebar":"0","ocean_disable_margins":"enable","ocean_add_body_class":"","ocean_shortcode_before_top_bar":"","ocean_shortcode_after_top_bar":"","ocean_shortcode_before_header":"","ocean_shortcode_after_header":"","ocean_has_shortcode":"","ocean_shortcode_after_title":"","ocean_shortcode_before_footer_widgets":"","ocean_shortcode_after_footer_widgets":"","ocean_shortcode_before_footer_bottom":"","ocean_shortcode_after_footer_bottom":"","ocean_display_top_bar":"default","ocean_display_header":"default","ocean_header_style":"","ocean_center_header_left_menu":"0","ocean_custom_header_template":"0","ocean_custom_logo":0,"ocean_custom_retina_logo":0,"ocean_custom_logo_max_width":0,"ocean_custom_logo_tablet_max_width":0,"ocean_custom_logo_mobile_max_width":0,"ocean_custom_logo_max_height":0,"ocean_custom_logo_tablet_max_height":0,"ocean_custom_logo_mobile_max_height":0,"ocean_header_custom_menu":"0","ocean_menu_typo_font_family":"0","ocean_menu_typo_font_subset":"","ocean_menu_typo_font_size":0,"ocean_menu_typo_font_size_tablet":0,"ocean_menu_typo_font_size_mobile":0,"ocean_menu_typo_font_size_unit":"px","ocean_menu_typo_font_weight":"","ocean_menu_typo_font_weight_tablet":"","ocean_menu_typo_font_weight_mobile":"","ocean_menu_typo_transform":"","ocean_menu_typo_transform_tablet":"","ocean_menu_typo_transform_mobile":"","ocean_menu_typo_line_height":0,"ocean_menu_typo_line_height_tablet":0,"ocean_menu_typo_line_height_mobile":0,"ocean_menu_typo_line_height_unit":"","ocean_menu_typo_spacing":0,"ocean_menu_typo_spacing_tablet":0,"ocean_menu_typo_spacing_mobile":0,"ocean_menu_typo_spacing_unit":"","ocean_menu_link_color":"","ocean_menu_link_color_hover":"","ocean_menu_link_color_active":"","ocean_menu_link_background":"","ocean_menu_link_hover_background":"","ocean_menu_link_active_background":"","ocean_menu_social_links_bg":"","ocean_menu_social_hover_links_bg":"","ocean_menu_social_links_color":"","ocean_menu_social_hover_links_color":"","ocean_disable_title":"default","ocean_disable_heading":"default","ocean_post_title":"","ocean_post_subheading":"","ocean_post_title_style":"","ocean_post_title_background_color":"","ocean_post_title_background":0,"ocean_post_title_bg_image_position":"","ocean_post_title_bg_image_attachment":"","ocean_post_title_bg_image_repeat":"","ocean_post_title_bg_image_size":"","ocean_post_title_height":0,"ocean_post_title_bg_overlay":0.5,"ocean_post_title_bg_overlay_color":"","ocean_disable_breadcrumbs":"default","ocean_breadcrumbs_color":"","ocean_breadcrumbs_separator_color":"","ocean_breadcrumbs_links_color":"","ocean_breadcrumbs_links_hover_color":"","ocean_display_footer_widgets":"default","ocean_display_footer_bottom":"default","ocean_custom_footer_template":"0","_glsr_average":4.3,"_glsr_ranking":3.8,"_glsr_reviews":6},"product_brand":[],"product_cat":[44,41,74],"product_tag":[378,148,117,110,114,106,146,392,434,143,99,98,101,100,431,388,135,147,145,109,380,241],"class_list":{"0":"post-1439","1":"product","2":"type-product","3":"status-publish","4":"has-post-thumbnail","6":"product_cat-nettoyants-visage","7":"product_cat-soins-lavants","8":"product_cat-the-healing-place-apothecary","9":"product_tag-boutons-corps","10":"product_tag-cacao","11":"product_tag-corps","12":"product_tag-eclat","13":"product_tag-eczema","14":"product_tag-imperfections","15":"product_tag-karite","16":"product_tag-nettoyant-barbe","17":"product_tag-nettoyant-rasage","18":"product_tag-nettoyants","19":"product_tag-peau-grasse","20":"product_tag-peau-mixte","21":"product_tag-peau-normale","22":"product_tag-peau-seche","23":"product_tag-poils-incarnes-barbe","24":"product_tag-poils-incarnes-rasage","25":"product_tag-produits","26":"product_tag-savon-noir","27":"product_tag-soins-lavants","28":"product_tag-taches","29":"product_tag-taches-corps","30":"product_tag-the-healing-place-apothecary","32":"entry","33":"has-media","35":"first","36":"instock","37":"shipping-taxable","38":"purchasable","39":"product-type-simple","40":"has-rating","41":"has-product-nav","42":"col","43":"span_1_of_3","44":"owp-content-center","45":"owp-thumbs-layout-horizontal","46":"owp-btn-normal","47":"owp-tabs-layout-horizontal","48":"has-no-thumbnails"},"acf":[],"yoast_head":"<!-- This site is optimized with the Yoast SEO plugin v25.5 - https:\/\/yoast.com\/wordpress\/plugins\/seo\/ -->\n<title>Black soap - Lovy NK Kosm\u00e9tik<\/title>\n<meta name=\"description\" content=\"Le Black soap ou savon noir liquide de The Healing place Apothecary combine les pouvoirs purifiants du savon noir avec l&#039;humidit\u00e9 du beurre de karit\u00e9.\" \/>\n<meta name=\"robots\" content=\"index, follow, max-snippet:-1, max-image-preview:large, max-video-preview:-1\" \/>\n<link rel=\"canonical\" href=\"https:\/\/lovynkkosmetik.fr\/en\/product\/black-soap\/\" \/>\n<meta property=\"og:locale\" content=\"en_US\" \/>\n<meta property=\"og:type\" content=\"article\" \/>\n<meta property=\"og:title\" content=\"Black soap - Lovy NK Kosm\u00e9tik\" \/>\n<meta property=\"og:description\" content=\"Le Black soap ou savon noir liquide de The Healing place Apothecary combine les pouvoirs purifiants du savon noir avec l&#039;humidit\u00e9 du beurre de karit\u00e9.\" \/>\n<meta property=\"og:url\" content=\"https:\/\/lovynkkosmetik.fr\/en\/product\/black-soap\/\" \/>\n<meta property=\"og:site_name\" content=\"Lovy NK Kosm\u00e9tik\" \/>\n<meta property=\"article:modified_time\" content=\"2025-04-25T20:19:38+00:00\" \/>\n<meta property=\"og:image\" content=\"https:\/\/lovynkkosmetik.fr\/wp-content\/uploads\/2024\/04\/the-healing-place-apothecary-black-soap-scaled.jpg\" \/>\n\t<meta property=\"og:image:width\" content=\"1920\" \/>\n\t<meta property=\"og:image:height\" content=\"2560\" \/>\n\t<meta property=\"og:image:type\" content=\"image\/jpeg\" \/>\n<meta name=\"twitter:card\" content=\"summary_large_image\" \/>\n<meta name=\"twitter:label1\" content=\"Est. reading time\" \/>\n\t<meta name=\"twitter:data1\" content=\"3 minutes\" \/>\n<script type=\"application\/ld+json\" class=\"yoast-schema-graph\">{\"@context\":\"https:\/\/schema.org\",\"@graph\":[{\"@type\":\"WebPage\",\"@id\":\"https:\/\/lovynkkosmetik.fr\/produit\/black-soap\/\",\"url\":\"https:\/\/lovynkkosmetik.fr\/produit\/black-soap\/\",\"name\":\"Black soap - Lovy NK Kosm\u00e9tik\",\"isPartOf\":{\"@id\":\"https:\/\/lovynkkosmetik.fr\/#website\"},\"primaryImageOfPage\":{\"@id\":\"https:\/\/lovynkkosmetik.fr\/produit\/black-soap\/#primaryimage\"},\"image\":{\"@id\":\"https:\/\/lovynkkosmetik.fr\/produit\/black-soap\/#primaryimage\"},\"thumbnailUrl\":\"https:\/\/lovynkkosmetik.fr\/wp-content\/uploads\/2024\/04\/the-healing-place-apothecary-black-soap-scaled.jpg\",\"datePublished\":\"2024-05-23T21:38:53+00:00\",\"dateModified\":\"2025-04-25T20:19:38+00:00\",\"description\":\"Le Black soap ou savon noir liquide de The Healing place Apothecary combine les pouvoirs purifiants du savon noir avec l'humidit\u00e9 du beurre de karit\u00e9.\",\"breadcrumb\":{\"@id\":\"https:\/\/lovynkkosmetik.fr\/produit\/black-soap\/#breadcrumb\"},\"inLanguage\":\"en-US\",\"potentialAction\":[{\"@type\":\"ReadAction\",\"target\":[\"https:\/\/lovynkkosmetik.fr\/produit\/black-soap\/\"]}]},{\"@type\":\"ImageObject\",\"inLanguage\":\"en-US\",\"@id\":\"https:\/\/lovynkkosmetik.fr\/produit\/black-soap\/#primaryimage\",\"url\":\"https:\/\/lovynkkosmetik.fr\/wp-content\/uploads\/2024\/04\/the-healing-place-apothecary-black-soap-scaled.jpg\",\"contentUrl\":\"https:\/\/lovynkkosmetik.fr\/wp-content\/uploads\/2024\/04\/the-healing-place-apothecary-black-soap-scaled.jpg\",\"width\":1920,\"height\":2560,\"caption\":\"The Healing place Apothecary - Black soap\"},{\"@type\":\"BreadcrumbList\",\"@id\":\"https:\/\/lovynkkosmetik.fr\/produit\/black-soap\/#breadcrumb\",\"itemListElement\":[{\"@type\":\"ListItem\",\"position\":1,\"name\":\"Accueil\",\"item\":\"https:\/\/lovynkkosmetik.fr\/\"},{\"@type\":\"ListItem\",\"position\":2,\"name\":\"Boutique\",\"item\":\"https:\/\/lovynkkosmetik.fr\/boutique\/\"},{\"@type\":\"ListItem\",\"position\":3,\"name\":\"Black soap\"}]},{\"@type\":\"WebSite\",\"@id\":\"https:\/\/lovynkkosmetik.fr\/#website\",\"url\":\"https:\/\/lovynkkosmetik.fr\/\",\"name\":\"Lovy NK Kosm\u00e9tik\",\"description\":\"Sublime ta m\u00e9lanine\",\"publisher\":{\"@id\":\"https:\/\/lovynkkosmetik.fr\/#organization\"},\"alternateName\":\"Lovy NK Kosm\u00e9tik\",\"potentialAction\":[{\"@type\":\"SearchAction\",\"target\":{\"@type\":\"EntryPoint\",\"urlTemplate\":\"https:\/\/lovynkkosmetik.fr\/?s={search_term_string}\"},\"query-input\":{\"@type\":\"PropertyValueSpecification\",\"valueRequired\":true,\"valueName\":\"search_term_string\"}}],\"inLanguage\":\"en-US\"},{\"@type\":\"Organization\",\"@id\":\"https:\/\/lovynkkosmetik.fr\/#organization\",\"name\":\"Lovy NK Kosm\u00e9tik\",\"alternateName\":\"Lovy NK Kosm\u00e9tik\",\"url\":\"https:\/\/lovynkkosmetik.fr\/\",\"logo\":{\"@type\":\"ImageObject\",\"inLanguage\":\"en-US\",\"@id\":\"https:\/\/lovynkkosmetik.fr\/#\/schema\/logo\/image\/\",\"url\":\"https:\/\/lovynkkosmetik.fr\/wp-content\/uploads\/2024\/05\/logo-lovy-nk-kosmetik-jaune.png\",\"contentUrl\":\"https:\/\/lovynkkosmetik.fr\/wp-content\/uploads\/2024\/05\/logo-lovy-nk-kosmetik-jaune.png\",\"width\":3699,\"height\":1417,\"caption\":\"Lovy NK Kosm\u00e9tik\"},\"image\":{\"@id\":\"https:\/\/lovynkkosmetik.fr\/#\/schema\/logo\/image\/\"}}]}<\/script>\n<!-- \/ Yoast SEO plugin. -->","yoast_head_json":{"title":"Black soap - Lovy NK Kosm\u00e9tik","description":"Le Black soap ou savon noir liquide de The Healing place Apothecary combine les pouvoirs purifiants du savon noir avec l'humidit\u00e9 du beurre de karit\u00e9.","robots":{"index":"index","follow":"follow","max-snippet":"max-snippet:-1","max-image-preview":"max-image-preview:large","max-video-preview":"max-video-preview:-1"},"canonical":"https:\/\/lovynkkosmetik.fr\/en\/product\/black-soap\/","og_locale":"en_US","og_type":"article","og_title":"Black soap - Lovy NK Kosm\u00e9tik","og_description":"Le Black soap ou savon noir liquide de The Healing place Apothecary combine les pouvoirs purifiants du savon noir avec l'humidit\u00e9 du beurre de karit\u00e9.","og_url":"https:\/\/lovynkkosmetik.fr\/en\/product\/black-soap\/","og_site_name":"Lovy NK Kosm\u00e9tik","article_modified_time":"2025-04-25T20:19:38+00:00","og_image":[{"width":1920,"height":2560,"url":"https:\/\/lovynkkosmetik.fr\/wp-content\/uploads\/2024\/04\/the-healing-place-apothecary-black-soap-scaled.jpg","type":"image\/jpeg"}],"twitter_card":"summary_large_image","twitter_misc":{"Est. reading time":"3 minutes"},"schema":{"@context":"https:\/\/schema.org","@graph":[{"@type":"WebPage","@id":"https:\/\/lovynkkosmetik.fr\/produit\/black-soap\/","url":"https:\/\/lovynkkosmetik.fr\/produit\/black-soap\/","name":"Black soap - Lovy NK Kosm\u00e9tik","isPartOf":{"@id":"https:\/\/lovynkkosmetik.fr\/#website"},"primaryImageOfPage":{"@id":"https:\/\/lovynkkosmetik.fr\/produit\/black-soap\/#primaryimage"},"image":{"@id":"https:\/\/lovynkkosmetik.fr\/produit\/black-soap\/#primaryimage"},"thumbnailUrl":"https:\/\/lovynkkosmetik.fr\/wp-content\/uploads\/2024\/04\/the-healing-place-apothecary-black-soap-scaled.jpg","datePublished":"2024-05-23T21:38:53+00:00","dateModified":"2025-04-25T20:19:38+00:00","description":"Le Black soap ou savon noir liquide de The Healing place Apothecary combine les pouvoirs purifiants du savon noir avec l'humidit\u00e9 du beurre de karit\u00e9.","breadcrumb":{"@id":"https:\/\/lovynkkosmetik.fr\/produit\/black-soap\/#breadcrumb"},"inLanguage":"en-US","potentialAction":[{"@type":"ReadAction","target":["https:\/\/lovynkkosmetik.fr\/produit\/black-soap\/"]}]},{"@type":"ImageObject","inLanguage":"en-US","@id":"https:\/\/lovynkkosmetik.fr\/produit\/black-soap\/#primaryimage","url":"https:\/\/lovynkkosmetik.fr\/wp-content\/uploads\/2024\/04\/the-healing-place-apothecary-black-soap-scaled.jpg","contentUrl":"https:\/\/lovynkkosmetik.fr\/wp-content\/uploads\/2024\/04\/the-healing-place-apothecary-black-soap-scaled.jpg","width":1920,"height":2560,"caption":"The Healing place Apothecary - Black soap"},{"@type":"BreadcrumbList","@id":"https:\/\/lovynkkosmetik.fr\/produit\/black-soap\/#breadcrumb","itemListElement":[{"@type":"ListItem","position":1,"name":"Accueil","item":"https:\/\/lovynkkosmetik.fr\/"},{"@type":"ListItem","position":2,"name":"Boutique","item":"https:\/\/lovynkkosmetik.fr\/boutique\/"},{"@type":"ListItem","position":3,"name":"Black soap"}]},{"@type":"WebSite","@id":"https:\/\/lovynkkosmetik.fr\/#website","url":"https:\/\/lovynkkosmetik.fr\/","name":"Lovy NK Kosm\u00e9tik","description":"Sublime ta m\u00e9lanine","publisher":{"@id":"https:\/\/lovynkkosmetik.fr\/#organization"},"alternateName":"Lovy NK Kosm\u00e9tik","potentialAction":[{"@type":"SearchAction","target":{"@type":"EntryPoint","urlTemplate":"https:\/\/lovynkkosmetik.fr\/?s={search_term_string}"},"query-input":{"@type":"PropertyValueSpecification","valueRequired":true,"valueName":"search_term_string"}}],"inLanguage":"en-US"},{"@type":"Organization","@id":"https:\/\/lovynkkosmetik.fr\/#organization","name":"Lovy NK Kosm\u00e9tik","alternateName":"Lovy NK Kosm\u00e9tik","url":"https:\/\/lovynkkosmetik.fr\/","logo":{"@type":"ImageObject","inLanguage":"en-US","@id":"https:\/\/lovynkkosmetik.fr\/#\/schema\/logo\/image\/","url":"https:\/\/lovynkkosmetik.fr\/wp-content\/uploads\/2024\/05\/logo-lovy-nk-kosmetik-jaune.png","contentUrl":"https:\/\/lovynkkosmetik.fr\/wp-content\/uploads\/2024\/05\/logo-lovy-nk-kosmetik-jaune.png","width":3699,"height":1417,"caption":"Lovy NK Kosm\u00e9tik"},"image":{"@id":"https:\/\/lovynkkosmetik.fr\/#\/schema\/logo\/image\/"}}]}},"_links":{"self":[{"href":"https:\/\/lovynkkosmetik.fr\/en\/wp-json\/wp\/v2\/product\/1439","targetHints":{"allow":["GET"]}}],"collection":[{"href":"https:\/\/lovynkkosmetik.fr\/en\/wp-json\/wp\/v2\/product"}],"about":[{"href":"https:\/\/lovynkkosmetik.fr\/en\/wp-json\/wp\/v2\/types\/product"}],"replies":[{"embeddable":true,"href":"https:\/\/lovynkkosmetik.fr\/en\/wp-json\/wp\/v2\/comments?post=1439"}],"version-history":[{"count":0,"href":"https:\/\/lovynkkosmetik.fr\/en\/wp-json\/wp\/v2\/product\/1439\/revisions"}],"wp:featuredmedia":[{"embeddable":true,"href":"https:\/\/lovynkkosmetik.fr\/en\/wp-json\/wp\/v2\/media\/1298"}],"wp:attachment":[{"href":"https:\/\/lovynkkosmetik.fr\/en\/wp-json\/wp\/v2\/media?parent=1439"}],"wp:term":[{"taxonomy":"product_brand","embeddable":true,"href":"https:\/\/lovynkkosmetik.fr\/en\/wp-json\/wp\/v2\/product_brand?post=1439"},{"taxonomy":"product_cat","embeddable":true,"href":"https:\/\/lovynkkosmetik.fr\/en\/wp-json\/wp\/v2\/product_cat?post=1439"},{"taxonomy":"product_tag","embeddable":true,"href":"https:\/\/lovynkkosmetik.fr\/en\/wp-json\/wp\/v2\/product_tag?post=1439"}],"curies":[{"name":"wp","href":"https:\/\/api.w.org\/{rel}","templated":true}]}}