{"id":1429,"date":"2024-05-23T22:49:52","date_gmt":"2024-05-23T20:49:52","guid":{"rendered":"https:\/\/lovynkkosmetik.fr\/?post_type=product&#038;p=1429"},"modified":"2025-04-12T00:16:13","modified_gmt":"2025-04-11T22:16:13","slug":"dream-skin-serum-anti-tache-clarifiant","status":"publish","type":"product","link":"https:\/\/lovynkkosmetik.fr\/en\/product\/dream-skin-serum-anti-tache-clarifiant\/","title":{"rendered":"Dream Skin anti-dark spot and clarifying serum"},"content":{"rendered":"<h2>Concerns :<\/h2>\n<p>Un visage sans t\u00e2ches, unifi\u00e9 et hydrat\u00e9<\/p>\n<h2>Benefits :<\/h2>\n<p><strong>Hydratation intense<\/strong> : Ce s\u00e9rum offre une hydratation en profondeur, aidant ainsi \u00e0 maintenir la peau douce et souple.<br \/>\n<strong>Evens skin tone<\/strong> : Gr\u00e2ce \u00e0 ses propri\u00e9t\u00e9s \u00e9claircissantes, il contribue \u00e0 uniformiser le teint en particulier l&rsquo;apparence des t\u00e2ches .<br \/>\n<strong>Traitement des t\u00e2ches sp\u00e9cifiques<\/strong>: Ce s\u00e9rum est efficace pour traiter diff\u00e9rents types de t\u00e2ches , notamment les cicatrices de boutons, les t\u00e2ches li\u00e9es \u00e0 l&rsquo;exposition au soleil, les t\u00e2ches li\u00e9es \u00e0 l&rsquo;\u00e2ge, les t\u00e2ches hormonales et les t\u00e2ches li\u00e9es au rasage.<br \/>\n<strong>Adapt\u00e9 \u00e0 tous les types de peau<\/strong> : Ce s\u00e9rum convient \u00e0 tous les types de peau, qu&rsquo;elle soit s\u00e8che, grasse, mixte ou sensible.<\/p>\n<h2>How to use :<\/h2>\n<p>Appliquez une petite quantit\u00e9 de s\u00e9rum anti-t\u00e2che So Supple Organics sur une peau propre et s\u00e8che.<br \/>\nMasse d\u00e9licatement jusqu&rsquo;\u00e0 absorption compl\u00e8te.<br \/>\nUtiliser quotidiennement, matin et soir, pour des r\u00e9sultats optimaux.<br \/>\nTu peux appliquer une protection solaire de pr\u00e9f\u00e9rence naturelle<\/p>\n<h2>Ingredients :<\/h2>\n<p>Eau distill\u00e9e, extrait de feuilles d&rsquo;Aloe Barbadensis, extrait de racines de Glycyrrhiza Glabra (r\u00e9glisse), extrait de racines de Morus alba (m\u00fbre), extrait de fruits de Carica Papaya (papaye), Extrait de Malva Sylvestris (mauve), de feuilles et de tiges, d&rsquo;Alchemilla Vulgaris, de Melissa Officinalis, de Mentha Piperita (menthe poivr\u00e9e), de Veronica Officinalis, de feuilles et de tiges, d&rsquo;Achillea Millefolium, de Primula Veris.<\/p>\n<p>La r\u00e9glisse : L&rsquo;extrait de racines de r\u00e9glisse est r\u00e9put\u00e9 pour ses propri\u00e9t\u00e9s \u00e9claircissantes. Il peut aider \u00e0 att\u00e9nuer les t\u00e2ches pigmentaires et \u00e0 uniformiser le teint de la peau.<\/p>\n<p>La m\u00fbre : L&rsquo;extrait de racines de m\u00fbre, est riche en antioxydants et en vitamines. Il est connu pour ses bienfaits \u00e9claircissants et peut contribuer \u00e0 r\u00e9duire l&rsquo;apparence des t\u00e2ches et de l&rsquo;hyperpigmentation.<\/p>\n<p>La papaye : L&rsquo;extrait de fruits de papaye, est appr\u00e9ci\u00e9 pour ses propri\u00e9t\u00e9s \u00e9claircissantes et exfoliantes douces. Il peut aider \u00e0 \u00e9liminer les cellules mortes de la peau, \u00e0 r\u00e9v\u00e9ler un teint plus lumineux et \u00e0 r\u00e9duire l&rsquo;apparence des t\u00e2ches.<\/p>\n<p>L&rsquo;aloe vera : L&rsquo;extrait de feuilles d&rsquo;aloe vera, est reconnu pour ses propri\u00e9t\u00e9s hydratantes et apaisantes. Il peut aider \u00e0 maintenir l&rsquo;hydratation de la peau, la laisser douce et souple, et calmer les irritations \u00e9ventuelles.<\/p>\n<p>La mauve : L&rsquo;extrait de mauve, est r\u00e9put\u00e9 pour ses propri\u00e9t\u00e9s apaisantes et adoucissantes. Il peut contribuer \u00e0 calmer les irritations cutan\u00e9es, r\u00e9duire les rougeurs et apporter une sensation de confort \u00e0 la peau.<\/p>\n<h2>Precautions for use :<\/h2>\n<p>Pour une protection solaire suppl\u00e9mentaire, n&rsquo;oubliez pas d&rsquo;utiliser un produit naturel.<\/p>\n<p>Avant d&rsquo;utiliser tout produit cosm\u00e9tique, il est recommand\u00e9 de faire un test de sensibilit\u00e9 sur le pli de ton coude pour t&rsquo;assurer de ne pas avoir de r\u00e9action allergique.<\/p>\n<h2>R\u00e9sum\u00e9 de la marque So Supple Organics :<\/h2>\n<p>Charldera est la fondatrice de So Supple Organics. Son amour pour la curation des produits de soins de la peau et des cheveux d\u00e9coule de sa propre qu\u00eate personnelle de trouver des solutions naturelles pour traiter ses probl\u00e8mes de peau et de cuir chevelu. So Supple Organics est n\u00e9 du d\u00e9sir d&rsquo;offrir des rem\u00e8des de soin de la peau \u00e0 ceux qui recherchent des options plus naturelles et biologiques. Chez So Supple Organics, nous croyons que la simplicit\u00e9 et le naturel sont meilleurs lorsqu&rsquo;il s&rsquo;agit de soins de la peau. Nous proposons des produits de soins de la peau et de soins capillaires faits \u00e0 la main \u00e0 partir de tous les ingr\u00e9dients naturels, biologiques et v\u00e9g\u00e9taux. Nos formulations s&rsquo;inspirent des recettes de beaut\u00e9 anciennes de la diaspora carib\u00e9enne et africaine, utilis\u00e9es depuis des temps imm\u00e9moriaux pour maintenir une peau et des cheveux beaux et sains. Nos produits sont fabriqu\u00e9s \u00e0 partir de beurres, d&rsquo;huiles et d&rsquo;herbes naturelles et biologiques de haute qualit\u00e9 provenant du Ghana, de l&rsquo;Inde et d&rsquo;Australie. Chaque formulation est faite \u00e0 la main, vous pouvez donc \u00eatre s\u00fbr que chaque ingr\u00e9dient est soigneusement choisi \u00e0 des fins b\u00e9n\u00e9fiques. Nous n&rsquo;utilisons pas d&rsquo;ingr\u00e9dients inutiles tels que des charges ou des d\u00e9odorants. Notre gamme de soins du visage est sans parfum, seul le parfum naturel de chaque ingr\u00e9dient est pr\u00e9sent. Cela rend nos produits de soin de la peau sensibles et conviviaux !<\/p>","protected":false},"excerpt":{"rendered":"<p>Le S\u00e9rum Anti-T\u00e2che So Supple Organics est sp\u00e9cialement con\u00e7u pour traiter efficacement les t\u00e2ches sur la peau. Sa formule puissante et hydratante aide \u00e0 unifier et \u00e0 clarifier le teint , tout en particulier l&rsquo;apparence des diff\u00e9rentes t\u00e2ches cutan\u00e9es .<\/p>","protected":false},"featured_media":1273,"comment_status":"open","ping_status":"closed","template":"","meta":{"_acf_changed":false,"ocean_post_layout":"","ocean_both_sidebars_style":"","ocean_both_sidebars_content_width":0,"ocean_both_sidebars_sidebars_width":0,"ocean_sidebar":"0","ocean_second_sidebar":"0","ocean_disable_margins":"enable","ocean_add_body_class":"","ocean_shortcode_before_top_bar":"","ocean_shortcode_after_top_bar":"","ocean_shortcode_before_header":"","ocean_shortcode_after_header":"","ocean_has_shortcode":"","ocean_shortcode_after_title":"","ocean_shortcode_before_footer_widgets":"","ocean_shortcode_after_footer_widgets":"","ocean_shortcode_before_footer_bottom":"","ocean_shortcode_after_footer_bottom":"","ocean_display_top_bar":"default","ocean_display_header":"default","ocean_header_style":"","ocean_center_header_left_menu":"0","ocean_custom_header_template":"0","ocean_custom_logo":0,"ocean_custom_retina_logo":0,"ocean_custom_logo_max_width":0,"ocean_custom_logo_tablet_max_width":0,"ocean_custom_logo_mobile_max_width":0,"ocean_custom_logo_max_height":0,"ocean_custom_logo_tablet_max_height":0,"ocean_custom_logo_mobile_max_height":0,"ocean_header_custom_menu":"0","ocean_menu_typo_font_family":"0","ocean_menu_typo_font_subset":"","ocean_menu_typo_font_size":0,"ocean_menu_typo_font_size_tablet":0,"ocean_menu_typo_font_size_mobile":0,"ocean_menu_typo_font_size_unit":"px","ocean_menu_typo_font_weight":"","ocean_menu_typo_font_weight_tablet":"","ocean_menu_typo_font_weight_mobile":"","ocean_menu_typo_transform":"","ocean_menu_typo_transform_tablet":"","ocean_menu_typo_transform_mobile":"","ocean_menu_typo_line_height":0,"ocean_menu_typo_line_height_tablet":0,"ocean_menu_typo_line_height_mobile":0,"ocean_menu_typo_line_height_unit":"","ocean_menu_typo_spacing":0,"ocean_menu_typo_spacing_tablet":0,"ocean_menu_typo_spacing_mobile":0,"ocean_menu_typo_spacing_unit":"","ocean_menu_link_color":"","ocean_menu_link_color_hover":"","ocean_menu_link_color_active":"","ocean_menu_link_background":"","ocean_menu_link_hover_background":"","ocean_menu_link_active_background":"","ocean_menu_social_links_bg":"","ocean_menu_social_hover_links_bg":"","ocean_menu_social_links_color":"","ocean_menu_social_hover_links_color":"","ocean_disable_title":"default","ocean_disable_heading":"default","ocean_post_title":"","ocean_post_subheading":"","ocean_post_title_style":"","ocean_post_title_background_color":"","ocean_post_title_background":0,"ocean_post_title_bg_image_position":"","ocean_post_title_bg_image_attachment":"","ocean_post_title_bg_image_repeat":"","ocean_post_title_bg_image_size":"","ocean_post_title_height":0,"ocean_post_title_bg_overlay":0.5,"ocean_post_title_bg_overlay_color":"","ocean_disable_breadcrumbs":"default","ocean_breadcrumbs_color":"","ocean_breadcrumbs_separator_color":"","ocean_breadcrumbs_links_color":"","ocean_breadcrumbs_links_hover_color":"","ocean_display_footer_widgets":"default","ocean_display_footer_bottom":"default","ocean_custom_footer_template":"0","_glsr_average":4.7,"_glsr_ranking":3.7769230769231,"_glsr_reviews":3},"product_brand":[],"product_cat":[49,73,435],"product_tag":[154,111,110,240,202,239,84,99,98,101,100,135,86,171,238,381,109,380,118],"class_list":{"0":"post-1429","1":"product","2":"type-product","3":"status-publish","4":"has-post-thumbnail","6":"product_cat-serums","7":"product_cat-so-supple-organics","8":"product_cat-soins-cibles-corps","9":"product_tag-aloe-vera","10":"product_tag-deshydratation","11":"product_tag-eclat","12":"product_tag-mauve","13":"product_tag-menthe-poivree","14":"product_tag-mure","15":"product_tag-papaye","16":"product_tag-peau-grasse","17":"product_tag-peau-mixte","18":"product_tag-peau-normale","19":"product_tag-peau-seche","20":"product_tag-produits","21":"product_tag-reglisse","22":"product_tag-serums","23":"product_tag-so-supple-organics","24":"product_tag-soins-cibles-corps","25":"product_tag-taches","26":"product_tag-taches-corps","27":"product_tag-visage","29":"entry","30":"has-media","32":"first","33":"instock","34":"shipping-taxable","35":"purchasable","36":"product-type-simple","37":"has-rating","38":"has-product-nav","39":"col","40":"span_1_of_3","41":"owp-content-center","42":"owp-thumbs-layout-horizontal","43":"owp-btn-normal","44":"owp-tabs-layout-horizontal","45":"has-no-thumbnails"},"acf":[],"yoast_head":"<!-- This site is optimized with the Yoast SEO plugin v25.5 - https:\/\/yoast.com\/wordpress\/plugins\/seo\/ -->\n<title>Dream Skin s\u00e9rum anti t\u00e2che et clarifiant - Lovy NK Kosm\u00e9tik<\/title>\n<meta name=\"description\" content=\"Le s\u00e9rum anti t\u00e2che Dream Skin de So Supple Organics est sp\u00e9cialement con\u00e7u pour traiter efficacement les t\u00e2ches sur la peau.\" \/>\n<meta name=\"robots\" content=\"index, follow, max-snippet:-1, max-image-preview:large, max-video-preview:-1\" \/>\n<link rel=\"canonical\" href=\"https:\/\/lovynkkosmetik.fr\/en\/product\/dream-skin-serum-anti-tache-clarifiant\/\" \/>\n<meta property=\"og:locale\" content=\"en_US\" \/>\n<meta property=\"og:type\" content=\"article\" \/>\n<meta property=\"og:title\" content=\"Dream Skin s\u00e9rum anti t\u00e2che et clarifiant - Lovy NK Kosm\u00e9tik\" \/>\n<meta property=\"og:description\" content=\"Le s\u00e9rum anti t\u00e2che Dream Skin de So Supple Organics est sp\u00e9cialement con\u00e7u pour traiter efficacement les t\u00e2ches sur la peau.\" \/>\n<meta property=\"og:url\" content=\"https:\/\/lovynkkosmetik.fr\/en\/product\/dream-skin-serum-anti-tache-clarifiant\/\" \/>\n<meta property=\"og:site_name\" content=\"Lovy NK Kosm\u00e9tik\" \/>\n<meta property=\"article:modified_time\" content=\"2025-04-11T22:16:13+00:00\" \/>\n<meta property=\"og:image\" content=\"https:\/\/lovynkkosmetik.fr\/wp-content\/uploads\/2024\/04\/so-supple-organics-dreamskin-scaled.jpg\" \/>\n\t<meta property=\"og:image:width\" content=\"2560\" \/>\n\t<meta property=\"og:image:height\" content=\"1920\" \/>\n\t<meta property=\"og:image:type\" content=\"image\/jpeg\" \/>\n<meta name=\"twitter:card\" content=\"summary_large_image\" \/>\n<meta name=\"twitter:label1\" content=\"Est. reading time\" \/>\n\t<meta name=\"twitter:data1\" content=\"4 minutes\" \/>\n<script type=\"application\/ld+json\" class=\"yoast-schema-graph\">{\"@context\":\"https:\/\/schema.org\",\"@graph\":[{\"@type\":\"WebPage\",\"@id\":\"https:\/\/lovynkkosmetik.fr\/produit\/dream-skin-serum-anti-tache-clarifiant\/\",\"url\":\"https:\/\/lovynkkosmetik.fr\/produit\/dream-skin-serum-anti-tache-clarifiant\/\",\"name\":\"Dream Skin s\u00e9rum anti t\u00e2che et clarifiant - Lovy NK Kosm\u00e9tik\",\"isPartOf\":{\"@id\":\"https:\/\/lovynkkosmetik.fr\/#website\"},\"primaryImageOfPage\":{\"@id\":\"https:\/\/lovynkkosmetik.fr\/produit\/dream-skin-serum-anti-tache-clarifiant\/#primaryimage\"},\"image\":{\"@id\":\"https:\/\/lovynkkosmetik.fr\/produit\/dream-skin-serum-anti-tache-clarifiant\/#primaryimage\"},\"thumbnailUrl\":\"https:\/\/lovynkkosmetik.fr\/wp-content\/uploads\/2024\/04\/so-supple-organics-dreamskin-scaled.jpg\",\"datePublished\":\"2024-05-23T20:49:52+00:00\",\"dateModified\":\"2025-04-11T22:16:13+00:00\",\"description\":\"Le s\u00e9rum anti t\u00e2che Dream Skin de So Supple Organics est sp\u00e9cialement con\u00e7u pour traiter efficacement les t\u00e2ches sur la peau.\",\"breadcrumb\":{\"@id\":\"https:\/\/lovynkkosmetik.fr\/produit\/dream-skin-serum-anti-tache-clarifiant\/#breadcrumb\"},\"inLanguage\":\"en-US\",\"potentialAction\":[{\"@type\":\"ReadAction\",\"target\":[\"https:\/\/lovynkkosmetik.fr\/produit\/dream-skin-serum-anti-tache-clarifiant\/\"]}]},{\"@type\":\"ImageObject\",\"inLanguage\":\"en-US\",\"@id\":\"https:\/\/lovynkkosmetik.fr\/produit\/dream-skin-serum-anti-tache-clarifiant\/#primaryimage\",\"url\":\"https:\/\/lovynkkosmetik.fr\/wp-content\/uploads\/2024\/04\/so-supple-organics-dreamskin-scaled.jpg\",\"contentUrl\":\"https:\/\/lovynkkosmetik.fr\/wp-content\/uploads\/2024\/04\/so-supple-organics-dreamskin-scaled.jpg\",\"width\":2560,\"height\":1920,\"caption\":\"So Supple Organics - Dreamskin\"},{\"@type\":\"BreadcrumbList\",\"@id\":\"https:\/\/lovynkkosmetik.fr\/produit\/dream-skin-serum-anti-tache-clarifiant\/#breadcrumb\",\"itemListElement\":[{\"@type\":\"ListItem\",\"position\":1,\"name\":\"Accueil\",\"item\":\"https:\/\/lovynkkosmetik.fr\/\"},{\"@type\":\"ListItem\",\"position\":2,\"name\":\"Boutique\",\"item\":\"https:\/\/lovynkkosmetik.fr\/boutique\/\"},{\"@type\":\"ListItem\",\"position\":3,\"name\":\"Dream Skin s\u00e9rum anti t\u00e2che et clarifiant\"}]},{\"@type\":\"WebSite\",\"@id\":\"https:\/\/lovynkkosmetik.fr\/#website\",\"url\":\"https:\/\/lovynkkosmetik.fr\/\",\"name\":\"Lovy NK Kosm\u00e9tik\",\"description\":\"Sublime ta m\u00e9lanine\",\"publisher\":{\"@id\":\"https:\/\/lovynkkosmetik.fr\/#organization\"},\"alternateName\":\"Lovy NK Kosm\u00e9tik\",\"potentialAction\":[{\"@type\":\"SearchAction\",\"target\":{\"@type\":\"EntryPoint\",\"urlTemplate\":\"https:\/\/lovynkkosmetik.fr\/?s={search_term_string}\"},\"query-input\":{\"@type\":\"PropertyValueSpecification\",\"valueRequired\":true,\"valueName\":\"search_term_string\"}}],\"inLanguage\":\"en-US\"},{\"@type\":\"Organization\",\"@id\":\"https:\/\/lovynkkosmetik.fr\/#organization\",\"name\":\"Lovy NK Kosm\u00e9tik\",\"alternateName\":\"Lovy NK Kosm\u00e9tik\",\"url\":\"https:\/\/lovynkkosmetik.fr\/\",\"logo\":{\"@type\":\"ImageObject\",\"inLanguage\":\"en-US\",\"@id\":\"https:\/\/lovynkkosmetik.fr\/#\/schema\/logo\/image\/\",\"url\":\"https:\/\/lovynkkosmetik.fr\/wp-content\/uploads\/2024\/05\/logo-lovy-nk-kosmetik-jaune.png\",\"contentUrl\":\"https:\/\/lovynkkosmetik.fr\/wp-content\/uploads\/2024\/05\/logo-lovy-nk-kosmetik-jaune.png\",\"width\":3699,\"height\":1417,\"caption\":\"Lovy NK Kosm\u00e9tik\"},\"image\":{\"@id\":\"https:\/\/lovynkkosmetik.fr\/#\/schema\/logo\/image\/\"}}]}<\/script>\n<!-- \/ Yoast SEO plugin. -->","yoast_head_json":{"title":"Dream Skin s\u00e9rum anti t\u00e2che et clarifiant - Lovy NK Kosm\u00e9tik","description":"Le s\u00e9rum anti t\u00e2che Dream Skin de So Supple Organics est sp\u00e9cialement con\u00e7u pour traiter efficacement les t\u00e2ches sur la peau.","robots":{"index":"index","follow":"follow","max-snippet":"max-snippet:-1","max-image-preview":"max-image-preview:large","max-video-preview":"max-video-preview:-1"},"canonical":"https:\/\/lovynkkosmetik.fr\/en\/product\/dream-skin-serum-anti-tache-clarifiant\/","og_locale":"en_US","og_type":"article","og_title":"Dream Skin s\u00e9rum anti t\u00e2che et clarifiant - Lovy NK Kosm\u00e9tik","og_description":"Le s\u00e9rum anti t\u00e2che Dream Skin de So Supple Organics est sp\u00e9cialement con\u00e7u pour traiter efficacement les t\u00e2ches sur la peau.","og_url":"https:\/\/lovynkkosmetik.fr\/en\/product\/dream-skin-serum-anti-tache-clarifiant\/","og_site_name":"Lovy NK Kosm\u00e9tik","article_modified_time":"2025-04-11T22:16:13+00:00","og_image":[{"width":2560,"height":1920,"url":"https:\/\/lovynkkosmetik.fr\/wp-content\/uploads\/2024\/04\/so-supple-organics-dreamskin-scaled.jpg","type":"image\/jpeg"}],"twitter_card":"summary_large_image","twitter_misc":{"Est. reading time":"4 minutes"},"schema":{"@context":"https:\/\/schema.org","@graph":[{"@type":"WebPage","@id":"https:\/\/lovynkkosmetik.fr\/produit\/dream-skin-serum-anti-tache-clarifiant\/","url":"https:\/\/lovynkkosmetik.fr\/produit\/dream-skin-serum-anti-tache-clarifiant\/","name":"Dream Skin s\u00e9rum anti t\u00e2che et clarifiant - Lovy NK Kosm\u00e9tik","isPartOf":{"@id":"https:\/\/lovynkkosmetik.fr\/#website"},"primaryImageOfPage":{"@id":"https:\/\/lovynkkosmetik.fr\/produit\/dream-skin-serum-anti-tache-clarifiant\/#primaryimage"},"image":{"@id":"https:\/\/lovynkkosmetik.fr\/produit\/dream-skin-serum-anti-tache-clarifiant\/#primaryimage"},"thumbnailUrl":"https:\/\/lovynkkosmetik.fr\/wp-content\/uploads\/2024\/04\/so-supple-organics-dreamskin-scaled.jpg","datePublished":"2024-05-23T20:49:52+00:00","dateModified":"2025-04-11T22:16:13+00:00","description":"Le s\u00e9rum anti t\u00e2che Dream Skin de So Supple Organics est sp\u00e9cialement con\u00e7u pour traiter efficacement les t\u00e2ches sur la peau.","breadcrumb":{"@id":"https:\/\/lovynkkosmetik.fr\/produit\/dream-skin-serum-anti-tache-clarifiant\/#breadcrumb"},"inLanguage":"en-US","potentialAction":[{"@type":"ReadAction","target":["https:\/\/lovynkkosmetik.fr\/produit\/dream-skin-serum-anti-tache-clarifiant\/"]}]},{"@type":"ImageObject","inLanguage":"en-US","@id":"https:\/\/lovynkkosmetik.fr\/produit\/dream-skin-serum-anti-tache-clarifiant\/#primaryimage","url":"https:\/\/lovynkkosmetik.fr\/wp-content\/uploads\/2024\/04\/so-supple-organics-dreamskin-scaled.jpg","contentUrl":"https:\/\/lovynkkosmetik.fr\/wp-content\/uploads\/2024\/04\/so-supple-organics-dreamskin-scaled.jpg","width":2560,"height":1920,"caption":"So Supple Organics - Dreamskin"},{"@type":"BreadcrumbList","@id":"https:\/\/lovynkkosmetik.fr\/produit\/dream-skin-serum-anti-tache-clarifiant\/#breadcrumb","itemListElement":[{"@type":"ListItem","position":1,"name":"Accueil","item":"https:\/\/lovynkkosmetik.fr\/"},{"@type":"ListItem","position":2,"name":"Boutique","item":"https:\/\/lovynkkosmetik.fr\/boutique\/"},{"@type":"ListItem","position":3,"name":"Dream Skin s\u00e9rum anti t\u00e2che et clarifiant"}]},{"@type":"WebSite","@id":"https:\/\/lovynkkosmetik.fr\/#website","url":"https:\/\/lovynkkosmetik.fr\/","name":"Lovy NK Kosm\u00e9tik","description":"Sublime ta m\u00e9lanine","publisher":{"@id":"https:\/\/lovynkkosmetik.fr\/#organization"},"alternateName":"Lovy NK Kosm\u00e9tik","potentialAction":[{"@type":"SearchAction","target":{"@type":"EntryPoint","urlTemplate":"https:\/\/lovynkkosmetik.fr\/?s={search_term_string}"},"query-input":{"@type":"PropertyValueSpecification","valueRequired":true,"valueName":"search_term_string"}}],"inLanguage":"en-US"},{"@type":"Organization","@id":"https:\/\/lovynkkosmetik.fr\/#organization","name":"Lovy NK Kosm\u00e9tik","alternateName":"Lovy NK Kosm\u00e9tik","url":"https:\/\/lovynkkosmetik.fr\/","logo":{"@type":"ImageObject","inLanguage":"en-US","@id":"https:\/\/lovynkkosmetik.fr\/#\/schema\/logo\/image\/","url":"https:\/\/lovynkkosmetik.fr\/wp-content\/uploads\/2024\/05\/logo-lovy-nk-kosmetik-jaune.png","contentUrl":"https:\/\/lovynkkosmetik.fr\/wp-content\/uploads\/2024\/05\/logo-lovy-nk-kosmetik-jaune.png","width":3699,"height":1417,"caption":"Lovy NK Kosm\u00e9tik"},"image":{"@id":"https:\/\/lovynkkosmetik.fr\/#\/schema\/logo\/image\/"}}]}},"_links":{"self":[{"href":"https:\/\/lovynkkosmetik.fr\/en\/wp-json\/wp\/v2\/product\/1429","targetHints":{"allow":["GET"]}}],"collection":[{"href":"https:\/\/lovynkkosmetik.fr\/en\/wp-json\/wp\/v2\/product"}],"about":[{"href":"https:\/\/lovynkkosmetik.fr\/en\/wp-json\/wp\/v2\/types\/product"}],"replies":[{"embeddable":true,"href":"https:\/\/lovynkkosmetik.fr\/en\/wp-json\/wp\/v2\/comments?post=1429"}],"version-history":[{"count":0,"href":"https:\/\/lovynkkosmetik.fr\/en\/wp-json\/wp\/v2\/product\/1429\/revisions"}],"wp:featuredmedia":[{"embeddable":true,"href":"https:\/\/lovynkkosmetik.fr\/en\/wp-json\/wp\/v2\/media\/1273"}],"wp:attachment":[{"href":"https:\/\/lovynkkosmetik.fr\/en\/wp-json\/wp\/v2\/media?parent=1429"}],"wp:term":[{"taxonomy":"product_brand","embeddable":true,"href":"https:\/\/lovynkkosmetik.fr\/en\/wp-json\/wp\/v2\/product_brand?post=1429"},{"taxonomy":"product_cat","embeddable":true,"href":"https:\/\/lovynkkosmetik.fr\/en\/wp-json\/wp\/v2\/product_cat?post=1429"},{"taxonomy":"product_tag","embeddable":true,"href":"https:\/\/lovynkkosmetik.fr\/en\/wp-json\/wp\/v2\/product_tag?post=1429"}],"curies":[{"name":"wp","href":"https:\/\/api.w.org\/{rel}","templated":true}]}}