{"id":1427,"date":"2024-05-23T22:29:05","date_gmt":"2024-05-23T20:29:05","guid":{"rendered":"https:\/\/lovynkkosmetik.fr\/?post_type=product&#038;p=1427"},"modified":"2024-11-22T22:13:49","modified_gmt":"2024-11-22T21:13:49","slug":"cacao-clay-cleanser-mask","status":"publish","type":"product","link":"https:\/\/lovynkkosmetik.fr\/en\/product\/cacao-clay-cleanser-mask\/","title":{"rendered":"Cacao Clay Cleanser \/ Mask"},"content":{"rendered":"<h2>Skin Type :<\/h2>\n<ul>\n<li>Oily<\/li>\n<li>Combination<\/li>\n<li>Normal<\/li>\n<\/ul>\n<h2>Benefits :<\/h2>\n<p><strong>Brightens and revitalizes your skin<\/strong> : Thanks to its formula enriched with mineral-rich clays, herbal powders, and nourishing oils, this cleanser helps to brighten your complexion and refresh your skin, giving it a radiant glow.<\/p>\n<p><strong>Gently exfoliates and boosts cell renewal<\/strong> : The mild exfoliating properties of our cleanser remove dead skin cells while promoting cellular regeneration, leaving your skin smoother and more luminous.<\/p>\n<p><strong>Regulates sebum production<\/strong> : With a blend of oils rich in oleic and linoleic acids, this cleanser helps to balance oily skin and reduce excess shine.<\/p>\n<p><strong>Deeply cleanses pores and eliminates bacteria<\/strong> : Our clay cleanser provides a deep pore cleanse, removing impurities and bacteria responsible for skin imperfections. Your skin feels fresh, clean, and purified.<\/p>\n<h2>How to use :<\/h2>\n<p>As an exfoliating cleanser : Use once daily (preferably in the evening), Massage a spoonful of the clay cleanser onto warm, damp skin in upward circular motions for 60 seconds to remove dirt, oil, and debris.<br \/>\nRinse thoroughly.<br \/>\nIf you have sensitive and\/or dry skin, use only 1 to 2 times per week !<\/p>\n<p>As a Mask: Apply to clean, dry skin using upward circular motions.<\/p>\n<p>For sensitive\/dry skin: Leave on for 5-10 minutes.<br \/>\nFor oily\/combination\/normal skin : Leave on for 20-30 minutes.<\/p>\n<h2>Ingredients :<\/h2>\n<p>*Cocoa powder, *Kaolin clay, Rhassoul clay, ***Raw Tennessee honey, *Neem, *Marshmallow root, *Turmeric, *Ashwagandha, *Calendula, *Ginger, *Harvicide, Raw apple cider vinegar, *Cocoa absolute alcohol, *Avocado oil, *Pumpkin seed oil, *Evening primrose CO2, *Rosemary CO2, Willow bark extract, Essential oils of: *Manuka, *Myrrh, *Sweet orange, *Cedarwood, *Geranium.<br \/>\n* = Certified Organic<br \/>\n***Wild-harvested from untreated local beekeeping farms.<\/p>\n<p>Key Ingredient Benefits :<br \/>\nRaw Honey: Packed with enzymes, nutrients, and minerals essential for healthy skin, including vitamin B, iron, manganese, copper, potassium, and calcium. Acts as a humectant, drawing moisture into the skin. When mixed with water, honey releases peroxidase properties that help combat inflammatory conditions such as acne.<br \/>\nRaw Cocoa: Repairs skin, improves texture, has anti-inflammatory properties, and neutralizes irritants and free radicals.<br \/>\nKaolin Clay: Works like a magnet to gently remove toxins and impurities.<\/p>\n<h2>Precautions for use :<\/h2>\n<p>Expiration: 6 months after opening.<br \/>\nAlways perform a patch test on your inner elbow before first use<br \/>\nStore away from direct sunlight or excessive heat<\/p>\n<h2>About Natty Naturals:<\/h2>\n<p>We are Dominique and Syeed, the Harris family\u2014two groovy souls from the \u201870s, born just three days apart, with a passion for all things holistically artistic.<br \/>\nI launched **All Things O\u2019Natural** with a hopeful vision: *\"What if we lived in a world where we returned to the basics of appreciating nature? A world where we truly valued the natural gifts that benefit our whole being?\"* Finding beauty and peace in the simplest ingredients, often found in our own backyard. My goal was to bring these *\"what ifs\"* back to nature\u2019s foundation, bottle them up beautifully, and share them with the world.<br \/>\nMy passion for natural and holistic living was sparked by a life-changing experience. When my daughter, then 2 years old, suffered from a severe scalp infection called Kerion, doctors told me her hair would never grow back. Refusing to accept this, I immersed myself in research to find a natural remedy. Through dedication and persistence, I discovered a blend of butters, herbs, and extracts that soothed her inflamed scalp. She suffered so much that she slept with her tiny hands under her head to avoid contact with the pillow, fearing the pain.\nFor two months, I applied my herbal blend twice daily while giving her echinacea extract to strengthen her immune system. To our joy, she healed completely. Not only did her hair grow back, but it blossomed into a thick, healthy mane\u2014until, at the age of five, she asked to get a \"big boy haircut.\"\nThis journey transformed my approach to wellness. I began researching every ingredient in my home, eliminating harmful products, and replacing them with wholesome alternatives. That moment led to the birth of Natty Naturals\u2014a brand rooted in healing, nature, and love.<\/p>","protected":false},"excerpt":{"rendered":"<p>A surprisingly gentle and nourishing clay-based facial cleanser made with mineral-rich clays, herbal powders, raw honey, and oils. It helps to soothe, cleanse, and nourish for a more radiant complexion. 19 active ingredients. 100% whole plant-based. 98% organic ingredients<\/p>","protected":false},"featured_media":1256,"comment_status":"open","ping_status":"closed","template":"","meta":{"_acf_changed":false,"ocean_post_layout":"","ocean_both_sidebars_style":"","ocean_both_sidebars_content_width":0,"ocean_both_sidebars_sidebars_width":0,"ocean_sidebar":"0","ocean_second_sidebar":"0","ocean_disable_margins":"enable","ocean_add_body_class":"","ocean_shortcode_before_top_bar":"","ocean_shortcode_after_top_bar":"","ocean_shortcode_before_header":"","ocean_shortcode_after_header":"","ocean_has_shortcode":"","ocean_shortcode_after_title":"","ocean_shortcode_before_footer_widgets":"","ocean_shortcode_after_footer_widgets":"","ocean_shortcode_before_footer_bottom":"","ocean_shortcode_after_footer_bottom":"","ocean_display_top_bar":"default","ocean_display_header":"default","ocean_header_style":"","ocean_center_header_left_menu":"0","ocean_custom_header_template":"0","ocean_custom_logo":0,"ocean_custom_retina_logo":0,"ocean_custom_logo_max_width":0,"ocean_custom_logo_tablet_max_width":0,"ocean_custom_logo_mobile_max_width":0,"ocean_custom_logo_max_height":0,"ocean_custom_logo_tablet_max_height":0,"ocean_custom_logo_mobile_max_height":0,"ocean_header_custom_menu":"0","ocean_menu_typo_font_family":"0","ocean_menu_typo_font_subset":"","ocean_menu_typo_font_size":0,"ocean_menu_typo_font_size_tablet":0,"ocean_menu_typo_font_size_mobile":0,"ocean_menu_typo_font_size_unit":"px","ocean_menu_typo_font_weight":"","ocean_menu_typo_font_weight_tablet":"","ocean_menu_typo_font_weight_mobile":"","ocean_menu_typo_transform":"","ocean_menu_typo_transform_tablet":"","ocean_menu_typo_transform_mobile":"","ocean_menu_typo_line_height":0,"ocean_menu_typo_line_height_tablet":0,"ocean_menu_typo_line_height_mobile":0,"ocean_menu_typo_line_height_unit":"","ocean_menu_typo_spacing":0,"ocean_menu_typo_spacing_tablet":0,"ocean_menu_typo_spacing_mobile":0,"ocean_menu_typo_spacing_unit":"","ocean_menu_link_color":"","ocean_menu_link_color_hover":"","ocean_menu_link_color_active":"","ocean_menu_link_background":"","ocean_menu_link_hover_background":"","ocean_menu_link_active_background":"","ocean_menu_social_links_bg":"","ocean_menu_social_hover_links_bg":"","ocean_menu_social_links_color":"","ocean_menu_social_hover_links_color":"","ocean_disable_title":"default","ocean_disable_heading":"default","ocean_post_title":"","ocean_post_subheading":"","ocean_post_title_style":"","ocean_post_title_background_color":"","ocean_post_title_background":0,"ocean_post_title_bg_image_position":"","ocean_post_title_bg_image_attachment":"","ocean_post_title_bg_image_repeat":"","ocean_post_title_bg_image_size":"","ocean_post_title_height":0,"ocean_post_title_bg_overlay":0.5,"ocean_post_title_bg_overlay_color":"","ocean_disable_breadcrumbs":"default","ocean_breadcrumbs_color":"","ocean_breadcrumbs_separator_color":"","ocean_breadcrumbs_links_color":"","ocean_breadcrumbs_links_hover_color":"","ocean_display_footer_widgets":"default","ocean_display_footer_bottom":"default","ocean_custom_footer_template":"0","_glsr_average":3,"_glsr_ranking":3.4545454545455,"_glsr_reviews":1},"product_brand":[],"product_cat":[47,48,69,44],"product_tag":[232,234,236,108,148,155,237,226,110,79,235,172,157,106,211,134,222,83,143,201,99,98,101,135,197,118],"class_list":{"0":"post-1427","1":"product","2":"type-product","3":"status-publish","4":"has-post-thumbnail","6":"product_cat-gommage-visage","7":"product_cat-masques-visage","8":"product_cat-natty-naturals","9":"product_cat-nettoyants-visage","10":"product_tag-argile-kaolin","11":"product_tag-argile-rhassoul","12":"product_tag-avocat","13":"product_tag-brillance","14":"product_tag-cacao","15":"product_tag-calendula","16":"product_tag-courge","17":"product_tag-curcuma","18":"product_tag-eclat","19":"product_tag-geranium","20":"product_tag-gingembre","21":"product_tag-gommages","22":"product_tag-guimauve","23":"product_tag-imperfections","24":"product_tag-masques","25":"product_tag-miel","26":"product_tag-natty-naturals","27":"product_tag-neem","28":"product_tag-nettoyants","29":"product_tag-orange","30":"product_tag-peau-grasse","31":"product_tag-peau-mixte","32":"product_tag-peau-normale","33":"product_tag-produits","34":"product_tag-saule","35":"product_tag-visage","37":"entry","38":"has-media","40":"first","41":"instock","42":"shipping-taxable","43":"purchasable","44":"product-type-simple","45":"has-rating","46":"has-product-nav","47":"col","48":"span_1_of_3","49":"owp-content-center","50":"owp-thumbs-layout-horizontal","51":"owp-btn-normal","52":"owp-tabs-layout-horizontal","53":"has-no-thumbnails"},"acf":[],"yoast_head":"<!-- This site is optimized with the Yoast SEO plugin v25.5 - https:\/\/yoast.com\/wordpress\/plugins\/seo\/ -->\n<title>Cacao clay cleanser \/ mask - Lovy NK Kosm\u00e9tik<\/title>\n<meta name=\"description\" content=\"Cacao clay est un nettoyant \u00e0 l&#039;argile pour le visage \u00e9tonnamment doux et nourrissant .Il aide \u00e0 apaiser, nettoyer et nourrir pour un teint plus \u00e9clatant.\" \/>\n<meta name=\"robots\" content=\"index, follow, max-snippet:-1, max-image-preview:large, max-video-preview:-1\" \/>\n<link rel=\"canonical\" href=\"https:\/\/lovynkkosmetik.fr\/en\/product\/cacao-clay-cleanser-mask\/\" \/>\n<meta property=\"og:locale\" content=\"en_US\" \/>\n<meta property=\"og:type\" content=\"article\" \/>\n<meta property=\"og:title\" content=\"Cacao clay cleanser \/ mask - Lovy NK Kosm\u00e9tik\" \/>\n<meta property=\"og:description\" content=\"Cacao clay est un nettoyant \u00e0 l&#039;argile pour le visage \u00e9tonnamment doux et nourrissant .Il aide \u00e0 apaiser, nettoyer et nourrir pour un teint plus \u00e9clatant.\" \/>\n<meta property=\"og:url\" content=\"https:\/\/lovynkkosmetik.fr\/en\/product\/cacao-clay-cleanser-mask\/\" \/>\n<meta property=\"og:site_name\" content=\"Lovy NK Kosm\u00e9tik\" \/>\n<meta property=\"article:modified_time\" content=\"2024-11-22T21:13:49+00:00\" \/>\n<meta property=\"og:image\" content=\"https:\/\/lovynkkosmetik.fr\/wp-content\/uploads\/2024\/04\/natty-naturals-cacao-clay.png\" \/>\n\t<meta property=\"og:image:width\" content=\"567\" \/>\n\t<meta property=\"og:image:height\" content=\"714\" \/>\n\t<meta property=\"og:image:type\" content=\"image\/png\" \/>\n<meta name=\"twitter:card\" content=\"summary_large_image\" \/>\n<meta name=\"twitter:label1\" content=\"Est. reading time\" \/>\n\t<meta name=\"twitter:data1\" content=\"5 minutes\" \/>\n<script type=\"application\/ld+json\" class=\"yoast-schema-graph\">{\"@context\":\"https:\/\/schema.org\",\"@graph\":[{\"@type\":\"WebPage\",\"@id\":\"https:\/\/lovynkkosmetik.fr\/produit\/cacao-clay-cleanser-mask\/\",\"url\":\"https:\/\/lovynkkosmetik.fr\/produit\/cacao-clay-cleanser-mask\/\",\"name\":\"Cacao clay cleanser \/ mask - Lovy NK Kosm\u00e9tik\",\"isPartOf\":{\"@id\":\"https:\/\/lovynkkosmetik.fr\/#website\"},\"primaryImageOfPage\":{\"@id\":\"https:\/\/lovynkkosmetik.fr\/produit\/cacao-clay-cleanser-mask\/#primaryimage\"},\"image\":{\"@id\":\"https:\/\/lovynkkosmetik.fr\/produit\/cacao-clay-cleanser-mask\/#primaryimage\"},\"thumbnailUrl\":\"https:\/\/lovynkkosmetik.fr\/wp-content\/uploads\/2024\/04\/natty-naturals-cacao-clay.png\",\"datePublished\":\"2024-05-23T20:29:05+00:00\",\"dateModified\":\"2024-11-22T21:13:49+00:00\",\"description\":\"Cacao clay est un nettoyant \u00e0 l'argile pour le visage \u00e9tonnamment doux et nourrissant .Il aide \u00e0 apaiser, nettoyer et nourrir pour un teint plus \u00e9clatant.\",\"breadcrumb\":{\"@id\":\"https:\/\/lovynkkosmetik.fr\/produit\/cacao-clay-cleanser-mask\/#breadcrumb\"},\"inLanguage\":\"en-US\",\"potentialAction\":[{\"@type\":\"ReadAction\",\"target\":[\"https:\/\/lovynkkosmetik.fr\/produit\/cacao-clay-cleanser-mask\/\"]}]},{\"@type\":\"ImageObject\",\"inLanguage\":\"en-US\",\"@id\":\"https:\/\/lovynkkosmetik.fr\/produit\/cacao-clay-cleanser-mask\/#primaryimage\",\"url\":\"https:\/\/lovynkkosmetik.fr\/wp-content\/uploads\/2024\/04\/natty-naturals-cacao-clay.png\",\"contentUrl\":\"https:\/\/lovynkkosmetik.fr\/wp-content\/uploads\/2024\/04\/natty-naturals-cacao-clay.png\",\"width\":567,\"height\":714,\"caption\":\"Natty naturals - Cacao clay\"},{\"@type\":\"BreadcrumbList\",\"@id\":\"https:\/\/lovynkkosmetik.fr\/produit\/cacao-clay-cleanser-mask\/#breadcrumb\",\"itemListElement\":[{\"@type\":\"ListItem\",\"position\":1,\"name\":\"Accueil\",\"item\":\"https:\/\/lovynkkosmetik.fr\/\"},{\"@type\":\"ListItem\",\"position\":2,\"name\":\"Boutique\",\"item\":\"https:\/\/lovynkkosmetik.fr\/boutique\/\"},{\"@type\":\"ListItem\",\"position\":3,\"name\":\"Cacao clay cleanser \/ mask\"}]},{\"@type\":\"WebSite\",\"@id\":\"https:\/\/lovynkkosmetik.fr\/#website\",\"url\":\"https:\/\/lovynkkosmetik.fr\/\",\"name\":\"Lovy NK Kosm\u00e9tik\",\"description\":\"Sublime ta m\u00e9lanine\",\"publisher\":{\"@id\":\"https:\/\/lovynkkosmetik.fr\/#organization\"},\"alternateName\":\"Lovy NK Kosm\u00e9tik\",\"potentialAction\":[{\"@type\":\"SearchAction\",\"target\":{\"@type\":\"EntryPoint\",\"urlTemplate\":\"https:\/\/lovynkkosmetik.fr\/?s={search_term_string}\"},\"query-input\":{\"@type\":\"PropertyValueSpecification\",\"valueRequired\":true,\"valueName\":\"search_term_string\"}}],\"inLanguage\":\"en-US\"},{\"@type\":\"Organization\",\"@id\":\"https:\/\/lovynkkosmetik.fr\/#organization\",\"name\":\"Lovy NK Kosm\u00e9tik\",\"alternateName\":\"Lovy NK Kosm\u00e9tik\",\"url\":\"https:\/\/lovynkkosmetik.fr\/\",\"logo\":{\"@type\":\"ImageObject\",\"inLanguage\":\"en-US\",\"@id\":\"https:\/\/lovynkkosmetik.fr\/#\/schema\/logo\/image\/\",\"url\":\"https:\/\/lovynkkosmetik.fr\/wp-content\/uploads\/2024\/05\/logo-lovy-nk-kosmetik-jaune.png\",\"contentUrl\":\"https:\/\/lovynkkosmetik.fr\/wp-content\/uploads\/2024\/05\/logo-lovy-nk-kosmetik-jaune.png\",\"width\":3699,\"height\":1417,\"caption\":\"Lovy NK Kosm\u00e9tik\"},\"image\":{\"@id\":\"https:\/\/lovynkkosmetik.fr\/#\/schema\/logo\/image\/\"}}]}<\/script>\n<!-- \/ Yoast SEO plugin. -->","yoast_head_json":{"title":"Cacao clay cleanser \/ mask - Lovy NK Kosm\u00e9tik","description":"Cacao clay est un nettoyant \u00e0 l'argile pour le visage \u00e9tonnamment doux et nourrissant .Il aide \u00e0 apaiser, nettoyer et nourrir pour un teint plus \u00e9clatant.","robots":{"index":"index","follow":"follow","max-snippet":"max-snippet:-1","max-image-preview":"max-image-preview:large","max-video-preview":"max-video-preview:-1"},"canonical":"https:\/\/lovynkkosmetik.fr\/en\/product\/cacao-clay-cleanser-mask\/","og_locale":"en_US","og_type":"article","og_title":"Cacao clay cleanser \/ mask - Lovy NK Kosm\u00e9tik","og_description":"Cacao clay est un nettoyant \u00e0 l'argile pour le visage \u00e9tonnamment doux et nourrissant .Il aide \u00e0 apaiser, nettoyer et nourrir pour un teint plus \u00e9clatant.","og_url":"https:\/\/lovynkkosmetik.fr\/en\/product\/cacao-clay-cleanser-mask\/","og_site_name":"Lovy NK Kosm\u00e9tik","article_modified_time":"2024-11-22T21:13:49+00:00","og_image":[{"width":567,"height":714,"url":"https:\/\/lovynkkosmetik.fr\/wp-content\/uploads\/2024\/04\/natty-naturals-cacao-clay.png","type":"image\/png"}],"twitter_card":"summary_large_image","twitter_misc":{"Est. reading time":"5 minutes"},"schema":{"@context":"https:\/\/schema.org","@graph":[{"@type":"WebPage","@id":"https:\/\/lovynkkosmetik.fr\/produit\/cacao-clay-cleanser-mask\/","url":"https:\/\/lovynkkosmetik.fr\/produit\/cacao-clay-cleanser-mask\/","name":"Cacao clay cleanser \/ mask - Lovy NK Kosm\u00e9tik","isPartOf":{"@id":"https:\/\/lovynkkosmetik.fr\/#website"},"primaryImageOfPage":{"@id":"https:\/\/lovynkkosmetik.fr\/produit\/cacao-clay-cleanser-mask\/#primaryimage"},"image":{"@id":"https:\/\/lovynkkosmetik.fr\/produit\/cacao-clay-cleanser-mask\/#primaryimage"},"thumbnailUrl":"https:\/\/lovynkkosmetik.fr\/wp-content\/uploads\/2024\/04\/natty-naturals-cacao-clay.png","datePublished":"2024-05-23T20:29:05+00:00","dateModified":"2024-11-22T21:13:49+00:00","description":"Cacao clay est un nettoyant \u00e0 l'argile pour le visage \u00e9tonnamment doux et nourrissant .Il aide \u00e0 apaiser, nettoyer et nourrir pour un teint plus \u00e9clatant.","breadcrumb":{"@id":"https:\/\/lovynkkosmetik.fr\/produit\/cacao-clay-cleanser-mask\/#breadcrumb"},"inLanguage":"en-US","potentialAction":[{"@type":"ReadAction","target":["https:\/\/lovynkkosmetik.fr\/produit\/cacao-clay-cleanser-mask\/"]}]},{"@type":"ImageObject","inLanguage":"en-US","@id":"https:\/\/lovynkkosmetik.fr\/produit\/cacao-clay-cleanser-mask\/#primaryimage","url":"https:\/\/lovynkkosmetik.fr\/wp-content\/uploads\/2024\/04\/natty-naturals-cacao-clay.png","contentUrl":"https:\/\/lovynkkosmetik.fr\/wp-content\/uploads\/2024\/04\/natty-naturals-cacao-clay.png","width":567,"height":714,"caption":"Natty naturals - Cacao clay"},{"@type":"BreadcrumbList","@id":"https:\/\/lovynkkosmetik.fr\/produit\/cacao-clay-cleanser-mask\/#breadcrumb","itemListElement":[{"@type":"ListItem","position":1,"name":"Accueil","item":"https:\/\/lovynkkosmetik.fr\/"},{"@type":"ListItem","position":2,"name":"Boutique","item":"https:\/\/lovynkkosmetik.fr\/boutique\/"},{"@type":"ListItem","position":3,"name":"Cacao clay cleanser \/ mask"}]},{"@type":"WebSite","@id":"https:\/\/lovynkkosmetik.fr\/#website","url":"https:\/\/lovynkkosmetik.fr\/","name":"Lovy NK Kosm\u00e9tik","description":"Sublime ta m\u00e9lanine","publisher":{"@id":"https:\/\/lovynkkosmetik.fr\/#organization"},"alternateName":"Lovy NK Kosm\u00e9tik","potentialAction":[{"@type":"SearchAction","target":{"@type":"EntryPoint","urlTemplate":"https:\/\/lovynkkosmetik.fr\/?s={search_term_string}"},"query-input":{"@type":"PropertyValueSpecification","valueRequired":true,"valueName":"search_term_string"}}],"inLanguage":"en-US"},{"@type":"Organization","@id":"https:\/\/lovynkkosmetik.fr\/#organization","name":"Lovy NK Kosm\u00e9tik","alternateName":"Lovy NK Kosm\u00e9tik","url":"https:\/\/lovynkkosmetik.fr\/","logo":{"@type":"ImageObject","inLanguage":"en-US","@id":"https:\/\/lovynkkosmetik.fr\/#\/schema\/logo\/image\/","url":"https:\/\/lovynkkosmetik.fr\/wp-content\/uploads\/2024\/05\/logo-lovy-nk-kosmetik-jaune.png","contentUrl":"https:\/\/lovynkkosmetik.fr\/wp-content\/uploads\/2024\/05\/logo-lovy-nk-kosmetik-jaune.png","width":3699,"height":1417,"caption":"Lovy NK Kosm\u00e9tik"},"image":{"@id":"https:\/\/lovynkkosmetik.fr\/#\/schema\/logo\/image\/"}}]}},"_links":{"self":[{"href":"https:\/\/lovynkkosmetik.fr\/en\/wp-json\/wp\/v2\/product\/1427","targetHints":{"allow":["GET"]}}],"collection":[{"href":"https:\/\/lovynkkosmetik.fr\/en\/wp-json\/wp\/v2\/product"}],"about":[{"href":"https:\/\/lovynkkosmetik.fr\/en\/wp-json\/wp\/v2\/types\/product"}],"replies":[{"embeddable":true,"href":"https:\/\/lovynkkosmetik.fr\/en\/wp-json\/wp\/v2\/comments?post=1427"}],"version-history":[{"count":0,"href":"https:\/\/lovynkkosmetik.fr\/en\/wp-json\/wp\/v2\/product\/1427\/revisions"}],"wp:featuredmedia":[{"embeddable":true,"href":"https:\/\/lovynkkosmetik.fr\/en\/wp-json\/wp\/v2\/media\/1256"}],"wp:attachment":[{"href":"https:\/\/lovynkkosmetik.fr\/en\/wp-json\/wp\/v2\/media?parent=1427"}],"wp:term":[{"taxonomy":"product_brand","embeddable":true,"href":"https:\/\/lovynkkosmetik.fr\/en\/wp-json\/wp\/v2\/product_brand?post=1427"},{"taxonomy":"product_cat","embeddable":true,"href":"https:\/\/lovynkkosmetik.fr\/en\/wp-json\/wp\/v2\/product_cat?post=1427"},{"taxonomy":"product_tag","embeddable":true,"href":"https:\/\/lovynkkosmetik.fr\/en\/wp-json\/wp\/v2\/product_tag?post=1427"}],"curies":[{"name":"wp","href":"https:\/\/api.w.org\/{rel}","templated":true}]}}