{"id":1414,"date":"2024-05-22T01:09:21","date_gmt":"2024-05-21T23:09:21","guid":{"rendered":"https:\/\/lovynkkosmetik.fr\/?post_type=product&#038;p=1414"},"modified":"2024-10-22T18:45:26","modified_gmt":"2024-10-22T16:45:26","slug":"huile-de-maracudja-scintillante-100ml","status":"publish","type":"product","link":"https:\/\/lovynkkosmetik.fr\/en\/product\/huile-de-maracudja-scintillante-100ml\/","title":{"rendered":"Shimmering Maracudja Oil 100ml"},"content":{"rendered":"<h2>Concerns :<\/h2>\n<p>Nourished, regenerated, and glowing skin<\/p>\n<h2>Benefits :<\/h2>\n<p><strong>Deeply nourishes your melanin<\/strong> : Packed with essential nutrients that deeply nourish your skin, leaving it soft and radiant<\/p>\n<p><strong>Regenerates your skin<\/strong> Helps repair skin damage and revitalizes your complexion<\/p>\n<p><strong>Boosts skin glow<\/strong> Enhances your skin\u2019s natural radiance.<\/p>\n<p><strong>Antioxidant-rich<\/strong> Fights free radicals, preventing premature aging.<\/p>\n<h2>How to use :<\/h2>\n<p>- The non-shimmering Maracudja oil can be used on your face, body, and hair.<br \/>\nApply a few drops to your face, body, or hair.<br \/>\nMassage gently to help the nutrients absorb.<br \/>\nUse regularly for optimal results.<\/p>\n<h2>Ingredients :<\/h2>\n<p>Coconut Oil \u2013 Nourishing &amp; moisturizing, softens and soothes skin &amp; hair.<br \/>\nMaracudja (Passion Fruit) \u2013 Rich in essential nutrients, regenerates the skin and boosts natural glow.<br \/>\nVitamin E \u2013 A powerful antioxidant, protects the skin from free radical damage.<\/p>\n<h2>Precautions for use :<\/h2>\n<p>Shake well before use to mix the ingredients properly.<br \/>\nAlways patch-test on your elbow crease before first use to check for allergies.<br \/>\nCoconut oil is comedogenic (can clog pores). If you have oily or acne-prone skin, avoid applying Maracudja oil on your face.<\/p>\n<h2>About N.oil Beauty:<\/h2>\n<p>A young self-taught Guadeloupean entrepreneur (25 years old) who started making coconut oil during lockdown and continued her journey by creating more natural oils.<\/p>","protected":false},"excerpt":{"rendered":"<p>Discover this **wonderful Maracudja oil** with a light, tangy fragrance, perfect for use on your face, body, and hair. \nContents : 100ml bottle \u2013 Shimmering Special Offer : Get 10% off on Maracudja oil with slight transport damage (labels stained due to a bottle breakage).<\/p>","protected":false},"featured_media":1284,"comment_status":"open","ping_status":"closed","template":"","meta":{"_acf_changed":false,"ocean_post_layout":"","ocean_both_sidebars_style":"","ocean_both_sidebars_content_width":0,"ocean_both_sidebars_sidebars_width":0,"ocean_sidebar":"0","ocean_second_sidebar":"0","ocean_disable_margins":"enable","ocean_add_body_class":"","ocean_shortcode_before_top_bar":"","ocean_shortcode_after_top_bar":"","ocean_shortcode_before_header":"","ocean_shortcode_after_header":"","ocean_has_shortcode":"","ocean_shortcode_after_title":"","ocean_shortcode_before_footer_widgets":"","ocean_shortcode_after_footer_widgets":"","ocean_shortcode_before_footer_bottom":"","ocean_shortcode_after_footer_bottom":"","ocean_display_top_bar":"default","ocean_display_header":"default","ocean_header_style":"","ocean_center_header_left_menu":"0","ocean_custom_header_template":"0","ocean_custom_logo":0,"ocean_custom_retina_logo":0,"ocean_custom_logo_max_width":0,"ocean_custom_logo_tablet_max_width":0,"ocean_custom_logo_mobile_max_width":0,"ocean_custom_logo_max_height":0,"ocean_custom_logo_tablet_max_height":0,"ocean_custom_logo_mobile_max_height":0,"ocean_header_custom_menu":"0","ocean_menu_typo_font_family":"0","ocean_menu_typo_font_subset":"","ocean_menu_typo_font_size":0,"ocean_menu_typo_font_size_tablet":0,"ocean_menu_typo_font_size_mobile":0,"ocean_menu_typo_font_size_unit":"px","ocean_menu_typo_font_weight":"","ocean_menu_typo_font_weight_tablet":"","ocean_menu_typo_font_weight_mobile":"","ocean_menu_typo_transform":"","ocean_menu_typo_transform_tablet":"","ocean_menu_typo_transform_mobile":"","ocean_menu_typo_line_height":0,"ocean_menu_typo_line_height_tablet":0,"ocean_menu_typo_line_height_mobile":0,"ocean_menu_typo_line_height_unit":"","ocean_menu_typo_spacing":0,"ocean_menu_typo_spacing_tablet":0,"ocean_menu_typo_spacing_mobile":0,"ocean_menu_typo_spacing_unit":"","ocean_menu_link_color":"","ocean_menu_link_color_hover":"","ocean_menu_link_color_active":"","ocean_menu_link_background":"","ocean_menu_link_hover_background":"","ocean_menu_link_active_background":"","ocean_menu_social_links_bg":"","ocean_menu_social_hover_links_bg":"","ocean_menu_social_links_color":"","ocean_menu_social_hover_links_color":"","ocean_disable_title":"default","ocean_disable_heading":"default","ocean_post_title":"","ocean_post_subheading":"","ocean_post_title_style":"","ocean_post_title_background_color":"","ocean_post_title_background":0,"ocean_post_title_bg_image_position":"","ocean_post_title_bg_image_attachment":"","ocean_post_title_bg_image_repeat":"","ocean_post_title_bg_image_size":"","ocean_post_title_height":0,"ocean_post_title_bg_overlay":0.5,"ocean_post_title_bg_overlay_color":"","ocean_disable_breadcrumbs":"default","ocean_breadcrumbs_color":"","ocean_breadcrumbs_separator_color":"","ocean_breadcrumbs_links_color":"","ocean_breadcrumbs_links_hover_color":"","ocean_display_footer_widgets":"default","ocean_display_footer_bottom":"default","ocean_custom_footer_template":"0","_glsr_average":0,"_glsr_ranking":0,"_glsr_reviews":0},"product_brand":[],"product_cat":[36,70],"product_tag":[103,119,138,117,159,221,110,126,80,220,102,101,100,135,112,118,140],"class_list":{"0":"post-1414","1":"product","2":"type-product","3":"status-publish","4":"has-post-thumbnail","6":"product_cat-huiles-visage-corps-cheveux","7":"product_cat-n-oil-beauty","8":"product_tag-anti-age","9":"product_tag-capillaire","10":"product_tag-coco","11":"product_tag-corps","12":"product_tag-cremes","13":"product_tag-cremes-corps","14":"product_tag-eclat","15":"product_tag-huiles","16":"product_tag-maracudja","17":"product_tag-noil-beauty","18":"product_tag-peau-mature","19":"product_tag-peau-normale","20":"product_tag-peau-seche","21":"product_tag-produits","22":"product_tag-secheresse-visage","23":"product_tag-visage","24":"product_tag-vitamine-e","26":"entry","27":"has-media","29":"first","30":"instock","31":"shipping-taxable","32":"purchasable","33":"product-type-variable","34":"has-product-nav","35":"col","36":"span_1_of_3","37":"owp-content-center","38":"owp-thumbs-layout-horizontal","39":"owp-btn-normal","40":"owp-tabs-layout-horizontal","41":"has-no-thumbnails"},"acf":[],"yoast_head":"<!-- This site is optimized with the Yoast SEO plugin v25.5 - https:\/\/yoast.com\/wordpress\/plugins\/seo\/ -->\n<title>Huile de Maracudja scintillante 100ml - Lovy NK Kosm\u00e9tik<\/title>\n<meta name=\"description\" content=\"D\u00e9couvrez cette merveilleuse huile scintillante de maracudja au l\u00e9ger parfum acidul\u00e9. Parfaite pour ton visage, ton corps et tes cheveux.\" \/>\n<meta name=\"robots\" content=\"index, follow, max-snippet:-1, max-image-preview:large, max-video-preview:-1\" \/>\n<link rel=\"canonical\" href=\"https:\/\/lovynkkosmetik.fr\/en\/product\/huile-de-maracudja-scintillante-100ml\/\" \/>\n<meta property=\"og:locale\" content=\"en_US\" \/>\n<meta property=\"og:type\" content=\"article\" \/>\n<meta property=\"og:title\" content=\"Huile de Maracudja scintillante 100ml - Lovy NK Kosm\u00e9tik\" \/>\n<meta property=\"og:description\" content=\"D\u00e9couvrez cette merveilleuse huile scintillante de maracudja au l\u00e9ger parfum acidul\u00e9. Parfaite pour ton visage, ton corps et tes cheveux.\" \/>\n<meta property=\"og:url\" content=\"https:\/\/lovynkkosmetik.fr\/en\/product\/huile-de-maracudja-scintillante-100ml\/\" \/>\n<meta property=\"og:site_name\" content=\"Lovy NK Kosm\u00e9tik\" \/>\n<meta property=\"article:modified_time\" content=\"2024-10-22T16:45:26+00:00\" \/>\n<meta property=\"og:image\" content=\"https:\/\/lovynkkosmetik.fr\/wp-content\/uploads\/2024\/04\/noil-beauty-maracudja-100ml-scaled.jpg\" \/>\n\t<meta property=\"og:image:width\" content=\"2560\" \/>\n\t<meta property=\"og:image:height\" content=\"1920\" \/>\n\t<meta property=\"og:image:type\" content=\"image\/jpeg\" \/>\n<meta name=\"twitter:card\" content=\"summary_large_image\" \/>\n<meta name=\"twitter:label1\" content=\"Est. reading time\" \/>\n\t<meta name=\"twitter:data1\" content=\"2 minutes\" \/>\n<script type=\"application\/ld+json\" class=\"yoast-schema-graph\">{\"@context\":\"https:\/\/schema.org\",\"@graph\":[{\"@type\":\"WebPage\",\"@id\":\"https:\/\/lovynkkosmetik.fr\/produit\/huile-de-maracudja-scintillante-100ml\/\",\"url\":\"https:\/\/lovynkkosmetik.fr\/produit\/huile-de-maracudja-scintillante-100ml\/\",\"name\":\"Huile de Maracudja scintillante 100ml - Lovy NK Kosm\u00e9tik\",\"isPartOf\":{\"@id\":\"https:\/\/lovynkkosmetik.fr\/#website\"},\"primaryImageOfPage\":{\"@id\":\"https:\/\/lovynkkosmetik.fr\/produit\/huile-de-maracudja-scintillante-100ml\/#primaryimage\"},\"image\":{\"@id\":\"https:\/\/lovynkkosmetik.fr\/produit\/huile-de-maracudja-scintillante-100ml\/#primaryimage\"},\"thumbnailUrl\":\"https:\/\/lovynkkosmetik.fr\/wp-content\/uploads\/2024\/04\/noil-beauty-maracudja-100ml-scaled.jpg\",\"datePublished\":\"2024-05-21T23:09:21+00:00\",\"dateModified\":\"2024-10-22T16:45:26+00:00\",\"description\":\"D\u00e9couvrez cette merveilleuse huile scintillante de maracudja au l\u00e9ger parfum acidul\u00e9. Parfaite pour ton visage, ton corps et tes cheveux.\",\"breadcrumb\":{\"@id\":\"https:\/\/lovynkkosmetik.fr\/produit\/huile-de-maracudja-scintillante-100ml\/#breadcrumb\"},\"inLanguage\":\"en-US\",\"potentialAction\":[{\"@type\":\"ReadAction\",\"target\":[\"https:\/\/lovynkkosmetik.fr\/produit\/huile-de-maracudja-scintillante-100ml\/\"]}]},{\"@type\":\"ImageObject\",\"inLanguage\":\"en-US\",\"@id\":\"https:\/\/lovynkkosmetik.fr\/produit\/huile-de-maracudja-scintillante-100ml\/#primaryimage\",\"url\":\"https:\/\/lovynkkosmetik.fr\/wp-content\/uploads\/2024\/04\/noil-beauty-maracudja-100ml-scaled.jpg\",\"contentUrl\":\"https:\/\/lovynkkosmetik.fr\/wp-content\/uploads\/2024\/04\/noil-beauty-maracudja-100ml-scaled.jpg\",\"width\":2560,\"height\":1920,\"caption\":\"Noil Beauty - Maracudja100 ml\"},{\"@type\":\"BreadcrumbList\",\"@id\":\"https:\/\/lovynkkosmetik.fr\/produit\/huile-de-maracudja-scintillante-100ml\/#breadcrumb\",\"itemListElement\":[{\"@type\":\"ListItem\",\"position\":1,\"name\":\"Accueil\",\"item\":\"https:\/\/lovynkkosmetik.fr\/\"},{\"@type\":\"ListItem\",\"position\":2,\"name\":\"Boutique\",\"item\":\"https:\/\/lovynkkosmetik.fr\/boutique\/\"},{\"@type\":\"ListItem\",\"position\":3,\"name\":\"Huile de Maracudja scintillante 100ml\"}]},{\"@type\":\"WebSite\",\"@id\":\"https:\/\/lovynkkosmetik.fr\/#website\",\"url\":\"https:\/\/lovynkkosmetik.fr\/\",\"name\":\"Lovy NK Kosm\u00e9tik\",\"description\":\"Sublime ta m\u00e9lanine\",\"publisher\":{\"@id\":\"https:\/\/lovynkkosmetik.fr\/#organization\"},\"alternateName\":\"Lovy NK Kosm\u00e9tik\",\"potentialAction\":[{\"@type\":\"SearchAction\",\"target\":{\"@type\":\"EntryPoint\",\"urlTemplate\":\"https:\/\/lovynkkosmetik.fr\/?s={search_term_string}\"},\"query-input\":{\"@type\":\"PropertyValueSpecification\",\"valueRequired\":true,\"valueName\":\"search_term_string\"}}],\"inLanguage\":\"en-US\"},{\"@type\":\"Organization\",\"@id\":\"https:\/\/lovynkkosmetik.fr\/#organization\",\"name\":\"Lovy NK Kosm\u00e9tik\",\"alternateName\":\"Lovy NK Kosm\u00e9tik\",\"url\":\"https:\/\/lovynkkosmetik.fr\/\",\"logo\":{\"@type\":\"ImageObject\",\"inLanguage\":\"en-US\",\"@id\":\"https:\/\/lovynkkosmetik.fr\/#\/schema\/logo\/image\/\",\"url\":\"https:\/\/lovynkkosmetik.fr\/wp-content\/uploads\/2024\/05\/logo-lovy-nk-kosmetik-jaune.png\",\"contentUrl\":\"https:\/\/lovynkkosmetik.fr\/wp-content\/uploads\/2024\/05\/logo-lovy-nk-kosmetik-jaune.png\",\"width\":3699,\"height\":1417,\"caption\":\"Lovy NK Kosm\u00e9tik\"},\"image\":{\"@id\":\"https:\/\/lovynkkosmetik.fr\/#\/schema\/logo\/image\/\"}}]}<\/script>\n<!-- \/ Yoast SEO plugin. -->","yoast_head_json":{"title":"Huile de Maracudja scintillante 100ml - Lovy NK Kosm\u00e9tik","description":"D\u00e9couvrez cette merveilleuse huile scintillante de maracudja au l\u00e9ger parfum acidul\u00e9. Parfaite pour ton visage, ton corps et tes cheveux.","robots":{"index":"index","follow":"follow","max-snippet":"max-snippet:-1","max-image-preview":"max-image-preview:large","max-video-preview":"max-video-preview:-1"},"canonical":"https:\/\/lovynkkosmetik.fr\/en\/product\/huile-de-maracudja-scintillante-100ml\/","og_locale":"en_US","og_type":"article","og_title":"Huile de Maracudja scintillante 100ml - Lovy NK Kosm\u00e9tik","og_description":"D\u00e9couvrez cette merveilleuse huile scintillante de maracudja au l\u00e9ger parfum acidul\u00e9. Parfaite pour ton visage, ton corps et tes cheveux.","og_url":"https:\/\/lovynkkosmetik.fr\/en\/product\/huile-de-maracudja-scintillante-100ml\/","og_site_name":"Lovy NK Kosm\u00e9tik","article_modified_time":"2024-10-22T16:45:26+00:00","og_image":[{"width":2560,"height":1920,"url":"https:\/\/lovynkkosmetik.fr\/wp-content\/uploads\/2024\/04\/noil-beauty-maracudja-100ml-scaled.jpg","type":"image\/jpeg"}],"twitter_card":"summary_large_image","twitter_misc":{"Est. reading time":"2 minutes"},"schema":{"@context":"https:\/\/schema.org","@graph":[{"@type":"WebPage","@id":"https:\/\/lovynkkosmetik.fr\/produit\/huile-de-maracudja-scintillante-100ml\/","url":"https:\/\/lovynkkosmetik.fr\/produit\/huile-de-maracudja-scintillante-100ml\/","name":"Huile de Maracudja scintillante 100ml - Lovy NK Kosm\u00e9tik","isPartOf":{"@id":"https:\/\/lovynkkosmetik.fr\/#website"},"primaryImageOfPage":{"@id":"https:\/\/lovynkkosmetik.fr\/produit\/huile-de-maracudja-scintillante-100ml\/#primaryimage"},"image":{"@id":"https:\/\/lovynkkosmetik.fr\/produit\/huile-de-maracudja-scintillante-100ml\/#primaryimage"},"thumbnailUrl":"https:\/\/lovynkkosmetik.fr\/wp-content\/uploads\/2024\/04\/noil-beauty-maracudja-100ml-scaled.jpg","datePublished":"2024-05-21T23:09:21+00:00","dateModified":"2024-10-22T16:45:26+00:00","description":"D\u00e9couvrez cette merveilleuse huile scintillante de maracudja au l\u00e9ger parfum acidul\u00e9. Parfaite pour ton visage, ton corps et tes cheveux.","breadcrumb":{"@id":"https:\/\/lovynkkosmetik.fr\/produit\/huile-de-maracudja-scintillante-100ml\/#breadcrumb"},"inLanguage":"en-US","potentialAction":[{"@type":"ReadAction","target":["https:\/\/lovynkkosmetik.fr\/produit\/huile-de-maracudja-scintillante-100ml\/"]}]},{"@type":"ImageObject","inLanguage":"en-US","@id":"https:\/\/lovynkkosmetik.fr\/produit\/huile-de-maracudja-scintillante-100ml\/#primaryimage","url":"https:\/\/lovynkkosmetik.fr\/wp-content\/uploads\/2024\/04\/noil-beauty-maracudja-100ml-scaled.jpg","contentUrl":"https:\/\/lovynkkosmetik.fr\/wp-content\/uploads\/2024\/04\/noil-beauty-maracudja-100ml-scaled.jpg","width":2560,"height":1920,"caption":"Noil Beauty - Maracudja100 ml"},{"@type":"BreadcrumbList","@id":"https:\/\/lovynkkosmetik.fr\/produit\/huile-de-maracudja-scintillante-100ml\/#breadcrumb","itemListElement":[{"@type":"ListItem","position":1,"name":"Accueil","item":"https:\/\/lovynkkosmetik.fr\/"},{"@type":"ListItem","position":2,"name":"Boutique","item":"https:\/\/lovynkkosmetik.fr\/boutique\/"},{"@type":"ListItem","position":3,"name":"Huile de Maracudja scintillante 100ml"}]},{"@type":"WebSite","@id":"https:\/\/lovynkkosmetik.fr\/#website","url":"https:\/\/lovynkkosmetik.fr\/","name":"Lovy NK Kosm\u00e9tik","description":"Sublime ta m\u00e9lanine","publisher":{"@id":"https:\/\/lovynkkosmetik.fr\/#organization"},"alternateName":"Lovy NK Kosm\u00e9tik","potentialAction":[{"@type":"SearchAction","target":{"@type":"EntryPoint","urlTemplate":"https:\/\/lovynkkosmetik.fr\/?s={search_term_string}"},"query-input":{"@type":"PropertyValueSpecification","valueRequired":true,"valueName":"search_term_string"}}],"inLanguage":"en-US"},{"@type":"Organization","@id":"https:\/\/lovynkkosmetik.fr\/#organization","name":"Lovy NK Kosm\u00e9tik","alternateName":"Lovy NK Kosm\u00e9tik","url":"https:\/\/lovynkkosmetik.fr\/","logo":{"@type":"ImageObject","inLanguage":"en-US","@id":"https:\/\/lovynkkosmetik.fr\/#\/schema\/logo\/image\/","url":"https:\/\/lovynkkosmetik.fr\/wp-content\/uploads\/2024\/05\/logo-lovy-nk-kosmetik-jaune.png","contentUrl":"https:\/\/lovynkkosmetik.fr\/wp-content\/uploads\/2024\/05\/logo-lovy-nk-kosmetik-jaune.png","width":3699,"height":1417,"caption":"Lovy NK Kosm\u00e9tik"},"image":{"@id":"https:\/\/lovynkkosmetik.fr\/#\/schema\/logo\/image\/"}}]}},"_links":{"self":[{"href":"https:\/\/lovynkkosmetik.fr\/en\/wp-json\/wp\/v2\/product\/1414","targetHints":{"allow":["GET"]}}],"collection":[{"href":"https:\/\/lovynkkosmetik.fr\/en\/wp-json\/wp\/v2\/product"}],"about":[{"href":"https:\/\/lovynkkosmetik.fr\/en\/wp-json\/wp\/v2\/types\/product"}],"replies":[{"embeddable":true,"href":"https:\/\/lovynkkosmetik.fr\/en\/wp-json\/wp\/v2\/comments?post=1414"}],"version-history":[{"count":0,"href":"https:\/\/lovynkkosmetik.fr\/en\/wp-json\/wp\/v2\/product\/1414\/revisions"}],"wp:featuredmedia":[{"embeddable":true,"href":"https:\/\/lovynkkosmetik.fr\/en\/wp-json\/wp\/v2\/media\/1284"}],"wp:attachment":[{"href":"https:\/\/lovynkkosmetik.fr\/en\/wp-json\/wp\/v2\/media?parent=1414"}],"wp:term":[{"taxonomy":"product_brand","embeddable":true,"href":"https:\/\/lovynkkosmetik.fr\/en\/wp-json\/wp\/v2\/product_brand?post=1414"},{"taxonomy":"product_cat","embeddable":true,"href":"https:\/\/lovynkkosmetik.fr\/en\/wp-json\/wp\/v2\/product_cat?post=1414"},{"taxonomy":"product_tag","embeddable":true,"href":"https:\/\/lovynkkosmetik.fr\/en\/wp-json\/wp\/v2\/product_tag?post=1414"}],"curies":[{"name":"wp","href":"https:\/\/api.w.org\/{rel}","templated":true}]}}