{"id":1394,"date":"2024-05-17T00:07:08","date_gmt":"2024-05-16T22:07:08","guid":{"rendered":"https:\/\/lovynkkosmetik.fr\/?post_type=product&#038;p=1394"},"modified":"2024-11-22T22:13:43","modified_gmt":"2024-11-22T21:13:43","slug":"body-butter","status":"publish","type":"product","link":"https:\/\/lovynkkosmetik.fr\/en\/product\/body-butter\/","title":{"rendered":"Body butter"},"content":{"rendered":"<h2>Concerns :<\/h2>\n<p>Peau hydrat\u00e9e, Traiter l&rsquo;ecz\u00e9ma<\/p>\n<h2>Benefits :<\/h2>\n<p>Les beurres corporels regorgent d&rsquo;antioxydants puissants qui permettent de neutraliser les radicaux libres et de pr\u00e9venir les signes de vieillissement pr\u00e9matur\u00e9. De plus, leur formule r\u00e9g\u00e9n\u00e9rante favorise la r\u00e9g\u00e9n\u00e9ration cellulaire, aidant ainsi \u00e0 r\u00e9parer et revitaliser ta peau.<\/p>\n<h2>How to use :<\/h2>\n<p>Prend une petite quantit\u00e9 du beurre hydratant et r\u00e9chauffe-le entre tes mains.<br \/>\nEnsuite, appliquez-le g\u00e9n\u00e9reusement sur ta peau s\u00e8che ou l\u00e9g\u00e8rement humide.<br \/>\nN&rsquo;h\u00e9sitez pas \u00e0 masser d\u00e9licatement et \u00e0 insister sur les zones les plus s\u00e8ches pour des r\u00e9sultats \u00e9tonnants.<br \/>\nVous pouvez utiliser notre beurre hydratant 1 \u00e0 2 fois par jour, en fonction de votre niveau de s\u00e9cheresse cutan\u00e9e. Apr\u00e8s une exposition au soleil, il est particuli\u00e8rement recommand\u00e9 pour \u00e9viter de peler et r\u00e9g\u00e9n\u00e9rer la peau en profondeur.<\/p>\n<p>Gr\u00e2ce \u00e0 sa texture fondante et \u00e0 sa formule nourrissante, notre beurre hydratant offre une hydratation intense et une protection contre les agressions ext\u00e9rieures. Prend soin de ta peau et profite des bienfaits r\u00e9g\u00e9n\u00e9rants de ce beurre hydratant pour retrouver une peau douce, souple et radieuse.<\/p>\n<h2>Ingredients :<\/h2>\n<p>Beurre v\u00e9g\u00e9tal de Karit\u00e9 &#8211; Beurre v\u00e9g\u00e9tal de cacao &#8211; Huile v\u00e9g\u00e9tale de Jojoba &#8211; Huile v\u00e9g\u00e9tale d&rsquo;Avocat &#8211; Huile v\u00e9g\u00e9tale d&rsquo;Amande douce &#8211; Fl\u00e8che pied en poudre &#8211; Parfum &#8211; Vitamine E &#8211; Mica<\/p>\n<h2>Precautions for use :<\/h2>\n<p>Avant d&rsquo;utiliser le beurre hydratant, il est important de faire un test au niveau du coude pour v\u00e9rifier si vous n&rsquo;\u00eates pas allergique \u00e0 l&rsquo;un des composants.<\/p>\n<p>Veille \u00e0 ne pas exposer le produit directement au soleil ou \u00e0 le laisser dans un endroit o\u00f9 il fait trop chaud, car cela pourrait alt\u00e9rer sa texture et sa qualit\u00e9.<\/p>\n<p>Si le beurre arrive fondu chez toi, tu peux le placer au cong\u00e9lateur pendant quelques minutes pour le solidifier \u00e0 nouveau.<\/p>\n<p>Il est \u00e9galement essentiel de noter que le beurre de karit\u00e9 contient naturellement du latex, ce qui peut \u00eatre un allerg\u00e8ne potentiel pour certaines personnes. Si vous avez des allergies connues au latex, il est pr\u00e9f\u00e9rable de consulter un professionnel de la sant\u00e9 avant d&rsquo;utiliser le produit.<\/p>\n<p>Avant d&rsquo;utiliser le beurre hydratant, il est important de faire un test au niveau du coude pour v\u00e9rifier si vous n&rsquo;\u00eates pas allergique \u00e0 l&rsquo;un des composants.<\/p>\n<p>Veille \u00e0 ne pas exposer le produit directement au soleil ou \u00e0 le laisser dans un endroit o\u00f9 il fait trop chaud, car cela pourrait alt\u00e9rer sa texture et sa qualit\u00e9.<\/p>\n<p>Si le beurre arrive fondu chez toi, tu peux le placer au cong\u00e9lateur pendant quelques minutes pour le solidifier \u00e0 nouveau.<\/p>\n<p>Il est \u00e9galement essentiel de noter que le beurre de karit\u00e9 contient naturellement du latex, ce qui peut \u00eatre un allerg\u00e8ne potentiel pour certaines personnes. Si vous avez des allergies connues au latex, il est pr\u00e9f\u00e9rable de consulter un professionnel de la sant\u00e9 avant d&rsquo;utiliser le produit.<\/p>\n<h2>R\u00e9sum\u00e9 de la marque Healskin:<\/h2>\n<p>Hendric et Lucie ont cr\u00e9\u00e9 Healskin en novembre 2021 suite \u00e0 des probl\u00e8mes de peau personnels. Ayant rencontr\u00e9 des difficult\u00e9s avec leur propre peau, ils ont d\u00e9cid\u00e9 de d\u00e9velopper leurs propres produits pour r\u00e9pondre \u00e0 leurs besoins sp\u00e9cifiques.<\/p>\n<p>Leur exp\u00e9rience personnelle leur a permis de comprendre l&rsquo;importance d&rsquo;utiliser des ingr\u00e9dients naturels et doux pour la peau, ainsi que de formuler des produits qui ciblent efficacement les probl\u00e8mes sp\u00e9cifiques tels que l&rsquo;acn\u00e9, la s\u00e9cheresse, la sensibilit\u00e9, etc.<\/p>\n<p>En voyant les r\u00e9sultats positifs obtenus sur leur propre peau, Hendric et Lucie ont d\u00e9cid\u00e9 de partager leurs produits avec les autres personnes qui souffrent \u00e9galement de probl\u00e8mes cutan\u00e9s. Ainsi, Healskin est n\u00e9, une marque d\u00e9di\u00e9e \u00e0 fournir des solutions de soins de la peau efficaces, s\u00fbres et naturelles.<\/p>\n<p>Depuis leur lancement, Healskin s&rsquo;est engag\u00e9 \u00e0 aider les individus \u00e0 retrouver une peau saine, \u00e9quilibr\u00e9e et radieuse. Leur approche centr\u00e9e sur la qualit\u00e9 des ingr\u00e9dients, la recherche et le d\u00e9veloppement minutieux, ainsi que la satisfaction des clients, ont fait de Healskin une marque de confiance dans l&rsquo;industrie des soins de la peau.<\/p>","protected":false},"excerpt":{"rendered":"<p>Obtenez une peau parfaitement hydrat\u00e9e avec ce beurre corporel naturel ! Il poss\u00e8de un doux parfum qui te ravira. Ces beurres corporels fondent d\u00e9licatement sur ta peau pour la nourrir en profondeur et t&rsquo;offrir une hydratation optimale tout au long de la journ\u00e9e, avec un effet rayonnant. Chez Healskin, leurs beurres corporels entra\u00eenent la r\u00e9g\u00e9n\u00e9ration cellulaire et luttent contre le vieillissement cutan\u00e9, l&rsquo;ecz\u00e9ma ainsi que les vergetures. Offrez \u00e0 votre peau les soins qu&rsquo;elle m\u00e9rite avec ces beurres corporels. Vous remarquerez la diff\u00e9rence d&rsquo;une peau \u00e9clatante, nourrie et en pleine sant\u00e9 ! Tu retrouveras comme parfum : Mono\u00ef, Vanille, Passion<\/p>","protected":false},"featured_media":1267,"comment_status":"open","ping_status":"closed","template":"","meta":{"_acf_changed":false,"ocean_post_layout":"","ocean_both_sidebars_style":"","ocean_both_sidebars_content_width":0,"ocean_both_sidebars_sidebars_width":0,"ocean_sidebar":"0","ocean_second_sidebar":"0","ocean_disable_margins":"enable","ocean_add_body_class":"","ocean_shortcode_before_top_bar":"","ocean_shortcode_after_top_bar":"","ocean_shortcode_before_header":"","ocean_shortcode_after_header":"","ocean_has_shortcode":"","ocean_shortcode_after_title":"","ocean_shortcode_before_footer_widgets":"","ocean_shortcode_after_footer_widgets":"","ocean_shortcode_before_footer_bottom":"","ocean_shortcode_after_footer_bottom":"","ocean_display_top_bar":"default","ocean_display_header":"default","ocean_header_style":"","ocean_center_header_left_menu":"0","ocean_custom_header_template":"0","ocean_custom_logo":0,"ocean_custom_retina_logo":0,"ocean_custom_logo_max_width":0,"ocean_custom_logo_tablet_max_width":0,"ocean_custom_logo_mobile_max_width":0,"ocean_custom_logo_max_height":0,"ocean_custom_logo_tablet_max_height":0,"ocean_custom_logo_mobile_max_height":0,"ocean_header_custom_menu":"0","ocean_menu_typo_font_family":"0","ocean_menu_typo_font_subset":"","ocean_menu_typo_font_size":0,"ocean_menu_typo_font_size_tablet":0,"ocean_menu_typo_font_size_mobile":0,"ocean_menu_typo_font_size_unit":"px","ocean_menu_typo_font_weight":"","ocean_menu_typo_font_weight_tablet":"","ocean_menu_typo_font_weight_mobile":"","ocean_menu_typo_transform":"","ocean_menu_typo_transform_tablet":"","ocean_menu_typo_transform_mobile":"","ocean_menu_typo_line_height":0,"ocean_menu_typo_line_height_tablet":0,"ocean_menu_typo_line_height_mobile":0,"ocean_menu_typo_line_height_unit":"","ocean_menu_typo_spacing":0,"ocean_menu_typo_spacing_tablet":0,"ocean_menu_typo_spacing_mobile":0,"ocean_menu_typo_spacing_unit":"","ocean_menu_link_color":"","ocean_menu_link_color_hover":"","ocean_menu_link_color_active":"","ocean_menu_link_background":"","ocean_menu_link_hover_background":"","ocean_menu_link_active_background":"","ocean_menu_social_links_bg":"","ocean_menu_social_hover_links_bg":"","ocean_menu_social_links_color":"","ocean_menu_social_hover_links_color":"","ocean_disable_title":"default","ocean_disable_heading":"default","ocean_post_title":"","ocean_post_subheading":"","ocean_post_title_style":"","ocean_post_title_background_color":"","ocean_post_title_background":0,"ocean_post_title_bg_image_position":"","ocean_post_title_bg_image_attachment":"","ocean_post_title_bg_image_repeat":"","ocean_post_title_bg_image_size":"","ocean_post_title_height":0,"ocean_post_title_bg_overlay":0.5,"ocean_post_title_bg_overlay_color":"","ocean_disable_breadcrumbs":"default","ocean_breadcrumbs_color":"","ocean_breadcrumbs_separator_color":"","ocean_breadcrumbs_links_color":"","ocean_breadcrumbs_links_hover_color":"","ocean_display_footer_widgets":"default","ocean_display_footer_bottom":"default","ocean_custom_footer_template":"0","_glsr_average":4.3,"_glsr_ranking":3.8,"_glsr_reviews":6},"product_brand":[],"product_cat":[39,65],"product_tag":[217,215,135],"class_list":{"0":"post-1394","1":"product","2":"type-product","3":"status-publish","4":"has-post-thumbnail","6":"product_cat-creme-corps","7":"product_cat-healskin","8":"product_tag-beurre-corps","9":"product_tag-healskin","10":"product_tag-produits","12":"entry","13":"has-media","15":"first","16":"instock","17":"shipping-taxable","18":"purchasable","19":"product-type-variable","20":"has-rating","21":"has-product-nav","22":"col","23":"span_1_of_3","24":"owp-content-center","25":"owp-thumbs-layout-horizontal","26":"owp-btn-normal","27":"owp-tabs-layout-horizontal","28":"has-no-thumbnails"},"acf":[],"yoast_head":"<!-- This site is optimized with the Yoast SEO plugin v25.5 - https:\/\/yoast.com\/wordpress\/plugins\/seo\/ -->\n<title>Body butter - Lovy NK Kosm\u00e9tik<\/title>\n<meta name=\"description\" content=\"Obtenez une peau parfaitement hydrat\u00e9e avec ce beurre corporel naturel ! Il poss\u00e8de un doux parfum qui te ravira. Parfums dispos : Mono\u00ef, Vanille, Passion\" \/>\n<meta name=\"robots\" content=\"index, follow, max-snippet:-1, max-image-preview:large, max-video-preview:-1\" \/>\n<link rel=\"canonical\" href=\"https:\/\/lovynkkosmetik.fr\/en\/product\/body-butter\/\" \/>\n<meta property=\"og:locale\" content=\"en_US\" \/>\n<meta property=\"og:type\" content=\"article\" \/>\n<meta property=\"og:title\" content=\"Body butter - Lovy NK Kosm\u00e9tik\" \/>\n<meta property=\"og:description\" content=\"Obtenez une peau parfaitement hydrat\u00e9e avec ce beurre corporel naturel ! Il poss\u00e8de un doux parfum qui te ravira. Parfums dispos : Mono\u00ef, Vanille, Passion\" \/>\n<meta property=\"og:url\" content=\"https:\/\/lovynkkosmetik.fr\/en\/product\/body-butter\/\" \/>\n<meta property=\"og:site_name\" content=\"Lovy NK Kosm\u00e9tik\" \/>\n<meta property=\"article:modified_time\" content=\"2024-11-22T21:13:43+00:00\" \/>\n<meta property=\"og:image\" content=\"https:\/\/lovynkkosmetik.fr\/wp-content\/uploads\/2024\/04\/healskin-trio-butter.jpg\" \/>\n\t<meta property=\"og:image:width\" content=\"1024\" \/>\n\t<meta property=\"og:image:height\" content=\"768\" \/>\n\t<meta property=\"og:image:type\" content=\"image\/jpeg\" \/>\n<meta name=\"twitter:card\" content=\"summary_large_image\" \/>\n<meta name=\"twitter:label1\" content=\"Est. reading time\" \/>\n\t<meta name=\"twitter:data1\" content=\"4 minutes\" \/>\n<script type=\"application\/ld+json\" class=\"yoast-schema-graph\">{\"@context\":\"https:\/\/schema.org\",\"@graph\":[{\"@type\":\"WebPage\",\"@id\":\"https:\/\/lovynkkosmetik.fr\/produit\/body-butter\/\",\"url\":\"https:\/\/lovynkkosmetik.fr\/produit\/body-butter\/\",\"name\":\"Body butter - Lovy NK Kosm\u00e9tik\",\"isPartOf\":{\"@id\":\"https:\/\/lovynkkosmetik.fr\/#website\"},\"primaryImageOfPage\":{\"@id\":\"https:\/\/lovynkkosmetik.fr\/produit\/body-butter\/#primaryimage\"},\"image\":{\"@id\":\"https:\/\/lovynkkosmetik.fr\/produit\/body-butter\/#primaryimage\"},\"thumbnailUrl\":\"https:\/\/lovynkkosmetik.fr\/wp-content\/uploads\/2024\/04\/healskin-trio-butter.jpg\",\"datePublished\":\"2024-05-16T22:07:08+00:00\",\"dateModified\":\"2024-11-22T21:13:43+00:00\",\"description\":\"Obtenez une peau parfaitement hydrat\u00e9e avec ce beurre corporel naturel ! Il poss\u00e8de un doux parfum qui te ravira. Parfums dispos : Mono\u00ef, Vanille, Passion\",\"breadcrumb\":{\"@id\":\"https:\/\/lovynkkosmetik.fr\/produit\/body-butter\/#breadcrumb\"},\"inLanguage\":\"en-US\",\"potentialAction\":[{\"@type\":\"ReadAction\",\"target\":[\"https:\/\/lovynkkosmetik.fr\/produit\/body-butter\/\"]}]},{\"@type\":\"ImageObject\",\"inLanguage\":\"en-US\",\"@id\":\"https:\/\/lovynkkosmetik.fr\/produit\/body-butter\/#primaryimage\",\"url\":\"https:\/\/lovynkkosmetik.fr\/wp-content\/uploads\/2024\/04\/healskin-trio-butter.jpg\",\"contentUrl\":\"https:\/\/lovynkkosmetik.fr\/wp-content\/uploads\/2024\/04\/healskin-trio-butter.jpg\",\"width\":1024,\"height\":768,\"caption\":\"Healskin - Trio butter : Vanilla, Mono\u00ef, Passion\"},{\"@type\":\"BreadcrumbList\",\"@id\":\"https:\/\/lovynkkosmetik.fr\/produit\/body-butter\/#breadcrumb\",\"itemListElement\":[{\"@type\":\"ListItem\",\"position\":1,\"name\":\"Accueil\",\"item\":\"https:\/\/lovynkkosmetik.fr\/\"},{\"@type\":\"ListItem\",\"position\":2,\"name\":\"Boutique\",\"item\":\"https:\/\/lovynkkosmetik.fr\/boutique\/\"},{\"@type\":\"ListItem\",\"position\":3,\"name\":\"Body butter\"}]},{\"@type\":\"WebSite\",\"@id\":\"https:\/\/lovynkkosmetik.fr\/#website\",\"url\":\"https:\/\/lovynkkosmetik.fr\/\",\"name\":\"Lovy NK Kosm\u00e9tik\",\"description\":\"Sublime ta m\u00e9lanine\",\"publisher\":{\"@id\":\"https:\/\/lovynkkosmetik.fr\/#organization\"},\"alternateName\":\"Lovy NK Kosm\u00e9tik\",\"potentialAction\":[{\"@type\":\"SearchAction\",\"target\":{\"@type\":\"EntryPoint\",\"urlTemplate\":\"https:\/\/lovynkkosmetik.fr\/?s={search_term_string}\"},\"query-input\":{\"@type\":\"PropertyValueSpecification\",\"valueRequired\":true,\"valueName\":\"search_term_string\"}}],\"inLanguage\":\"en-US\"},{\"@type\":\"Organization\",\"@id\":\"https:\/\/lovynkkosmetik.fr\/#organization\",\"name\":\"Lovy NK Kosm\u00e9tik\",\"alternateName\":\"Lovy NK Kosm\u00e9tik\",\"url\":\"https:\/\/lovynkkosmetik.fr\/\",\"logo\":{\"@type\":\"ImageObject\",\"inLanguage\":\"en-US\",\"@id\":\"https:\/\/lovynkkosmetik.fr\/#\/schema\/logo\/image\/\",\"url\":\"https:\/\/lovynkkosmetik.fr\/wp-content\/uploads\/2024\/05\/logo-lovy-nk-kosmetik-jaune.png\",\"contentUrl\":\"https:\/\/lovynkkosmetik.fr\/wp-content\/uploads\/2024\/05\/logo-lovy-nk-kosmetik-jaune.png\",\"width\":3699,\"height\":1417,\"caption\":\"Lovy NK Kosm\u00e9tik\"},\"image\":{\"@id\":\"https:\/\/lovynkkosmetik.fr\/#\/schema\/logo\/image\/\"}}]}<\/script>\n<!-- \/ Yoast SEO plugin. -->","yoast_head_json":{"title":"Body butter - Lovy NK Kosm\u00e9tik","description":"Obtenez une peau parfaitement hydrat\u00e9e avec ce beurre corporel naturel ! Il poss\u00e8de un doux parfum qui te ravira. Parfums dispos : Mono\u00ef, Vanille, Passion","robots":{"index":"index","follow":"follow","max-snippet":"max-snippet:-1","max-image-preview":"max-image-preview:large","max-video-preview":"max-video-preview:-1"},"canonical":"https:\/\/lovynkkosmetik.fr\/en\/product\/body-butter\/","og_locale":"en_US","og_type":"article","og_title":"Body butter - Lovy NK Kosm\u00e9tik","og_description":"Obtenez une peau parfaitement hydrat\u00e9e avec ce beurre corporel naturel ! Il poss\u00e8de un doux parfum qui te ravira. Parfums dispos : Mono\u00ef, Vanille, Passion","og_url":"https:\/\/lovynkkosmetik.fr\/en\/product\/body-butter\/","og_site_name":"Lovy NK Kosm\u00e9tik","article_modified_time":"2024-11-22T21:13:43+00:00","og_image":[{"width":1024,"height":768,"url":"https:\/\/lovynkkosmetik.fr\/wp-content\/uploads\/2024\/04\/healskin-trio-butter.jpg","type":"image\/jpeg"}],"twitter_card":"summary_large_image","twitter_misc":{"Est. reading time":"4 minutes"},"schema":{"@context":"https:\/\/schema.org","@graph":[{"@type":"WebPage","@id":"https:\/\/lovynkkosmetik.fr\/produit\/body-butter\/","url":"https:\/\/lovynkkosmetik.fr\/produit\/body-butter\/","name":"Body butter - Lovy NK Kosm\u00e9tik","isPartOf":{"@id":"https:\/\/lovynkkosmetik.fr\/#website"},"primaryImageOfPage":{"@id":"https:\/\/lovynkkosmetik.fr\/produit\/body-butter\/#primaryimage"},"image":{"@id":"https:\/\/lovynkkosmetik.fr\/produit\/body-butter\/#primaryimage"},"thumbnailUrl":"https:\/\/lovynkkosmetik.fr\/wp-content\/uploads\/2024\/04\/healskin-trio-butter.jpg","datePublished":"2024-05-16T22:07:08+00:00","dateModified":"2024-11-22T21:13:43+00:00","description":"Obtenez une peau parfaitement hydrat\u00e9e avec ce beurre corporel naturel ! Il poss\u00e8de un doux parfum qui te ravira. Parfums dispos : Mono\u00ef, Vanille, Passion","breadcrumb":{"@id":"https:\/\/lovynkkosmetik.fr\/produit\/body-butter\/#breadcrumb"},"inLanguage":"en-US","potentialAction":[{"@type":"ReadAction","target":["https:\/\/lovynkkosmetik.fr\/produit\/body-butter\/"]}]},{"@type":"ImageObject","inLanguage":"en-US","@id":"https:\/\/lovynkkosmetik.fr\/produit\/body-butter\/#primaryimage","url":"https:\/\/lovynkkosmetik.fr\/wp-content\/uploads\/2024\/04\/healskin-trio-butter.jpg","contentUrl":"https:\/\/lovynkkosmetik.fr\/wp-content\/uploads\/2024\/04\/healskin-trio-butter.jpg","width":1024,"height":768,"caption":"Healskin - Trio butter : Vanilla, Mono\u00ef, Passion"},{"@type":"BreadcrumbList","@id":"https:\/\/lovynkkosmetik.fr\/produit\/body-butter\/#breadcrumb","itemListElement":[{"@type":"ListItem","position":1,"name":"Accueil","item":"https:\/\/lovynkkosmetik.fr\/"},{"@type":"ListItem","position":2,"name":"Boutique","item":"https:\/\/lovynkkosmetik.fr\/boutique\/"},{"@type":"ListItem","position":3,"name":"Body butter"}]},{"@type":"WebSite","@id":"https:\/\/lovynkkosmetik.fr\/#website","url":"https:\/\/lovynkkosmetik.fr\/","name":"Lovy NK Kosm\u00e9tik","description":"Sublime ta m\u00e9lanine","publisher":{"@id":"https:\/\/lovynkkosmetik.fr\/#organization"},"alternateName":"Lovy NK Kosm\u00e9tik","potentialAction":[{"@type":"SearchAction","target":{"@type":"EntryPoint","urlTemplate":"https:\/\/lovynkkosmetik.fr\/?s={search_term_string}"},"query-input":{"@type":"PropertyValueSpecification","valueRequired":true,"valueName":"search_term_string"}}],"inLanguage":"en-US"},{"@type":"Organization","@id":"https:\/\/lovynkkosmetik.fr\/#organization","name":"Lovy NK Kosm\u00e9tik","alternateName":"Lovy NK Kosm\u00e9tik","url":"https:\/\/lovynkkosmetik.fr\/","logo":{"@type":"ImageObject","inLanguage":"en-US","@id":"https:\/\/lovynkkosmetik.fr\/#\/schema\/logo\/image\/","url":"https:\/\/lovynkkosmetik.fr\/wp-content\/uploads\/2024\/05\/logo-lovy-nk-kosmetik-jaune.png","contentUrl":"https:\/\/lovynkkosmetik.fr\/wp-content\/uploads\/2024\/05\/logo-lovy-nk-kosmetik-jaune.png","width":3699,"height":1417,"caption":"Lovy NK Kosm\u00e9tik"},"image":{"@id":"https:\/\/lovynkkosmetik.fr\/#\/schema\/logo\/image\/"}}]}},"_links":{"self":[{"href":"https:\/\/lovynkkosmetik.fr\/en\/wp-json\/wp\/v2\/product\/1394","targetHints":{"allow":["GET"]}}],"collection":[{"href":"https:\/\/lovynkkosmetik.fr\/en\/wp-json\/wp\/v2\/product"}],"about":[{"href":"https:\/\/lovynkkosmetik.fr\/en\/wp-json\/wp\/v2\/types\/product"}],"replies":[{"embeddable":true,"href":"https:\/\/lovynkkosmetik.fr\/en\/wp-json\/wp\/v2\/comments?post=1394"}],"version-history":[{"count":0,"href":"https:\/\/lovynkkosmetik.fr\/en\/wp-json\/wp\/v2\/product\/1394\/revisions"}],"wp:featuredmedia":[{"embeddable":true,"href":"https:\/\/lovynkkosmetik.fr\/en\/wp-json\/wp\/v2\/media\/1267"}],"wp:attachment":[{"href":"https:\/\/lovynkkosmetik.fr\/en\/wp-json\/wp\/v2\/media?parent=1394"}],"wp:term":[{"taxonomy":"product_brand","embeddable":true,"href":"https:\/\/lovynkkosmetik.fr\/en\/wp-json\/wp\/v2\/product_brand?post=1394"},{"taxonomy":"product_cat","embeddable":true,"href":"https:\/\/lovynkkosmetik.fr\/en\/wp-json\/wp\/v2\/product_cat?post=1394"},{"taxonomy":"product_tag","embeddable":true,"href":"https:\/\/lovynkkosmetik.fr\/en\/wp-json\/wp\/v2\/product_tag?post=1394"}],"curies":[{"name":"wp","href":"https:\/\/api.w.org\/{rel}","templated":true}]}}