{"id":1389,"date":"2024-05-17T00:00:21","date_gmt":"2024-05-16T22:00:21","guid":{"rendered":"https:\/\/lovynkkosmetik.fr\/?post_type=product&#038;p=1389"},"modified":"2024-11-22T22:13:42","modified_gmt":"2024-11-22T21:13:42","slug":"body-scrub","status":"publish","type":"product","link":"https:\/\/lovynkkosmetik.fr\/en\/product\/body-scrub\/","title":{"rendered":"Body Scrub"},"content":{"rendered":"<h2>Skin Type :<\/h2>\n<p>Utilise des mouvements d\u00e9licats et doux lors de l&rsquo;application pour \u00e9viter toute irritation ou inconfort.<br \/>\nSi tu as une peau sensible ou qui a tendance \u00e0 peler, nous te recommandons d&rsquo;adapter la pression du gommage, de laisser poser quelques minutes ou de mouiller ton corps avant.<br \/>\nN&rsquo;oublie pas que l&rsquo;objectif est d&rsquo;exfolier en douceur les cellules mortes, sans agresser ta peau.<\/p>\n<h2>Concerns :<\/h2>\n<p>Peau gomm\u00e9e en douceur et hydrat\u00e9e<\/p>\n<h2>Benefits :<\/h2>\n<p><strong>\u00c9mollient<\/strong> : Ce gommage est formul\u00e9 avec des ingr\u00e9dients riches en agents \u00e9mollients qui contribuent \u00e0 adoucir et assouplir ta peau. Il aide \u00e0 hydrater intens\u00e9ment et \u00e0 maintenir l&rsquo;\u00e9quilibre naturel de l&rsquo;hydratation cutan\u00e9e.<\/p>\n<p><strong>R\u00e9g\u00e9n\u00e9rant<\/strong> : Gr\u00e2ce \u00e0 sa combinaison unique d&rsquo;ingr\u00e9dients r\u00e9g\u00e9n\u00e9rants, ce gommage stimule le renouvellement cellulaire de ta peau. Il favorise ainsi une r\u00e9g\u00e9n\u00e9ration saine, aidant \u00e0 att\u00e9nuer les imperfections et \u00e0 r\u00e9v\u00e9ler une peau plus fra\u00eeche et \u00e9clatante.<\/p>\n<h2>How to use :<\/h2>\n<p>Pour des r\u00e9sultats optimaux, nous te recommandons d&rsquo;utiliser ce gommage 2 \u00e0 3 fois par semaine. Voici comment l&rsquo;incorporer \u00e0 ta routine de soin :<\/p>\n<p>Pr\u00e9pare ta peau : Avant d&rsquo;appliquer le gommage, assure-toi que ta peau est s\u00e8che. Cela permettra aux ingr\u00e9dients exfoliants d&rsquo;agir plus efficacement.<\/p>\n<p>Application : Prends une petite quantit\u00e9 de gommage et masse doucement ta peau en effectuant des mouvements circulaires. Concentre-toi sur les zones rugueuses.<\/p>\n<p>Pression adapt\u00e9e : Adapte la pression du gommage en fonction de ta pr\u00e9f\u00e9rence et de la sensibilit\u00e9 de ta peau. Si tu as une peau sensible, utilise une pression plus l\u00e9g\u00e8re pour \u00e9viter toute irritation.<\/p>\n<p>Rincer : Une fois que tu as termin\u00e9 de masser ton corps avec le gommage, rince abondamment \u00e0 l&rsquo;eau ti\u00e8de. Assure-toi de retirer tous les r\u00e9sidus de produit.<\/p>\n<p>Hydratation : Apr\u00e8s avoir utilis\u00e9 le gommage, applique une cr\u00e8me hydratante ou une huile nourrissante pour sceller l&rsquo;hydratation et apaiser ta peau.<\/p>\n<h2>Ingredients :<\/h2>\n<p>Beurre v\u00e9g\u00e9tal de Karit\u00e9 &#8211; Huile de p\u00e9pin de raisin &#8211; Sucre &#8211; Fragrance &#8211; Vitamine E &#8211; Mica<\/p>\n<h2>Precautions for use :<\/h2>\n<p>Allerg\u00e8nes: Le beurre de karit\u00e9 contient naturellement du latex<br \/>\nAvant d&rsquo;utiliser ce gommage corporel, il est important de faire un test de sensibilit\u00e9 au niveau du coude pour v\u00e9rifier si tu n&rsquo;es pas allergique \u00e0 l&rsquo;un des composants. Applique une petite quantit\u00e9 de produit et attends 24 heures pour observer toute r\u00e9action \u00e9ventuelle. Si une irritation ou une r\u00e9action allergique se produit, cesse imm\u00e9diatement l&rsquo;utilisation du gommage.<br \/>\nDe plus, il est essentiel de ne pas exposer le produit au soleil direct ou \u00e0 des temp\u00e9ratures \u00e9lev\u00e9es. Garde le gommage dans un endroit frais et sec, \u00e0 l&rsquo;abri de la chaleur excessive. Les conditions extr\u00eames de chaleur peuvent alt\u00e9rer la texture et l&rsquo;efficacit\u00e9 du produit.<\/p>\n<h2>R\u00e9sum\u00e9 de la marque Healskin:<\/h2>\n<p>Hendric et Lucie ont cr\u00e9\u00e9 Healskin en novembre 2021 suite \u00e0 des probl\u00e8mes de peau personnels. Ayant rencontr\u00e9 des difficult\u00e9s avec leur propre peau, ils ont d\u00e9cid\u00e9 de d\u00e9velopper leurs propres produits pour r\u00e9pondre \u00e0 leurs besoins sp\u00e9cifiques.<\/p>\n<p>Leur exp\u00e9rience personnelle leur a permis de comprendre l&rsquo;importance d&rsquo;utiliser des ingr\u00e9dients naturels et doux pour la peau, ainsi que de formuler des produits qui ciblent efficacement les probl\u00e8mes sp\u00e9cifiques tels que l&rsquo;acn\u00e9, la s\u00e9cheresse, la sensibilit\u00e9, etc.<\/p>\n<p>En voyant les r\u00e9sultats positifs obtenus sur leur propre peau, Hendric et Lucie ont d\u00e9cid\u00e9 de partager leurs produits avec les autres personnes qui souffrent \u00e9galement de probl\u00e8mes cutan\u00e9s. Ainsi, Healskin est n\u00e9, une marque d\u00e9di\u00e9e \u00e0 fournir des solutions de soins de la peau efficaces, s\u00fbres et naturelles.<\/p>\n<p>Depuis leur lancement, Healskin s&rsquo;est engag\u00e9 \u00e0 aider les individus \u00e0 retrouver une peau saine, \u00e9quilibr\u00e9e et radieuse. Leur approche centr\u00e9e sur la qualit\u00e9 des ingr\u00e9dients, la recherche et le d\u00e9veloppement minutieux, ainsi que la satisfaction des clients, ont fait de Healskin une marque de confiance dans l&rsquo;industrie des soins de la peau.<\/p>","protected":false},"excerpt":{"rendered":"<p>D\u00e9couvre cet incroyable gommage corporel ! Il est con\u00e7u pour \u00e9liminer en douceur les cellules mortes de ta peau tout en la nourrissant en profondeur. Gr\u00e2ce \u00e0 sa formule unique et compos\u00e9e des meilleurs ingr\u00e9dients naturels, ton \u00e9piderme b\u00e9n\u00e9ficiera d&rsquo;un soin complet et revitalisant. Une fois rinc\u00e9, ton corps rayonnera de beaut\u00e9 et sera parfaitement hydrat\u00e9. Offre \u00e0 ta peau l&rsquo;attention qu&rsquo;elle m\u00e9rite en optant pour ce gommage corporel!<\/p>","protected":false},"featured_media":1266,"comment_status":"open","ping_status":"closed","template":"","meta":{"_acf_changed":false,"ocean_post_layout":"","ocean_both_sidebars_style":"","ocean_both_sidebars_content_width":0,"ocean_both_sidebars_sidebars_width":0,"ocean_sidebar":"0","ocean_second_sidebar":"0","ocean_disable_margins":"enable","ocean_add_body_class":"","ocean_shortcode_before_top_bar":"","ocean_shortcode_after_top_bar":"","ocean_shortcode_before_header":"","ocean_shortcode_after_header":"","ocean_has_shortcode":"","ocean_shortcode_after_title":"","ocean_shortcode_before_footer_widgets":"","ocean_shortcode_after_footer_widgets":"","ocean_shortcode_before_footer_bottom":"","ocean_shortcode_after_footer_bottom":"","ocean_display_top_bar":"default","ocean_display_header":"default","ocean_header_style":"","ocean_center_header_left_menu":"0","ocean_custom_header_template":"0","ocean_custom_logo":0,"ocean_custom_retina_logo":0,"ocean_custom_logo_max_width":0,"ocean_custom_logo_tablet_max_width":0,"ocean_custom_logo_mobile_max_width":0,"ocean_custom_logo_max_height":0,"ocean_custom_logo_tablet_max_height":0,"ocean_custom_logo_mobile_max_height":0,"ocean_header_custom_menu":"0","ocean_menu_typo_font_family":"0","ocean_menu_typo_font_subset":"","ocean_menu_typo_font_size":0,"ocean_menu_typo_font_size_tablet":0,"ocean_menu_typo_font_size_mobile":0,"ocean_menu_typo_font_size_unit":"px","ocean_menu_typo_font_weight":"","ocean_menu_typo_font_weight_tablet":"","ocean_menu_typo_font_weight_mobile":"","ocean_menu_typo_transform":"","ocean_menu_typo_transform_tablet":"","ocean_menu_typo_transform_mobile":"","ocean_menu_typo_line_height":0,"ocean_menu_typo_line_height_tablet":0,"ocean_menu_typo_line_height_mobile":0,"ocean_menu_typo_line_height_unit":"","ocean_menu_typo_spacing":0,"ocean_menu_typo_spacing_tablet":0,"ocean_menu_typo_spacing_mobile":0,"ocean_menu_typo_spacing_unit":"","ocean_menu_link_color":"","ocean_menu_link_color_hover":"","ocean_menu_link_color_active":"","ocean_menu_link_background":"","ocean_menu_link_hover_background":"","ocean_menu_link_active_background":"","ocean_menu_social_links_bg":"","ocean_menu_social_hover_links_bg":"","ocean_menu_social_links_color":"","ocean_menu_social_hover_links_color":"","ocean_disable_title":"default","ocean_disable_heading":"default","ocean_post_title":"","ocean_post_subheading":"","ocean_post_title_style":"","ocean_post_title_background_color":"","ocean_post_title_background":0,"ocean_post_title_bg_image_position":"","ocean_post_title_bg_image_attachment":"","ocean_post_title_bg_image_repeat":"","ocean_post_title_bg_image_size":"","ocean_post_title_height":0,"ocean_post_title_bg_overlay":0.5,"ocean_post_title_bg_overlay_color":"","ocean_disable_breadcrumbs":"default","ocean_breadcrumbs_color":"","ocean_breadcrumbs_separator_color":"","ocean_breadcrumbs_links_color":"","ocean_breadcrumbs_links_hover_color":"","ocean_display_footer_widgets":"default","ocean_display_footer_bottom":"default","ocean_custom_footer_template":"0","_glsr_average":4.6,"_glsr_ranking":3.8666666666667,"_glsr_reviews":5},"product_brand":[],"product_cat":[38,65],"product_tag":[216,215,135],"class_list":{"0":"post-1389","1":"product","2":"type-product","3":"status-publish","4":"has-post-thumbnail","6":"product_cat-gommage-corps","7":"product_cat-healskin","8":"product_tag-gommages-corps","9":"product_tag-healskin","10":"product_tag-produits","12":"entry","13":"has-media","15":"first","16":"instock","17":"shipping-taxable","18":"purchasable","19":"product-type-variable","20":"has-rating","21":"has-product-nav","22":"col","23":"span_1_of_3","24":"owp-content-center","25":"owp-thumbs-layout-horizontal","26":"owp-btn-normal","27":"owp-tabs-layout-horizontal","28":"has-no-thumbnails"},"acf":[],"yoast_head":"<!-- This site is optimized with the Yoast SEO plugin v25.5 - https:\/\/yoast.com\/wordpress\/plugins\/seo\/ -->\n<title>Body Scrub - Lovy NK Kosm\u00e9tik<\/title>\n<meta name=\"description\" content=\"D\u00e9couvre cet incroyable gommage corporel Healskin, con\u00e7u pour \u00e9liminer en douceur les cellules mortes de ta peau tout en la nourrissant en profondeur.\" \/>\n<meta name=\"robots\" content=\"index, follow, max-snippet:-1, max-image-preview:large, max-video-preview:-1\" \/>\n<link rel=\"canonical\" href=\"https:\/\/lovynkkosmetik.fr\/en\/product\/body-scrub\/\" \/>\n<meta property=\"og:locale\" content=\"en_US\" \/>\n<meta property=\"og:type\" content=\"article\" \/>\n<meta property=\"og:title\" content=\"Body Scrub - Lovy NK Kosm\u00e9tik\" \/>\n<meta property=\"og:description\" content=\"D\u00e9couvre cet incroyable gommage corporel Healskin, con\u00e7u pour \u00e9liminer en douceur les cellules mortes de ta peau tout en la nourrissant en profondeur.\" \/>\n<meta property=\"og:url\" content=\"https:\/\/lovynkkosmetik.fr\/en\/product\/body-scrub\/\" \/>\n<meta property=\"og:site_name\" content=\"Lovy NK Kosm\u00e9tik\" \/>\n<meta property=\"article:modified_time\" content=\"2024-11-22T21:13:42+00:00\" \/>\n<meta property=\"og:image\" content=\"https:\/\/lovynkkosmetik.fr\/wp-content\/uploads\/2024\/04\/healskin-passion-scrub-lovy-nk-kosmetik.png\" \/>\n\t<meta property=\"og:image:width\" content=\"1080\" \/>\n\t<meta property=\"og:image:height\" content=\"1080\" \/>\n\t<meta property=\"og:image:type\" content=\"image\/png\" \/>\n<meta name=\"twitter:card\" content=\"summary_large_image\" \/>\n<meta name=\"twitter:label1\" content=\"Est. reading time\" \/>\n\t<meta name=\"twitter:data1\" content=\"4 minutes\" \/>\n<script type=\"application\/ld+json\" class=\"yoast-schema-graph\">{\"@context\":\"https:\/\/schema.org\",\"@graph\":[{\"@type\":\"WebPage\",\"@id\":\"https:\/\/lovynkkosmetik.fr\/produit\/body-scrub\/\",\"url\":\"https:\/\/lovynkkosmetik.fr\/produit\/body-scrub\/\",\"name\":\"Body Scrub - Lovy NK Kosm\u00e9tik\",\"isPartOf\":{\"@id\":\"https:\/\/lovynkkosmetik.fr\/#website\"},\"primaryImageOfPage\":{\"@id\":\"https:\/\/lovynkkosmetik.fr\/produit\/body-scrub\/#primaryimage\"},\"image\":{\"@id\":\"https:\/\/lovynkkosmetik.fr\/produit\/body-scrub\/#primaryimage\"},\"thumbnailUrl\":\"https:\/\/lovynkkosmetik.fr\/wp-content\/uploads\/2024\/04\/healskin-passion-scrub-lovy-nk-kosmetik.png\",\"datePublished\":\"2024-05-16T22:00:21+00:00\",\"dateModified\":\"2024-11-22T21:13:42+00:00\",\"description\":\"D\u00e9couvre cet incroyable gommage corporel Healskin, con\u00e7u pour \u00e9liminer en douceur les cellules mortes de ta peau tout en la nourrissant en profondeur.\",\"breadcrumb\":{\"@id\":\"https:\/\/lovynkkosmetik.fr\/produit\/body-scrub\/#breadcrumb\"},\"inLanguage\":\"en-US\",\"potentialAction\":[{\"@type\":\"ReadAction\",\"target\":[\"https:\/\/lovynkkosmetik.fr\/produit\/body-scrub\/\"]}]},{\"@type\":\"ImageObject\",\"inLanguage\":\"en-US\",\"@id\":\"https:\/\/lovynkkosmetik.fr\/produit\/body-scrub\/#primaryimage\",\"url\":\"https:\/\/lovynkkosmetik.fr\/wp-content\/uploads\/2024\/04\/healskin-passion-scrub-lovy-nk-kosmetik.png\",\"contentUrl\":\"https:\/\/lovynkkosmetik.fr\/wp-content\/uploads\/2024\/04\/healskin-passion-scrub-lovy-nk-kosmetik.png\",\"width\":1080,\"height\":1080,\"caption\":\"Healskin - Passion scrub\"},{\"@type\":\"BreadcrumbList\",\"@id\":\"https:\/\/lovynkkosmetik.fr\/produit\/body-scrub\/#breadcrumb\",\"itemListElement\":[{\"@type\":\"ListItem\",\"position\":1,\"name\":\"Accueil\",\"item\":\"https:\/\/lovynkkosmetik.fr\/\"},{\"@type\":\"ListItem\",\"position\":2,\"name\":\"Boutique\",\"item\":\"https:\/\/lovynkkosmetik.fr\/boutique\/\"},{\"@type\":\"ListItem\",\"position\":3,\"name\":\"Body Scrub\"}]},{\"@type\":\"WebSite\",\"@id\":\"https:\/\/lovynkkosmetik.fr\/#website\",\"url\":\"https:\/\/lovynkkosmetik.fr\/\",\"name\":\"Lovy NK Kosm\u00e9tik\",\"description\":\"Sublime ta m\u00e9lanine\",\"publisher\":{\"@id\":\"https:\/\/lovynkkosmetik.fr\/#organization\"},\"alternateName\":\"Lovy NK Kosm\u00e9tik\",\"potentialAction\":[{\"@type\":\"SearchAction\",\"target\":{\"@type\":\"EntryPoint\",\"urlTemplate\":\"https:\/\/lovynkkosmetik.fr\/?s={search_term_string}\"},\"query-input\":{\"@type\":\"PropertyValueSpecification\",\"valueRequired\":true,\"valueName\":\"search_term_string\"}}],\"inLanguage\":\"en-US\"},{\"@type\":\"Organization\",\"@id\":\"https:\/\/lovynkkosmetik.fr\/#organization\",\"name\":\"Lovy NK Kosm\u00e9tik\",\"alternateName\":\"Lovy NK Kosm\u00e9tik\",\"url\":\"https:\/\/lovynkkosmetik.fr\/\",\"logo\":{\"@type\":\"ImageObject\",\"inLanguage\":\"en-US\",\"@id\":\"https:\/\/lovynkkosmetik.fr\/#\/schema\/logo\/image\/\",\"url\":\"https:\/\/lovynkkosmetik.fr\/wp-content\/uploads\/2024\/05\/logo-lovy-nk-kosmetik-jaune.png\",\"contentUrl\":\"https:\/\/lovynkkosmetik.fr\/wp-content\/uploads\/2024\/05\/logo-lovy-nk-kosmetik-jaune.png\",\"width\":3699,\"height\":1417,\"caption\":\"Lovy NK Kosm\u00e9tik\"},\"image\":{\"@id\":\"https:\/\/lovynkkosmetik.fr\/#\/schema\/logo\/image\/\"}}]}<\/script>\n<!-- \/ Yoast SEO plugin. -->","yoast_head_json":{"title":"Body Scrub - Lovy NK Kosm\u00e9tik","description":"D\u00e9couvre cet incroyable gommage corporel Healskin, con\u00e7u pour \u00e9liminer en douceur les cellules mortes de ta peau tout en la nourrissant en profondeur.","robots":{"index":"index","follow":"follow","max-snippet":"max-snippet:-1","max-image-preview":"max-image-preview:large","max-video-preview":"max-video-preview:-1"},"canonical":"https:\/\/lovynkkosmetik.fr\/en\/product\/body-scrub\/","og_locale":"en_US","og_type":"article","og_title":"Body Scrub - Lovy NK Kosm\u00e9tik","og_description":"D\u00e9couvre cet incroyable gommage corporel Healskin, con\u00e7u pour \u00e9liminer en douceur les cellules mortes de ta peau tout en la nourrissant en profondeur.","og_url":"https:\/\/lovynkkosmetik.fr\/en\/product\/body-scrub\/","og_site_name":"Lovy NK Kosm\u00e9tik","article_modified_time":"2024-11-22T21:13:42+00:00","og_image":[{"width":1080,"height":1080,"url":"https:\/\/lovynkkosmetik.fr\/wp-content\/uploads\/2024\/04\/healskin-passion-scrub-lovy-nk-kosmetik.png","type":"image\/png"}],"twitter_card":"summary_large_image","twitter_misc":{"Est. reading time":"4 minutes"},"schema":{"@context":"https:\/\/schema.org","@graph":[{"@type":"WebPage","@id":"https:\/\/lovynkkosmetik.fr\/produit\/body-scrub\/","url":"https:\/\/lovynkkosmetik.fr\/produit\/body-scrub\/","name":"Body Scrub - Lovy NK Kosm\u00e9tik","isPartOf":{"@id":"https:\/\/lovynkkosmetik.fr\/#website"},"primaryImageOfPage":{"@id":"https:\/\/lovynkkosmetik.fr\/produit\/body-scrub\/#primaryimage"},"image":{"@id":"https:\/\/lovynkkosmetik.fr\/produit\/body-scrub\/#primaryimage"},"thumbnailUrl":"https:\/\/lovynkkosmetik.fr\/wp-content\/uploads\/2024\/04\/healskin-passion-scrub-lovy-nk-kosmetik.png","datePublished":"2024-05-16T22:00:21+00:00","dateModified":"2024-11-22T21:13:42+00:00","description":"D\u00e9couvre cet incroyable gommage corporel Healskin, con\u00e7u pour \u00e9liminer en douceur les cellules mortes de ta peau tout en la nourrissant en profondeur.","breadcrumb":{"@id":"https:\/\/lovynkkosmetik.fr\/produit\/body-scrub\/#breadcrumb"},"inLanguage":"en-US","potentialAction":[{"@type":"ReadAction","target":["https:\/\/lovynkkosmetik.fr\/produit\/body-scrub\/"]}]},{"@type":"ImageObject","inLanguage":"en-US","@id":"https:\/\/lovynkkosmetik.fr\/produit\/body-scrub\/#primaryimage","url":"https:\/\/lovynkkosmetik.fr\/wp-content\/uploads\/2024\/04\/healskin-passion-scrub-lovy-nk-kosmetik.png","contentUrl":"https:\/\/lovynkkosmetik.fr\/wp-content\/uploads\/2024\/04\/healskin-passion-scrub-lovy-nk-kosmetik.png","width":1080,"height":1080,"caption":"Healskin - Passion scrub"},{"@type":"BreadcrumbList","@id":"https:\/\/lovynkkosmetik.fr\/produit\/body-scrub\/#breadcrumb","itemListElement":[{"@type":"ListItem","position":1,"name":"Accueil","item":"https:\/\/lovynkkosmetik.fr\/"},{"@type":"ListItem","position":2,"name":"Boutique","item":"https:\/\/lovynkkosmetik.fr\/boutique\/"},{"@type":"ListItem","position":3,"name":"Body Scrub"}]},{"@type":"WebSite","@id":"https:\/\/lovynkkosmetik.fr\/#website","url":"https:\/\/lovynkkosmetik.fr\/","name":"Lovy NK Kosm\u00e9tik","description":"Sublime ta m\u00e9lanine","publisher":{"@id":"https:\/\/lovynkkosmetik.fr\/#organization"},"alternateName":"Lovy NK Kosm\u00e9tik","potentialAction":[{"@type":"SearchAction","target":{"@type":"EntryPoint","urlTemplate":"https:\/\/lovynkkosmetik.fr\/?s={search_term_string}"},"query-input":{"@type":"PropertyValueSpecification","valueRequired":true,"valueName":"search_term_string"}}],"inLanguage":"en-US"},{"@type":"Organization","@id":"https:\/\/lovynkkosmetik.fr\/#organization","name":"Lovy NK Kosm\u00e9tik","alternateName":"Lovy NK Kosm\u00e9tik","url":"https:\/\/lovynkkosmetik.fr\/","logo":{"@type":"ImageObject","inLanguage":"en-US","@id":"https:\/\/lovynkkosmetik.fr\/#\/schema\/logo\/image\/","url":"https:\/\/lovynkkosmetik.fr\/wp-content\/uploads\/2024\/05\/logo-lovy-nk-kosmetik-jaune.png","contentUrl":"https:\/\/lovynkkosmetik.fr\/wp-content\/uploads\/2024\/05\/logo-lovy-nk-kosmetik-jaune.png","width":3699,"height":1417,"caption":"Lovy NK Kosm\u00e9tik"},"image":{"@id":"https:\/\/lovynkkosmetik.fr\/#\/schema\/logo\/image\/"}}]}},"_links":{"self":[{"href":"https:\/\/lovynkkosmetik.fr\/en\/wp-json\/wp\/v2\/product\/1389","targetHints":{"allow":["GET"]}}],"collection":[{"href":"https:\/\/lovynkkosmetik.fr\/en\/wp-json\/wp\/v2\/product"}],"about":[{"href":"https:\/\/lovynkkosmetik.fr\/en\/wp-json\/wp\/v2\/types\/product"}],"replies":[{"embeddable":true,"href":"https:\/\/lovynkkosmetik.fr\/en\/wp-json\/wp\/v2\/comments?post=1389"}],"version-history":[{"count":0,"href":"https:\/\/lovynkkosmetik.fr\/en\/wp-json\/wp\/v2\/product\/1389\/revisions"}],"wp:featuredmedia":[{"embeddable":true,"href":"https:\/\/lovynkkosmetik.fr\/en\/wp-json\/wp\/v2\/media\/1266"}],"wp:attachment":[{"href":"https:\/\/lovynkkosmetik.fr\/en\/wp-json\/wp\/v2\/media?parent=1389"}],"wp:term":[{"taxonomy":"product_brand","embeddable":true,"href":"https:\/\/lovynkkosmetik.fr\/en\/wp-json\/wp\/v2\/product_brand?post=1389"},{"taxonomy":"product_cat","embeddable":true,"href":"https:\/\/lovynkkosmetik.fr\/en\/wp-json\/wp\/v2\/product_cat?post=1389"},{"taxonomy":"product_tag","embeddable":true,"href":"https:\/\/lovynkkosmetik.fr\/en\/wp-json\/wp\/v2\/product_tag?post=1389"}],"curies":[{"name":"wp","href":"https:\/\/api.w.org\/{rel}","templated":true}]}}