{"id":1362,"date":"2024-05-16T21:49:02","date_gmt":"2024-05-16T19:49:02","guid":{"rendered":"https:\/\/lovynkkosmetik.fr\/?post_type=product&#038;p=1362"},"modified":"2025-03-10T19:05:16","modified_gmt":"2025-03-10T18:05:16","slug":"beurre-de-barbe","status":"publish","type":"product","link":"https:\/\/lovynkkosmetik.fr\/en\/product\/beurre-de-barbe\/","title":{"rendered":"Beard Butter"},"content":{"rendered":"<h2>Concerns :<\/h2>\n<p>Hydrated &amp; nourished beard<\/p>\n<h2>Benefits :<\/h2>\n<ul>\n<li>Softens and smooths the beard<\/li>\n<li>Deeply hydrates the skin beneath<\/li>\n<li>Subtle, refreshing scent<\/li>\n<\/ul>\n<h2>How to use :<\/h2>\n<p>After your shower, scoop a small amount of Beard Butter and warm it between your palms. \nApply to dry or slightly damp beard and moustache, making sure to distribute it evenly.\nUse a beard comb for best results and even distribution.<\/p>\n<h2>Ingredients :<\/h2>\n<p>Shea butter, mango butter, beeswax, fractionated coconut oil (MCT), golden jojoba oil, hemp seed oil, tea tree essential oil, bitter orange essential oil, premium peppermint essential oil, shea oil.<\/p>\n<p>Shea Butter \u2013 Deeply nourishes and softens the beard<br \/>\nMango Butter \u2013 Strengthens and hydrates facial hair<br \/>\nBeeswax \u2013 Provides light, natural hold<br \/>\nFractionated Coconut Oil (MCT) \u2013 Fast-absorbing, non-greasy hydration<br \/>\nGolden Jojoba Oil \u2013 Regulates sebum and soothes irritated skin<br \/>\nHemp Seed Oil \u2013 Moisturizes and revitalizes coarse hair<br \/>\nTea Tree Essential Oil \u2013 Antiseptic and calming properties<br \/>\nBitter Orange Essential Oil \u2013 Refreshing and energizing scent<br \/>\nPeppermint Essential Oil \u2013 Cooling and invigorating effect<br \/>\nShea Oil \u2013 Keeps skin underneath soft, nourished, and flake-free<\/p>\n<h2>Breed Love Beauty \u2013 Brand Story (Summary):<\/h2>\n<p>At Breedlove Beauty Co., we believe in natural, minimalist skincare and haircare.<\/p>\n<p>Born from the need to simplify self-care, we create products that are thoughtfully formulated in-house with a deep understanding of how each ingredient interacts with your skin type. Every formula is purpose-driven\u2014each ingredient has a therapeutic benefit and no fillers are ever used.<br \/>\nOur products are crafted with pure oils, herbs, clays, minerals, and botanical extracts. Scented only with high-quality essential oils, never artificial fragrances. Our colors come from natural clays\u2014no synthetic dyes.<br \/>\nWe believe skincare should be simple, healing, and pleasurable. Skincare shouldn\u2019t feel like a chore\u2014it should feel like a daily ritual of care, self-love, and nourishment.<br \/>\nHandcrafted with intention, our original formulas, packaging, and designs reflect our minimalist mission and our dedication to natural wellness.<\/p>","protected":false},"excerpt":{"rendered":"<p>Discover our Beard Butter\u2014a rich blend of natural and essential oils specially formulated to soften your beard and moustache, give them a healthy shine, and gently hydrate the skin underneath.<\/p>","protected":false},"featured_media":1306,"comment_status":"open","ping_status":"closed","template":"","meta":{"_acf_changed":false,"ocean_post_layout":"","ocean_both_sidebars_style":"","ocean_both_sidebars_content_width":0,"ocean_both_sidebars_sidebars_width":0,"ocean_sidebar":"0","ocean_second_sidebar":"0","ocean_disable_margins":"enable","ocean_add_body_class":"","ocean_shortcode_before_top_bar":"","ocean_shortcode_after_top_bar":"","ocean_shortcode_before_header":"","ocean_shortcode_after_header":"","ocean_has_shortcode":"","ocean_shortcode_after_title":"","ocean_shortcode_before_footer_widgets":"","ocean_shortcode_after_footer_widgets":"","ocean_shortcode_before_footer_bottom":"","ocean_shortcode_after_footer_bottom":"","ocean_display_top_bar":"default","ocean_display_header":"default","ocean_header_style":"","ocean_center_header_left_menu":"0","ocean_custom_header_template":"0","ocean_custom_logo":0,"ocean_custom_retina_logo":0,"ocean_custom_logo_max_width":0,"ocean_custom_logo_tablet_max_width":0,"ocean_custom_logo_mobile_max_width":0,"ocean_custom_logo_max_height":0,"ocean_custom_logo_tablet_max_height":0,"ocean_custom_logo_mobile_max_height":0,"ocean_header_custom_menu":"0","ocean_menu_typo_font_family":"0","ocean_menu_typo_font_subset":"","ocean_menu_typo_font_size":0,"ocean_menu_typo_font_size_tablet":0,"ocean_menu_typo_font_size_mobile":0,"ocean_menu_typo_font_size_unit":"px","ocean_menu_typo_font_weight":"","ocean_menu_typo_font_weight_tablet":"","ocean_menu_typo_font_weight_mobile":"","ocean_menu_typo_transform":"","ocean_menu_typo_transform_tablet":"","ocean_menu_typo_transform_mobile":"","ocean_menu_typo_line_height":0,"ocean_menu_typo_line_height_tablet":0,"ocean_menu_typo_line_height_mobile":0,"ocean_menu_typo_line_height_unit":"","ocean_menu_typo_spacing":0,"ocean_menu_typo_spacing_tablet":0,"ocean_menu_typo_spacing_mobile":0,"ocean_menu_typo_spacing_unit":"","ocean_menu_link_color":"","ocean_menu_link_color_hover":"","ocean_menu_link_color_active":"","ocean_menu_link_background":"","ocean_menu_link_hover_background":"","ocean_menu_link_active_background":"","ocean_menu_social_links_bg":"","ocean_menu_social_hover_links_bg":"","ocean_menu_social_links_color":"","ocean_menu_social_hover_links_color":"","ocean_disable_title":"default","ocean_disable_heading":"default","ocean_post_title":"","ocean_post_subheading":"","ocean_post_title_style":"","ocean_post_title_background_color":"","ocean_post_title_background":0,"ocean_post_title_bg_image_position":"","ocean_post_title_bg_image_attachment":"","ocean_post_title_bg_image_repeat":"","ocean_post_title_bg_image_size":"","ocean_post_title_height":0,"ocean_post_title_bg_overlay":0.5,"ocean_post_title_bg_overlay_color":"","ocean_disable_breadcrumbs":"default","ocean_breadcrumbs_color":"","ocean_breadcrumbs_separator_color":"","ocean_breadcrumbs_links_color":"","ocean_breadcrumbs_links_hover_color":"","ocean_display_footer_widgets":"default","ocean_display_footer_bottom":"default","ocean_custom_footer_template":"0","_glsr_average":0,"_glsr_ranking":0,"_glsr_reviews":0},"product_brand":[],"product_cat":[63,51],"product_tag":[390,394,195,200,138,111,110,198,433,174,146,199,202,201,389,142,118],"class_list":{"0":"post-1362","1":"product","2":"type-product","3":"status-publish","4":"has-post-thumbnail","6":"product_cat-breed-love-beauty","7":"product_cat-homme","8":"product_tag-barbe-reche-difficile-coiffer","9":"product_tag-baume-barbe","10":"product_tag-breed-love-beauty","11":"product_tag-chanvre","12":"product_tag-coco","13":"product_tag-deshydratation","14":"product_tag-eclat","15":"product_tag-homme","16":"product_tag-irritations-ou-demangeaisons-barbe","17":"product_tag-jojoba","18":"product_tag-karite","19":"product_tag-mangue","20":"product_tag-menthe-poivree","21":"product_tag-orange","22":"product_tag-secheresse-desquamation-barbe","23":"product_tag-tea-tree","24":"product_tag-visage","26":"entry","27":"has-media","29":"first","30":"instock","31":"shipping-taxable","32":"purchasable","33":"product-type-simple","34":"has-product-nav","35":"col","36":"span_1_of_3","37":"owp-content-center","38":"owp-thumbs-layout-horizontal","39":"owp-btn-normal","40":"owp-tabs-layout-horizontal","41":"has-no-thumbnails"},"acf":[],"yoast_head":"<!-- This site is optimized with the Yoast SEO plugin v25.5 - https:\/\/yoast.com\/wordpress\/plugins\/seo\/ -->\n<title>Beurre de barbe - Lovy NK Kosm\u00e9tik<\/title>\n<meta name=\"description\" content=\"D\u00e9couvre ce beurre \u00e0 Barbe, une formule riche en huiles essentielles et naturelles con\u00e7ue pour adoucir et donner un \u00e9clat sain \u00e0 ta barbe et \u00e0 ta moustache!\" \/>\n<meta name=\"robots\" content=\"index, follow, max-snippet:-1, max-image-preview:large, max-video-preview:-1\" \/>\n<link rel=\"canonical\" href=\"https:\/\/lovynkkosmetik.fr\/en\/product\/beurre-de-barbe\/\" \/>\n<meta property=\"og:locale\" content=\"en_US\" \/>\n<meta property=\"og:type\" content=\"article\" \/>\n<meta property=\"og:title\" content=\"Beurre de barbe - Lovy NK Kosm\u00e9tik\" \/>\n<meta property=\"og:description\" content=\"D\u00e9couvre ce beurre \u00e0 Barbe, une formule riche en huiles essentielles et naturelles con\u00e7ue pour adoucir et donner un \u00e9clat sain \u00e0 ta barbe et \u00e0 ta moustache!\" \/>\n<meta property=\"og:url\" content=\"https:\/\/lovynkkosmetik.fr\/en\/product\/beurre-de-barbe\/\" \/>\n<meta property=\"og:site_name\" content=\"Lovy NK Kosm\u00e9tik\" \/>\n<meta property=\"article:modified_time\" content=\"2025-03-10T18:05:16+00:00\" \/>\n<meta property=\"og:image\" content=\"https:\/\/lovynkkosmetik.fr\/wp-content\/uploads\/2024\/04\/breed-love-beurre-a-barbe.jpg\" \/>\n\t<meta property=\"og:image:width\" content=\"1540\" \/>\n\t<meta property=\"og:image:height\" content=\"1155\" \/>\n\t<meta property=\"og:image:type\" content=\"image\/jpeg\" \/>\n<meta name=\"twitter:card\" content=\"summary_large_image\" \/>\n<meta name=\"twitter:label1\" content=\"Est. reading time\" \/>\n\t<meta name=\"twitter:data1\" content=\"3 minutes\" \/>\n<script type=\"application\/ld+json\" class=\"yoast-schema-graph\">{\"@context\":\"https:\/\/schema.org\",\"@graph\":[{\"@type\":\"WebPage\",\"@id\":\"https:\/\/lovynkkosmetik.fr\/produit\/beurre-de-barbe\/\",\"url\":\"https:\/\/lovynkkosmetik.fr\/produit\/beurre-de-barbe\/\",\"name\":\"Beurre de barbe - Lovy NK Kosm\u00e9tik\",\"isPartOf\":{\"@id\":\"https:\/\/lovynkkosmetik.fr\/#website\"},\"primaryImageOfPage\":{\"@id\":\"https:\/\/lovynkkosmetik.fr\/produit\/beurre-de-barbe\/#primaryimage\"},\"image\":{\"@id\":\"https:\/\/lovynkkosmetik.fr\/produit\/beurre-de-barbe\/#primaryimage\"},\"thumbnailUrl\":\"https:\/\/lovynkkosmetik.fr\/wp-content\/uploads\/2024\/04\/breed-love-beurre-a-barbe.jpg\",\"datePublished\":\"2024-05-16T19:49:02+00:00\",\"dateModified\":\"2025-03-10T18:05:16+00:00\",\"description\":\"D\u00e9couvre ce beurre \u00e0 Barbe, une formule riche en huiles essentielles et naturelles con\u00e7ue pour adoucir et donner un \u00e9clat sain \u00e0 ta barbe et \u00e0 ta moustache!\",\"breadcrumb\":{\"@id\":\"https:\/\/lovynkkosmetik.fr\/produit\/beurre-de-barbe\/#breadcrumb\"},\"inLanguage\":\"en-US\",\"potentialAction\":[{\"@type\":\"ReadAction\",\"target\":[\"https:\/\/lovynkkosmetik.fr\/produit\/beurre-de-barbe\/\"]}]},{\"@type\":\"ImageObject\",\"inLanguage\":\"en-US\",\"@id\":\"https:\/\/lovynkkosmetik.fr\/produit\/beurre-de-barbe\/#primaryimage\",\"url\":\"https:\/\/lovynkkosmetik.fr\/wp-content\/uploads\/2024\/04\/breed-love-beurre-a-barbe.jpg\",\"contentUrl\":\"https:\/\/lovynkkosmetik.fr\/wp-content\/uploads\/2024\/04\/breed-love-beurre-a-barbe.jpg\",\"width\":1540,\"height\":1155,\"caption\":\"Breed Love - Beurre \u00e0 barbe\"},{\"@type\":\"BreadcrumbList\",\"@id\":\"https:\/\/lovynkkosmetik.fr\/produit\/beurre-de-barbe\/#breadcrumb\",\"itemListElement\":[{\"@type\":\"ListItem\",\"position\":1,\"name\":\"Accueil\",\"item\":\"https:\/\/lovynkkosmetik.fr\/\"},{\"@type\":\"ListItem\",\"position\":2,\"name\":\"Boutique\",\"item\":\"https:\/\/lovynkkosmetik.fr\/boutique\/\"},{\"@type\":\"ListItem\",\"position\":3,\"name\":\"Beurre de barbe\"}]},{\"@type\":\"WebSite\",\"@id\":\"https:\/\/lovynkkosmetik.fr\/#website\",\"url\":\"https:\/\/lovynkkosmetik.fr\/\",\"name\":\"Lovy NK Kosm\u00e9tik\",\"description\":\"Sublime ta m\u00e9lanine\",\"publisher\":{\"@id\":\"https:\/\/lovynkkosmetik.fr\/#organization\"},\"alternateName\":\"Lovy NK Kosm\u00e9tik\",\"potentialAction\":[{\"@type\":\"SearchAction\",\"target\":{\"@type\":\"EntryPoint\",\"urlTemplate\":\"https:\/\/lovynkkosmetik.fr\/?s={search_term_string}\"},\"query-input\":{\"@type\":\"PropertyValueSpecification\",\"valueRequired\":true,\"valueName\":\"search_term_string\"}}],\"inLanguage\":\"en-US\"},{\"@type\":\"Organization\",\"@id\":\"https:\/\/lovynkkosmetik.fr\/#organization\",\"name\":\"Lovy NK Kosm\u00e9tik\",\"alternateName\":\"Lovy NK Kosm\u00e9tik\",\"url\":\"https:\/\/lovynkkosmetik.fr\/\",\"logo\":{\"@type\":\"ImageObject\",\"inLanguage\":\"en-US\",\"@id\":\"https:\/\/lovynkkosmetik.fr\/#\/schema\/logo\/image\/\",\"url\":\"https:\/\/lovynkkosmetik.fr\/wp-content\/uploads\/2024\/05\/logo-lovy-nk-kosmetik-jaune.png\",\"contentUrl\":\"https:\/\/lovynkkosmetik.fr\/wp-content\/uploads\/2024\/05\/logo-lovy-nk-kosmetik-jaune.png\",\"width\":3699,\"height\":1417,\"caption\":\"Lovy NK Kosm\u00e9tik\"},\"image\":{\"@id\":\"https:\/\/lovynkkosmetik.fr\/#\/schema\/logo\/image\/\"}}]}<\/script>\n<!-- \/ Yoast SEO plugin. -->","yoast_head_json":{"title":"Beurre de barbe - Lovy NK Kosm\u00e9tik","description":"D\u00e9couvre ce beurre \u00e0 Barbe, une formule riche en huiles essentielles et naturelles con\u00e7ue pour adoucir et donner un \u00e9clat sain \u00e0 ta barbe et \u00e0 ta moustache!","robots":{"index":"index","follow":"follow","max-snippet":"max-snippet:-1","max-image-preview":"max-image-preview:large","max-video-preview":"max-video-preview:-1"},"canonical":"https:\/\/lovynkkosmetik.fr\/en\/product\/beurre-de-barbe\/","og_locale":"en_US","og_type":"article","og_title":"Beurre de barbe - Lovy NK Kosm\u00e9tik","og_description":"D\u00e9couvre ce beurre \u00e0 Barbe, une formule riche en huiles essentielles et naturelles con\u00e7ue pour adoucir et donner un \u00e9clat sain \u00e0 ta barbe et \u00e0 ta moustache!","og_url":"https:\/\/lovynkkosmetik.fr\/en\/product\/beurre-de-barbe\/","og_site_name":"Lovy NK Kosm\u00e9tik","article_modified_time":"2025-03-10T18:05:16+00:00","og_image":[{"width":1540,"height":1155,"url":"https:\/\/lovynkkosmetik.fr\/wp-content\/uploads\/2024\/04\/breed-love-beurre-a-barbe.jpg","type":"image\/jpeg"}],"twitter_card":"summary_large_image","twitter_misc":{"Est. reading time":"3 minutes"},"schema":{"@context":"https:\/\/schema.org","@graph":[{"@type":"WebPage","@id":"https:\/\/lovynkkosmetik.fr\/produit\/beurre-de-barbe\/","url":"https:\/\/lovynkkosmetik.fr\/produit\/beurre-de-barbe\/","name":"Beurre de barbe - Lovy NK Kosm\u00e9tik","isPartOf":{"@id":"https:\/\/lovynkkosmetik.fr\/#website"},"primaryImageOfPage":{"@id":"https:\/\/lovynkkosmetik.fr\/produit\/beurre-de-barbe\/#primaryimage"},"image":{"@id":"https:\/\/lovynkkosmetik.fr\/produit\/beurre-de-barbe\/#primaryimage"},"thumbnailUrl":"https:\/\/lovynkkosmetik.fr\/wp-content\/uploads\/2024\/04\/breed-love-beurre-a-barbe.jpg","datePublished":"2024-05-16T19:49:02+00:00","dateModified":"2025-03-10T18:05:16+00:00","description":"D\u00e9couvre ce beurre \u00e0 Barbe, une formule riche en huiles essentielles et naturelles con\u00e7ue pour adoucir et donner un \u00e9clat sain \u00e0 ta barbe et \u00e0 ta moustache!","breadcrumb":{"@id":"https:\/\/lovynkkosmetik.fr\/produit\/beurre-de-barbe\/#breadcrumb"},"inLanguage":"en-US","potentialAction":[{"@type":"ReadAction","target":["https:\/\/lovynkkosmetik.fr\/produit\/beurre-de-barbe\/"]}]},{"@type":"ImageObject","inLanguage":"en-US","@id":"https:\/\/lovynkkosmetik.fr\/produit\/beurre-de-barbe\/#primaryimage","url":"https:\/\/lovynkkosmetik.fr\/wp-content\/uploads\/2024\/04\/breed-love-beurre-a-barbe.jpg","contentUrl":"https:\/\/lovynkkosmetik.fr\/wp-content\/uploads\/2024\/04\/breed-love-beurre-a-barbe.jpg","width":1540,"height":1155,"caption":"Breed Love - Beurre \u00e0 barbe"},{"@type":"BreadcrumbList","@id":"https:\/\/lovynkkosmetik.fr\/produit\/beurre-de-barbe\/#breadcrumb","itemListElement":[{"@type":"ListItem","position":1,"name":"Accueil","item":"https:\/\/lovynkkosmetik.fr\/"},{"@type":"ListItem","position":2,"name":"Boutique","item":"https:\/\/lovynkkosmetik.fr\/boutique\/"},{"@type":"ListItem","position":3,"name":"Beurre de barbe"}]},{"@type":"WebSite","@id":"https:\/\/lovynkkosmetik.fr\/#website","url":"https:\/\/lovynkkosmetik.fr\/","name":"Lovy NK Kosm\u00e9tik","description":"Sublime ta m\u00e9lanine","publisher":{"@id":"https:\/\/lovynkkosmetik.fr\/#organization"},"alternateName":"Lovy NK Kosm\u00e9tik","potentialAction":[{"@type":"SearchAction","target":{"@type":"EntryPoint","urlTemplate":"https:\/\/lovynkkosmetik.fr\/?s={search_term_string}"},"query-input":{"@type":"PropertyValueSpecification","valueRequired":true,"valueName":"search_term_string"}}],"inLanguage":"en-US"},{"@type":"Organization","@id":"https:\/\/lovynkkosmetik.fr\/#organization","name":"Lovy NK Kosm\u00e9tik","alternateName":"Lovy NK Kosm\u00e9tik","url":"https:\/\/lovynkkosmetik.fr\/","logo":{"@type":"ImageObject","inLanguage":"en-US","@id":"https:\/\/lovynkkosmetik.fr\/#\/schema\/logo\/image\/","url":"https:\/\/lovynkkosmetik.fr\/wp-content\/uploads\/2024\/05\/logo-lovy-nk-kosmetik-jaune.png","contentUrl":"https:\/\/lovynkkosmetik.fr\/wp-content\/uploads\/2024\/05\/logo-lovy-nk-kosmetik-jaune.png","width":3699,"height":1417,"caption":"Lovy NK Kosm\u00e9tik"},"image":{"@id":"https:\/\/lovynkkosmetik.fr\/#\/schema\/logo\/image\/"}}]}},"_links":{"self":[{"href":"https:\/\/lovynkkosmetik.fr\/en\/wp-json\/wp\/v2\/product\/1362","targetHints":{"allow":["GET"]}}],"collection":[{"href":"https:\/\/lovynkkosmetik.fr\/en\/wp-json\/wp\/v2\/product"}],"about":[{"href":"https:\/\/lovynkkosmetik.fr\/en\/wp-json\/wp\/v2\/types\/product"}],"replies":[{"embeddable":true,"href":"https:\/\/lovynkkosmetik.fr\/en\/wp-json\/wp\/v2\/comments?post=1362"}],"version-history":[{"count":0,"href":"https:\/\/lovynkkosmetik.fr\/en\/wp-json\/wp\/v2\/product\/1362\/revisions"}],"wp:featuredmedia":[{"embeddable":true,"href":"https:\/\/lovynkkosmetik.fr\/en\/wp-json\/wp\/v2\/media\/1306"}],"wp:attachment":[{"href":"https:\/\/lovynkkosmetik.fr\/en\/wp-json\/wp\/v2\/media?parent=1362"}],"wp:term":[{"taxonomy":"product_brand","embeddable":true,"href":"https:\/\/lovynkkosmetik.fr\/en\/wp-json\/wp\/v2\/product_brand?post=1362"},{"taxonomy":"product_cat","embeddable":true,"href":"https:\/\/lovynkkosmetik.fr\/en\/wp-json\/wp\/v2\/product_cat?post=1362"},{"taxonomy":"product_tag","embeddable":true,"href":"https:\/\/lovynkkosmetik.fr\/en\/wp-json\/wp\/v2\/product_tag?post=1362"}],"curies":[{"name":"wp","href":"https:\/\/api.w.org\/{rel}","templated":true}]}}