{"id":1360,"date":"2024-05-16T21:39:48","date_gmt":"2024-05-16T19:39:48","guid":{"rendered":"https:\/\/lovynkkosmetik.fr\/?post_type=product&#038;p=1360"},"modified":"2024-11-22T22:13:46","modified_gmt":"2024-11-22T21:13:46","slug":"creme-eau-de-rose","status":"publish","type":"product","link":"https:\/\/lovynkkosmetik.fr\/en\/product\/creme-eau-de-rose\/","title":{"rendered":"Rose Water Cream"},"content":{"rendered":"<h2>Skin Type :<\/h2>\n<ul>\n<li>Normal Skin<\/li>\n<li>Dry skin<\/li>\n<li>Sensitive Skin<\/li>\n<li>Mature Skin<\/li>\n<\/ul>\n<h2>Concerns :<\/h2>\n<p>Hydrated and Toned Skin<\/p>\n<h2>How to use :<\/h2>\n<p>Hydrate your face and neck with this cream in the morning and\/or evening for radiant skin.<\/p>\n<h2>Ingredients :<\/h2>\n<p>Rose Floral Water \u2013 Soothes and tones the skin.\nOrganic Coconut Oil \u2013 Deeply nourishes and protects.  \nOrganic Jojoba Seed Oil \u2013 Balances and hydrates.  \nEmulsifying Wax &amp; Stearic Acid \u2013 Enhances texture and absorption.  \nGlycerin &amp; Witch Hazel Water \u2013 Moisturizes and tightens the skin.  \n Vitamin E &amp; Organic Sunflower Seed Oil \u2013 Antioxidant protection.  \nOrganic Neem Seed Oil &amp; Organic Rosemary Leaf Extract \u2013 Soothes and purifies.  \nOrganic White Willow Bark Extract \u2013 Gently exfoliates and clarifies.<\/p>\n<h2>Precautions for use :<\/h2>\n<p>Avoid the eye area during application.<\/p>\n<h2>About Breed Love Beauty :<\/h2>\n<p>Natural and minimalist skincare is our purpose. Breedlove Beauty Co. is a natural beauty and skincare company founded on the need to simplify skincare and create a more minimalistic approach. Each product is carefully formulated in-house with thorough research on how each ingredient affects both the formula and the specific skin type it is designed for.  \n\nEvery product serves a specific purpose, with each ingredient offering a therapeutic benefit\u2014no fillers, just active ingredients tailored to your skin\u2019s needs. Our products are made with natural oils, herbs, clays, minerals, and extracts. We use only high-quality essential oils for fragrance, avoiding artificial scents. Clays provide natural color, with no synthetic dyes or artificial coloring.  \n\nWe believe in using these ingredients to restore skin health and rejuvenate without complicated rituals. Minimalism is the key to effective skincare, healing at the source and delivering visible, tangible results. Your skincare routine should feel like a daily indulgence\u2014relaxing, rejuvenating, and something to look forward to every day.<\/p>","protected":false},"excerpt":{"rendered":"<p>Experience this luxurious cream enriched with refined ingredients, featuring rose water as its sole water content. Rose water has excellent soothing effects, improving the condition of dry and mature skin while cleansing, purifying, and toning. It also helps reduce swelling and redness. This cream is particularly beneficial for sun-damaged and overexposed skin, thanks to the healing power of rose water.<\/p>","protected":false},"featured_media":1304,"comment_status":"open","ping_status":"closed","template":"","meta":{"_acf_changed":false,"ocean_post_layout":"","ocean_both_sidebars_style":"","ocean_both_sidebars_content_width":0,"ocean_both_sidebars_sidebars_width":0,"ocean_sidebar":"0","ocean_second_sidebar":"0","ocean_disable_margins":"enable","ocean_add_body_class":"","ocean_shortcode_before_top_bar":"","ocean_shortcode_after_top_bar":"","ocean_shortcode_before_header":"","ocean_shortcode_after_header":"","ocean_has_shortcode":"","ocean_shortcode_after_title":"","ocean_shortcode_before_footer_widgets":"","ocean_shortcode_after_footer_widgets":"","ocean_shortcode_before_footer_bottom":"","ocean_shortcode_after_footer_bottom":"","ocean_display_top_bar":"default","ocean_display_header":"default","ocean_header_style":"","ocean_center_header_left_menu":"0","ocean_custom_header_template":"0","ocean_custom_logo":0,"ocean_custom_retina_logo":0,"ocean_custom_logo_max_width":0,"ocean_custom_logo_tablet_max_width":0,"ocean_custom_logo_mobile_max_width":0,"ocean_custom_logo_max_height":0,"ocean_custom_logo_tablet_max_height":0,"ocean_custom_logo_mobile_max_height":0,"ocean_header_custom_menu":"0","ocean_menu_typo_font_family":"0","ocean_menu_typo_font_subset":"","ocean_menu_typo_font_size":0,"ocean_menu_typo_font_size_tablet":0,"ocean_menu_typo_font_size_mobile":0,"ocean_menu_typo_font_size_unit":"px","ocean_menu_typo_font_weight":"","ocean_menu_typo_font_weight_tablet":"","ocean_menu_typo_font_weight_mobile":"","ocean_menu_typo_transform":"","ocean_menu_typo_transform_tablet":"","ocean_menu_typo_transform_mobile":"","ocean_menu_typo_line_height":0,"ocean_menu_typo_line_height_tablet":0,"ocean_menu_typo_line_height_mobile":0,"ocean_menu_typo_line_height_unit":"","ocean_menu_typo_spacing":0,"ocean_menu_typo_spacing_tablet":0,"ocean_menu_typo_spacing_mobile":0,"ocean_menu_typo_spacing_unit":"","ocean_menu_link_color":"","ocean_menu_link_color_hover":"","ocean_menu_link_color_active":"","ocean_menu_link_background":"","ocean_menu_link_hover_background":"","ocean_menu_link_active_background":"","ocean_menu_social_links_bg":"","ocean_menu_social_hover_links_bg":"","ocean_menu_social_links_color":"","ocean_menu_social_hover_links_color":"","ocean_disable_title":"default","ocean_disable_heading":"default","ocean_post_title":"","ocean_post_subheading":"","ocean_post_title_style":"","ocean_post_title_background_color":"","ocean_post_title_background":0,"ocean_post_title_bg_image_position":"","ocean_post_title_bg_image_attachment":"","ocean_post_title_bg_image_repeat":"","ocean_post_title_bg_image_size":"","ocean_post_title_height":0,"ocean_post_title_bg_overlay":0.5,"ocean_post_title_bg_overlay_color":"","ocean_disable_breadcrumbs":"default","ocean_breadcrumbs_color":"","ocean_breadcrumbs_separator_color":"","ocean_breadcrumbs_links_color":"","ocean_breadcrumbs_links_hover_color":"","ocean_display_footer_widgets":"default","ocean_display_footer_bottom":"default","ocean_custom_footer_template":"0","_glsr_average":4,"_glsr_ranking":3.5454545454545,"_glsr_reviews":1},"product_brand":[],"product_cat":[63,50],"product_tag":[103,195,138,159,111,104,137,153,174,83,102,101,100,135,196,88,197,112,113,156,118,140],"class_list":{"0":"post-1360","1":"product","2":"type-product","3":"status-publish","4":"has-post-thumbnail","6":"product_cat-breed-love-beauty","7":"product_cat-creme-visage","8":"product_tag-anti-age","9":"product_tag-breed-love-beauty","10":"product_tag-coco","11":"product_tag-cremes","12":"product_tag-deshydratation","13":"product_tag-fermete","14":"product_tag-glycerine","15":"product_tag-hamamelis","16":"product_tag-jojoba","17":"product_tag-neem","18":"product_tag-peau-mature","19":"product_tag-peau-normale","20":"product_tag-peau-seche","21":"product_tag-produits","22":"product_tag-romarin","23":"product_tag-rose","24":"product_tag-saule","25":"product_tag-secheresse-visage","26":"product_tag-sensible","27":"product_tag-tournesol","28":"product_tag-visage","29":"product_tag-vitamine-e","31":"entry","32":"has-media","34":"first","35":"instock","36":"shipping-taxable","37":"purchasable","38":"product-type-simple","39":"has-rating","40":"has-product-nav","41":"col","42":"span_1_of_3","43":"owp-content-center","44":"owp-thumbs-layout-horizontal","45":"owp-btn-normal","46":"owp-tabs-layout-horizontal","47":"has-no-thumbnails"},"acf":[],"yoast_head":"<!-- This site is optimized with the Yoast SEO plugin v25.5 - https:\/\/yoast.com\/wordpress\/plugins\/seo\/ -->\n<title>Cr\u00e8me a l&#039;eau de rose - Lovy NK Kosm\u00e9tik<\/title>\n<meta name=\"description\" content=\"D\u00e9couvrez cette cr\u00e8me luxueuse remplie d&#039;ingr\u00e9dients raffin\u00e9s, dont l&#039;eau de rose qui constitue la totalit\u00e9 de sa teneur en eau.\" \/>\n<meta name=\"robots\" content=\"index, follow, max-snippet:-1, max-image-preview:large, max-video-preview:-1\" \/>\n<link rel=\"canonical\" href=\"https:\/\/lovynkkosmetik.fr\/en\/product\/creme-eau-de-rose\/\" \/>\n<meta property=\"og:locale\" content=\"en_US\" \/>\n<meta property=\"og:type\" content=\"article\" \/>\n<meta property=\"og:title\" content=\"Cr\u00e8me a l&#039;eau de rose - Lovy NK Kosm\u00e9tik\" \/>\n<meta property=\"og:description\" content=\"D\u00e9couvrez cette cr\u00e8me luxueuse remplie d&#039;ingr\u00e9dients raffin\u00e9s, dont l&#039;eau de rose qui constitue la totalit\u00e9 de sa teneur en eau.\" \/>\n<meta property=\"og:url\" content=\"https:\/\/lovynkkosmetik.fr\/en\/product\/creme-eau-de-rose\/\" \/>\n<meta property=\"og:site_name\" content=\"Lovy NK Kosm\u00e9tik\" \/>\n<meta property=\"article:modified_time\" content=\"2024-11-22T21:13:46+00:00\" \/>\n<meta property=\"og:image\" content=\"https:\/\/lovynkkosmetik.fr\/wp-content\/uploads\/2024\/04\/breed-love-creme-a-l-eau-de-rose.jpg\" \/>\n\t<meta property=\"og:image:width\" content=\"2161\" \/>\n\t<meta property=\"og:image:height\" content=\"1621\" \/>\n\t<meta property=\"og:image:type\" content=\"image\/jpeg\" \/>\n<meta name=\"twitter:card\" content=\"summary_large_image\" \/>\n<meta name=\"twitter:label1\" content=\"Est. reading time\" \/>\n\t<meta name=\"twitter:data1\" content=\"3 minutes\" \/>\n<script type=\"application\/ld+json\" class=\"yoast-schema-graph\">{\"@context\":\"https:\/\/schema.org\",\"@graph\":[{\"@type\":\"WebPage\",\"@id\":\"https:\/\/lovynkkosmetik.fr\/produit\/creme-eau-de-rose\/\",\"url\":\"https:\/\/lovynkkosmetik.fr\/produit\/creme-eau-de-rose\/\",\"name\":\"Cr\u00e8me a l'eau de rose - Lovy NK Kosm\u00e9tik\",\"isPartOf\":{\"@id\":\"https:\/\/lovynkkosmetik.fr\/#website\"},\"primaryImageOfPage\":{\"@id\":\"https:\/\/lovynkkosmetik.fr\/produit\/creme-eau-de-rose\/#primaryimage\"},\"image\":{\"@id\":\"https:\/\/lovynkkosmetik.fr\/produit\/creme-eau-de-rose\/#primaryimage\"},\"thumbnailUrl\":\"https:\/\/lovynkkosmetik.fr\/wp-content\/uploads\/2024\/04\/breed-love-creme-a-l-eau-de-rose.jpg\",\"datePublished\":\"2024-05-16T19:39:48+00:00\",\"dateModified\":\"2024-11-22T21:13:46+00:00\",\"description\":\"D\u00e9couvrez cette cr\u00e8me luxueuse remplie d'ingr\u00e9dients raffin\u00e9s, dont l'eau de rose qui constitue la totalit\u00e9 de sa teneur en eau.\",\"breadcrumb\":{\"@id\":\"https:\/\/lovynkkosmetik.fr\/produit\/creme-eau-de-rose\/#breadcrumb\"},\"inLanguage\":\"en-US\",\"potentialAction\":[{\"@type\":\"ReadAction\",\"target\":[\"https:\/\/lovynkkosmetik.fr\/produit\/creme-eau-de-rose\/\"]}]},{\"@type\":\"ImageObject\",\"inLanguage\":\"en-US\",\"@id\":\"https:\/\/lovynkkosmetik.fr\/produit\/creme-eau-de-rose\/#primaryimage\",\"url\":\"https:\/\/lovynkkosmetik.fr\/wp-content\/uploads\/2024\/04\/breed-love-creme-a-l-eau-de-rose.jpg\",\"contentUrl\":\"https:\/\/lovynkkosmetik.fr\/wp-content\/uploads\/2024\/04\/breed-love-creme-a-l-eau-de-rose.jpg\",\"width\":2161,\"height\":1621,\"caption\":\"Breed Love - Cr\u00e8me \u00e0 l'eau de rose\"},{\"@type\":\"BreadcrumbList\",\"@id\":\"https:\/\/lovynkkosmetik.fr\/produit\/creme-eau-de-rose\/#breadcrumb\",\"itemListElement\":[{\"@type\":\"ListItem\",\"position\":1,\"name\":\"Accueil\",\"item\":\"https:\/\/lovynkkosmetik.fr\/\"},{\"@type\":\"ListItem\",\"position\":2,\"name\":\"Boutique\",\"item\":\"https:\/\/lovynkkosmetik.fr\/boutique\/\"},{\"@type\":\"ListItem\",\"position\":3,\"name\":\"Cr\u00e8me a l&rsquo;eau de rose\"}]},{\"@type\":\"WebSite\",\"@id\":\"https:\/\/lovynkkosmetik.fr\/#website\",\"url\":\"https:\/\/lovynkkosmetik.fr\/\",\"name\":\"Lovy NK Kosm\u00e9tik\",\"description\":\"Sublime ta m\u00e9lanine\",\"publisher\":{\"@id\":\"https:\/\/lovynkkosmetik.fr\/#organization\"},\"alternateName\":\"Lovy NK Kosm\u00e9tik\",\"potentialAction\":[{\"@type\":\"SearchAction\",\"target\":{\"@type\":\"EntryPoint\",\"urlTemplate\":\"https:\/\/lovynkkosmetik.fr\/?s={search_term_string}\"},\"query-input\":{\"@type\":\"PropertyValueSpecification\",\"valueRequired\":true,\"valueName\":\"search_term_string\"}}],\"inLanguage\":\"en-US\"},{\"@type\":\"Organization\",\"@id\":\"https:\/\/lovynkkosmetik.fr\/#organization\",\"name\":\"Lovy NK Kosm\u00e9tik\",\"alternateName\":\"Lovy NK Kosm\u00e9tik\",\"url\":\"https:\/\/lovynkkosmetik.fr\/\",\"logo\":{\"@type\":\"ImageObject\",\"inLanguage\":\"en-US\",\"@id\":\"https:\/\/lovynkkosmetik.fr\/#\/schema\/logo\/image\/\",\"url\":\"https:\/\/lovynkkosmetik.fr\/wp-content\/uploads\/2024\/05\/logo-lovy-nk-kosmetik-jaune.png\",\"contentUrl\":\"https:\/\/lovynkkosmetik.fr\/wp-content\/uploads\/2024\/05\/logo-lovy-nk-kosmetik-jaune.png\",\"width\":3699,\"height\":1417,\"caption\":\"Lovy NK Kosm\u00e9tik\"},\"image\":{\"@id\":\"https:\/\/lovynkkosmetik.fr\/#\/schema\/logo\/image\/\"}}]}<\/script>\n<!-- \/ Yoast SEO plugin. -->","yoast_head_json":{"title":"Cr\u00e8me a l'eau de rose - Lovy NK Kosm\u00e9tik","description":"D\u00e9couvrez cette cr\u00e8me luxueuse remplie d'ingr\u00e9dients raffin\u00e9s, dont l'eau de rose qui constitue la totalit\u00e9 de sa teneur en eau.","robots":{"index":"index","follow":"follow","max-snippet":"max-snippet:-1","max-image-preview":"max-image-preview:large","max-video-preview":"max-video-preview:-1"},"canonical":"https:\/\/lovynkkosmetik.fr\/en\/product\/creme-eau-de-rose\/","og_locale":"en_US","og_type":"article","og_title":"Cr\u00e8me a l'eau de rose - Lovy NK Kosm\u00e9tik","og_description":"D\u00e9couvrez cette cr\u00e8me luxueuse remplie d'ingr\u00e9dients raffin\u00e9s, dont l'eau de rose qui constitue la totalit\u00e9 de sa teneur en eau.","og_url":"https:\/\/lovynkkosmetik.fr\/en\/product\/creme-eau-de-rose\/","og_site_name":"Lovy NK Kosm\u00e9tik","article_modified_time":"2024-11-22T21:13:46+00:00","og_image":[{"width":2161,"height":1621,"url":"https:\/\/lovynkkosmetik.fr\/wp-content\/uploads\/2024\/04\/breed-love-creme-a-l-eau-de-rose.jpg","type":"image\/jpeg"}],"twitter_card":"summary_large_image","twitter_misc":{"Est. reading time":"3 minutes"},"schema":{"@context":"https:\/\/schema.org","@graph":[{"@type":"WebPage","@id":"https:\/\/lovynkkosmetik.fr\/produit\/creme-eau-de-rose\/","url":"https:\/\/lovynkkosmetik.fr\/produit\/creme-eau-de-rose\/","name":"Cr\u00e8me a l'eau de rose - Lovy NK Kosm\u00e9tik","isPartOf":{"@id":"https:\/\/lovynkkosmetik.fr\/#website"},"primaryImageOfPage":{"@id":"https:\/\/lovynkkosmetik.fr\/produit\/creme-eau-de-rose\/#primaryimage"},"image":{"@id":"https:\/\/lovynkkosmetik.fr\/produit\/creme-eau-de-rose\/#primaryimage"},"thumbnailUrl":"https:\/\/lovynkkosmetik.fr\/wp-content\/uploads\/2024\/04\/breed-love-creme-a-l-eau-de-rose.jpg","datePublished":"2024-05-16T19:39:48+00:00","dateModified":"2024-11-22T21:13:46+00:00","description":"D\u00e9couvrez cette cr\u00e8me luxueuse remplie d'ingr\u00e9dients raffin\u00e9s, dont l'eau de rose qui constitue la totalit\u00e9 de sa teneur en eau.","breadcrumb":{"@id":"https:\/\/lovynkkosmetik.fr\/produit\/creme-eau-de-rose\/#breadcrumb"},"inLanguage":"en-US","potentialAction":[{"@type":"ReadAction","target":["https:\/\/lovynkkosmetik.fr\/produit\/creme-eau-de-rose\/"]}]},{"@type":"ImageObject","inLanguage":"en-US","@id":"https:\/\/lovynkkosmetik.fr\/produit\/creme-eau-de-rose\/#primaryimage","url":"https:\/\/lovynkkosmetik.fr\/wp-content\/uploads\/2024\/04\/breed-love-creme-a-l-eau-de-rose.jpg","contentUrl":"https:\/\/lovynkkosmetik.fr\/wp-content\/uploads\/2024\/04\/breed-love-creme-a-l-eau-de-rose.jpg","width":2161,"height":1621,"caption":"Breed Love - Cr\u00e8me \u00e0 l'eau de rose"},{"@type":"BreadcrumbList","@id":"https:\/\/lovynkkosmetik.fr\/produit\/creme-eau-de-rose\/#breadcrumb","itemListElement":[{"@type":"ListItem","position":1,"name":"Accueil","item":"https:\/\/lovynkkosmetik.fr\/"},{"@type":"ListItem","position":2,"name":"Boutique","item":"https:\/\/lovynkkosmetik.fr\/boutique\/"},{"@type":"ListItem","position":3,"name":"Cr\u00e8me a l&rsquo;eau de rose"}]},{"@type":"WebSite","@id":"https:\/\/lovynkkosmetik.fr\/#website","url":"https:\/\/lovynkkosmetik.fr\/","name":"Lovy NK Kosm\u00e9tik","description":"Sublime ta m\u00e9lanine","publisher":{"@id":"https:\/\/lovynkkosmetik.fr\/#organization"},"alternateName":"Lovy NK Kosm\u00e9tik","potentialAction":[{"@type":"SearchAction","target":{"@type":"EntryPoint","urlTemplate":"https:\/\/lovynkkosmetik.fr\/?s={search_term_string}"},"query-input":{"@type":"PropertyValueSpecification","valueRequired":true,"valueName":"search_term_string"}}],"inLanguage":"en-US"},{"@type":"Organization","@id":"https:\/\/lovynkkosmetik.fr\/#organization","name":"Lovy NK Kosm\u00e9tik","alternateName":"Lovy NK Kosm\u00e9tik","url":"https:\/\/lovynkkosmetik.fr\/","logo":{"@type":"ImageObject","inLanguage":"en-US","@id":"https:\/\/lovynkkosmetik.fr\/#\/schema\/logo\/image\/","url":"https:\/\/lovynkkosmetik.fr\/wp-content\/uploads\/2024\/05\/logo-lovy-nk-kosmetik-jaune.png","contentUrl":"https:\/\/lovynkkosmetik.fr\/wp-content\/uploads\/2024\/05\/logo-lovy-nk-kosmetik-jaune.png","width":3699,"height":1417,"caption":"Lovy NK Kosm\u00e9tik"},"image":{"@id":"https:\/\/lovynkkosmetik.fr\/#\/schema\/logo\/image\/"}}]}},"_links":{"self":[{"href":"https:\/\/lovynkkosmetik.fr\/en\/wp-json\/wp\/v2\/product\/1360","targetHints":{"allow":["GET"]}}],"collection":[{"href":"https:\/\/lovynkkosmetik.fr\/en\/wp-json\/wp\/v2\/product"}],"about":[{"href":"https:\/\/lovynkkosmetik.fr\/en\/wp-json\/wp\/v2\/types\/product"}],"replies":[{"embeddable":true,"href":"https:\/\/lovynkkosmetik.fr\/en\/wp-json\/wp\/v2\/comments?post=1360"}],"version-history":[{"count":0,"href":"https:\/\/lovynkkosmetik.fr\/en\/wp-json\/wp\/v2\/product\/1360\/revisions"}],"wp:featuredmedia":[{"embeddable":true,"href":"https:\/\/lovynkkosmetik.fr\/en\/wp-json\/wp\/v2\/media\/1304"}],"wp:attachment":[{"href":"https:\/\/lovynkkosmetik.fr\/en\/wp-json\/wp\/v2\/media?parent=1360"}],"wp:term":[{"taxonomy":"product_brand","embeddable":true,"href":"https:\/\/lovynkkosmetik.fr\/en\/wp-json\/wp\/v2\/product_brand?post=1360"},{"taxonomy":"product_cat","embeddable":true,"href":"https:\/\/lovynkkosmetik.fr\/en\/wp-json\/wp\/v2\/product_cat?post=1360"},{"taxonomy":"product_tag","embeddable":true,"href":"https:\/\/lovynkkosmetik.fr\/en\/wp-json\/wp\/v2\/product_tag?post=1360"}],"curies":[{"name":"wp","href":"https:\/\/api.w.org\/{rel}","templated":true}]}}