{"id":1356,"date":"2024-05-16T20:26:48","date_gmt":"2024-05-16T18:26:48","guid":{"rendered":"https:\/\/lovynkkosmetik.fr\/?post_type=product&#038;p=1356"},"modified":"2024-11-22T22:13:48","modified_gmt":"2024-11-22T21:13:48","slug":"edens-elixir","status":"publish","type":"product","link":"https:\/\/lovynkkosmetik.fr\/en\/product\/edens-elixir\/","title":{"rendered":"Eden\u2019s elixir"},"content":{"rendered":"<h2>Skin Type :<\/h2>\n<p>Suitable for all skin types<\/p>\n<h2>Concerns :<\/h2>\n<p>Clean and soft skin<\/p>\n<h2>Benefits :<\/h2>\n<ul>\n<li>Balances the skin, restoring natural pH levels<\/li>\n<li>Fades brown spots<\/li>\n<li>Reduces the appearance of pores<\/li>\n<li>Cleanses pores<\/li>\n<li>Soothes irritations<\/li>\n<li>Reduces inflammation<\/li>\n<li>Brightens and hydrates the skin<\/li>\n<\/ul>\n<h2>How to use :<\/h2>\n<p>Refresh and rebalance the skin morning and evening. Shake gently before use. After cleansing, apply a few drops onto a breathable cotton pad or your fingers. Sweep over the face and neck with gentle motions to cover every pore.<\/p>\n<h2>Ingredients :<\/h2>\n<p>Damascena rose floral water, Aloe Barbadensis leaf juice (aloe vera), witch hazel extract, alcohol, glycerin, water (aqua), white willow bark extract, lemon fruit extract, white mulberry root extract, cranberry fruit extract, natural preservative, mica powder, titanium dioxide.<\/p>\n<h2>Precautions for use :<\/h2>\n<p>Color may vary slightly between batches due to the use of natural ingredients, but this does not affect product effectiveness. Shelf life: 2 years after opening. Store in a cool, dry place away from direct sunlight. Always perform a patch test when trying a new product. Test on a small, discreet area of skin, wait 24 to 48 hours, and check for signs of irritation before applying fully.<\/p>\n<h2>About Arami Essentials:<\/h2>\n<p>Arami began in 2016 with a simple belief: the body is a temple, a sacred place that must be treated with full awareness. We believe that truly radiant skin comes from an inner peace stemming from a fundamental respect for ourselves and the world around us.\nWe handcraft our multi-purpose beauty essentials\nwith natural, authentic ingredients sourced \nfrom Africa, to guarantee the effectiveness of our products. Arami purely means \u201cmy body\u201d.<\/p>","protected":false},"excerpt":{"rendered":"<p>A synergy of botanical ingredients that saturates the skin with rose water extract and aloe vera, soothing irritations to reveal skin as soft as a petal. Meanwhile, extracts of maturation, white willow bark, and lemon penetrate the pores, working their magic to restore radiance and bring the skin back to its natural balance.<\/p>","protected":false},"featured_media":1300,"comment_status":"open","ping_status":"closed","template":"","meta":{"_acf_changed":false,"ocean_post_layout":"","ocean_both_sidebars_style":"","ocean_both_sidebars_content_width":0,"ocean_both_sidebars_sidebars_width":0,"ocean_sidebar":"0","ocean_second_sidebar":"0","ocean_disable_margins":"enable","ocean_add_body_class":"","ocean_shortcode_before_top_bar":"","ocean_shortcode_after_top_bar":"","ocean_shortcode_before_header":"","ocean_shortcode_after_header":"","ocean_has_shortcode":"","ocean_shortcode_after_title":"","ocean_shortcode_before_footer_widgets":"","ocean_shortcode_after_footer_widgets":"","ocean_shortcode_before_footer_bottom":"","ocean_shortcode_after_footer_bottom":"","ocean_display_top_bar":"default","ocean_display_header":"default","ocean_header_style":"","ocean_center_header_left_menu":"0","ocean_custom_header_template":"0","ocean_custom_logo":0,"ocean_custom_retina_logo":0,"ocean_custom_logo_max_width":0,"ocean_custom_logo_tablet_max_width":0,"ocean_custom_logo_mobile_max_width":0,"ocean_custom_logo_max_height":0,"ocean_custom_logo_tablet_max_height":0,"ocean_custom_logo_mobile_max_height":0,"ocean_header_custom_menu":"0","ocean_menu_typo_font_family":"0","ocean_menu_typo_font_subset":"","ocean_menu_typo_font_size":0,"ocean_menu_typo_font_size_tablet":0,"ocean_menu_typo_font_size_mobile":0,"ocean_menu_typo_font_size_unit":"px","ocean_menu_typo_font_weight":"","ocean_menu_typo_font_weight_tablet":"","ocean_menu_typo_font_weight_mobile":"","ocean_menu_typo_transform":"","ocean_menu_typo_transform_tablet":"","ocean_menu_typo_transform_mobile":"","ocean_menu_typo_line_height":0,"ocean_menu_typo_line_height_tablet":0,"ocean_menu_typo_line_height_mobile":0,"ocean_menu_typo_line_height_unit":"","ocean_menu_typo_spacing":0,"ocean_menu_typo_spacing_tablet":0,"ocean_menu_typo_spacing_mobile":0,"ocean_menu_typo_spacing_unit":"","ocean_menu_link_color":"","ocean_menu_link_color_hover":"","ocean_menu_link_color_active":"","ocean_menu_link_background":"","ocean_menu_link_hover_background":"","ocean_menu_link_active_background":"","ocean_menu_social_links_bg":"","ocean_menu_social_hover_links_bg":"","ocean_menu_social_links_color":"","ocean_menu_social_hover_links_color":"","ocean_disable_title":"default","ocean_disable_heading":"default","ocean_post_title":"","ocean_post_subheading":"","ocean_post_title_style":"","ocean_post_title_background_color":"","ocean_post_title_background":0,"ocean_post_title_bg_image_position":"","ocean_post_title_bg_image_attachment":"","ocean_post_title_bg_image_repeat":"","ocean_post_title_bg_image_size":"","ocean_post_title_height":0,"ocean_post_title_bg_overlay":0.5,"ocean_post_title_bg_overlay_color":"","ocean_disable_breadcrumbs":"default","ocean_breadcrumbs_color":"","ocean_breadcrumbs_separator_color":"","ocean_breadcrumbs_links_color":"","ocean_breadcrumbs_links_hover_color":"","ocean_display_footer_widgets":"default","ocean_display_footer_bottom":"default","ocean_custom_footer_template":"0","_glsr_average":4,"_glsr_ranking":3.5454545454545,"_glsr_reviews":1},"product_brand":[],"product_cat":[62,45],"product_tag":[154,170,194,110,137,153,102,98,101,100,107,88,113,109,152,118],"class_list":{"0":"post-1356","1":"product","2":"type-product","3":"status-publish","4":"has-post-thumbnail","6":"product_cat-arami-essentials","7":"product_cat-toniques","8":"product_tag-aloe-vera","9":"product_tag-arami-essentials","10":"product_tag-citron","11":"product_tag-eclat","12":"product_tag-glycerine","13":"product_tag-hamamelis","14":"product_tag-peau-mature","15":"product_tag-peau-mixte","16":"product_tag-peau-normale","17":"product_tag-peau-seche","18":"product_tag-pores-dilates","19":"product_tag-rose","20":"product_tag-sensible","21":"product_tag-taches","22":"product_tag-toniques","23":"product_tag-visage","25":"entry","26":"has-media","28":"first","29":"instock","30":"shipping-taxable","31":"purchasable","32":"product-type-simple","33":"has-rating","34":"has-product-nav","35":"col","36":"span_1_of_3","37":"owp-content-center","38":"owp-thumbs-layout-horizontal","39":"owp-btn-normal","40":"owp-tabs-layout-horizontal","41":"has-no-thumbnails"},"acf":[],"yoast_head":"<!-- This site is optimized with the Yoast SEO plugin v25.5 - https:\/\/yoast.com\/wordpress\/plugins\/seo\/ -->\n<title>Eden&#039;s elixir - Lovy NK Kosm\u00e9tik<\/title>\n<meta name=\"description\" content=\"Compos\u00e9 d&#039;eau de rose et d&#039;aloe vera, Eden&#039;s elixir est une synergie d&#039;ingr\u00e9dients botaniques qui calme les irritations et laisse la peau toute douce.\" \/>\n<meta name=\"robots\" content=\"index, follow, max-snippet:-1, max-image-preview:large, max-video-preview:-1\" \/>\n<link rel=\"canonical\" href=\"https:\/\/lovynkkosmetik.fr\/en\/product\/edens-elixir\/\" \/>\n<meta property=\"og:locale\" content=\"en_US\" \/>\n<meta property=\"og:type\" content=\"article\" \/>\n<meta property=\"og:title\" content=\"Eden&#039;s elixir - Lovy NK Kosm\u00e9tik\" \/>\n<meta property=\"og:description\" content=\"Compos\u00e9 d&#039;eau de rose et d&#039;aloe vera, Eden&#039;s elixir est une synergie d&#039;ingr\u00e9dients botaniques qui calme les irritations et laisse la peau toute douce.\" \/>\n<meta property=\"og:url\" content=\"https:\/\/lovynkkosmetik.fr\/en\/product\/edens-elixir\/\" \/>\n<meta property=\"og:site_name\" content=\"Lovy NK Kosm\u00e9tik\" \/>\n<meta property=\"article:modified_time\" content=\"2024-11-22T21:13:48+00:00\" \/>\n<meta property=\"og:image\" content=\"https:\/\/lovynkkosmetik.fr\/wp-content\/uploads\/2024\/04\/arami-essentials-eden-elixir-lovy-nk-kosmetik.jpg\" \/>\n\t<meta property=\"og:image:width\" content=\"604\" \/>\n\t<meta property=\"og:image:height\" content=\"1024\" \/>\n\t<meta property=\"og:image:type\" content=\"image\/jpeg\" \/>\n<meta name=\"twitter:card\" content=\"summary_large_image\" \/>\n<meta name=\"twitter:label1\" content=\"Est. reading time\" \/>\n\t<meta name=\"twitter:data1\" content=\"2 minutes\" \/>\n<script type=\"application\/ld+json\" class=\"yoast-schema-graph\">{\"@context\":\"https:\/\/schema.org\",\"@graph\":[{\"@type\":\"WebPage\",\"@id\":\"https:\/\/lovynkkosmetik.fr\/produit\/edens-elixir\/\",\"url\":\"https:\/\/lovynkkosmetik.fr\/produit\/edens-elixir\/\",\"name\":\"Eden's elixir - Lovy NK Kosm\u00e9tik\",\"isPartOf\":{\"@id\":\"https:\/\/lovynkkosmetik.fr\/#website\"},\"primaryImageOfPage\":{\"@id\":\"https:\/\/lovynkkosmetik.fr\/produit\/edens-elixir\/#primaryimage\"},\"image\":{\"@id\":\"https:\/\/lovynkkosmetik.fr\/produit\/edens-elixir\/#primaryimage\"},\"thumbnailUrl\":\"https:\/\/lovynkkosmetik.fr\/wp-content\/uploads\/2024\/04\/arami-essentials-eden-elixir-lovy-nk-kosmetik.jpg\",\"datePublished\":\"2024-05-16T18:26:48+00:00\",\"dateModified\":\"2024-11-22T21:13:48+00:00\",\"description\":\"Compos\u00e9 d'eau de rose et d'aloe vera, Eden's elixir est une synergie d'ingr\u00e9dients botaniques qui calme les irritations et laisse la peau toute douce.\",\"breadcrumb\":{\"@id\":\"https:\/\/lovynkkosmetik.fr\/produit\/edens-elixir\/#breadcrumb\"},\"inLanguage\":\"en-US\",\"potentialAction\":[{\"@type\":\"ReadAction\",\"target\":[\"https:\/\/lovynkkosmetik.fr\/produit\/edens-elixir\/\"]}]},{\"@type\":\"ImageObject\",\"inLanguage\":\"en-US\",\"@id\":\"https:\/\/lovynkkosmetik.fr\/produit\/edens-elixir\/#primaryimage\",\"url\":\"https:\/\/lovynkkosmetik.fr\/wp-content\/uploads\/2024\/04\/arami-essentials-eden-elixir-lovy-nk-kosmetik.jpg\",\"contentUrl\":\"https:\/\/lovynkkosmetik.fr\/wp-content\/uploads\/2024\/04\/arami-essentials-eden-elixir-lovy-nk-kosmetik.jpg\",\"width\":604,\"height\":1024,\"caption\":\"Arami Essentials - Eden's Elixir\"},{\"@type\":\"BreadcrumbList\",\"@id\":\"https:\/\/lovynkkosmetik.fr\/produit\/edens-elixir\/#breadcrumb\",\"itemListElement\":[{\"@type\":\"ListItem\",\"position\":1,\"name\":\"Accueil\",\"item\":\"https:\/\/lovynkkosmetik.fr\/\"},{\"@type\":\"ListItem\",\"position\":2,\"name\":\"Boutique\",\"item\":\"https:\/\/lovynkkosmetik.fr\/boutique\/\"},{\"@type\":\"ListItem\",\"position\":3,\"name\":\"Eden&rsquo;s elixir\"}]},{\"@type\":\"WebSite\",\"@id\":\"https:\/\/lovynkkosmetik.fr\/#website\",\"url\":\"https:\/\/lovynkkosmetik.fr\/\",\"name\":\"Lovy NK Kosm\u00e9tik\",\"description\":\"Sublime ta m\u00e9lanine\",\"publisher\":{\"@id\":\"https:\/\/lovynkkosmetik.fr\/#organization\"},\"alternateName\":\"Lovy NK Kosm\u00e9tik\",\"potentialAction\":[{\"@type\":\"SearchAction\",\"target\":{\"@type\":\"EntryPoint\",\"urlTemplate\":\"https:\/\/lovynkkosmetik.fr\/?s={search_term_string}\"},\"query-input\":{\"@type\":\"PropertyValueSpecification\",\"valueRequired\":true,\"valueName\":\"search_term_string\"}}],\"inLanguage\":\"en-US\"},{\"@type\":\"Organization\",\"@id\":\"https:\/\/lovynkkosmetik.fr\/#organization\",\"name\":\"Lovy NK Kosm\u00e9tik\",\"alternateName\":\"Lovy NK Kosm\u00e9tik\",\"url\":\"https:\/\/lovynkkosmetik.fr\/\",\"logo\":{\"@type\":\"ImageObject\",\"inLanguage\":\"en-US\",\"@id\":\"https:\/\/lovynkkosmetik.fr\/#\/schema\/logo\/image\/\",\"url\":\"https:\/\/lovynkkosmetik.fr\/wp-content\/uploads\/2024\/05\/logo-lovy-nk-kosmetik-jaune.png\",\"contentUrl\":\"https:\/\/lovynkkosmetik.fr\/wp-content\/uploads\/2024\/05\/logo-lovy-nk-kosmetik-jaune.png\",\"width\":3699,\"height\":1417,\"caption\":\"Lovy NK Kosm\u00e9tik\"},\"image\":{\"@id\":\"https:\/\/lovynkkosmetik.fr\/#\/schema\/logo\/image\/\"}}]}<\/script>\n<!-- \/ Yoast SEO plugin. -->","yoast_head_json":{"title":"Eden's elixir - Lovy NK Kosm\u00e9tik","description":"Compos\u00e9 d'eau de rose et d'aloe vera, Eden's elixir est une synergie d'ingr\u00e9dients botaniques qui calme les irritations et laisse la peau toute douce.","robots":{"index":"index","follow":"follow","max-snippet":"max-snippet:-1","max-image-preview":"max-image-preview:large","max-video-preview":"max-video-preview:-1"},"canonical":"https:\/\/lovynkkosmetik.fr\/en\/product\/edens-elixir\/","og_locale":"en_US","og_type":"article","og_title":"Eden's elixir - Lovy NK Kosm\u00e9tik","og_description":"Compos\u00e9 d'eau de rose et d'aloe vera, Eden's elixir est une synergie d'ingr\u00e9dients botaniques qui calme les irritations et laisse la peau toute douce.","og_url":"https:\/\/lovynkkosmetik.fr\/en\/product\/edens-elixir\/","og_site_name":"Lovy NK Kosm\u00e9tik","article_modified_time":"2024-11-22T21:13:48+00:00","og_image":[{"width":604,"height":1024,"url":"https:\/\/lovynkkosmetik.fr\/wp-content\/uploads\/2024\/04\/arami-essentials-eden-elixir-lovy-nk-kosmetik.jpg","type":"image\/jpeg"}],"twitter_card":"summary_large_image","twitter_misc":{"Est. reading time":"2 minutes"},"schema":{"@context":"https:\/\/schema.org","@graph":[{"@type":"WebPage","@id":"https:\/\/lovynkkosmetik.fr\/produit\/edens-elixir\/","url":"https:\/\/lovynkkosmetik.fr\/produit\/edens-elixir\/","name":"Eden's elixir - Lovy NK Kosm\u00e9tik","isPartOf":{"@id":"https:\/\/lovynkkosmetik.fr\/#website"},"primaryImageOfPage":{"@id":"https:\/\/lovynkkosmetik.fr\/produit\/edens-elixir\/#primaryimage"},"image":{"@id":"https:\/\/lovynkkosmetik.fr\/produit\/edens-elixir\/#primaryimage"},"thumbnailUrl":"https:\/\/lovynkkosmetik.fr\/wp-content\/uploads\/2024\/04\/arami-essentials-eden-elixir-lovy-nk-kosmetik.jpg","datePublished":"2024-05-16T18:26:48+00:00","dateModified":"2024-11-22T21:13:48+00:00","description":"Compos\u00e9 d'eau de rose et d'aloe vera, Eden's elixir est une synergie d'ingr\u00e9dients botaniques qui calme les irritations et laisse la peau toute douce.","breadcrumb":{"@id":"https:\/\/lovynkkosmetik.fr\/produit\/edens-elixir\/#breadcrumb"},"inLanguage":"en-US","potentialAction":[{"@type":"ReadAction","target":["https:\/\/lovynkkosmetik.fr\/produit\/edens-elixir\/"]}]},{"@type":"ImageObject","inLanguage":"en-US","@id":"https:\/\/lovynkkosmetik.fr\/produit\/edens-elixir\/#primaryimage","url":"https:\/\/lovynkkosmetik.fr\/wp-content\/uploads\/2024\/04\/arami-essentials-eden-elixir-lovy-nk-kosmetik.jpg","contentUrl":"https:\/\/lovynkkosmetik.fr\/wp-content\/uploads\/2024\/04\/arami-essentials-eden-elixir-lovy-nk-kosmetik.jpg","width":604,"height":1024,"caption":"Arami Essentials - Eden's Elixir"},{"@type":"BreadcrumbList","@id":"https:\/\/lovynkkosmetik.fr\/produit\/edens-elixir\/#breadcrumb","itemListElement":[{"@type":"ListItem","position":1,"name":"Accueil","item":"https:\/\/lovynkkosmetik.fr\/"},{"@type":"ListItem","position":2,"name":"Boutique","item":"https:\/\/lovynkkosmetik.fr\/boutique\/"},{"@type":"ListItem","position":3,"name":"Eden&rsquo;s elixir"}]},{"@type":"WebSite","@id":"https:\/\/lovynkkosmetik.fr\/#website","url":"https:\/\/lovynkkosmetik.fr\/","name":"Lovy NK Kosm\u00e9tik","description":"Sublime ta m\u00e9lanine","publisher":{"@id":"https:\/\/lovynkkosmetik.fr\/#organization"},"alternateName":"Lovy NK Kosm\u00e9tik","potentialAction":[{"@type":"SearchAction","target":{"@type":"EntryPoint","urlTemplate":"https:\/\/lovynkkosmetik.fr\/?s={search_term_string}"},"query-input":{"@type":"PropertyValueSpecification","valueRequired":true,"valueName":"search_term_string"}}],"inLanguage":"en-US"},{"@type":"Organization","@id":"https:\/\/lovynkkosmetik.fr\/#organization","name":"Lovy NK Kosm\u00e9tik","alternateName":"Lovy NK Kosm\u00e9tik","url":"https:\/\/lovynkkosmetik.fr\/","logo":{"@type":"ImageObject","inLanguage":"en-US","@id":"https:\/\/lovynkkosmetik.fr\/#\/schema\/logo\/image\/","url":"https:\/\/lovynkkosmetik.fr\/wp-content\/uploads\/2024\/05\/logo-lovy-nk-kosmetik-jaune.png","contentUrl":"https:\/\/lovynkkosmetik.fr\/wp-content\/uploads\/2024\/05\/logo-lovy-nk-kosmetik-jaune.png","width":3699,"height":1417,"caption":"Lovy NK Kosm\u00e9tik"},"image":{"@id":"https:\/\/lovynkkosmetik.fr\/#\/schema\/logo\/image\/"}}]}},"_links":{"self":[{"href":"https:\/\/lovynkkosmetik.fr\/en\/wp-json\/wp\/v2\/product\/1356","targetHints":{"allow":["GET"]}}],"collection":[{"href":"https:\/\/lovynkkosmetik.fr\/en\/wp-json\/wp\/v2\/product"}],"about":[{"href":"https:\/\/lovynkkosmetik.fr\/en\/wp-json\/wp\/v2\/types\/product"}],"replies":[{"embeddable":true,"href":"https:\/\/lovynkkosmetik.fr\/en\/wp-json\/wp\/v2\/comments?post=1356"}],"version-history":[{"count":0,"href":"https:\/\/lovynkkosmetik.fr\/en\/wp-json\/wp\/v2\/product\/1356\/revisions"}],"wp:featuredmedia":[{"embeddable":true,"href":"https:\/\/lovynkkosmetik.fr\/en\/wp-json\/wp\/v2\/media\/1300"}],"wp:attachment":[{"href":"https:\/\/lovynkkosmetik.fr\/en\/wp-json\/wp\/v2\/media?parent=1356"}],"wp:term":[{"taxonomy":"product_brand","embeddable":true,"href":"https:\/\/lovynkkosmetik.fr\/en\/wp-json\/wp\/v2\/product_brand?post=1356"},{"taxonomy":"product_cat","embeddable":true,"href":"https:\/\/lovynkkosmetik.fr\/en\/wp-json\/wp\/v2\/product_cat?post=1356"},{"taxonomy":"product_tag","embeddable":true,"href":"https:\/\/lovynkkosmetik.fr\/en\/wp-json\/wp\/v2\/product_tag?post=1356"}],"curies":[{"name":"wp","href":"https:\/\/api.w.org\/{rel}","templated":true}]}}