{"id":1324,"date":"2024-05-15T22:48:37","date_gmt":"2024-05-15T20:48:37","guid":{"rendered":"https:\/\/lovynkkosmetik.fr\/?post_type=product&#038;p=1324"},"modified":"2025-04-25T20:57:28","modified_gmt":"2025-04-25T18:57:28","slug":"moisture-12-face-moisturizer-hydratant-visage","status":"publish","type":"product","link":"https:\/\/lovynkkosmetik.fr\/en\/product\/moisture-12-face-moisturizer-hydratant-visage\/","title":{"rendered":"Moisture 12+ Face Moisturizer \u2013 Facial Moisturizer"},"content":{"rendered":"<h2>Skin Type :<\/h2>\n<p>Que tu aies des pattes d&rsquo;oie, des rides, une peau s\u00e8che et d\u00e9shydrat\u00e9e, ou que tu luttes contre l&rsquo;hyperpigmentation, le Moisture 12+ est l\u00e0 pour toi.<\/p>\n<h2>Concerns :<\/h2>\n<p>Hydratation intense de la peau<\/p>\n<h2>Benefits :<\/h2>\n<p>L&rsquo;huile de graine noire est exceptionnellement riche en antioxydants, ce qui en fait un alli\u00e9 pr\u00e9cieux pour la peau. Elle poss\u00e8de des propri\u00e9t\u00e9s anti-inflammatoires, anti-\u00e2ge et adoucissantes qui revitalisent et nourrissent la peau en profondeur.<\/p>\n<h2>How to use :<\/h2>\n<p>Il suffit de masser doucement votre visage, votre cou et votre d\u00e9collet\u00e9 avec cet hydratant tous les jours. Une petite quantit\u00e9 de produit va loin pour vous procurer une peau douce et \u00e9clatante. Engagement Respectueux de l&rsquo;Environnement L&#8217;emballage est respectueux de l&rsquo;environnement et anti-pollution. Les ingr\u00e9dients sont issus du d\u00e9veloppement durable, et Anna&rsquo;s apothecary est fier de ne pas effectuer de tests sur les animaux.<\/p>\n<h2>Ingredients :<\/h2>\n<ul>\n<li>[Eau] Deionized Aqua : Il s&rsquo;agit d&rsquo;eau d\u00e9ionis\u00e9e, utilis\u00e9e comme base du produit.<\/li>\n<li>[Amande] Prunus Amygdalus Dulcis (Sweet Almond) Oil : L&rsquo;huile d&rsquo;amande douce est riche en acides gras essentiels et est connue pour ses propri\u00e9t\u00e9s hydratantes et nourrissantes pour la peau.<\/li>\n<li>[Pumpkinseed Org] Cucurbita Pepo (Pumpkin) Seed Oil : L&rsquo;huile de graines de citrouille est riche en antioxydants et en acides gras. Elle peut aider \u00e0 nourrir et \u00e0 prot\u00e9ger la peau.<\/li>\n<li>Cetearyl Alcohol Cetearyl Glucoside : Ces ingr\u00e9dients sont des \u00e9mulsifiants et des stabilisateurs utilis\u00e9s pour m\u00e9langer les huiles et l&rsquo;eau dans le produit.<\/li>\n<li>Cetearyl Alcohol : Il s&rsquo;agit d&rsquo;un \u00e9mollient et d&rsquo;un stabilisateur d&rsquo;\u00e9mulsion qui contribue \u00e0 donner au produit sa texture cr\u00e9meuse. Ceteareth-20 : Cet ingr\u00e9dient est un \u00e9mulsifiant qui aide \u00e0 stabiliser le m\u00e9lange d&rsquo;huiles et d&rsquo;eau.<\/li>\n<li>Glyc\u00e9rine : La glyc\u00e9rine est un humectant qui tient l&rsquo;humidit\u00e9 dans la peau, la maintenant hydrat\u00e9e.<\/li>\n<li>Carthamus Tinctorius (Safflower) Seed Oil : L&rsquo;huile de carthame est riche en acides gras et est utilis\u00e9e pour ses propri\u00e9t\u00e9s hydratantes.<\/li>\n<li>[Borage] Borago officinalis : Il s&rsquo;agit d&rsquo;un extrait de bourrache, qui est utilis\u00e9 pour ses propri\u00e9t\u00e9s apaisantes et hydratantes.<\/li>\n<li>[Huile de graines noires] Prunus Armenica (Abricot) Kernel Oil : L&rsquo;huile de graines de nigelle est riche en antioxydants et peut avoir des propri\u00e9t\u00e9s apaisantes pour la peau.<\/li>\n<li>Cetyl Alcohol : Il s&rsquo;agit d&rsquo;un \u00e9mollient et d&rsquo;un \u00e9paississant qui aide \u00e0 donner de la consistance au produit.<\/li>\n<li>Candilla Wax : La cire de candelilla est une cire v\u00e9g\u00e9talienne utilis\u00e9e pour stabiliser et \u00e9paissir le produit.<\/li>\n<li>Phenoxy\u00e9thanol et Caprylyl Glycol : Ce sont des conservateurs utilis\u00e9s pour pr\u00e9venir la croissance de bact\u00e9ries et de micro-organismes dans le produit, assurant ainsi sa durabilit\u00e9 et sa s\u00e9curit\u00e9.<\/li>\n<li>[Vitamine E &#8211; MT 50] Tocoph\u00e9rol : Il s&rsquo;agit de la vitamine E, un antioxydant qui peut aider \u00e0 prot\u00e9ger la peau des dommages caus\u00e9s par les radicaux libres.<\/li>\n<li>[Gingko Biloba Extract] : Il s&rsquo;agit d&rsquo;un extrait de gingko biloba, une plante connue pour ses propri\u00e9t\u00e9s antioxydantes.<\/li>\n<li>[Pea Extract] Pisum Sativum : Il s&rsquo;agit d&rsquo;un extrait de pois, qui peut avoir des propri\u00e9t\u00e9s apaisantes pour la peau.<\/li>\n<li>[Rose Wax] Rose Centifolia Floral Wax : La cire florale de rose cent-feuilles est utilis\u00e9e pour ses propri\u00e9t\u00e9s parfumantes et pour stabiliser le produit.<\/li>\n<li>[Cire de Jasmin] : La cire de jasmin est utilis\u00e9e pour ses propri\u00e9t\u00e9s parfumantes et pour stabiliser le produit.<\/li>\n<li>[L\u00e9cithine de Tournesol] : La l\u00e9cithine de tournesol est utilis\u00e9e comme \u00e9mulsifiant et peut aider \u00e0 maintenir la stabilit\u00e9 du produit.<\/li>\n<li>[Pamplemousse] : Le pamplemousse est utilis\u00e9 pour son parfum et ses propri\u00e9t\u00e9s rafra\u00eechissantes.<\/li>\n<\/ul>\n<h2>R\u00e9sum\u00e9 de la marque Anne&rsquo;s Apothecary:<\/h2>\n<p>Anne est une infirmi\u00e8re devenue philosophe de la beaut\u00e9 naturelle. Le parcours d&rsquo;Anne a commenc\u00e9 comme d\u00e9bouch\u00e9 th\u00e9rapeutique apr\u00e8s la perte de sa m\u00e8re \u00e0 cause du cancer. Alors qu&rsquo;elle a d\u00e9velopp\u00e9 une passion sinc\u00e8re pour la naturopathie et le bien-\u00eatre, elle a approvisionn\u00e9 le march\u00e9 des soins de la peau propres et s&rsquo;est rendu compte que les prix \u00e9taient trop \u00e9lev\u00e9s et excluaient beaucoup de personnes d&rsquo;acc\u00e9der \u00e0 des produits de soins de la peau propres. Elle a donc cr\u00e9\u00e9 une gamme de produits de soins de la peau \u00e0 base d&rsquo;herbes press\u00e9es \u00e0 froid infus\u00e9es. des huiles, des argiles et d&rsquo;autres ingr\u00e9dients naturels pour combler cette lacune en mati\u00e8re de soins de la peau propres et \u00e9conomiques.<\/p>","protected":false},"excerpt":{"rendered":"<p>D\u00e9couvrez notre hydratant pour le visage Moisture 12+, fabriqu\u00e9 avec de l&rsquo;huile de graines noires d&rsquo;Isra\u00ebl pour prendre soin de votre peau en profondeur tout en pr\u00e9servant la clart\u00e9 de vos pores.<\/p>","protected":false},"featured_media":1271,"comment_status":"open","ping_status":"closed","template":"","meta":{"_acf_changed":false,"ocean_post_layout":"","ocean_both_sidebars_style":"","ocean_both_sidebars_content_width":0,"ocean_both_sidebars_sidebars_width":0,"ocean_sidebar":"0","ocean_second_sidebar":"0","ocean_disable_margins":"enable","ocean_add_body_class":"","ocean_shortcode_before_top_bar":"","ocean_shortcode_after_top_bar":"","ocean_shortcode_before_header":"","ocean_shortcode_after_header":"","ocean_has_shortcode":"","ocean_shortcode_after_title":"","ocean_shortcode_before_footer_widgets":"","ocean_shortcode_after_footer_widgets":"","ocean_shortcode_before_footer_bottom":"","ocean_shortcode_after_footer_bottom":"","ocean_display_top_bar":"default","ocean_display_header":"default","ocean_header_style":"","ocean_center_header_left_menu":"0","ocean_custom_header_template":"0","ocean_custom_logo":0,"ocean_custom_retina_logo":0,"ocean_custom_logo_max_width":0,"ocean_custom_logo_tablet_max_width":0,"ocean_custom_logo_mobile_max_width":0,"ocean_custom_logo_max_height":0,"ocean_custom_logo_tablet_max_height":0,"ocean_custom_logo_mobile_max_height":0,"ocean_header_custom_menu":"0","ocean_menu_typo_font_family":"0","ocean_menu_typo_font_subset":"","ocean_menu_typo_font_size":0,"ocean_menu_typo_font_size_tablet":0,"ocean_menu_typo_font_size_mobile":0,"ocean_menu_typo_font_size_unit":"px","ocean_menu_typo_font_weight":"","ocean_menu_typo_font_weight_tablet":"","ocean_menu_typo_font_weight_mobile":"","ocean_menu_typo_transform":"","ocean_menu_typo_transform_tablet":"","ocean_menu_typo_transform_mobile":"","ocean_menu_typo_line_height":0,"ocean_menu_typo_line_height_tablet":0,"ocean_menu_typo_line_height_mobile":0,"ocean_menu_typo_line_height_unit":"","ocean_menu_typo_spacing":0,"ocean_menu_typo_spacing_tablet":0,"ocean_menu_typo_spacing_mobile":0,"ocean_menu_typo_spacing_unit":"","ocean_menu_link_color":"","ocean_menu_link_color_hover":"","ocean_menu_link_color_active":"","ocean_menu_link_background":"","ocean_menu_link_hover_background":"","ocean_menu_link_active_background":"","ocean_menu_social_links_bg":"","ocean_menu_social_hover_links_bg":"","ocean_menu_social_links_color":"","ocean_menu_social_hover_links_color":"","ocean_disable_title":"default","ocean_disable_heading":"default","ocean_post_title":"","ocean_post_subheading":"","ocean_post_title_style":"","ocean_post_title_background_color":"","ocean_post_title_background":0,"ocean_post_title_bg_image_position":"","ocean_post_title_bg_image_attachment":"","ocean_post_title_bg_image_repeat":"","ocean_post_title_bg_image_size":"","ocean_post_title_height":0,"ocean_post_title_bg_overlay":0.5,"ocean_post_title_bg_overlay_color":"","ocean_disable_breadcrumbs":"default","ocean_breadcrumbs_color":"","ocean_breadcrumbs_separator_color":"","ocean_breadcrumbs_links_color":"","ocean_breadcrumbs_links_hover_color":"","ocean_display_footer_widgets":"default","ocean_display_footer_bottom":"default","ocean_custom_footer_template":"0","_glsr_average":0,"_glsr_ranking":0,"_glsr_reviews":0},"product_brand":[],"product_cat":[61,50],"product_tag":[149,144,103,161,139,160,159,122,111,137,162,163,99,98,101,100,135,112,113,109,118,140],"class_list":{"0":"post-1324","1":"product","2":"type-product","3":"status-publish","4":"has-post-thumbnail","6":"product_cat-annes-apothecary","7":"product_cat-creme-visage","8":"product_tag-amande-douce","9":"product_tag-anne-s-apothecary","10":"product_tag-anti-age","11":"product_tag-bourrache","12":"product_tag-carthame","13":"product_tag-citrouille","14":"product_tag-cremes","15":"product_tag-cruelty-free","16":"product_tag-deshydratation","17":"product_tag-glycerine","18":"product_tag-nigelle","19":"product_tag-pamplemousse","20":"product_tag-peau-grasse","21":"product_tag-peau-mixte","22":"product_tag-peau-normale","23":"product_tag-peau-seche","24":"product_tag-produits","25":"product_tag-secheresse-visage","26":"product_tag-sensible","27":"product_tag-taches","28":"product_tag-visage","29":"product_tag-vitamine-e","31":"entry","32":"has-media","34":"first","35":"outofstock","36":"shipping-taxable","37":"purchasable","38":"product-type-simple","39":"has-product-nav","40":"col","41":"span_1_of_3","42":"owp-content-center","43":"owp-thumbs-layout-horizontal","44":"owp-btn-normal","45":"owp-tabs-layout-horizontal","46":"has-no-thumbnails"},"acf":[],"yoast_head":"<!-- This site is optimized with the Yoast SEO plugin v25.5 - https:\/\/yoast.com\/wordpress\/plugins\/seo\/ -->\n<title>Moisture 12+ Face Moisturizer - Hydratant pour le visage - Lovy NK Kosm\u00e9tik<\/title>\n<meta name=\"description\" content=\"D\u00e9couvrez notre hydratant pour le visage Moisture 12+. Fabriqu\u00e9 avec de l&#039;huile de graines noires d&#039;Isra\u00ebl pour prendre soin de votre peau en profondeur !\" \/>\n<meta name=\"robots\" content=\"index, follow, max-snippet:-1, max-image-preview:large, max-video-preview:-1\" \/>\n<link rel=\"canonical\" href=\"https:\/\/lovynkkosmetik.fr\/en\/product\/moisture-12-face-moisturizer-hydratant-visage\/\" \/>\n<meta property=\"og:locale\" content=\"en_US\" \/>\n<meta property=\"og:type\" content=\"article\" \/>\n<meta property=\"og:title\" content=\"Moisture 12+ Face Moisturizer - Hydratant pour le visage - Lovy NK Kosm\u00e9tik\" \/>\n<meta property=\"og:description\" content=\"D\u00e9couvrez notre hydratant pour le visage Moisture 12+. Fabriqu\u00e9 avec de l&#039;huile de graines noires d&#039;Isra\u00ebl pour prendre soin de votre peau en profondeur !\" \/>\n<meta property=\"og:url\" content=\"https:\/\/lovynkkosmetik.fr\/en\/product\/moisture-12-face-moisturizer-hydratant-visage\/\" \/>\n<meta property=\"og:site_name\" content=\"Lovy NK Kosm\u00e9tik\" \/>\n<meta property=\"article:modified_time\" content=\"2025-04-25T18:57:28+00:00\" \/>\n<meta property=\"og:image\" content=\"https:\/\/lovynkkosmetik.fr\/wp-content\/uploads\/2024\/04\/anne-s-apothecary-creme-hydratante.jpg\" \/>\n\t<meta property=\"og:image:width\" content=\"1524\" \/>\n\t<meta property=\"og:image:height\" content=\"1524\" \/>\n\t<meta property=\"og:image:type\" content=\"image\/jpeg\" \/>\n<meta name=\"twitter:card\" content=\"summary_large_image\" \/>\n<meta name=\"twitter:label1\" content=\"Est. reading time\" \/>\n\t<meta name=\"twitter:data1\" content=\"4 minutes\" \/>\n<script type=\"application\/ld+json\" class=\"yoast-schema-graph\">{\"@context\":\"https:\/\/schema.org\",\"@graph\":[{\"@type\":\"WebPage\",\"@id\":\"https:\/\/lovynkkosmetik.fr\/produit\/moisture-12-face-moisturizer-hydratant-visage\/\",\"url\":\"https:\/\/lovynkkosmetik.fr\/produit\/moisture-12-face-moisturizer-hydratant-visage\/\",\"name\":\"Moisture 12+ Face Moisturizer - Hydratant pour le visage - Lovy NK Kosm\u00e9tik\",\"isPartOf\":{\"@id\":\"https:\/\/lovynkkosmetik.fr\/#website\"},\"primaryImageOfPage\":{\"@id\":\"https:\/\/lovynkkosmetik.fr\/produit\/moisture-12-face-moisturizer-hydratant-visage\/#primaryimage\"},\"image\":{\"@id\":\"https:\/\/lovynkkosmetik.fr\/produit\/moisture-12-face-moisturizer-hydratant-visage\/#primaryimage\"},\"thumbnailUrl\":\"https:\/\/lovynkkosmetik.fr\/wp-content\/uploads\/2024\/04\/anne-s-apothecary-creme-hydratante.jpg\",\"datePublished\":\"2024-05-15T20:48:37+00:00\",\"dateModified\":\"2025-04-25T18:57:28+00:00\",\"description\":\"D\u00e9couvrez notre hydratant pour le visage Moisture 12+. Fabriqu\u00e9 avec de l'huile de graines noires d'Isra\u00ebl pour prendre soin de votre peau en profondeur !\",\"breadcrumb\":{\"@id\":\"https:\/\/lovynkkosmetik.fr\/produit\/moisture-12-face-moisturizer-hydratant-visage\/#breadcrumb\"},\"inLanguage\":\"en-US\",\"potentialAction\":[{\"@type\":\"ReadAction\",\"target\":[\"https:\/\/lovynkkosmetik.fr\/produit\/moisture-12-face-moisturizer-hydratant-visage\/\"]}]},{\"@type\":\"ImageObject\",\"inLanguage\":\"en-US\",\"@id\":\"https:\/\/lovynkkosmetik.fr\/produit\/moisture-12-face-moisturizer-hydratant-visage\/#primaryimage\",\"url\":\"https:\/\/lovynkkosmetik.fr\/wp-content\/uploads\/2024\/04\/anne-s-apothecary-creme-hydratante.jpg\",\"contentUrl\":\"https:\/\/lovynkkosmetik.fr\/wp-content\/uploads\/2024\/04\/anne-s-apothecary-creme-hydratante.jpg\",\"width\":1524,\"height\":1524,\"caption\":\"Anne's Apothecary - Cr\u00e8me hydratante\"},{\"@type\":\"BreadcrumbList\",\"@id\":\"https:\/\/lovynkkosmetik.fr\/produit\/moisture-12-face-moisturizer-hydratant-visage\/#breadcrumb\",\"itemListElement\":[{\"@type\":\"ListItem\",\"position\":1,\"name\":\"Accueil\",\"item\":\"https:\/\/lovynkkosmetik.fr\/\"},{\"@type\":\"ListItem\",\"position\":2,\"name\":\"Boutique\",\"item\":\"https:\/\/lovynkkosmetik.fr\/boutique\/\"},{\"@type\":\"ListItem\",\"position\":3,\"name\":\"Moisture 12+ Face Moisturizer &#8211; Hydratant pour le visage\"}]},{\"@type\":\"WebSite\",\"@id\":\"https:\/\/lovynkkosmetik.fr\/#website\",\"url\":\"https:\/\/lovynkkosmetik.fr\/\",\"name\":\"Lovy NK Kosm\u00e9tik\",\"description\":\"Sublime ta m\u00e9lanine\",\"publisher\":{\"@id\":\"https:\/\/lovynkkosmetik.fr\/#organization\"},\"alternateName\":\"Lovy NK Kosm\u00e9tik\",\"potentialAction\":[{\"@type\":\"SearchAction\",\"target\":{\"@type\":\"EntryPoint\",\"urlTemplate\":\"https:\/\/lovynkkosmetik.fr\/?s={search_term_string}\"},\"query-input\":{\"@type\":\"PropertyValueSpecification\",\"valueRequired\":true,\"valueName\":\"search_term_string\"}}],\"inLanguage\":\"en-US\"},{\"@type\":\"Organization\",\"@id\":\"https:\/\/lovynkkosmetik.fr\/#organization\",\"name\":\"Lovy NK Kosm\u00e9tik\",\"alternateName\":\"Lovy NK Kosm\u00e9tik\",\"url\":\"https:\/\/lovynkkosmetik.fr\/\",\"logo\":{\"@type\":\"ImageObject\",\"inLanguage\":\"en-US\",\"@id\":\"https:\/\/lovynkkosmetik.fr\/#\/schema\/logo\/image\/\",\"url\":\"https:\/\/lovynkkosmetik.fr\/wp-content\/uploads\/2024\/05\/logo-lovy-nk-kosmetik-jaune.png\",\"contentUrl\":\"https:\/\/lovynkkosmetik.fr\/wp-content\/uploads\/2024\/05\/logo-lovy-nk-kosmetik-jaune.png\",\"width\":3699,\"height\":1417,\"caption\":\"Lovy NK Kosm\u00e9tik\"},\"image\":{\"@id\":\"https:\/\/lovynkkosmetik.fr\/#\/schema\/logo\/image\/\"}}]}<\/script>\n<!-- \/ Yoast SEO plugin. -->","yoast_head_json":{"title":"Moisture 12+ Face Moisturizer - Hydratant pour le visage - Lovy NK Kosm\u00e9tik","description":"D\u00e9couvrez notre hydratant pour le visage Moisture 12+. Fabriqu\u00e9 avec de l'huile de graines noires d'Isra\u00ebl pour prendre soin de votre peau en profondeur !","robots":{"index":"index","follow":"follow","max-snippet":"max-snippet:-1","max-image-preview":"max-image-preview:large","max-video-preview":"max-video-preview:-1"},"canonical":"https:\/\/lovynkkosmetik.fr\/en\/product\/moisture-12-face-moisturizer-hydratant-visage\/","og_locale":"en_US","og_type":"article","og_title":"Moisture 12+ Face Moisturizer - Hydratant pour le visage - Lovy NK Kosm\u00e9tik","og_description":"D\u00e9couvrez notre hydratant pour le visage Moisture 12+. Fabriqu\u00e9 avec de l'huile de graines noires d'Isra\u00ebl pour prendre soin de votre peau en profondeur !","og_url":"https:\/\/lovynkkosmetik.fr\/en\/product\/moisture-12-face-moisturizer-hydratant-visage\/","og_site_name":"Lovy NK Kosm\u00e9tik","article_modified_time":"2025-04-25T18:57:28+00:00","og_image":[{"width":1524,"height":1524,"url":"https:\/\/lovynkkosmetik.fr\/wp-content\/uploads\/2024\/04\/anne-s-apothecary-creme-hydratante.jpg","type":"image\/jpeg"}],"twitter_card":"summary_large_image","twitter_misc":{"Est. reading time":"4 minutes"},"schema":{"@context":"https:\/\/schema.org","@graph":[{"@type":"WebPage","@id":"https:\/\/lovynkkosmetik.fr\/produit\/moisture-12-face-moisturizer-hydratant-visage\/","url":"https:\/\/lovynkkosmetik.fr\/produit\/moisture-12-face-moisturizer-hydratant-visage\/","name":"Moisture 12+ Face Moisturizer - Hydratant pour le visage - Lovy NK Kosm\u00e9tik","isPartOf":{"@id":"https:\/\/lovynkkosmetik.fr\/#website"},"primaryImageOfPage":{"@id":"https:\/\/lovynkkosmetik.fr\/produit\/moisture-12-face-moisturizer-hydratant-visage\/#primaryimage"},"image":{"@id":"https:\/\/lovynkkosmetik.fr\/produit\/moisture-12-face-moisturizer-hydratant-visage\/#primaryimage"},"thumbnailUrl":"https:\/\/lovynkkosmetik.fr\/wp-content\/uploads\/2024\/04\/anne-s-apothecary-creme-hydratante.jpg","datePublished":"2024-05-15T20:48:37+00:00","dateModified":"2025-04-25T18:57:28+00:00","description":"D\u00e9couvrez notre hydratant pour le visage Moisture 12+. Fabriqu\u00e9 avec de l'huile de graines noires d'Isra\u00ebl pour prendre soin de votre peau en profondeur !","breadcrumb":{"@id":"https:\/\/lovynkkosmetik.fr\/produit\/moisture-12-face-moisturizer-hydratant-visage\/#breadcrumb"},"inLanguage":"en-US","potentialAction":[{"@type":"ReadAction","target":["https:\/\/lovynkkosmetik.fr\/produit\/moisture-12-face-moisturizer-hydratant-visage\/"]}]},{"@type":"ImageObject","inLanguage":"en-US","@id":"https:\/\/lovynkkosmetik.fr\/produit\/moisture-12-face-moisturizer-hydratant-visage\/#primaryimage","url":"https:\/\/lovynkkosmetik.fr\/wp-content\/uploads\/2024\/04\/anne-s-apothecary-creme-hydratante.jpg","contentUrl":"https:\/\/lovynkkosmetik.fr\/wp-content\/uploads\/2024\/04\/anne-s-apothecary-creme-hydratante.jpg","width":1524,"height":1524,"caption":"Anne's Apothecary - Cr\u00e8me hydratante"},{"@type":"BreadcrumbList","@id":"https:\/\/lovynkkosmetik.fr\/produit\/moisture-12-face-moisturizer-hydratant-visage\/#breadcrumb","itemListElement":[{"@type":"ListItem","position":1,"name":"Accueil","item":"https:\/\/lovynkkosmetik.fr\/"},{"@type":"ListItem","position":2,"name":"Boutique","item":"https:\/\/lovynkkosmetik.fr\/boutique\/"},{"@type":"ListItem","position":3,"name":"Moisture 12+ Face Moisturizer &#8211; Hydratant pour le visage"}]},{"@type":"WebSite","@id":"https:\/\/lovynkkosmetik.fr\/#website","url":"https:\/\/lovynkkosmetik.fr\/","name":"Lovy NK Kosm\u00e9tik","description":"Sublime ta m\u00e9lanine","publisher":{"@id":"https:\/\/lovynkkosmetik.fr\/#organization"},"alternateName":"Lovy NK Kosm\u00e9tik","potentialAction":[{"@type":"SearchAction","target":{"@type":"EntryPoint","urlTemplate":"https:\/\/lovynkkosmetik.fr\/?s={search_term_string}"},"query-input":{"@type":"PropertyValueSpecification","valueRequired":true,"valueName":"search_term_string"}}],"inLanguage":"en-US"},{"@type":"Organization","@id":"https:\/\/lovynkkosmetik.fr\/#organization","name":"Lovy NK Kosm\u00e9tik","alternateName":"Lovy NK Kosm\u00e9tik","url":"https:\/\/lovynkkosmetik.fr\/","logo":{"@type":"ImageObject","inLanguage":"en-US","@id":"https:\/\/lovynkkosmetik.fr\/#\/schema\/logo\/image\/","url":"https:\/\/lovynkkosmetik.fr\/wp-content\/uploads\/2024\/05\/logo-lovy-nk-kosmetik-jaune.png","contentUrl":"https:\/\/lovynkkosmetik.fr\/wp-content\/uploads\/2024\/05\/logo-lovy-nk-kosmetik-jaune.png","width":3699,"height":1417,"caption":"Lovy NK Kosm\u00e9tik"},"image":{"@id":"https:\/\/lovynkkosmetik.fr\/#\/schema\/logo\/image\/"}}]}},"_links":{"self":[{"href":"https:\/\/lovynkkosmetik.fr\/en\/wp-json\/wp\/v2\/product\/1324","targetHints":{"allow":["GET"]}}],"collection":[{"href":"https:\/\/lovynkkosmetik.fr\/en\/wp-json\/wp\/v2\/product"}],"about":[{"href":"https:\/\/lovynkkosmetik.fr\/en\/wp-json\/wp\/v2\/types\/product"}],"replies":[{"embeddable":true,"href":"https:\/\/lovynkkosmetik.fr\/en\/wp-json\/wp\/v2\/comments?post=1324"}],"version-history":[{"count":0,"href":"https:\/\/lovynkkosmetik.fr\/en\/wp-json\/wp\/v2\/product\/1324\/revisions"}],"wp:featuredmedia":[{"embeddable":true,"href":"https:\/\/lovynkkosmetik.fr\/en\/wp-json\/wp\/v2\/media\/1271"}],"wp:attachment":[{"href":"https:\/\/lovynkkosmetik.fr\/en\/wp-json\/wp\/v2\/media?parent=1324"}],"wp:term":[{"taxonomy":"product_brand","embeddable":true,"href":"https:\/\/lovynkkosmetik.fr\/en\/wp-json\/wp\/v2\/product_brand?post=1324"},{"taxonomy":"product_cat","embeddable":true,"href":"https:\/\/lovynkkosmetik.fr\/en\/wp-json\/wp\/v2\/product_cat?post=1324"},{"taxonomy":"product_tag","embeddable":true,"href":"https:\/\/lovynkkosmetik.fr\/en\/wp-json\/wp\/v2\/product_tag?post=1324"}],"curies":[{"name":"wp","href":"https:\/\/api.w.org\/{rel}","templated":true}]}}