{"id":93,"date":"2022-08-30T15:38:43","date_gmt":"2022-08-30T13:38:43","guid":{"rendered":"https:\/\/lovynkkosmetik.fr\/?page_id=93"},"modified":"2024-04-09T23:12:03","modified_gmt":"2024-04-09T21:12:03","slug":"mentions-legales","status":"publish","type":"page","link":"https:\/\/lovynkkosmetik.fr\/en\/mentions-legales\/","title":{"rendered":"Terms of use"},"content":{"rendered":"<h2 class=\"wp-block-heading\">I. Publisher<\/h2>\n\n\n\n<p>The publisher of the website is :<\/p>\n\n\n\n<p>SARL LNK BIZNES GROUP with share capital of \u20ac50, representing the company Lovy NK Kosm\u00e9tik, represented by Mrs DORVILMA Ivlyse and Mrs DORVILMA Elodie, domiciled at 1 R\u00e9sidence les Marines 97130 Capesterre-Belle-Eau, Guadeloupe.<br>SIREN number: 981 614 605<\/p>\n\n\n\n<p><br>You can contact the webmaster by e-mail at <a href=\"mailto:hello@lovynkkosmetik.com\">hello@lovynkkosmetik.com<\/a>.<\/p>\n\n\n\n<h2 class=\"wp-block-heading\">II. Website host<\/h2>\n\n\n\n<p>This website is hosted by :<\/p>\n\n\n\n<p>WordPress<br>2 rue Kellermann \u2013 59100 Roubaix \u2013 France<br>+33970703534<\/p>\n\n\n\n<h2 class=\"wp-block-heading\">III. Protection of intellectual property rights<\/h2>\n\n\n\n<ul class=\"wp-block-list\">\n<li>The elements on this website are provided by the service provider. They remain its intellectual property. All rights of reproduction, modification and distribution are reserved.<\/li>\n\n\n\n<li>Reproduction, in whole or in part, of works on the website is prohibited without the express consent of the provider.<\/li>\n\n\n\n<li>Users undertake not to use, transmit or reproduce all or part of these documents with a view to organizing or running services related to those provided by the provider. Parasitism and unfair competition will not be tolerated. Users are strictly forbidden to donate or resell written, oral or video material supplied by the service provider, on pain of prosecution.<\/li>\n<\/ul>\n\n\n\n<h2 class=\"wp-block-heading\">IV. Data protection<\/h2>\n\n\n\n<ul class=\"wp-block-list\">\n<li>The data processed online by Lovy NK Kosm\u00e9tik concerns the personal information of users, after obtaining their consent. No personal data is sold, transferred or communicated to third parties.<\/li>\n\n\n\n<li>They are kept by the service provider for a period of 3 years, for professional prospecting purposes.<\/li>\n\n\n\n<li>In accordance with current legislation on data processing, data files and individual liberties, you have the right to access, modify, rectify and delete data concerning you. The person responsible for processing personal data on this website is Lovy NK Kosm\u00e9tik. If you wish to exercise these rights, please contact Lovy NK Kosm\u00e9tik at hello@lovynkkosmetik.com.<\/li>\n\n\n\n<li>To request a modification, rectification or deletion of your personal data, simply send a letter to the service provider by e-mail or post, providing proof of your identity.<\/li>\n<\/ul>\n\n\n\n<p>If you feel that the website does not respect your rights to the protection of personal data, you may also lodge an appeal with the Commission Nationale Informatique et Libert\u00e9 (CNIL), after first attempting to resolve the dispute amicably.<\/p>\n\n\n\n<p>Please refer to the relevant privacy policy.<\/p>\n\n\n\n<h2 class=\"wp-block-heading\">V. Cookies<\/h2>\n\n\n\n<p>A cookie is a small file consisting of letters and numbers that is downloaded to your computer when you access certain websites. In general, cookies enable a website to recognize the user's computer. The most important thing to know about the cookies we set is that they are used to improve the usability of our website, for example by remembering site preferences and language settings.<\/p>\n\n\n\n<p>We may use cookies and similar technologies for a number of reasons, for example: i) for security or fraud protection purposes, and to identify and prevent cyber-attacks, ii) to provide you with the service you have chosen to receive from us, iii) to monitor and analyze the performance, operation and effectiveness of our service and iv) to improve your user experience.<\/p>\n\n\n\n<p>The cookies used are mentioned in the privacy policy.<\/p>\n\n\n\n<p>To find out more about cookies, including how to see which cookies have been set and understand how to manage, delete or block them, visit <a href=\"https:\/\/aboutcookies.org\/\" target=\"_blank\" rel=\"noreferrer noopener\">https:\/\/aboutcookies.org\/<\/a> or <a href=\"https:\/\/www.allaboutcookies.org\/fr\/\" target=\"_blank\" rel=\"noreferrer noopener\">https:\/\/www.allaboutcookies.org\/fr\/<\/a>.<\/p>\n\n\n\n<p>You can also prevent your browser from accepting cookies by modifying the relevant settings in your browser. You can usually find these settings in the \u201cOptions\u201d or \u201cPreferences\u201d menu of your browser.<\/p>\n\n\n\n<p>Please note that deleting our cookies or disabling future cookies or tracking technologies may prevent you from accessing certain areas or features of our services, or may otherwise adversely affect your user experience.<\/p>\n\n\n\n<p>You can use your browser's \u201cHelp\u201d option.<\/p>\n\n\n\n<p>To refuse and prevent your data being used by Google Analytics on all websites, please consult the following instructions: <a href=\"https:\/\/tools.google.com\/dlpage\/gaoptout?hl=fr\" target=\"_blank\" rel=\"noreferrer noopener\">https:\/\/tools.google.com\/dlpage\/gaoptout?hl=fr<\/a>.<\/p>\n\n\n\n<p>We may modify this cookie policy from time to time. We encourage you to check this page regularly for the latest information on cookies.<\/p>\n\n\n\n<p>Databases are protected by the provisions of the law of July 1, 1998, transposing directive 96\/9 of March 11, 1996, on the legal protection of databases.<\/p>\n\n\n\n<p>Date of last update: November 27, 2023<\/p>","protected":false},"excerpt":{"rendered":"<p>I. Editeur L\u2019\u00e9diteur du site internet est : La SARL LNK BIZNES GROUP au capital social de 50 \u20ac, repr\u00e9sentant l&rsquo;entreprise Lovy NK Kosm\u00e9tik, repr\u00e9sent\u00e9e par mesdames DORVILMA Ivlyse et DORVILMA Elodie, domicili\u00e9e 1 R\u00e9sidence les Marines 97130 Capesterre-Belle-Eau, GuadeloupeNum\u00e9ro SIREN : 981 614 605 Vous pouvez contacter le responsable de l\u2019\u00e9dition du site internet [&hellip;]<\/p>","protected":false},"author":1,"featured_media":0,"parent":0,"menu_order":0,"comment_status":"closed","ping_status":"closed","template":"","meta":{"_acf_changed":false,"ocean_post_layout":"","ocean_both_sidebars_style":"","ocean_both_sidebars_content_width":0,"ocean_both_sidebars_sidebars_width":0,"ocean_sidebar":"0","ocean_second_sidebar":"0","ocean_disable_margins":"enable","ocean_add_body_class":"","ocean_shortcode_before_top_bar":"","ocean_shortcode_after_top_bar":"","ocean_shortcode_before_header":"","ocean_shortcode_after_header":"","ocean_has_shortcode":"","ocean_shortcode_after_title":"","ocean_shortcode_before_footer_widgets":"","ocean_shortcode_after_footer_widgets":"","ocean_shortcode_before_footer_bottom":"","ocean_shortcode_after_footer_bottom":"","ocean_display_top_bar":"default","ocean_display_header":"default","ocean_header_style":"","ocean_center_header_left_menu":"0","ocean_custom_header_template":"0","ocean_custom_logo":0,"ocean_custom_retina_logo":0,"ocean_custom_logo_max_width":0,"ocean_custom_logo_tablet_max_width":0,"ocean_custom_logo_mobile_max_width":0,"ocean_custom_logo_max_height":0,"ocean_custom_logo_tablet_max_height":0,"ocean_custom_logo_mobile_max_height":0,"ocean_header_custom_menu":"0","ocean_menu_typo_font_family":"0","ocean_menu_typo_font_subset":"","ocean_menu_typo_font_size":0,"ocean_menu_typo_font_size_tablet":0,"ocean_menu_typo_font_size_mobile":0,"ocean_menu_typo_font_size_unit":"px","ocean_menu_typo_font_weight":"","ocean_menu_typo_font_weight_tablet":"","ocean_menu_typo_font_weight_mobile":"","ocean_menu_typo_transform":"","ocean_menu_typo_transform_tablet":"","ocean_menu_typo_transform_mobile":"","ocean_menu_typo_line_height":0,"ocean_menu_typo_line_height_tablet":0,"ocean_menu_typo_line_height_mobile":0,"ocean_menu_typo_line_height_unit":"","ocean_menu_typo_spacing":0,"ocean_menu_typo_spacing_tablet":0,"ocean_menu_typo_spacing_mobile":0,"ocean_menu_typo_spacing_unit":"","ocean_menu_link_color":"","ocean_menu_link_color_hover":"","ocean_menu_link_color_active":"","ocean_menu_link_background":"","ocean_menu_link_hover_background":"","ocean_menu_link_active_background":"","ocean_menu_social_links_bg":"","ocean_menu_social_hover_links_bg":"","ocean_menu_social_links_color":"","ocean_menu_social_hover_links_color":"","ocean_disable_title":"default","ocean_disable_heading":"default","ocean_post_title":"","ocean_post_subheading":"","ocean_post_title_style":"","ocean_post_title_background_color":"","ocean_post_title_background":0,"ocean_post_title_bg_image_position":"","ocean_post_title_bg_image_attachment":"","ocean_post_title_bg_image_repeat":"","ocean_post_title_bg_image_size":"","ocean_post_title_height":0,"ocean_post_title_bg_overlay":0.5,"ocean_post_title_bg_overlay_color":"","ocean_disable_breadcrumbs":"default","ocean_breadcrumbs_color":"","ocean_breadcrumbs_separator_color":"","ocean_breadcrumbs_links_color":"","ocean_breadcrumbs_links_hover_color":"","ocean_display_footer_widgets":"default","ocean_display_footer_bottom":"default","ocean_custom_footer_template":"0","_glsr_average":0,"_glsr_ranking":0,"_glsr_reviews":0,"footnotes":""},"class_list":["post-93","page","type-page","status-publish","hentry","entry","owp-thumbs-layout-horizontal","owp-btn-normal","owp-tabs-layout-horizontal","has-no-thumbnails","has-product-nav"],"acf":[],"yoast_head":"<!-- This site is optimized with the Yoast SEO plugin v25.5 - https:\/\/yoast.com\/wordpress\/plugins\/seo\/ -->\n<title>Mentions l\u00e9gales - Lovy NK Kosm\u00e9tik<\/title>\n<meta name=\"robots\" content=\"noindex, nofollow\" \/>\n<meta property=\"og:locale\" content=\"en_US\" \/>\n<meta property=\"og:type\" content=\"article\" \/>\n<meta property=\"og:title\" content=\"Mentions l\u00e9gales - Lovy NK Kosm\u00e9tik\" \/>\n<meta property=\"og:description\" content=\"I. Editeur L\u2019\u00e9diteur du site internet est : La SARL LNK BIZNES GROUP au capital social de 50 \u20ac, repr\u00e9sentant l&rsquo;entreprise Lovy NK Kosm\u00e9tik, repr\u00e9sent\u00e9e par mesdames DORVILMA Ivlyse et DORVILMA Elodie, domicili\u00e9e 1 R\u00e9sidence les Marines 97130 Capesterre-Belle-Eau, GuadeloupeNum\u00e9ro SIREN : 981 614 605 Vous pouvez contacter le responsable de l\u2019\u00e9dition du site internet [&hellip;]\" \/>\n<meta property=\"og:url\" content=\"https:\/\/lovynkkosmetik.fr\/en\/mentions-legales\/\" \/>\n<meta property=\"og:site_name\" content=\"Lovy NK Kosm\u00e9tik\" \/>\n<meta property=\"article:modified_time\" content=\"2024-04-09T21:12:03+00:00\" \/>\n<meta name=\"twitter:card\" content=\"summary_large_image\" \/>\n<meta name=\"twitter:label1\" content=\"Est. reading time\" \/>\n\t<meta name=\"twitter:data1\" content=\"4 minutes\" \/>\n<script type=\"application\/ld+json\" class=\"yoast-schema-graph\">{\"@context\":\"https:\/\/schema.org\",\"@graph\":[{\"@type\":\"WebPage\",\"@id\":\"https:\/\/lovynkkosmetik.fr\/mentions-legales\/\",\"url\":\"https:\/\/lovynkkosmetik.fr\/mentions-legales\/\",\"name\":\"Mentions l\u00e9gales - Lovy NK Kosm\u00e9tik\",\"isPartOf\":{\"@id\":\"https:\/\/lovynkkosmetik.fr\/#website\"},\"datePublished\":\"2022-08-30T13:38:43+00:00\",\"dateModified\":\"2024-04-09T21:12:03+00:00\",\"breadcrumb\":{\"@id\":\"https:\/\/lovynkkosmetik.fr\/mentions-legales\/#breadcrumb\"},\"inLanguage\":\"en-US\",\"potentialAction\":[{\"@type\":\"ReadAction\",\"target\":[\"https:\/\/lovynkkosmetik.fr\/mentions-legales\/\"]}]},{\"@type\":\"BreadcrumbList\",\"@id\":\"https:\/\/lovynkkosmetik.fr\/mentions-legales\/#breadcrumb\",\"itemListElement\":[{\"@type\":\"ListItem\",\"position\":1,\"name\":\"Accueil\",\"item\":\"https:\/\/lovynkkosmetik.fr\/\"},{\"@type\":\"ListItem\",\"position\":2,\"name\":\"Mentions l\u00e9gales\"}]},{\"@type\":\"WebSite\",\"@id\":\"https:\/\/lovynkkosmetik.fr\/#website\",\"url\":\"https:\/\/lovynkkosmetik.fr\/\",\"name\":\"Lovy NK Kosm\u00e9tik\",\"description\":\"Sublime ta m\u00e9lanine\",\"publisher\":{\"@id\":\"https:\/\/lovynkkosmetik.fr\/#organization\"},\"alternateName\":\"Lovy NK Kosm\u00e9tik\",\"potentialAction\":[{\"@type\":\"SearchAction\",\"target\":{\"@type\":\"EntryPoint\",\"urlTemplate\":\"https:\/\/lovynkkosmetik.fr\/?s={search_term_string}\"},\"query-input\":{\"@type\":\"PropertyValueSpecification\",\"valueRequired\":true,\"valueName\":\"search_term_string\"}}],\"inLanguage\":\"en-US\"},{\"@type\":\"Organization\",\"@id\":\"https:\/\/lovynkkosmetik.fr\/#organization\",\"name\":\"Lovy NK Kosm\u00e9tik\",\"alternateName\":\"Lovy NK Kosm\u00e9tik\",\"url\":\"https:\/\/lovynkkosmetik.fr\/\",\"logo\":{\"@type\":\"ImageObject\",\"inLanguage\":\"en-US\",\"@id\":\"https:\/\/lovynkkosmetik.fr\/#\/schema\/logo\/image\/\",\"url\":\"https:\/\/lovynkkosmetik.fr\/wp-content\/uploads\/2024\/05\/logo-lovy-nk-kosmetik-jaune.png\",\"contentUrl\":\"https:\/\/lovynkkosmetik.fr\/wp-content\/uploads\/2024\/05\/logo-lovy-nk-kosmetik-jaune.png\",\"width\":3699,\"height\":1417,\"caption\":\"Lovy NK Kosm\u00e9tik\"},\"image\":{\"@id\":\"https:\/\/lovynkkosmetik.fr\/#\/schema\/logo\/image\/\"}}]}<\/script>\n<!-- \/ Yoast SEO plugin. -->","yoast_head_json":{"title":"Mentions l\u00e9gales - Lovy NK Kosm\u00e9tik","robots":{"index":"noindex","follow":"nofollow"},"og_locale":"en_US","og_type":"article","og_title":"Mentions l\u00e9gales - Lovy NK Kosm\u00e9tik","og_description":"I. Editeur L\u2019\u00e9diteur du site internet est : La SARL LNK BIZNES GROUP au capital social de 50 \u20ac, repr\u00e9sentant l&rsquo;entreprise Lovy NK Kosm\u00e9tik, repr\u00e9sent\u00e9e par mesdames DORVILMA Ivlyse et DORVILMA Elodie, domicili\u00e9e 1 R\u00e9sidence les Marines 97130 Capesterre-Belle-Eau, GuadeloupeNum\u00e9ro SIREN : 981 614 605 Vous pouvez contacter le responsable de l\u2019\u00e9dition du site internet [&hellip;]","og_url":"https:\/\/lovynkkosmetik.fr\/en\/mentions-legales\/","og_site_name":"Lovy NK Kosm\u00e9tik","article_modified_time":"2024-04-09T21:12:03+00:00","twitter_card":"summary_large_image","twitter_misc":{"Est. reading time":"4 minutes"},"schema":{"@context":"https:\/\/schema.org","@graph":[{"@type":"WebPage","@id":"https:\/\/lovynkkosmetik.fr\/mentions-legales\/","url":"https:\/\/lovynkkosmetik.fr\/mentions-legales\/","name":"Mentions l\u00e9gales - Lovy NK Kosm\u00e9tik","isPartOf":{"@id":"https:\/\/lovynkkosmetik.fr\/#website"},"datePublished":"2022-08-30T13:38:43+00:00","dateModified":"2024-04-09T21:12:03+00:00","breadcrumb":{"@id":"https:\/\/lovynkkosmetik.fr\/mentions-legales\/#breadcrumb"},"inLanguage":"en-US","potentialAction":[{"@type":"ReadAction","target":["https:\/\/lovynkkosmetik.fr\/mentions-legales\/"]}]},{"@type":"BreadcrumbList","@id":"https:\/\/lovynkkosmetik.fr\/mentions-legales\/#breadcrumb","itemListElement":[{"@type":"ListItem","position":1,"name":"Accueil","item":"https:\/\/lovynkkosmetik.fr\/"},{"@type":"ListItem","position":2,"name":"Mentions l\u00e9gales"}]},{"@type":"WebSite","@id":"https:\/\/lovynkkosmetik.fr\/#website","url":"https:\/\/lovynkkosmetik.fr\/","name":"Lovy NK Kosm\u00e9tik","description":"Sublime ta m\u00e9lanine","publisher":{"@id":"https:\/\/lovynkkosmetik.fr\/#organization"},"alternateName":"Lovy NK Kosm\u00e9tik","potentialAction":[{"@type":"SearchAction","target":{"@type":"EntryPoint","urlTemplate":"https:\/\/lovynkkosmetik.fr\/?s={search_term_string}"},"query-input":{"@type":"PropertyValueSpecification","valueRequired":true,"valueName":"search_term_string"}}],"inLanguage":"en-US"},{"@type":"Organization","@id":"https:\/\/lovynkkosmetik.fr\/#organization","name":"Lovy NK Kosm\u00e9tik","alternateName":"Lovy NK Kosm\u00e9tik","url":"https:\/\/lovynkkosmetik.fr\/","logo":{"@type":"ImageObject","inLanguage":"en-US","@id":"https:\/\/lovynkkosmetik.fr\/#\/schema\/logo\/image\/","url":"https:\/\/lovynkkosmetik.fr\/wp-content\/uploads\/2024\/05\/logo-lovy-nk-kosmetik-jaune.png","contentUrl":"https:\/\/lovynkkosmetik.fr\/wp-content\/uploads\/2024\/05\/logo-lovy-nk-kosmetik-jaune.png","width":3699,"height":1417,"caption":"Lovy NK Kosm\u00e9tik"},"image":{"@id":"https:\/\/lovynkkosmetik.fr\/#\/schema\/logo\/image\/"}}]}},"_links":{"self":[{"href":"https:\/\/lovynkkosmetik.fr\/en\/wp-json\/wp\/v2\/pages\/93","targetHints":{"allow":["GET"]}}],"collection":[{"href":"https:\/\/lovynkkosmetik.fr\/en\/wp-json\/wp\/v2\/pages"}],"about":[{"href":"https:\/\/lovynkkosmetik.fr\/en\/wp-json\/wp\/v2\/types\/page"}],"author":[{"embeddable":true,"href":"https:\/\/lovynkkosmetik.fr\/en\/wp-json\/wp\/v2\/users\/1"}],"replies":[{"embeddable":true,"href":"https:\/\/lovynkkosmetik.fr\/en\/wp-json\/wp\/v2\/comments?post=93"}],"version-history":[{"count":0,"href":"https:\/\/lovynkkosmetik.fr\/en\/wp-json\/wp\/v2\/pages\/93\/revisions"}],"wp:attachment":[{"href":"https:\/\/lovynkkosmetik.fr\/en\/wp-json\/wp\/v2\/media?parent=93"}],"curies":[{"name":"wp","href":"https:\/\/api.w.org\/{rel}","templated":true}]}}